{"id":2039,"date":"2022-06-07T17:47:53","date_gmt":"2022-06-07T17:47:53","guid":{"rendered":"https:\/\/diazgaetalaw.wpengine.com\/?page_id=2039"},"modified":"2025-06-15T10:31:33","modified_gmt":"2025-06-15T15:31:33","slug":"advogado-lgbt","status":"publish","type":"page","link":"https:\/\/dglawga.com\/pt\/smyrna\/lgbt-lawyer\/","title":{"rendered":"Advogado LGBT de Smyrna"},"content":{"rendered":"<p>Como a maioria das pessoas j\u00e1 sabe, LGBT \u00e9 um termo abrangente que significa l\u00e9sbicas, gays, bissexuais e transg\u00eaneros. <br>Para aqueles que se identificam com a comunidade LGBT, obter representa\u00e7\u00e3o legal \u00e0s vezes pode se revelar um desafio. <br>Tarefa dif\u00edcil.<\/p>\n\n\n\n<p>Desde a valida\u00e7\u00e3o do casamento entre pessoas do mesmo sexo pela Suprema Corte, os casais homossexuais enfrentam os mesmos desafios e desfrutam dos mesmos direitos que outros casais casados. Na Diaz &amp; Gaeta, estamos comprometidos em ajudar indiv\u00edduos e casais LGBT em <a href=\"https:\/\/dglawga.com\/pt\/esmirna\/\"><strong>Smyrna<\/strong><\/a> e em toda a Ge\u00f3rgia.<\/p>\n\n\n\n<p>Se voc\u00ea \u00e9 membro da comunidade LGBT e precisa de um advogado, pode contar com Diaz &amp; Gaeta. <br>Chamar <a href=\"tel:+16785032780\"><strong>678-503-2780<\/strong><\/a> Ou utilize nosso formul\u00e1rio de contato para agendar uma consulta gratuita com um de nossos advogados experientes e atenciosos.<\/p>\n\n\n\n<div class=\"wp-block-group has-accent-background-color has-background is-vertical is-layout-flex wp-container-core-group-is-layout-283d9697 wp-block-group-is-layout-flex\" style=\"border-top-left-radius:15px;border-top-right-radius:15px;margin-top:var(--wp--preset--spacing--30)\">\n<h2 class=\"wp-block-heading has-primary-color has-text-color has-link-color wp-elements-4164a61e17ffbe9e8a7446952ec87a5a\" id=\"aioseo-table-of-contents\">\u00cdNDICE<\/h2>\n<\/div>\n\n\n\n<div class=\"wp-block-group has-background is-vertical is-layout-flex wp-container-core-group-is-layout-d644fc7a wp-block-group-is-layout-flex\" style=\"border-bottom-left-radius:15px;border-bottom-right-radius:15px;background-color:#f3f3f3;margin-top:0\"><div class=\"wp-block-aioseo-table-of-contents\"><ul><li><a class=\"aioseo-toc-item\" href=\"#aioseo-rights-of-the-lgbt-community-in-georgia\">Direitos da comunidade LGBT na Ge\u00f3rgia<\/a><\/li><li><a class=\"aioseo-toc-item\" href=\"#aioseo-what-types-of-cases-can-diaz-gaeta-help-me-with\">Em que tipos de casos Diaz &amp; Gaeta podem me ajudar?<\/a><ul><li><a class=\"aioseo-toc-item\" href=\"#aioseo-immigration\">Imigra\u00e7\u00e3o<\/a><\/li><li><a class=\"aioseo-toc-item\" href=\"#aioseo-k-1-fiancee-visa\">Visto K-1 para noivo(a)<\/a><\/li><li><a class=\"aioseo-toc-item\" href=\"#aioseo-u-s-citizenship-naturalization\">Cidadania e Naturaliza\u00e7\u00e3o dos EUA<\/a><\/li><li><a class=\"aioseo-toc-item\" href=\"#aioseo-lgbt-marriage-visa\">Visto de casamento LGBT<\/a><\/li><li><a class=\"aioseo-toc-item\" href=\"#aioseo-green-card-benefits\">Benef\u00edcios do Green Card<\/a><\/li><li><a class=\"aioseo-toc-item\" href=\"#aioseo-asylum\">Asilo<\/a><\/li><li><a class=\"aioseo-toc-item\" href=\"#aioseo-withholding-of-removal\">Suspens\u00e3o da Deporta\u00e7\u00e3o<\/a><\/li><li><a class=\"aioseo-toc-item\" href=\"#aioseo-criminal-charges\">Acusa\u00e7\u00f5es criminais<\/a><\/li><li><a class=\"aioseo-toc-item\" href=\"#aioseo-personal-injury\">Les\u00f5es Pessoais<\/a><\/li><li><a class=\"aioseo-toc-item\" href=\"#aioseo-car-accidents\">Acidentes de carro<\/a><\/li><li><a class=\"aioseo-toc-item\" href=\"#aioseo-family-law\">Direito de Fam\u00edlia<\/a><\/li><\/ul><\/li><li><a class=\"aioseo-toc-item\" href=\"#aioseo-why-are-diaz-gaeta-the-best-lawyers-for-cases-involving-the-lgbt-community\">Por que Diaz &amp; Gaeta s\u00e3o os melhores advogados para casos envolvendo a comunidade LGBT?<\/a><ul><li><a class=\"aioseo-toc-item\" href=\"#aioseo-experience\">Experi\u00eancia<\/a><\/li><li><a class=\"aioseo-toc-item\" href=\"#aioseo-reasonable-prices\">Pre\u00e7os razo\u00e1veis<\/a><\/li><li><a class=\"aioseo-toc-item\" href=\"#aioseo-track-record\">Hist\u00f3rico<\/a><\/li><\/ul><\/li><li><a class=\"aioseo-toc-item\" href=\"#aioseo-call-our-smyrna-lgbt-lawyers-today\">Ligue hoje mesmo para nossos advogados LGBT em Smyrna!<\/a><\/li><\/ul><\/div><\/div>\n\n\n\n<h2 class=\"wp-block-heading\" id=\"aioseo-rights-of-the-lgbt-community-in-georgia\" style=\"padding-top:var(--wp--preset--spacing--20)\">Direitos da comunidade LGBT na Ge\u00f3rgia<\/h2>\n\n\n\n<p>Aqui est\u00e3o algumas informa\u00e7\u00f5es importantes. <strong><a href=\"https:\/\/www.hrc.org\/resources\/state-scorecards\/georgia\" target=\"_blank\" rel=\"noopener\">Direitos da comunidade LGBT na Ge\u00f3rgia<\/a><\/strong>.<\/p>\n\n\n\n<ul class=\"wp-block-list\">\n<li><strong>Atividade sexual entre pessoas do mesmo sexo na Ge\u00f3rgia:<\/strong> A atividade sexual consensual entre pessoas do mesmo sexo \u00e9 legal.<\/li>\n\n\n\n<li><strong>Casamento LGBT:<\/strong> O casamento entre pessoas do mesmo sexo \u00e9 reconhecido desde uma decis\u00e3o da Suprema Corte em 2015.<\/li>\n\n\n\n<li><strong>Ado\u00e7\u00e3o:<\/strong> Casais do mesmo sexo casados t\u00eam os mesmos direitos, incluindo a ado\u00e7\u00e3o por padrasto\/madrasta e a ado\u00e7\u00e3o conjunta para casais do mesmo sexo casados.<\/li>\n\n\n\n<li><strong>Direito \u00e0 mudan\u00e7a de g\u00eanero legal:<\/strong> Na Ge\u00f3rgia, pessoas transg\u00eanero podem alterar seu g\u00eanero na certid\u00e3o de nascimento e na carteira de motorista ap\u00f3s a cirurgia.<\/li>\n\n\n\n<li><strong>Discrimina\u00e7\u00e3o contra LGBT:<\/strong> Na Ge\u00f3rgia, n\u00e3o existe uma lei estadual que pro\u00edba a discrimina\u00e7\u00e3o contra LGBTs, mas a Suprema Corte dos EUA j\u00e1 decidiu que a discrimina\u00e7\u00e3o no emprego com base na orienta\u00e7\u00e3o sexual e na identidade de g\u00eanero \u00e9 ilegal.<\/li>\n\n\n\n<li><strong>Igualdade de idade de consentimento:<\/strong> Na Ge\u00f3rgia, a idade de consentimento para rela\u00e7\u00f5es sexuais, tanto homossexuais quanto heterossexuais, \u00e9 de 16 anos.<\/li>\n\n\n\n<li><strong>Projeto de Lei sobre Crimes de \u00d3dio: <a href=\"https:\/\/georgiaequality.org\/2020\/06\/3012\/\" target=\"_blank\" rel=\"noopener nofollow\">Lei de crimes de \u00f3dio da Ge\u00f3rgia<\/a><\/strong> Inclui explicitamente a orienta\u00e7\u00e3o sexual.<\/li>\n<\/ul>\n\n\n\n<h2 class=\"wp-block-heading\" id=\"aioseo-what-types-of-cases-can-diaz-gaeta-help-me-with\" style=\"padding-top:var(--wp--preset--spacing--20)\">Em que tipos de casos Diaz &amp; Gaeta podem me ajudar?<\/h2>\n\n\n\n<p>Com vasta experi\u00eancia em diversas \u00e1reas do direito, os advogados da Diaz &amp; Gaeta s\u00e3o especialistas em lit\u00edgios. Defendemos e vencemos muitos casos em tribunais de toda a Ge\u00f3rgia. Nossa equipe pode auxiliar clientes LGBT com uma gama de quest\u00f5es, incluindo visto de casamento para pessoas LGBT, visto de noivo(a) K-1, asilo, benef\u00edcios do green card, naturaliza\u00e7\u00e3o para cidadania americana e suspens\u00e3o de deporta\u00e7\u00e3o.<\/p>\n\n\n\n<p>Tamb\u00e9m auxiliamos em casos envolvendo les\u00f5es corporais, acidentes de carro, acusa\u00e7\u00f5es criminais, posse de drogas, dire\u00e7\u00e3o sob efeito de \u00e1lcool ou drogas e outros crimes graves e delitos menores.<\/p>\n\n\n\n<p>Clientes que enfrentam div\u00f3rcio, direito de fam\u00edlia, pens\u00e3o aliment\u00edcia, lit\u00edgios de guarda, ordens de restri\u00e7\u00e3o e pens\u00e3o por alimentos tamb\u00e9m podem contar conosco!<\/p>\n\n\n\n<p>Segue abaixo uma descri\u00e7\u00e3o dos servi\u00e7os jur\u00eddicos que oferecemos para a comunidade LGBT:<\/p>\n\n\n\n<h4 class=\"wp-block-heading\" id=\"aioseo-immigration\">Imigra\u00e7\u00e3o<\/h4>\n\n\n\n<p>Nossos advogados especializados em direito de fam\u00edlia s\u00e3o especialistas em quest\u00f5es LGBT. <strong><a href=\"https:\/\/dglawga.com\/pt\/esmirna\/advogado-de-imigracao\/\">Trabalho de imigra\u00e7\u00e3o e defesa contra deporta\u00e7\u00e3o<\/a><\/strong>. Somos especializados em DACA (A\u00e7\u00e3o Diferida para Chegadas na Inf\u00e2ncia) e renova\u00e7\u00f5es. Nosso escrit\u00f3rio representa clientes LGBT em tribunais federais de imigra\u00e7\u00e3o em toda a Ge\u00f3rgia e em in\u00fameros processos do USCIS (Servi\u00e7os de Cidadania e Imigra\u00e7\u00e3o dos Estados Unidos).<\/p>\n\n\n\n<p>Ajudamos fam\u00edlias do mundo todo a obterem status nos Estados Unidos. N\u00e3o recuamos diante de nenhum caso, por mais desafiador que seja. Mesmo que outros advogados tenham recusado seu pedido ou que o servi\u00e7o de imigra\u00e7\u00e3o o tenha rejeitado, nossos advogados experientes encontrar\u00e3o uma solu\u00e7\u00e3o.<\/p>\n\n\n\n<h4 class=\"wp-block-heading\" id=\"aioseo-k-1-fiancee-visa\">Visto K-1 para noivo(a)<\/h4>\n\n\n\n<p>Diaz e Gaeta ajudam residentes LGBT da Ge\u00f3rgia a trazer seus noivos estrangeiros para os Estados Unidos atrav\u00e9s de <strong><a href=\"https:\/\/www.uscis.gov\/family\/family-of-us-citizens\/visas-for-fiancees-of-us-citizens\" target=\"_blank\" rel=\"noopener\">Solicita\u00e7\u00f5es de visto de noiva K-1<\/a>.<\/strong> Este tipo de visto permite que cidad\u00e3os estrangeiros entrem nos EUA e se casem com sua noiva em at\u00e9 90 dias. Os candidatos tamb\u00e9m devem solicitar o ajuste de status.<\/p>\n\n\n\n<p>O Consulado dos EUA no pa\u00eds de resid\u00eancia da noiva toma as decis\u00f5es sobre os vistos de noiva. Como essas decis\u00f5es consulares s\u00e3o dif\u00edceis de contestar ap\u00f3s a nega\u00e7\u00e3o, voc\u00ea deve apresentar o seu pedido de visto mais s\u00f3lido poss\u00edvel.<\/p>\n\n\n\n<p>Podemos ajud\u00e1-lo(a) a preparar uma candidatura s\u00f3lida e a lidar com quest\u00f5es como um hist\u00f3rico de relacionamentos curto e diferen\u00e7as de idade significativas.<\/p>\n\n\n\n<h4 class=\"wp-block-heading\" id=\"aioseo-u-s-citizenship-naturalization\">Cidadania e Naturaliza\u00e7\u00e3o dos EUA<\/h4>\n\n\n\n<p>Diaz &amp; Gaeta podem ajudar clientes LGBT que j\u00e1 s\u00e3o residentes permanentes legais a se tornarem cidad\u00e3os americanos por meio da naturaliza\u00e7\u00e3o. Avaliaremos seu hist\u00f3rico imigrat\u00f3rio e criminal para determinar sua elegibilidade.<\/p>\n\n\n\n<p>Em seguida, ajudaremos voc\u00ea a elaborar um pedido de naturaliza\u00e7\u00e3o s\u00f3lido e a se preparar adequadamente para a entrevista.<\/p>\n\n\n\n<p>Se voc\u00ea est\u00e1 considerando a naturaliza\u00e7\u00e3o, trabalhar com um advogado de imigra\u00e7\u00e3o \u00e9 crucial para maximizar as chances de aprova\u00e7\u00e3o do seu pedido. Al\u00e9m disso, trabalhar com um advogado especializado em quest\u00f5es LGBT garantir\u00e1 que voc\u00ea n\u00e3o coloque em risco seu status de residente permanente legal.<\/p>\n\n\n\n<h4 class=\"wp-block-heading\" id=\"aioseo-lgbt-marriage-visa\">Visto de casamento LGBT<\/h4>\n\n\n\n<p>Advogados da \u00e1rea LGBT do escrit\u00f3rio Diaz &amp; Gaeta, na Ge\u00f3rgia, auxiliam estrangeiros LGBT casados com cidad\u00e3os americanos a obterem resid\u00eancia permanente legal com base em seu casamento.<\/p>\n\n\n\n<p>Como o casamento com um cidad\u00e3o americano \u00e9 uma das maneiras mais r\u00e1pidas de obter um green card, o processo envolve muita an\u00e1lise rigorosa.<\/p>\n\n\n\n<p>Se voc\u00ea est\u00e1 pensando em se casar com um cidad\u00e3o americano ou j\u00e1 se casou com um cidad\u00e3o americano, entre em contato conosco para discutir suas op\u00e7\u00f5es para obter um visto.<strong> <a href=\"https:\/\/www.uscis.gov\/family\/same-sex-marriages\" target=\"_blank\" rel=\"noopener nofollow\">visto de casamento LGBT<\/a><\/strong>.<\/p>\n\n\n\n<h4 class=\"wp-block-heading\" id=\"aioseo-green-card-benefits\">Benef\u00edcios do Green Card<\/h4>\n\n\n\n<p>O Green Card garante resid\u00eancia permanente legal nos EUA. Isso significa que voc\u00ea pode trabalhar e morar onde quiser nos Estados Unidos. Nossos advogados podem ajud\u00e1-lo(a) a solicitar o Green Card. N\u00f3s o(a) auxiliaremos no preenchimento de toda a documenta\u00e7\u00e3o necess\u00e1ria e garantiremos que voc\u00ea apresente todos os documentos comprobat\u00f3rios.<\/p>\n\n\n\n<figure class=\"wp-block-image aligncenter\" style=\"margin-top:var(--wp--preset--spacing--20);margin-bottom:var(--wp--preset--spacing--20)\"><a href=\"https:\/\/dglawga.com\/wp-content\/uploads\/2022\/06\/smyrna-lgbt-lawyer.jpg\"><img loading=\"lazy\" decoding=\"async\" width=\"500\" height=\"334\" src=\"https:\/\/dglawga.com\/wp-content\/uploads\/2022\/06\/smyrna-lgbt-lawyer.jpg\" alt=\"Advogado LGBT de Smyrna se re\u00fane com casal gay feliz\" class=\"wp-image-3242\" srcset=\"https:\/\/dglawga.com\/wp-content\/uploads\/2022\/06\/smyrna-lgbt-lawyer.jpg 500w, https:\/\/dglawga.com\/wp-content\/uploads\/2022\/06\/smyrna-lgbt-lawyer-300x200.jpg 300w\" sizes=\"auto, (max-width: 500px) 100vw, 500px\" \/><\/a><\/figure>\n\n\n\n<h4 class=\"wp-block-heading\" id=\"aioseo-asylum\">Asilo<\/h4>\n\n\n\n<p>Se voc\u00ea se identifica com a comunidade LGBT e sofreu danos ou teme sofrer danos ou ser morto em seu pa\u00eds de origem por causa de sua identidade de g\u00eanero ou orienta\u00e7\u00e3o sexual, o escrit\u00f3rio Diaz &amp; Gaeta pode ajud\u00e1-lo a obter asilo LGBT.<\/p>\n\n\n\n<p>Nossos advogados podem ajud\u00e1-lo a obter asilo, comprovando que voc\u00ea sofreu danos ou esteve \u00e0 beira de sofrer danos ou ser morto.<\/p>\n\n\n\n<h4 class=\"wp-block-heading\" id=\"aioseo-withholding-of-removal\">Suspens\u00e3o da Deporta\u00e7\u00e3o<\/h4>\n\n\n\n<p>Para solicitantes de asilo LGBT em processos de deporta\u00e7\u00e3o, nossos advogados podem impedir a deporta\u00e7\u00e3o, desde que o solicitante de asilo seja eleg\u00edvel para a Suspens\u00e3o da Deporta\u00e7\u00e3o. Podemos ajudar a comprovar que sua vida ou liberdades estariam amea\u00e7adas devido \u00e0 sua identidade de g\u00eanero, orienta\u00e7\u00e3o sexual, religi\u00e3o, etc.<\/p>\n\n\n\n<h4 class=\"wp-block-heading\" id=\"aioseo-criminal-charges\">Acusa\u00e7\u00f5es criminais<\/h4>\n\n\n\n<p>Na Diaz &amp; Gaeta, tamb\u00e9m somos especializados em fornecer <strong><a href=\"https:\/\/dglawga.com\/pt\/esmirna\/advogado-de-defesa-criminal\/\">servi\u00e7os agressivos de defesa criminal<\/a><\/strong> Para clientes LGBT que enfrentam processos criminais, como crimes violentos, dire\u00e7\u00e3o sob influ\u00eancia de \u00e1lcool ou drogas, posse de drogas e outros delitos graves e leves.<\/p>\n\n\n\n<p>Culpado ou inocente, nossos advogados lutar\u00e3o para proteger sua liberdade, seus direitos e seu futuro.<\/p>\n\n\n\n<h4 class=\"wp-block-heading\" id=\"aioseo-personal-injury\">Les\u00f5es Pessoais<\/h4>\n\n\n\n<p>Ajudamos clientes LGBT com <strong><a href=\"https:\/\/dglawga.com\/pt\/esmirna\/advogado-de-lesoes-corporais\/\">casos de les\u00e3o corporal<\/a><\/strong> e proteg\u00ea-los de seguradoras abusivas. Nossos advogados aliviam o estresse cuidando de todos os tr\u00e2mites e garantindo que voc\u00ea receba a indeniza\u00e7\u00e3o que merece.<\/p>\n\n\n\n<h4 class=\"wp-block-heading\" id=\"aioseo-car-accidents\">Acidentes de carro<\/h4>\n\n\n\n<p>Independentemente de voc\u00ea ter culpa em parte ou n\u00e3o, se voc\u00ea se envolver em um <strong><a href=\"https:\/\/dglawga.com\/pt\/esmirna\/advogado-de-acidentes-de-carro\/\">acidente de carro<\/a><\/strong>, Ligue-nos imediatamente. Podemos ajudar voc\u00ea e seus passageiros a obterem indeniza\u00e7\u00e3o por danos presentes e futuros decorrentes do acidente.<\/p>\n\n\n\n<h4 class=\"wp-block-heading\" id=\"aioseo-family-law\">Direito de Fam\u00edlia<\/h4>\n\n\n\n<p>Oferecemos servi\u00e7os jur\u00eddicos a clientes LGBT que necessitam de aconselhamento e representa\u00e7\u00e3o legal em <strong><a href=\"https:\/\/dglawga.com\/pt\/esmirna\/advogado-de-direito-familiar\/\">casos de direito de fam\u00edlia<\/a><\/strong>, incluindo div\u00f3rcio, lit\u00edgios de guarda, pens\u00e3o aliment\u00edcia, ordem de restri\u00e7\u00e3o, pens\u00e3o para o c\u00f4njuge e viol\u00eancia dom\u00e9stica.<\/p>\n\n\n\n<p>Entendemos que, \u00e0s vezes, c\u00f4njuges gays ou l\u00e9sbicas podem se assumir ap\u00f3s j\u00e1 estarem em casamentos heterossexuais. Isso pode gerar desafios que podem levar a um div\u00f3rcio entre pessoas de sexos opostos. Temos auxiliado residentes gays e l\u00e9sbicas da Ge\u00f3rgia em casos de div\u00f3rcio e outras disputas relacionadas ao direito de fam\u00edlia.<\/p>\n\n\n\n<p>Considerando que a Ge\u00f3rgia possui um sistema legal rigoroso para gays e l\u00e9sbicas em processos de div\u00f3rcio, voc\u00ea provavelmente precisar\u00e1 de um advogado experiente e de confian\u00e7a. Estamos prontos para lutar at\u00e9 o fim para garantir que voc\u00ea obtenha uma decis\u00e3o e\/ou acordo justo e equitativo.<\/p>\n\n\n\n<h2 class=\"wp-block-heading\" id=\"aioseo-why-are-diaz-gaeta-the-best-lawyers-for-cases-involving-the-lgbt-community\" style=\"padding-top:var(--wp--preset--spacing--20)\">Por que Diaz &amp; Gaeta s\u00e3o os melhores advogados para casos envolvendo a comunidade LGBT?<\/h2>\n\n\n\n<p>Aqui est\u00e3o alguns motivos importantes para escolher nossos advogados LGBT de Smyrna para lidar com seu caso:<\/p>\n\n\n\n<h4 class=\"wp-block-heading\" id=\"aioseo-experience\">Experi\u00eancia<\/h4>\n\n\n\n<p>Nossos experientes advogados especializados em direito LGBT possuem vasta experi\u00eancia em diversas \u00e1reas do direito. Trabalhamos em conjunto para lidar com casos complexos.<\/p>\n\n\n\n<h4 class=\"wp-block-heading\" id=\"aioseo-reasonable-prices\">Pre\u00e7os razo\u00e1veis<\/h4>\n\n\n\n<p>Em rela\u00e7\u00e3o aos pre\u00e7os, Diaz &amp; Gaeta s\u00e3o transparentes. Oferecemos pre\u00e7os justos e honestos com consulta gratuita.<\/p>\n\n\n\n<h4 class=\"wp-block-heading\" id=\"aioseo-track-record\">Hist\u00f3rico<\/h4>\n\n\n\n<p>Temos um hist\u00f3rico impec\u00e1vel em todos os casos. Nosso hist\u00f3rico fala por si s\u00f3 quando se trata de casos que outros advogados recusaram.<\/p>\n\n\n\n<h2 class=\"wp-block-heading\" id=\"aioseo-call-our-smyrna-lgbt-lawyers-today\" style=\"padding-top:var(--wp--preset--spacing--20)\">Ligue hoje mesmo para nossos advogados LGBT em Smyrna!<\/h2>\n\n\n\n<p>Assim como qualquer outra pessoa, gays, l\u00e9sbicas, bissexuais e transg\u00eaneros podem se deparar com problemas como imigra\u00e7\u00e3o, div\u00f3rcio, guarda de filhos, danos pessoais ou acusa\u00e7\u00f5es criminais. <strong><a href=\"https:\/\/dglawga.com\/pt\/\">Diaz e Gaeta<\/a><\/strong>, Estamos empenhados em ajudar indiv\u00edduos e casais LGBT em Smyrna e em toda a Ge\u00f3rgia.<\/p>\n\n\n\n<p>Garantimos que nossa compreens\u00e3o das complexidades envolvidas em casos envolvendo pessoas LGBT nos ajudar\u00e1 a fornecer a voc\u00ea a assessoria jur\u00eddica adequada. Ligue para n\u00f3s hoje mesmo pelo n\u00famero [inserir n\u00famero de telefone]. <a href=\"tel:+16785032780\"><strong>678-503-2780<\/strong><\/a> Para agendar uma consulta gratuita.<\/p>","protected":false},"excerpt":{"rendered":"<p>As most people already know, LGBT is an umbrella term that means lesbian, gay, bisexual, and transgender. For those who identify with the LGBT community, getting legal representation can sometimes prove to be a tall order. Since the validation of gay marriages by the Supreme Court, same-sex couples face the same challenges and enjoy the [&hellip;]<\/p>\n","protected":false},"author":34,"featured_media":0,"parent":1994,"menu_order":0,"comment_status":"closed","ping_status":"closed","template":"wp-custom-template-smyrna-services","meta":{"_acf_changed":false,"_themeisle_gutenberg_block_has_review":false,"footnotes":""},"categories":[51],"tags":[124,123,120,21,122,59,126,58,121,60,125,119,26,118,116,117],"class_list":["post-2039","page","type-page","status-publish","hentry","category-smyrna-location","tag-abogado-coche-acidente","tag-abogado-gratis","tag-attorney-lawyer","tag-car-accidents","tag-car-accidents-lawyer","tag-family-law","tag-imigracion-abogados","tag-immigration","tag-immigration-lawyer","tag-lgbt","tag-marietta-abogado","tag-marietta-lawyer","tag-personal-injury","tag-top-lawyer-in-marietta","tag-top-lawyers-in-atlanta","tag-top-lawyers-in-smyrna"],"acf":[],"aioseo_notices":[],"_links":{"self":[{"href":"https:\/\/dglawga.com\/pt\/wp-json\/wp\/v2\/pages\/2039","targetHints":{"allow":["GET"]}}],"collection":[{"href":"https:\/\/dglawga.com\/pt\/wp-json\/wp\/v2\/pages"}],"about":[{"href":"https:\/\/dglawga.com\/pt\/wp-json\/wp\/v2\/types\/page"}],"author":[{"embeddable":true,"href":"https:\/\/dglawga.com\/pt\/wp-json\/wp\/v2\/users\/34"}],"replies":[{"embeddable":true,"href":"https:\/\/dglawga.com\/pt\/wp-json\/wp\/v2\/comments?post=2039"}],"version-history":[{"count":2,"href":"https:\/\/dglawga.com\/pt\/wp-json\/wp\/v2\/pages\/2039\/revisions"}],"predecessor-version":[{"id":7702,"href":"https:\/\/dglawga.com\/pt\/wp-json\/wp\/v2\/pages\/2039\/revisions\/7702"}],"up":[{"embeddable":true,"href":"https:\/\/dglawga.com\/pt\/wp-json\/wp\/v2\/pages\/1994"}],"wp:attachment":[{"href":"https:\/\/dglawga.com\/pt\/wp-json\/wp\/v2\/media?parent=2039"}],"wp:term":[{"taxonomy":"category","embeddable":true,"href":"https:\/\/dglawga.com\/pt\/wp-json\/wp\/v2\/categories?post=2039"},{"taxonomy":"post_tag","embeddable":true,"href":"https:\/\/dglawga.com\/pt\/wp-json\/wp\/v2\/tags?post=2039"}],"curies":[{"name":"wp","href":"https:\/\/api.w.org\/{rel}","templated":true}]}}