{"id":2051,"date":"2022-06-07T17:50:46","date_gmt":"2022-06-07T17:50:46","guid":{"rendered":"https:\/\/diazgaetalaw.wpengine.com\/?page_id=2051"},"modified":"2025-06-15T22:30:10","modified_gmt":"2025-06-16T03:30:10","slug":"advogado-especializado-em-acidentes-com-caminhoes","status":"publish","type":"page","link":"https:\/\/dglawga.com\/pt\/sandy-springs\/truck-accident-lawyer\/","title":{"rendered":"Advogado especializado em acidentes com caminh\u00f5es em Sandy Springs"},"content":{"rendered":"<p>Estar envolvido em um acidente com caminh\u00e3o pode resultar em ferimentos graves e na busca por uma solu\u00e7\u00e3o que traga tranquilidade. Lidar com o estresse de um acidente como esse pode ser dif\u00edcil, pois muitas vezes \u00e9 dif\u00edcil saber por onde come\u00e7ar ou como controlar a situa\u00e7\u00e3o da melhor forma.<\/p>\n\n\n\n<p>Na Diaz &amp; Gaeta, somos um escrit\u00f3rio de advocacia que j\u00e1 ajudou clientes em situa\u00e7\u00f5es como essa. Nossos advogados especializados em acidentes com caminh\u00f5es em Sandy Springs s\u00e3o experientes, qualificados e comprometidos em ajudar nossos clientes a obter a indeniza\u00e7\u00e3o completa a que t\u00eam direito.<\/p>\n\n\n\n<p>Para saber mais sobre o que o nosso <strong><a href=\"https:\/\/dglawga.com\/pt\/fontes-arenosas\/advogado-de-acidentes-de-carro\/\">Advogados especializados em acidentes de carro em Sandy Springs<\/a><\/strong> posso fazer por voc\u00ea, ligue <a href=\"tel:+16785032780\"><strong data-rich-text-format-boundary=\"true\">678-503-2780<\/strong><\/a> Imediatamente. Sua consulta inicial \u00e9 gratuita e voc\u00ea n\u00e3o paga nada at\u00e9 que consigamos uma indeniza\u00e7\u00e3o para voc\u00ea!<\/p>\n\n\n\n<div class=\"wp-block-group has-accent-background-color has-background is-vertical is-layout-flex wp-container-core-group-is-layout-283d9697 wp-block-group-is-layout-flex\" style=\"border-top-left-radius:15px;border-top-right-radius:15px;margin-top:var(--wp--preset--spacing--30)\">\n<h2 class=\"wp-block-heading has-primary-color has-text-color has-link-color wp-elements-4164a61e17ffbe9e8a7446952ec87a5a\" id=\"aioseo-table-of-contents\">\u00cdNDICE<\/h2>\n<\/div>\n\n\n\n<div class=\"wp-block-group has-background is-vertical is-layout-flex wp-container-core-group-is-layout-d644fc7a wp-block-group-is-layout-flex\" style=\"border-bottom-left-radius:15px;border-bottom-right-radius:15px;background-color:#f3f3f3;margin-top:0\"><div class=\"wp-block-aioseo-table-of-contents\"><ul><li><a class=\"aioseo-toc-item\" href=\"#aioseo-truck-accident-statistics\">Estat\u00edsticas de acidentes com caminh\u00f5es<\/a><\/li><li><a class=\"aioseo-toc-item\" href=\"#aioseo-what-should-you-do-after-a-truck-accident\">O que voc\u00ea deve fazer ap\u00f3s um acidente com caminh\u00e3o?<\/a><\/li><li><a class=\"aioseo-toc-item\" href=\"#aioseo-what-are-the-laws-regarding-truck-accident-liability\">Quais s\u00e3o as leis relativas \u00e0 responsabilidade em acidentes com caminh\u00f5es?<\/a><\/li><li><a class=\"aioseo-toc-item\" href=\"#aioseo-how-can-a-sandy-springs-truck-accident-lawyer-help\">Como um advogado especializado em acidentes com caminh\u00f5es em Sandy Springs pode ajudar?<\/a><ul><li><a class=\"aioseo-toc-item\" href=\"#aioseo-investigation\">Investiga\u00e7\u00e3o<\/a><\/li><li><a class=\"aioseo-toc-item\" href=\"#aioseo-filing-a-claim\">Apresenta\u00e7\u00e3o de uma reclama\u00e7\u00e3o<\/a><\/li><li><a class=\"aioseo-toc-item\" href=\"#aioseo-negotiations\">Negocia\u00e7\u00f5es<\/a><\/li><li><a class=\"aioseo-toc-item\" href=\"#aioseo-litigation\">Lit\u00edgio<\/a><\/li><\/ul><\/li><li><a class=\"aioseo-toc-item\" href=\"#aioseo-what-types-of-compensation-can-i-receive\">Que tipos de compensa\u00e7\u00e3o posso receber?<\/a><ul><li><a class=\"aioseo-toc-item\" href=\"#aioseo-economic-damages\">Danos econ\u00f4micos<\/a><\/li><li><a class=\"aioseo-toc-item\" href=\"#aioseo-non-economic-damages\">Danos n\u00e3o econ\u00f4micos<\/a><\/li><li><a class=\"aioseo-toc-item\" href=\"#aioseo-punitive-damages\">Danos punitivos<\/a><\/li><\/ul><\/li><li><a class=\"aioseo-toc-item\" href=\"#aioseo-how-much-is-my-truck-accident-claim-worth\">Qual o valor da minha indeniza\u00e7\u00e3o por acidente com caminh\u00e3o?<\/a><\/li><li><a class=\"aioseo-toc-item\" href=\"#aioseo-is-there-a-deadline-for-filing-a-claim\">Existe um prazo limite para apresentar uma reclama\u00e7\u00e3o?<\/a><\/li><li><a class=\"aioseo-toc-item\" href=\"#aioseo-how-is-fault-in-a-truck-accident-determined\">Como se determina a culpa em um acidente com caminh\u00e3o?<\/a><\/li><li><a class=\"aioseo-toc-item\" href=\"#aioseo-can-a-lawyer-prove-the-truck-driver-was-negligent\">Um advogado pode provar que o motorista do caminh\u00e3o foi negligente?<\/a><\/li><li><a class=\"aioseo-toc-item\" href=\"#aioseo-who-can-be-held-liable\">Quem pode ser responsabilizado?<\/a><\/li><li><a class=\"aioseo-toc-item\" href=\"#aioseo-common-causes-of-truck-accidents\">Causas comuns de acidentes com caminh\u00f5es<\/a><\/li><li><a class=\"aioseo-toc-item\" href=\"#aioseo-injured-in-a-truck-accident-call-diaz-gaeta-for-help\">Sofreu um acidente com caminh\u00e3o? Ligue para Diaz &amp; Gaeta para obter ajuda!<\/a><\/li><\/ul><\/div><\/div>\n\n\n\n<h2 class=\"wp-block-heading\" id=\"aioseo-truck-accident-statistics\" style=\"padding-top:var(--wp--preset--spacing--20)\">Estat\u00edsticas de acidentes com caminh\u00f5es<\/h2>\n\n\n\n<ul class=\"wp-block-list\">\n<li>Mais de 200 pessoas morrem todos os anos em acidentes com caminh\u00f5es.<\/li>\n\n\n\n<li>Seis em cada sete passageiros de carros pequenos morrem em acidentes com caminh\u00f5es.<\/li>\n\n\n\n<li>Na Ge\u00f3rgia, um em cada seis acidentes envolve um caminh\u00e3o.<\/li>\n<\/ul>\n\n\n\n<h2 class=\"wp-block-heading\" id=\"aioseo-what-should-you-do-after-a-truck-accident\" style=\"padding-top:var(--wp--preset--spacing--20)\">O que voc\u00ea deve fazer ap\u00f3s um acidente com caminh\u00e3o?<\/h2>\n\n\n\n<p>Ap\u00f3s um acidente com caminh\u00e3o, \u00e9 fundamental agir o mais r\u00e1pido poss\u00edvel. Quanto melhor for sua resposta nesse per\u00edodo, melhores ser\u00e3o as consequ\u00eancias futuras. Al\u00e9m disso, \u00e9 vital para o seu bem-estar cuidar de tudo logo ap\u00f3s um acidente com caminh\u00e3o.<\/p>\n\n\n\n<p>As principais etapas incluem:<\/p>\n\n\n\n<ul class=\"wp-block-list\">\n<li>Ligue para o 911.<\/li>\n\n\n\n<li>Auxiliar as outras pessoas envolvidas no acidente.<\/li>\n\n\n\n<li>Troque informa\u00e7\u00f5es de contato com o motorista do caminh\u00e3o.<\/li>\n\n\n\n<li>Tire fotos e fa\u00e7a v\u00eddeos da cena.<\/li>\n\n\n\n<li>Entre em contato com as testemunhas oculares para obter informa\u00e7\u00f5es de contato.<\/li>\n\n\n\n<li>Procure assist\u00eancia m\u00e9dica mesmo que voc\u00ea n\u00e3o ache que est\u00e1 ferido.<\/li>\n\n\n\n<li>Entre em contato com um advogado especializado em acidentes com caminh\u00f5es.<\/li>\n<\/ul>\n\n\n\n<h2 class=\"wp-block-heading\" id=\"aioseo-what-are-the-laws-regarding-truck-accident-liability\" style=\"padding-top:var(--wp--preset--spacing--20)\">Quais s\u00e3o as leis relativas \u00e0 responsabilidade em acidentes com caminh\u00f5es?<\/h2>\n\n\n\n<p>A responsabilidade por acidentes com caminh\u00f5es \u00e9 determinada com base em <a href=\"https:\/\/www.nerdwallet.com\/article\/insurance\/at-fault-accident\" target=\"_blank\" rel=\"noopener\"><strong>neglig\u00eancia comparativa<\/strong><\/a> No estado da Ge\u00f3rgia. Isso significa que uma porcentagem \u00e9 atribu\u00edda a cada parte envolvida no acidente com base em quem foi o culpado e em que medida. Por exemplo, um motorista de caminh\u00e3o pode ser considerado culpado em 70%, o que significa que ele ter\u00e1 que pagar 70% da indeniza\u00e7\u00e3o estipulada.<\/p>\n\n\n\n<h2 class=\"wp-block-heading\" id=\"aioseo-how-can-a-sandy-springs-truck-accident-lawyer-help\" style=\"padding-top:var(--wp--preset--spacing--20)\">Como um advogado especializado em acidentes com caminh\u00f5es em Sandy Springs pode ajudar?<\/h2>\n\n\n\n<p>Eis como um advogado especializado em acidentes com caminh\u00f5es em Sandy Springs pode ajudar no seu caso:<\/p>\n\n\n\n<h4 class=\"wp-block-heading\" id=\"aioseo-investigation\">Investiga\u00e7\u00e3o<\/h4>\n\n\n\n<p>Uma das partes mais importantes do processo legal \u00e9 preparar uma defesa s\u00f3lida. Para isso, \u00e9 fundamental investigar cada elemento do caso. \u00c9 a\u00ed que um escrit\u00f3rio de advocacia credenciado como o nosso, Diaz &amp; Gaeta, pode come\u00e7ar a prestar aux\u00edlio.<\/p>\n\n\n\n<p>Investigaremos cada aspecto do acidente com o caminh\u00e3o para fundamentar uma a\u00e7\u00e3o judicial s\u00f3lida na Ge\u00f3rgia.<\/p>\n\n\n\n<h4 class=\"wp-block-heading\" id=\"aioseo-filing-a-claim\">Apresenta\u00e7\u00e3o de uma reclama\u00e7\u00e3o<\/h4>\n\n\n\n<p>O pedido de indeniza\u00e7\u00e3o por danos pessoais deve ser apresentado dentro de dois anos e deve ser feito da maneira correta. Podemos auxiliar nesse processo, pois somos um escrit\u00f3rio de advocacia com anos de experi\u00eancia. Um pedido de indeniza\u00e7\u00e3o por danos pessoais bem estruturado funcionar\u00e1 conforme o planejado e trar\u00e1 os resultados esperados assim que for aprovado.<\/p>\n\n\n\n<h4 class=\"wp-block-heading\" id=\"aioseo-negotiations\">Negocia\u00e7\u00f5es<\/h4>\n\n\n\n<p>Em alguns casos, a outra parte afirma que n\u00e3o deseja ir a julgamento. Isso significa que ela busca um acordo extrajudicial para encerrar o assunto e evitar que a disputa se agrave e chegue a um processo judicial completo. Nesse contexto, um bom advogado pode fazer toda a diferen\u00e7a. O advogado dedicar\u00e1 tempo para ouvir suas necessidades e, em seguida, entrar\u00e1 em contato com a outra parte para uma negocia\u00e7\u00e3o minuciosa.<\/p>\n\n\n\n<h4 class=\"wp-block-heading\" id=\"aioseo-litigation\">Lit\u00edgio<\/h4>\n\n\n\n<p>A outra parte pode se recusar a prosseguir com um acordo. Nesse caso, o resultado mais comum \u00e9 que o processo v\u00e1 a julgamento. \u00c9 a\u00ed que um advogado se torna \u00fatil, pois voc\u00ea precisar\u00e1 de representa\u00e7\u00e3o legal perante um juiz para defender seus interesses.<\/p>\n\n\n\n<p>Na Diaz &amp; Gaeta, sabemos que esta \u00e9 uma daquelas situa\u00e7\u00f5es que podem ser desafiadoras. Voc\u00ea vai querer chegar ao fundo da quest\u00e3o e receber a sua indeniza\u00e7\u00e3o. Se \u00e9 isso que voc\u00ea deseja, somos um escrit\u00f3rio de advocacia que far\u00e1 as coisas da maneira que voc\u00ea quer.<\/p>\n\n\n\n<p>Ligue para n\u00f3s em <a href=\"tel:+16785032780\"><strong data-rich-text-format-boundary=\"true\">678-503-2780<\/strong><\/a> Para obter mais informa\u00e7\u00f5es.<\/p>\n\n\n\n<h2 class=\"wp-block-heading\" id=\"aioseo-what-types-of-compensation-can-i-receive\" style=\"padding-top:var(--wp--preset--spacing--20)\">Que tipos de compensa\u00e7\u00e3o posso receber?<\/h2>\n\n\n\n<p>Em um caso de acidente com caminh\u00e3o, as v\u00edtimas podem reivindicar tr\u00eas tipos de indeniza\u00e7\u00e3o.<\/p>\n\n\n\n<h4 class=\"wp-block-heading\" id=\"aioseo-economic-damages\">Danos econ\u00f4micos<\/h4>\n\n\n\n<p>\u00c9 muito prov\u00e1vel que voc\u00ea precise lidar com os danos econ\u00f4micos antes de qualquer outra coisa. Esses danos se referem a qualquer preju\u00edzo financeiro que voc\u00ea tenha sofrido devido ao acidente com o caminh\u00e3o. Voc\u00ea teve que pagar pelo conserto do seu ve\u00edculo? E as despesas m\u00e9dicas?<\/p>\n\n\n\n<p>Qualquer custo decorrente do acidente com o caminh\u00e3o ser\u00e1 contabilizado como dano econ\u00f4mico.<\/p>\n\n\n\n<h4 class=\"wp-block-heading\" id=\"aioseo-non-economic-damages\">Danos n\u00e3o econ\u00f4micos<\/h4>\n\n\n\n<p>A outra categoria s\u00e3o os danos n\u00e3o econ\u00f4micos. Trata-se de qualquer tipo de dano que n\u00e3o esteja diretamente relacionado a um valor monet\u00e1rio espec\u00edfico. Em vez disso, pode incluir estresse, depress\u00e3o, ansiedade ou uma queda na qualidade de vida devido ao acidente com o caminh\u00e3o. Isso pode ocorrer dependendo das consequ\u00eancias do acidente e de como ele afetou sua vida.<\/p>\n\n\n\n<h4 class=\"wp-block-heading\" id=\"aioseo-punitive-damages\">Danos punitivos<\/h4>\n\n\n\n<p><a href=\"http:\/\/ga.elaws.us\/law\/section9-3-33\" target=\"_blank\" rel=\"noopener\"><strong>Danos punitivos<\/strong><\/a> S\u00e3o reservadas para casos em que o r\u00e9u foi culpado de &quot;conduta dolosa&quot; ou desrespeito imprudente pela seguran\u00e7a de terceiros. Nossas investiga\u00e7\u00f5es mostrar\u00e3o se esses danos podem ser concedidos.<\/p>\n\n\n\n<p>Teremos todo o prazer em ajudar nesta etapa do processo para garantir que tudo corra conforme o esperado. Isso inclui agendar uma consulta detalhada assim que voc\u00ea ligar. <a href=\"tel:+16785032780\"><strong data-rich-text-format-boundary=\"true\">678-503-2780<\/strong><\/a>.<\/p>\n\n\n\n<figure class=\"wp-block-image aligncenter\" style=\"margin-top:var(--wp--preset--spacing--20);margin-bottom:var(--wp--preset--spacing--20)\"><a href=\"https:\/\/dglawga.com\/wp-content\/uploads\/2022\/06\/sandy-springs-truck-accident-lawyer-diaz-1.jpg\"><img loading=\"lazy\" decoding=\"async\" width=\"500\" height=\"333\" src=\"https:\/\/dglawga.com\/wp-content\/uploads\/2022\/06\/sandy-springs-truck-accident-lawyer-diaz-1.jpg\" alt=\"Caminh\u00e3o semi-reboque na estrada, conceito de advogado de acidentes com caminh\u00f5es em Sandy Springs\" class=\"wp-image-3062\" srcset=\"https:\/\/dglawga.com\/wp-content\/uploads\/2022\/06\/sandy-springs-truck-accident-lawyer-diaz-1.jpg 500w, https:\/\/dglawga.com\/wp-content\/uploads\/2022\/06\/sandy-springs-truck-accident-lawyer-diaz-1-300x200.jpg 300w\" sizes=\"auto, (max-width: 500px) 100vw, 500px\" \/><\/a><\/figure>\n\n\n\n<h2 class=\"wp-block-heading\" id=\"aioseo-how-much-is-my-truck-accident-claim-worth\" style=\"padding-top:var(--wp--preset--spacing--20)\">Qual o valor da minha indeniza\u00e7\u00e3o por acidente com caminh\u00e3o?<\/h2>\n\n\n\n<p>O valor da sua indeniza\u00e7\u00e3o depende dos detalhes do caso e dos danos causados pela outra parte. Como a a\u00e7\u00e3o judicial por acidente com caminh\u00e3o se baseia na premissa de culpa concorrente, \u00e9 fundamental analisar isso minuciosamente.<\/p>\n\n\n\n<p>Voc\u00ea vai querer garantir que a sua reclama\u00e7\u00e3o leve em considera\u00e7\u00e3o todas as suas perdas e esteja de acordo com o que voc\u00ea deseja. <br>\u00c9 importante que voc\u00ea receba uma indeniza\u00e7\u00e3o adequada. Ligue para nossos advogados especializados em acidentes com caminh\u00f5es em Sandy Springs pelo n\u00famero [inserir n\u00famero de telefone]. <a href=\"tel:+16785032780\"><strong data-rich-text-format-boundary=\"true\">678-503-2780<\/strong><\/a> Agende uma consulta gratuita para saber mais.<\/p>\n\n\n\n<h2 class=\"wp-block-heading\" id=\"aioseo-is-there-a-deadline-for-filing-a-claim\" style=\"padding-top:var(--wp--preset--spacing--20)\">Existe um prazo limite para apresentar uma reclama\u00e7\u00e3o?<\/h2>\n\n\n\n<p>Sim, existe um prazo estrito para o envio de um(a) <strong><a href=\"https:\/\/dglawga.com\/pt\/fontes-arenosas\/advogado-de-lesoes-corporais\/\">caso de les\u00e3o corporal<\/a><\/strong> Ap\u00f3s um acidente com um caminh\u00e3o na Ge\u00f3rgia. Voc\u00ea vai ter <strong>dois anos<\/strong> a partir do momento em que o acidente ocorreu. O tempo est\u00e1 se esgotando e a melhor op\u00e7\u00e3o \u00e9 entrar em contato com um escrit\u00f3rio de advocacia credenciado o mais r\u00e1pido poss\u00edvel.<\/p>\n\n\n\n<p>Na Diaz &amp; Gaeta, somos o escrit\u00f3rio de advocacia ideal para as suas necessidades. Faremos tudo ao nosso alcance para garantir que a sua reclama\u00e7\u00e3o seja processada com sucesso e esteja em conformidade com o prazo de prescri\u00e7\u00e3o.<\/p>\n\n\n\n<h2 class=\"wp-block-heading\" id=\"aioseo-how-is-fault-in-a-truck-accident-determined\" style=\"padding-top:var(--wp--preset--spacing--20)\">Como se determina a culpa em um acidente com caminh\u00e3o?<\/h2>\n\n\n\n<p>Como v\u00edtima do acidente, a lei exige que voc\u00ea prove que o r\u00e9u \u00e9 respons\u00e1vel pelo incidente e deve indeniz\u00e1-lo por seus ferimentos, perdas e sofrimento. Para isso, demonstraremos ao juiz e ao j\u00fari o seguinte:<\/p>\n\n\n\n<ul class=\"wp-block-list\">\n<li>O r\u00e9u tinha o dever de cuidar de voc\u00ea. Todos os motoristas de caminh\u00e3o t\u00eam a responsabilidade de seguir as leis de tr\u00e2nsito e <strong><a href=\"https:\/\/www.fmcsa.dot.gov\/\" target=\"_blank\" rel=\"noopener\">Regras de seguran\u00e7a da FMCSA<\/a>.<\/strong><\/li>\n\n\n\n<li>O r\u00e9u violou seu dever de cuidado ao se comportar de forma imprudente ou negligente.<\/li>\n\n\n\n<li>Prove que essa viola\u00e7\u00e3o do dever de cuidado resultou no acidente, nos seus ferimentos e nos seus preju\u00edzos.<\/li>\n\n\n\n<li>Demonstrar ao tribunal que voc\u00ea sofreu les\u00f5es e perdas reais.<\/li>\n<\/ul>\n\n\n\n<h2 class=\"wp-block-heading\" id=\"aioseo-can-a-lawyer-prove-the-truck-driver-was-negligent\" style=\"padding-top:var(--wp--preset--spacing--20)\">Um advogado pode provar que o motorista do caminh\u00e3o foi negligente?<\/h2>\n\n\n\n<p>A apresenta\u00e7\u00e3o de provas dos atos de neglig\u00eancia do motorista do caminh\u00e3o \u00e9 fundamental para determinar a responsabilidade. Evid\u00eancias importantes que demonstram as a\u00e7\u00f5es imprudentes ou negligentes do motorista podem incluir dados da caixa-preta, o boletim de ocorr\u00eancia policial, depoimentos de testemunhas, fotos e v\u00eddeos do local do acidente e testemunho de especialistas em reconstru\u00e7\u00e3o de acidentes.<\/p>\n\n\n\n<h2 class=\"wp-block-heading\" id=\"aioseo-who-can-be-held-liable\" style=\"padding-top:var(--wp--preset--spacing--20)\">Quem pode ser responsabilizado?<\/h2>\n\n\n\n<p>Cada situa\u00e7\u00e3o envolvendo um acidente com caminh\u00e3o \u00e9 \u00fanica. A melhor op\u00e7\u00e3o \u00e9 consultar um escrit\u00f3rio de advocacia credenciado, como o nosso, Diaz &amp; Gaeta. Teremos o maior prazer em analisar essas informa\u00e7\u00f5es para voc\u00ea e determinar a estrat\u00e9gia jur\u00eddica mais adequada.<\/p>\n\n\n\n<p>Dependendo do ocorrido, diferentes partes podem ser responsabilizadas. Estas podem incluir:<\/p>\n\n\n\n<ul class=\"wp-block-list\">\n<li>Empresa de transporte rodovi\u00e1rio<\/li>\n\n\n\n<li>Motorista de caminh\u00e3o<\/li>\n\n\n\n<li>Uso de drogas<\/li>\n\n\n\n<li>Empresa de carregamento<\/li>\n\n\n\n<li>Fabricante de pe\u00e7as ou ve\u00edculos<\/li>\n<\/ul>\n\n\n\n<p>Analise essas op\u00e7\u00f5es com seu advogado e saiba mais sobre o que estar\u00e1 inclu\u00eddo na a\u00e7\u00e3o judicial.<\/p>\n\n\n\n<h2 class=\"wp-block-heading\" id=\"aioseo-common-causes-of-truck-accidents\" style=\"padding-top:var(--wp--preset--spacing--20)\">Causas comuns de acidentes com caminh\u00f5es<\/h2>\n\n\n\n<p>Existem muitas causas diferentes para acidentes com caminh\u00f5es e cada uma delas pode ter um impacto dram\u00e1tico no caso. Algumas das causas mais comuns de acidentes com caminh\u00f5es incluem:<\/p>\n\n\n\n<ul class=\"wp-block-list\">\n<li>Fadiga do motorista<\/li>\n\n\n\n<li>Condu\u00e7\u00e3o imprudente<\/li>\n\n\n\n<li>Condu\u00e7\u00e3o distra\u00edda<\/li>\n\n\n\n<li>Carga mal acondicionada<\/li>\n\n\n\n<li>Manuten\u00e7\u00e3o inadequada do caminh\u00e3o<\/li>\n\n\n\n<li>Motoristas mal treinados ou inexperientes<\/li>\n\n\n\n<li>M\u00e1s condi\u00e7\u00f5es da estrada<\/li>\n\n\n\n<li>Equipamento com defeito<\/li>\n<\/ul>\n\n\n\n<p>A melhor op\u00e7\u00e3o \u00e9 falar com um advogado e obter mais informa\u00e7\u00f5es sobre o que se aplica ao seu caso. Podemos fazer isso por voc\u00ea em [inserir URL aqui]. <a href=\"tel:+16785032780\"><strong data-rich-text-format-boundary=\"true\">678-503-2780<\/strong><\/a>.<\/p>\n\n\n\n<h2 class=\"wp-block-heading\" id=\"aioseo-injured-in-a-truck-accident-call-diaz-gaeta-for-help\" style=\"padding-top:var(--wp--preset--spacing--20)\">Sofreu um acidente com caminh\u00e3o? Ligue para Diaz &amp; Gaeta para obter ajuda!<\/h2>\n\n\n\n<p>Ap\u00f3s sofrer um acidente com um caminh\u00e3o, voc\u00ea provavelmente n\u00e3o estar\u00e1 pensando em sua situa\u00e7\u00e3o financeira. Sua maior preocupa\u00e7\u00e3o ser\u00e1 com sua sa\u00fade e com como as coisas ir\u00e3o se desenrolar nos pr\u00f3ximos dias.<\/p>\n\n\n\n<p>\u00c9 aqui que <strong><a href=\"https:\/\/dglawga.com\/pt\/\">Diaz e Gaeta<\/a><\/strong> Isso ser\u00e1 muito \u00fatil. N\u00f3s cuidaremos de tudo e daremos entrada no processo de reclama\u00e7\u00e3o em seu nome. Ligue para n\u00f3s em <a href=\"tel:+16785032780\"><strong data-rich-text-format-boundary=\"true\">678-503-2780<\/strong><\/a> Agende hoje mesmo uma consulta gratuita com um advogado especializado em acidentes com caminh\u00f5es em Sandy Springs.<\/p>","protected":false},"excerpt":{"rendered":"<p>Being in a truck accident can create a situation where you suffer from significant injuries and want to find a solution that will provide peace of mind. When you are dealing with the stresses of an accident such as this, you won&#8217;t know where to begin and how to control things the right way. At [&hellip;]<\/p>\n","protected":false},"author":34,"featured_media":0,"parent":2044,"menu_order":0,"comment_status":"closed","ping_status":"closed","template":"wp-custom-template-sandy-springs-services","meta":{"_acf_changed":false,"_themeisle_gutenberg_block_has_review":false,"footnotes":""},"categories":[52],"tags":[124,123,120,21,122,59,126,58,121,125,119,26,118,116,117,22,142,143],"class_list":["post-2051","page","type-page","status-publish","hentry","category-sandy-springs-location","tag-abogado-coche-acidente","tag-abogado-gratis","tag-attorney-lawyer","tag-car-accidents","tag-car-accidents-lawyer","tag-family-law","tag-imigracion-abogados","tag-immigration","tag-immigration-lawyer","tag-marietta-abogado","tag-marietta-lawyer","tag-personal-injury","tag-top-lawyer-in-marietta","tag-top-lawyers-in-atlanta","tag-top-lawyers-in-smyrna","tag-truck-accident","tag-truck-accident-attorneys","tag-truck-crash"],"acf":[],"aioseo_notices":[],"_links":{"self":[{"href":"https:\/\/dglawga.com\/pt\/wp-json\/wp\/v2\/pages\/2051","targetHints":{"allow":["GET"]}}],"collection":[{"href":"https:\/\/dglawga.com\/pt\/wp-json\/wp\/v2\/pages"}],"about":[{"href":"https:\/\/dglawga.com\/pt\/wp-json\/wp\/v2\/types\/page"}],"author":[{"embeddable":true,"href":"https:\/\/dglawga.com\/pt\/wp-json\/wp\/v2\/users\/34"}],"replies":[{"embeddable":true,"href":"https:\/\/dglawga.com\/pt\/wp-json\/wp\/v2\/comments?post=2051"}],"version-history":[{"count":3,"href":"https:\/\/dglawga.com\/pt\/wp-json\/wp\/v2\/pages\/2051\/revisions"}],"predecessor-version":[{"id":8571,"href":"https:\/\/dglawga.com\/pt\/wp-json\/wp\/v2\/pages\/2051\/revisions\/8571"}],"up":[{"embeddable":true,"href":"https:\/\/dglawga.com\/pt\/wp-json\/wp\/v2\/pages\/2044"}],"wp:attachment":[{"href":"https:\/\/dglawga.com\/pt\/wp-json\/wp\/v2\/media?parent=2051"}],"wp:term":[{"taxonomy":"category","embeddable":true,"href":"https:\/\/dglawga.com\/pt\/wp-json\/wp\/v2\/categories?post=2051"},{"taxonomy":"post_tag","embeddable":true,"href":"https:\/\/dglawga.com\/pt\/wp-json\/wp\/v2\/tags?post=2051"}],"curies":[{"name":"wp","href":"https:\/\/api.w.org\/{rel}","templated":true}]}}