{"id":2055,"date":"2022-06-07T17:51:37","date_gmt":"2022-06-07T17:51:37","guid":{"rendered":"https:\/\/diazgaetalaw.wpengine.com\/?page_id=2055"},"modified":"2025-06-15T22:45:04","modified_gmt":"2025-06-16T03:45:04","slug":"advogado-especializado-em-acidentes-de-motocicleta","status":"publish","type":"page","link":"https:\/\/dglawga.com\/pt\/sandy-springs\/motorcycle-accident-lawyer\/","title":{"rendered":"Advogado especializado em acidentes de motocicleta em Sandy Springs"},"content":{"rendered":"<p>A liberdade e a efici\u00eancia de viajar de motocicleta s\u00f3 s\u00e3o compar\u00e1veis aos danos consider\u00e1veis que podem ser causados em acidentes com ve\u00edculos maiores em alta velocidade.<\/p>\n\n\n\n<p>Se voc\u00ea ou algu\u00e9m da sua fam\u00edlia sofreu ferimentos em um acidente de motocicleta causado pelas a\u00e7\u00f5es de outro motorista, voc\u00ea tem direito a indeniza\u00e7\u00e3o. No escrit\u00f3rio de advocacia Diaz &amp; Gaeta, somos uma equipe de advogados especializados. <strong><a href=\"https:\/\/dglawga.com\/pt\/fontes-arenosas\/advogado-de-acidentes-de-carro\/\">Advogados especializados em acidentes de carro em Sandy Springs<\/a><\/strong> Com vasta experi\u00eancia em casos de acidentes de motocicleta.<\/p>\n\n\n\n<p>Ligue para Diaz e Gaeta em <a href=\"tel:+16785032780\"><strong>678-503-2780<\/strong><\/a> Agende uma consulta GRATUITA com um advogado de primeira linha especializado em acidentes de motocicleta em Sandy Springs. Oferecemos nossa experi\u00eancia, recursos e tenacidade para obter a sua indeniza\u00e7\u00e3o e ajud\u00e1-lo a se recuperar completamente para que voc\u00ea possa voltar a pilotar sua moto e voltar \u00e0 estrada.<\/p>\n\n\n\n<div class=\"wp-block-group has-accent-background-color has-background is-vertical is-layout-flex wp-container-core-group-is-layout-283d9697 wp-block-group-is-layout-flex\" style=\"border-top-left-radius:15px;border-top-right-radius:15px;margin-top:var(--wp--preset--spacing--30)\">\n<h2 class=\"wp-block-heading has-primary-color has-text-color has-link-color wp-elements-4164a61e17ffbe9e8a7446952ec87a5a\" id=\"aioseo-table-of-contents\">\u00cdNDICE<\/h2>\n<\/div>\n\n\n\n<div class=\"wp-block-group has-background is-vertical is-layout-flex wp-container-core-group-is-layout-d644fc7a wp-block-group-is-layout-flex\" style=\"border-bottom-left-radius:15px;border-bottom-right-radius:15px;background-color:#f3f3f3;margin-top:0\"><div class=\"wp-block-aioseo-table-of-contents\"><ul><li><a class=\"aioseo-toc-item\" href=\"#aioseo-how-can-a-sandy-springs-motorcycle-accident-lawyer-help-with-my-compensation-claim\">Como um advogado especializado em acidentes de motocicleta em Sandy Springs pode me ajudar com meu pedido de indeniza\u00e7\u00e3o?<\/a><ul><li><a class=\"aioseo-toc-item\" href=\"#aioseo-gathering-evidence\">Coletando Evid\u00eancias<\/a><\/li><li><a class=\"aioseo-toc-item\" href=\"#aioseo-preparing-filing-your-case\">Preparando e apresentando seu caso<\/a><\/li><li><a class=\"aioseo-toc-item\" href=\"#aioseo-settlement-negotiations\">Negocia\u00e7\u00f5es de Acordo<\/a><\/li><li><a class=\"aioseo-toc-item\" href=\"#aioseo-trial-preparation-representation\">Prepara\u00e7\u00e3o e Representa\u00e7\u00e3o em Julgamento<\/a><\/li><\/ul><\/li><li><a class=\"aioseo-toc-item\" href=\"#aioseo-what-are-the-most-common-causes-of-motorcycle-accidents\">Quais s\u00e3o as causas mais comuns de acidentes de motocicleta?<\/a><\/li><li><a class=\"aioseo-toc-item\" href=\"#aioseo-what-are-the-most-common-injuries-seen-in-motorcycle-accidents\">Quais s\u00e3o as les\u00f5es mais comuns em acidentes de motocicleta?<\/a><\/li><li><a class=\"aioseo-toc-item\" href=\"#aioseo-how-is-fault-determined-in-a-sandy-springs-motorcycle-accident\">Como se determina a culpa em um acidente de motocicleta em Sandy Springs?<\/a><\/li><li><a class=\"aioseo-toc-item\" href=\"#aioseo-what-type-of-compensation-can-i-receive-for-my-motorcycle-accident\">Que tipo de indeniza\u00e7\u00e3o posso receber pelo meu acidente de moto?<\/a><ul><li><a class=\"aioseo-toc-item\" href=\"#aioseo-economic-damages\">Danos econ\u00f4micos<\/a><\/li><li><a class=\"aioseo-toc-item\" href=\"#aioseo-non-economic-damages\">Danos n\u00e3o econ\u00f4micos<\/a><\/li><li><a class=\"aioseo-toc-item\" href=\"#aioseo-punitive-damages\">Danos punitivos<\/a><\/li><\/ul><\/li><li><a class=\"aioseo-toc-item\" href=\"#aioseo-why-was-my-motorcycle-accident-claim-denied\">Por que meu pedido de indeniza\u00e7\u00e3o por acidente de moto foi negado?<\/a><\/li><li><a class=\"aioseo-toc-item\" href=\"#aioseo-call-our-skilled-motorcycle-accident-lawyers-in-sandy-springs-ga\">Ligue para nossos advogados especializados em acidentes de motocicleta em Sandy Springs, Ge\u00f3rgia!<\/a><\/li><\/ul><\/div><\/div>\n\n\n\n<h2 class=\"wp-block-heading\" id=\"aioseo-how-can-a-sandy-springs-motorcycle-accident-lawyer-help-with-my-compensation-claim\" style=\"padding-top:var(--wp--preset--spacing--20)\">Como um advogado especializado em acidentes de motocicleta em Sandy Springs pode me ajudar com meu pedido de indeniza\u00e7\u00e3o?<\/h2>\n\n\n\n<p>Um advogado experiente em acidentes de motocicleta em Sandy Springs pode agregar valor consider\u00e1vel e aumentar suas chances de um resultado positivo em seu caso e reivindica\u00e7\u00e3o.<\/p>\n\n\n\n<h4 class=\"wp-block-heading\" id=\"aioseo-gathering-evidence\">Coletando Evid\u00eancias<\/h4>\n\n\n\n<p>Um caso s\u00f3 \u00e9 forte se as provas que o sustentam forem s\u00f3lidas. Nossos advogados especializados em acidentes de motocicleta em Sandy Springs t\u00eam a habilidade necess\u00e1ria para construir uma defesa irrefut\u00e1vel, que ter\u00e1 peso nas negocia\u00e7\u00f5es e se manter\u00e1 firme caso o caso seja levado aos tribunais.<\/p>\n\n\n\n<p>Por exemplo, revisitaremos o local do acidente com a ajuda de especialistas para recri\u00e1-lo e entender melhor por que os eventos ocorreram. Isso n\u00e3o s\u00f3 fortalece muito o caso, como tamb\u00e9m pode revelar detalhes menores sobre o acidente que poderiam passar completamente despercebidos.<\/p>\n\n\n\n<p>Tamb\u00e9m entrevistaremos testemunhas oculares e examinaremos as evid\u00eancias fotogr\u00e1ficas coletadas no local para obter uma compreens\u00e3o completa do acidente e determinar com precis\u00e3o a culpa no ocorrido.<\/p>\n\n\n\n<p>Em resumo, seu advogado especializado em acidentes de motocicleta em Sandy Springs utilizar\u00e1 todas as evid\u00eancias para fundamentar sua reivindica\u00e7\u00e3o.<\/p>\n\n\n\n<h4 class=\"wp-block-heading\" id=\"aioseo-preparing-filing-your-case\">Preparando e apresentando seu caso<\/h4>\n\n\n\n<p>Al\u00e9m de destacar os pontos fortes e fracos do seu caso e planejar uma estrat\u00e9gia para o resultado mais favor\u00e1vel, nossos advogados especializados em acidentes de motocicleta em Sandy Springs apresentar\u00e3o sua reclama\u00e7\u00e3o com precis\u00e3o e garantir\u00e3o que voc\u00ea atenda a todos os seus direitos. <strong><a href=\"http:\/\/ga.elaws.us\/law\/section9-3-33\" target=\"_blank\" rel=\"noopener\">prazo de dois anos para apresenta\u00e7\u00e3o de documentos<\/a><\/strong>. Um caso cuidadosamente preparado n\u00e3o deixar\u00e1 espa\u00e7o para que peritos de seguros astutos encontrem brechas que lhes permitam escapar sem pagar indeniza\u00e7\u00f5es.<\/p>\n\n\n\n<p>Seu advogado especializado em acidentes de motocicleta em Sandy Springs eliminar\u00e1 a possibilidade de brechas na lei.<\/p>\n\n\n\n<h4 class=\"wp-block-heading\" id=\"aioseo-settlement-negotiations\">Negocia\u00e7\u00f5es de Acordo<\/h4>\n\n\n\n<p>N\u00f3s cuidaremos de toda a comunica\u00e7\u00e3o com a seguradora para que voc\u00ea n\u00e3o precise se preocupar. Somos negociadores experientes e lutaremos por justi\u00e7a no seu caso. Se a seguradora negar seu pedido de indeniza\u00e7\u00e3o ou oferecer um valor muito baixo, estaremos preparados para contest\u00e1-la judicialmente.<\/p>\n\n\n\n<h4 class=\"wp-block-heading\" id=\"aioseo-trial-preparation-representation\">Prepara\u00e7\u00e3o e Representa\u00e7\u00e3o em Julgamento<\/h4>\n\n\n\n<p>Se a seguradora n\u00e3o concordar em oferecer uma indeniza\u00e7\u00e3o justa, seu advogado especializado em acidentes de motocicleta em Sandy Springs levar\u00e1 seu caso a julgamento, onde caber\u00e1 ao j\u00fari determinar se voc\u00ea tem direito \u00e0 indeniza\u00e7\u00e3o. Seu advogado trabalhar\u00e1 para apresentar a defesa mais s\u00f3lida poss\u00edvel, respaldada por provas convincentes, para aumentar suas chances de obter um resultado favor\u00e1vel.<\/p>\n\n\n\n<h2 class=\"wp-block-heading\" id=\"aioseo-what-are-the-most-common-causes-of-motorcycle-accidents\" style=\"padding-top:var(--wp--preset--spacing--20)\">Quais s\u00e3o as causas mais comuns de acidentes de motocicleta?<\/h2>\n\n\n\n<p>Estradas escorregadias, condi\u00e7\u00f5es clim\u00e1ticas adversas e estradas mal constru\u00eddas podem causar acidentes. Mas a grande maioria dos acidentes de motocicleta \u00e9 evit\u00e1vel e causada pela neglig\u00eancia dos condutores em respeitar as leis de tr\u00e2nsito. Alguns dos mais comuns s\u00e3o: <strong><a href=\"https:\/\/highways.dot.gov\/research\/safety\/motorcycle-crash-causation-study\/motorcycle-crash-causation-study\" target=\"_blank\" rel=\"noopener\">causas comuns de acidentes de motocicleta<\/a><\/strong> incluem:<\/p>\n\n\n\n<ul class=\"wp-block-list\">\n<li><strong>Condu\u00e7\u00e3o distra\u00edda<\/strong> \u2014 Dirigir distra\u00eddo \u00e9 qualquer atividade que tire os olhos, as m\u00e3os ou a mente do motorista da condu\u00e7\u00e3o do ve\u00edculo no tr\u00e2nsito.<\/li>\n\n\n\n<li><strong>Falta de aten\u00e7\u00e3o \u00e0s motocicletas<\/strong> \u2014 Devido ao seu perfil menor e \u00e0 sua agilidade, as motocicletas podem passar despercebidas pelos motoristas desatentos.<\/li>\n\n\n\n<li><strong>Dirigir embriagado ou sob efeito de drogas<\/strong> \u2014 Os efeitos do \u00e1lcool, dos narc\u00f3ticos e at\u00e9 mesmo de certos medicamentos podem afetar a capacidade de um motorista de dirigir seu ve\u00edculo com seguran\u00e7a.<\/li>\n\n\n\n<li><strong>Espelhos retrovisores, freios ou ilumina\u00e7\u00e3o com defeito.<\/strong> \u2014 Um carro com defeito representa uma amea\u00e7a para os outros ve\u00edculos na estrada.<\/li>\n\n\n\n<li><strong>Pedestres inesperados na rua<\/strong> \u2014 Pedestres e corredores que atravessam fora da faixa podem representar um obst\u00e1culo repentino para os motociclistas se entrarem no tr\u00e2nsito inesperadamente.<\/li>\n\n\n\n<li><a href=\"https:\/\/dglawga.com\/pt\/fontes-arenosas\/advogado-de-responsabilidade-por-produtos-defeituosos\/\"><strong>Erros de fabrica\u00e7\u00e3o<\/strong><\/a> \u2014 H\u00e1 casos em que um erro na fabrica\u00e7\u00e3o da motocicleta pode levar a um acidente. Se o acidente foi causado durante a fabrica\u00e7\u00e3o ou manuten\u00e7\u00e3o da motocicleta, esses t\u00e9cnicos podem ser responsabilizados pelo acidente.<\/li>\n<\/ul>\n\n\n\n<h2 class=\"wp-block-heading\" id=\"aioseo-what-are-the-most-common-injuries-seen-in-motorcycle-accidents\" style=\"padding-top:var(--wp--preset--spacing--20)\">Quais s\u00e3o as les\u00f5es mais comuns em acidentes de motocicleta?<\/h2>\n\n\n\n<p>As motocicletas s\u00e3o projetadas para viagens leves e eficientes. Para o bem ou para o mal, isso n\u00e3o oferece ao motociclista muita prote\u00e7\u00e3o contra impactos com outros ve\u00edculos ou quedas ao asfalto. Mesmo acidentes menores, em velocidades relativamente moderadas, podem resultar em ferimentos devastadores, alguns dos quais podem nunca cicatrizar completamente.<\/p>\n\n\n\n<ul class=\"wp-block-list\">\n<li><strong>Ossos quebrados<\/strong> \u2014 Quando uma motocicleta \u00e9 atingida lateralmente por outro ve\u00edculo ou quando o motociclista \u00e9 arremessado ao ch\u00e3o, geralmente sofre fraturas. Costelas, pernas, bra\u00e7os, clav\u00edculas, f\u00eamures e ulnas s\u00e3o os ossos mais comumente fraturados.<\/li>\n\n\n\n<li><strong>Esfolamento por estrada<\/strong> \u2014 Sem a prote\u00e7\u00e3o do asfalto, ser arremessado ao ch\u00e3o \u00e9 bastante comum em acidentes de motocicleta. Roupas de prote\u00e7\u00e3o podem fazer muita diferen\u00e7a na prote\u00e7\u00e3o do motociclista contra cicatrizes e danos aos tecidos.<\/li>\n\n\n\n<li><strong>Les\u00f5es na cabe\u00e7a e no c\u00e9rebro<\/strong> \u2014 Os capacetes s\u00e3o muito importantes para proteger a cabe\u00e7a do impacto. Mas acidentes de moto ainda podem deixar v\u00edtimas com sequelas. <strong><a href=\"https:\/\/dglawga.com\/pt\/fontes-arenosas\/advogado-de-lesao-cerebral-traumatica\/\">les\u00e3o cerebral traum\u00e1tica<\/a><\/strong>. Les\u00f5es cerebrais podem ter efeitos colaterais especialmente duradouros.<\/li>\n\n\n\n<li><strong>Les\u00f5es na medula espinhal<\/strong> \u2014 Se houver um impacto nas costas, podem ocorrer danos aos delicados nervos da medula espinhal, localizados dentro das v\u00e9rtebras. Isso pode levar \u00e0 paralisia parcial ou total.<\/li>\n<\/ul>\n\n\n\n<figure class=\"wp-block-image aligncenter\" style=\"margin-top:var(--wp--preset--spacing--20);margin-bottom:var(--wp--preset--spacing--20)\"><a href=\"https:\/\/dglawga.com\/wp-content\/uploads\/2022\/06\/sandy-springs-motorcycle-accident-lawyer-diaz.jpg\"><img loading=\"lazy\" decoding=\"async\" width=\"500\" height=\"333\" src=\"https:\/\/dglawga.com\/wp-content\/uploads\/2022\/06\/sandy-springs-motorcycle-accident-lawyer-diaz.jpg\" alt=\"Motocicleta atingida por carro, conceito de advogado de acidentes de motocicleta em Sandy Springs\" class=\"wp-image-3070\" srcset=\"https:\/\/dglawga.com\/wp-content\/uploads\/2022\/06\/sandy-springs-motorcycle-accident-lawyer-diaz.jpg 500w, https:\/\/dglawga.com\/wp-content\/uploads\/2022\/06\/sandy-springs-motorcycle-accident-lawyer-diaz-300x200.jpg 300w\" sizes=\"auto, (max-width: 500px) 100vw, 500px\" \/><\/a><\/figure>\n\n\n\n<p><\/p>\n\n\n\n<h2 class=\"wp-block-heading\" id=\"aioseo-how-is-fault-determined-in-a-sandy-springs-motorcycle-accident\">Como se determina a culpa em um acidente de motocicleta em Sandy Springs?<\/h2>\n\n\n\n<p>O estado da Ge\u00f3rgia aplica o conceito de modificado <strong><a href=\"https:\/\/www.investopedia.com\/terms\/c\/comparative-negligence.asp\" target=\"_blank\" rel=\"noopener nofollow\">neglig\u00eancia comparativa<\/a><\/strong> Na atribui\u00e7\u00e3o de responsabilidade em casos de acidentes de motocicleta, isso significa que ambas as partes envolvidas podem ser responsabilizadas de acordo com o grau de participa\u00e7\u00e3o de cada uma. Contanto que a v\u00edtima seja considerada menos de 50% culpada pelos eventos que resultaram no acidente, ela pode receber indeniza\u00e7\u00e3o pelos danos sofridos.<\/p>\n\n\n\n<p>No entanto, a indeniza\u00e7\u00e3o que eles podem receber ser\u00e1 reduzida de acordo com o seu grau de envolvimento no acidente.<\/p>\n\n\n\n<p>Por exemplo, se a v\u00edtima for considerada culpada pelo acidente por excesso de velocidade, ela ter\u00e1 direito a receber apenas 80% da indeniza\u00e7\u00e3o. Se os danos forem estimados em $20.000, a v\u00edtima receber\u00e1 apenas $16.000 de indeniza\u00e7\u00e3o. Seu advogado especializado em acidentes de motocicleta em Sandy Springs poder\u00e1 orient\u00e1-lo nesse processo.<\/p>\n\n\n\n<h2 class=\"wp-block-heading\" id=\"aioseo-what-type-of-compensation-can-i-receive-for-my-motorcycle-accident\" style=\"padding-top:var(--wp--preset--spacing--20)\">Que tipo de indeniza\u00e7\u00e3o posso receber pelo meu acidente de moto?<\/h2>\n\n\n\n<p>Pode ser dif\u00edcil determinar quais tipos de danos se aplicam ao seu caso sem analisar cuidadosamente todos os detalhes. Ser\u00e3o os detalhes do caso que determinar\u00e3o os danos e os valores da indeniza\u00e7\u00e3o a ser recebida.<\/p>\n\n\n\n<p>Na Ge\u00f3rgia, os danos ser\u00e3o classificados nas seguintes categorias:<\/p>\n\n\n\n<h4 class=\"wp-block-heading\" id=\"aioseo-economic-damages\">Danos econ\u00f4micos<\/h4>\n\n\n\n<p>Esses danos visam compensar a v\u00edtima e seus familiares pelas consequ\u00eancias econ\u00f4micas do acidente. O c\u00e1lculo desses danos pode ser feito por meio da apresenta\u00e7\u00e3o de contas, comprovantes de pagamento, recibos e outros documentos financeiros.<\/p>\n\n\n\n<p>Isso pode incluir os custos de despesas m\u00e9dicas, tratamentos, procedimentos e honor\u00e1rios m\u00e9dicos. Tamb\u00e9m pode cobrir sal\u00e1rios perdidos, perda da capacidade de ganho e quaisquer outras despesas relacionadas ao acidente, como adapta\u00e7\u00f5es residenciais para pessoas com defici\u00eancia. Os danos econ\u00f4micos abrangem despesas passadas, presentes e futuras.<\/p>\n\n\n\n<p>Seu advogado especializado em acidentes de motocicleta em Sandy Springs garantir\u00e1 que todas as possibilidades sejam exploradas.<\/p>\n\n\n\n<h4 class=\"wp-block-heading\" id=\"aioseo-non-economic-damages\">Danos n\u00e3o econ\u00f4micos<\/h4>\n\n\n\n<p>Nem todos os danos podem ser facilmente convertidos em um simples valor financeiro. Utilizaremos depoimentos de especialistas para atribuir um valor econ\u00f4mico a aspectos como dor e sofrimento, ang\u00fastia mental, perda da capacidade de desfrutar a vida, perda do conv\u00edvio familiar, etc.<\/p>\n\n\n\n<h4 class=\"wp-block-heading\" id=\"aioseo-punitive-damages\">Danos punitivos<\/h4>\n\n\n\n<p>Em algumas situa\u00e7\u00f5es, os tribunais podem considerar que as a\u00e7\u00f5es da parte culpada foram especialmente imprudentes ou at\u00e9 mesmo motivadas por mal\u00edcia. Nesses casos, <strong><a href=\"http:\/\/ga.elaws.us\/law\/section51-12-5.1\" target=\"_blank\" rel=\"noopener\">danos punitivos<\/a><\/strong> pode ser aplicada com o \u00fanico prop\u00f3sito de punir a parte culpada. \u00c9 fundamental ter um advogado especializado em acidentes de motocicleta em Sandy Springs ao seu lado.<\/p>\n\n\n\n<h2 class=\"wp-block-heading\" id=\"aioseo-why-was-my-motorcycle-accident-claim-denied\" style=\"padding-top:var(--wp--preset--spacing--20)\">Por que meu pedido de indeniza\u00e7\u00e3o por acidente de moto foi negado?<\/h2>\n\n\n\n<p>Existem muitos motivos pelos quais uma seguradora pode negar seu pedido de indeniza\u00e7\u00e3o. Alguns dos motivos mais comuns incluem:<\/p>\n\n\n\n<ul class=\"wp-block-list\">\n<li><strong>A ap\u00f3lice foi cancelada ou expirou.<\/strong> \u2014 Se voc\u00ea atrasar o pagamento dos seus pr\u00eamios ou n\u00e3o renovar sua ap\u00f3lice, sua solicita\u00e7\u00e3o de indeniza\u00e7\u00e3o ser\u00e1 considerada inv\u00e1lida pelos peritos da seguradora.<\/li>\n\n\n\n<li><strong>O motorista n\u00e3o estava segurado pela ap\u00f3lice.<\/strong> \u2014 A menos que seja especificamente nomeado na ap\u00f3lice de seguro \u2014 ou o c\u00f4njuge do segurado \u2014 o condutor do ve\u00edculo n\u00e3o estar\u00e1 coberto pela seguradora.<\/li>\n\n\n\n<li><strong>Eles acreditam que o acidente foi culpa sua.<\/strong> \u2014 O perito da seguradora pode contestar seu pedido de indeniza\u00e7\u00e3o se acreditar que voc\u00ea \u00e9 respons\u00e1vel pelo acidente. \u00c9 a\u00ed que um advogado experiente em acidentes de motocicleta em Sandy Springs pode ajudar a esclarecer qualquer d\u00favida.<\/li>\n\n\n\n<li><strong>Eles n\u00e3o acreditam que voc\u00ea tenha se machucado.<\/strong> \u2014 Voc\u00ea precisa de documenta\u00e7\u00e3o m\u00e9dica como prova de seus ferimentos. Se voc\u00ea n\u00e3o procurar tratamento imediatamente, a seguradora poder\u00e1 argumentar que seus ferimentos n\u00e3o s\u00e3o t\u00e3o graves quanto voc\u00ea alega.<\/li>\n\n\n\n<li><strong>Eles n\u00e3o acreditam que seus ferimentos tenham sido causados pelo acidente.<\/strong> \u2014 Voc\u00ea precisar\u00e1 de um exame m\u00e9dico realizado por um profissional de sa\u00fade licenciado para comprovar que as les\u00f5es sofridas foram causadas pelo acidente. Caso contr\u00e1rio, a seguradora poder\u00e1 alegar que voc\u00ea se feriu de outra forma.<\/li>\n<\/ul>\n\n\n\n<p>Se sua solicita\u00e7\u00e3o foi negada, n\u00e3o entre em p\u00e2nico. Negar solicita\u00e7\u00f5es \u00e9 um procedimento padr\u00e3o no setor de seguros, como forma de proteger seus interesses. Mas ligue para nossos advogados especializados em acidentes de motocicleta em Sandy Springs e n\u00f3s lhe diremos se voc\u00ea tem um caso e se pode prosseguir com um processo judicial.<\/p>\n\n\n\n<h2 class=\"wp-block-heading\" id=\"aioseo-call-our-skilled-motorcycle-accident-lawyers-in-sandy-springs-ga\" style=\"padding-top:var(--wp--preset--spacing--20)\">Ligue para nossos advogados especializados em acidentes de motocicleta em Sandy Springs, Ge\u00f3rgia!<\/h2>\n\n\n\n<p>Os ferimentos sofridos em um acidente de motocicleta podem ser mais graves do que voc\u00ea imagina inicialmente. Certifique-se de procurar atendimento m\u00e9dico ap\u00f3s um acidente de motocicleta em Sandy Spring, Ge\u00f3rgia.<\/p>\n\n\n\n<p>Ent\u00e3o ligue <a href=\"tel:+16785032780\"><strong>678-503-2780<\/strong><\/a> e agende uma consulta GRATUITA com nossa equipe experiente de advogados especializados em acidentes de motocicleta em Sandy Springs. <strong><a href=\"https:\/\/dglawga.com\/pt\/\">Diaz e Gaeta<\/a><\/strong>. Colocaremos nossas habilidades, experi\u00eancia e recursos \u00e0 sua disposi\u00e7\u00e3o para que voc\u00ea receba a indeniza\u00e7\u00e3o necess\u00e1ria para uma recupera\u00e7\u00e3o completa.<\/p>","protected":false},"excerpt":{"rendered":"<p>The freedom and efficiency of motorcycle travel are equaled only by the considerable damage that can be sustained in accidents with larger vehicles with lethal velocity. If you or someone in your family has been injured in a motorcycle accident caused by the actions of another motorist, you have the right to compensation. At the [&hellip;]<\/p>\n","protected":false},"author":34,"featured_media":0,"parent":2044,"menu_order":0,"comment_status":"closed","ping_status":"closed","template":"wp-custom-template-sandy-springs-services","meta":{"_acf_changed":false,"_themeisle_gutenberg_block_has_review":false,"footnotes":""},"categories":[52],"tags":[124,123,120,21,122,59,126,58,121,125,119,23,26,118,116,117],"class_list":["post-2055","page","type-page","status-publish","hentry","category-sandy-springs-location","tag-abogado-coche-acidente","tag-abogado-gratis","tag-attorney-lawyer","tag-car-accidents","tag-car-accidents-lawyer","tag-family-law","tag-imigracion-abogados","tag-immigration","tag-immigration-lawyer","tag-marietta-abogado","tag-marietta-lawyer","tag-motorcycle-accidents","tag-personal-injury","tag-top-lawyer-in-marietta","tag-top-lawyers-in-atlanta","tag-top-lawyers-in-smyrna"],"acf":[],"aioseo_notices":[],"_links":{"self":[{"href":"https:\/\/dglawga.com\/pt\/wp-json\/wp\/v2\/pages\/2055","targetHints":{"allow":["GET"]}}],"collection":[{"href":"https:\/\/dglawga.com\/pt\/wp-json\/wp\/v2\/pages"}],"about":[{"href":"https:\/\/dglawga.com\/pt\/wp-json\/wp\/v2\/types\/page"}],"author":[{"embeddable":true,"href":"https:\/\/dglawga.com\/pt\/wp-json\/wp\/v2\/users\/34"}],"replies":[{"embeddable":true,"href":"https:\/\/dglawga.com\/pt\/wp-json\/wp\/v2\/comments?post=2055"}],"version-history":[{"count":2,"href":"https:\/\/dglawga.com\/pt\/wp-json\/wp\/v2\/pages\/2055\/revisions"}],"predecessor-version":[{"id":7767,"href":"https:\/\/dglawga.com\/pt\/wp-json\/wp\/v2\/pages\/2055\/revisions\/7767"}],"up":[{"embeddable":true,"href":"https:\/\/dglawga.com\/pt\/wp-json\/wp\/v2\/pages\/2044"}],"wp:attachment":[{"href":"https:\/\/dglawga.com\/pt\/wp-json\/wp\/v2\/media?parent=2055"}],"wp:term":[{"taxonomy":"category","embeddable":true,"href":"https:\/\/dglawga.com\/pt\/wp-json\/wp\/v2\/categories?post=2055"},{"taxonomy":"post_tag","embeddable":true,"href":"https:\/\/dglawga.com\/pt\/wp-json\/wp\/v2\/tags?post=2055"}],"curies":[{"name":"wp","href":"https:\/\/api.w.org\/{rel}","templated":true}]}}