{"id":2061,"date":"2022-06-07T17:52:50","date_gmt":"2022-06-07T17:52:50","guid":{"rendered":"https:\/\/diazgaetalaw.wpengine.com\/?page_id=2061"},"modified":"2025-06-15T22:51:59","modified_gmt":"2025-06-16T03:51:59","slug":"advogado-de-acidentes-da-uber","status":"publish","type":"page","link":"https:\/\/dglawga.com\/pt\/sandy-springs\/uber-accident-lawyer\/","title":{"rendered":"Advogado de Acidentes com Uber em Sandy Springs"},"content":{"rendered":"<p>Em Sandy Springs, Ge\u00f3rgia, e nos Estados Unidos em geral, as pessoas gostam de usar aplicativos de transporte como Uber e Lyft, pois oferecem uma maneira conveniente e barata de se locomover. No entanto, acidentes acontecem e, quando ocorrem, voc\u00ea precisar\u00e1 da representa\u00e7\u00e3o legal adequada para obter indeniza\u00e7\u00e3o. Se voc\u00ea ou um ente querido foi v\u00edtima de um acidente, entre em contato com um advogado.<\/p>\n\n\n\n<p>Se voc\u00ea ou um ente querido se envolveu em um acidente com um Uber ou Lyft, voc\u00ea n\u00e3o precisa enfrentar o processo de busca por indeniza\u00e7\u00e3o sozinho. Na Diaz &amp; Gaeta, temos uma equipe de advogados experientes em acidentes com Uber em Sandy Springs que podem ajud\u00e1-lo. Ligue para n\u00f3s. <strong><a href=\"https:\/\/dglawga.com\/pt\/fontes-arenosas\/advogado-de-acidentes-de-carro\/\">Advogados especializados em acidentes de carro em Sandy Springs<\/a><\/strong> hoje em <a href=\"tel:+16785032780\"><strong>678-503-2780<\/strong><\/a> Para sua consulta gratuita.<\/p>\n\n\n\n<div class=\"wp-block-group has-accent-background-color has-background is-vertical is-layout-flex wp-container-core-group-is-layout-283d9697 wp-block-group-is-layout-flex\" style=\"border-top-left-radius:15px;border-top-right-radius:15px;margin-top:var(--wp--preset--spacing--30)\">\n<h2 class=\"wp-block-heading has-primary-color has-text-color has-link-color wp-elements-4164a61e17ffbe9e8a7446952ec87a5a\" id=\"aioseo-table-of-contents\">\u00cdNDICE<\/h2>\n<\/div>\n\n\n\n<div class=\"wp-block-group has-background is-vertical is-layout-flex wp-container-core-group-is-layout-d644fc7a wp-block-group-is-layout-flex\" style=\"border-bottom-left-radius:15px;border-bottom-right-radius:15px;background-color:#f3f3f3;margin-top:0\"><div class=\"wp-block-aioseo-table-of-contents\"><ul><li><a class=\"aioseo-toc-item\" href=\"#aioseo-uber-and-lyft-accident-statistics\">Estat\u00edsticas de acidentes da Uber e da Lyft<\/a><\/li><li><a class=\"aioseo-toc-item\" href=\"#aioseo-what-are-the-most-common-types-of-uber-and-lyft-accidents\">Quais s\u00e3o os tipos mais comuns de acidentes envolvendo Uber e Lyft?<\/a><ul><li><a class=\"aioseo-toc-item\" href=\"#aioseo-passenger-injury-due-to-the-negligence-of-the-uber-or-lyft-driver\">Les\u00f5es sofridas por passageiros devido \u00e0 neglig\u00eancia de motoristas da Uber ou Lyft<\/a><\/li><li><a class=\"aioseo-toc-item\" href=\"#aioseo-third-party-injury-due-to-an-uber-or-lyft-drivers-liability\">Danos a terceiros devido \u00e0 responsabilidade de um motorista da Uber ou Lyft<\/a><\/li><li><a class=\"aioseo-toc-item\" href=\"#aioseo-passenger-injury-due-to-the-negligence-of-another-uber-or-lyft-driver\">Les\u00f5es sofridas por passageiros devido \u00e0 neglig\u00eancia de outro motorista da Uber ou Lyft<\/a><\/li><li><a class=\"aioseo-toc-item\" href=\"#aioseo-property-damage-due-to-the-negligence-of-an-uber-or-lyft-driver\">Danos materiais causados pela neglig\u00eancia de um motorista da Uber ou Lyft<\/a><\/li><li><a class=\"aioseo-toc-item\" href=\"#aioseo-uber-or-lyft-driver-injury-due-to-their-own-negligence\">Les\u00f5es sofridas por motoristas da Uber ou Lyft devido \u00e0 sua pr\u00f3pria neglig\u00eancia.<\/a><\/li><li><a class=\"aioseo-toc-item\" href=\"#aioseo-uber-or-lyft-driver-injury-due-to-the-negligence-of-another-driver\">Motorista da Uber ou Lyft sofre les\u00e3o devido \u00e0 neglig\u00eancia de outro motorista.<\/a><\/li><li><a class=\"aioseo-toc-item\" href=\"#aioseo-uber-or-lyft-passenger-and-or-driver-due-to-a-defective-vehicle-part\">Passageiro e\/ou motorista da Uber ou Lyft devido a uma pe\u00e7a defeituosa do ve\u00edculo<\/a><\/li><\/ul><\/li><li><a class=\"aioseo-toc-item\" href=\"#aioseo-who-can-be-found-liable-in-an-uber-accident\">Quem pode ser responsabilizado em um acidente com um Uber?<\/a><ul><li><a class=\"aioseo-toc-item\" href=\"#aioseo-uber-or-lyft-driver\">Motorista da Uber ou Lyft<\/a><\/li><li><a class=\"aioseo-toc-item\" href=\"#aioseo-rideshare-companies\">Empresas de transporte por aplicativo<\/a><\/li><li><a class=\"aioseo-toc-item\" href=\"#aioseo-any-related-third-parties\">Quaisquer terceiros relacionados<\/a><\/li><\/ul><\/li><li><a class=\"aioseo-toc-item\" href=\"#aioseo-what-makes-uber-accident-cases-different-from-regular-car-accident-cases\">O que diferencia os casos de acidentes com a Uber dos casos de acidentes de carro comuns?<\/a><\/li><li><a class=\"aioseo-toc-item\" href=\"#aioseo-does-uber-have-a-1-million-insurance-policy-for-accidents\">A Uber possui uma ap\u00f3lice de seguro de $1 milh\u00e3o para acidentes?<\/a><\/li><li><a class=\"aioseo-toc-item\" href=\"#aioseo-what-type-of-compensation-can-i-seek-in-an-uber-accident\">Que tipo de indeniza\u00e7\u00e3o posso solicitar em caso de acidente com um Uber?<\/a><ul><li><a class=\"aioseo-toc-item\" href=\"#aioseo-economic-damages\">Danos econ\u00f4micos<\/a><\/li><li><a class=\"aioseo-toc-item\" href=\"#aioseo-non-economic-damages\">Danos n\u00e3o econ\u00f4micos<\/a><\/li><li><a class=\"aioseo-toc-item\" href=\"#aioseo-punitive-damages\">Danos punitivos<\/a><\/li><\/ul><\/li><li><a class=\"aioseo-toc-item\" href=\"#aioseo-should-i-just-accept-a-settlement-offer\">Devo simplesmente aceitar uma proposta de acordo?<\/a><\/li><li><a class=\"aioseo-toc-item\" href=\"#aioseo-how-much-can-i-expect-an-uber-accident-lawyer-to-cost\">Quanto posso esperar que custe um advogado especializado em acidentes com a Uber?<\/a><\/li><li><a class=\"aioseo-toc-item\" href=\"#aioseo-are-there-time-limits-for-filing-an-uber-accident-claim\">Existe um prazo limite para apresentar uma reclama\u00e7\u00e3o por acidente com a Uber?<\/a><\/li><li><a class=\"aioseo-toc-item\" href=\"#aioseo-why-do-i-need-a-sandy-springs-uber-accident-lawyer\">Por que preciso de um advogado especializado em acidentes com Uber em Sandy Springs?<\/a><ul><li><a class=\"aioseo-toc-item\" href=\"#aioseo-case-preparation-filing-a-lawsuit\">Prepara\u00e7\u00e3o do caso\/Ajuizamento de uma a\u00e7\u00e3o judicial<\/a><\/li><li><a class=\"aioseo-toc-item\" href=\"#aioseo-settlement-negotiation\">Negocia\u00e7\u00e3o de Acordo<\/a><\/li><li><a class=\"aioseo-toc-item\" href=\"#aioseo-trial-preparation-representation\">Prepara\u00e7\u00e3o e Representa\u00e7\u00e3o em Julgamento<\/a><\/li><\/ul><\/li><li><a class=\"aioseo-toc-item\" href=\"#aioseo-contact-the-experienced-uber-accident-lawyers-at-diaz-gaeta-in-sandy-springs-ga-today\">Entre em contato hoje mesmo com os advogados experientes em acidentes com Uber do escrit\u00f3rio Diaz &amp; Gaeta em Sandy Springs, Ge\u00f3rgia!<\/a><\/li><\/ul><\/div><\/div>\n\n\n\n<h2 class=\"wp-block-heading\" id=\"aioseo-uber-and-lyft-accident-statistics\" style=\"padding-top:var(--wp--preset--spacing--20)\">Estat\u00edsticas de acidentes da Uber e da Lyft<\/h2>\n\n\n\n<p>De acordo com um <strong><a href=\"https:\/\/news.uchicago.edu\/story\/ride-hailing-services-may-be-driving-traffic-deaths\" target=\"_blank\" rel=\"noopener\">Estudo da Escola de Neg\u00f3cios Booth da Universidade de Chicago<\/a><\/strong>, As empresas de transporte por aplicativo causaram um aumento de 31,5 milh\u00f5es de d\u00f3lares em acidentes de carro desde 2015. Estudos tamb\u00e9m afirmam que quase 1.000 acidentes de carro que acontecem diariamente est\u00e3o associados ao aumento do uso de Uber e Lyft nas ruas.<\/p>\n\n\n\n<p>Em 2017 e 2018, os ve\u00edculos da Uber foram respons\u00e1veis por 97 acidentes fatais, de acordo com um relat\u00f3rio. <strong><a href=\"https:\/\/www.uber-assets.com\/image\/upload\/v1575580686\/Documents\/Safety\/UberUSSafetyReport_201718_FullReport.pdf?uclick_id=4bdba197-72f4-46b2-bfa8-e32e2f3d633c\" target=\"_blank\" rel=\"noopener\">Relat\u00f3rio de seguran\u00e7a da Uber<\/a><\/strong>. Esses acidentes resultaram em 108 mortes.<\/p>\n\n\n\n<h2 class=\"wp-block-heading\" id=\"aioseo-what-are-the-most-common-types-of-uber-and-lyft-accidents\" style=\"padding-top:var(--wp--preset--spacing--20)\">Quais s\u00e3o os tipos mais comuns de acidentes envolvendo Uber e Lyft?<\/h2>\n\n\n\n<p>Aqui est\u00e3o os tipos mais comuns de acidentes que podem ocorrer envolvendo esses ve\u00edculos:<\/p>\n\n\n\n<h4 class=\"wp-block-heading\" id=\"aioseo-passenger-injury-due-to-the-negligence-of-the-uber-or-lyft-driver\">Les\u00f5es sofridas por passageiros devido \u00e0 neglig\u00eancia de motoristas da Uber ou Lyft<\/h4>\n\n\n\n<p>Se voc\u00ea era passageiro de um Uber ou Lyft no momento do acidente, pode ter direito a uma indeniza\u00e7\u00e3o contra o motorista. No entanto, os passageiros tamb\u00e9m podem estar cobertos pela ap\u00f3lice comercial de 1 milh\u00e3o de d\u00f3lares da empresa de transporte por aplicativo, caso os danos excedam a cobertura do seguro do motorista do Uber\/Lyft.<\/p>\n\n\n\n<h4 class=\"wp-block-heading\" id=\"aioseo-third-party-injury-due-to-an-uber-or-lyft-drivers-liability\">Danos a terceiros devido \u00e0 responsabilidade de um motorista da Uber ou Lyft<\/h4>\n\n\n\n<p>Se voc\u00ea foi atropelado por um ve\u00edculo da Uber ou Lyft e sofreu ferimentos e outros tipos de danos, voc\u00ea tem o direito de entrar com uma a\u00e7\u00e3o contra o motorista da Uber ou Lyft. Se n\u00e3o for poss\u00edvel chegar a um acordo, um advogado pode ajud\u00e1-lo a obter indeniza\u00e7\u00e3o na justi\u00e7a.<\/p>\n\n\n\n<h4 class=\"wp-block-heading\" id=\"aioseo-passenger-injury-due-to-the-negligence-of-another-uber-or-lyft-driver\">Les\u00f5es sofridas por passageiros devido \u00e0 neglig\u00eancia de outro motorista da Uber ou Lyft<\/h4>\n\n\n\n<p>Se voc\u00ea era passageiro de um Uber ou Lyft e outro motorista do Uber ou Lyft causou o acidente, voc\u00ea pode ter direito a uma indeniza\u00e7\u00e3o contra o motorista culpado. Se o motorista respons\u00e1vel pelo acidente tiver seguro insuficiente ou n\u00e3o tiver seguro, a ap\u00f3lice UM\/UIM da empresa de transporte por aplicativo cobrir\u00e1 os danos.<\/p>\n\n\n\n<h4 class=\"wp-block-heading\" id=\"aioseo-property-damage-due-to-the-negligence-of-an-uber-or-lyft-driver\">Danos materiais causados pela neglig\u00eancia de um motorista da Uber ou Lyft<\/h4>\n\n\n\n<p>Se a neglig\u00eancia de um motorista da Uber ou da Lyft resultar em um acidente que cause danos materiais, esse motorista geralmente ser\u00e1 responsabilizado pelos danos. O motorista pode estar protegido por um seguro adicional oferecido pela ap\u00f3lice da empresa de transporte por aplicativo, mas ainda assim ser\u00e1 respons\u00e1vel perante aqueles cujos bens foram danificados.<\/p>\n\n\n\n<h4 class=\"wp-block-heading\" id=\"aioseo-uber-or-lyft-driver-injury-due-to-their-own-negligence\">Les\u00f5es sofridas por motoristas da Uber ou Lyft devido \u00e0 sua pr\u00f3pria neglig\u00eancia.<\/h4>\n\n\n\n<p>Motoristas da Uber ou da Lyft \u00e0s vezes s\u00e3o culpados por colis\u00f5es que lhes causam ferimentos. Por exemplo, um motorista da Uber ou da Lyft pode estar dirigindo em uma via expressa quando, de repente, invade a pista contr\u00e1ria, causando uma colis\u00e3o frontal. Nesse caso, o motorista da Uber ou da Lyft \u00e9 considerado culpado pelo acidente.<\/p>\n\n\n\n<h4 class=\"wp-block-heading\" id=\"aioseo-uber-or-lyft-driver-injury-due-to-the-negligence-of-another-driver\">Motorista da Uber ou Lyft sofre les\u00e3o devido \u00e0 neglig\u00eancia de outro motorista.<\/h4>\n\n\n\n<p>Se voc\u00ea \u00e9 motorista da Uber ou da Lyft e outro ve\u00edculo colidiu com o seu, voc\u00ea pode ter se ferido e ter direito a uma indeniza\u00e7\u00e3o contra o outro motorista. Independentemente de voc\u00ea estar ou n\u00e3o dirigindo para um aplicativo de transporte no momento do acidente, foi a neglig\u00eancia do outro motorista que causou o acidente, tornando-o respons\u00e1vel pelos danos resultantes.<\/p>\n\n\n\n<h4 class=\"wp-block-heading\" id=\"aioseo-uber-or-lyft-passenger-and-or-driver-due-to-a-defective-vehicle-part\">Passageiro e\/ou motorista da Uber ou Lyft devido a uma pe\u00e7a defeituosa do ve\u00edculo<\/h4>\n\n\n\n<p>Ve\u00edculos da Uber ou da Lyft com pe\u00e7as defeituosas podem causar acidentes graves e com consequ\u00eancias para a vida de motoristas e passageiros. Dependendo da natureza do defeito, v\u00e1rias partes podem ser responsabilizadas, incluindo o fabricante do ve\u00edculo, o fabricante da pe\u00e7a ou o distribuidor.<\/p>\n\n\n\n<h2 class=\"wp-block-heading\" id=\"aioseo-who-can-be-found-liable-in-an-uber-accident\" style=\"padding-top:var(--wp--preset--spacing--20)\">Quem pode ser responsabilizado em um acidente com um Uber?<\/h2>\n\n\n\n<p>As seguintes partes podem ser responsabilizadas em um acidente envolvendo um ve\u00edculo Uber:<\/p>\n\n\n\n<h4 class=\"wp-block-heading\" id=\"aioseo-uber-or-lyft-driver\">Motorista da Uber ou Lyft<\/h4>\n\n\n\n<p>O motorista pode ser responsabilizado em um acidente com um Uber ou Lyft se tiver um comportamento negligente, como dirigir distra\u00eddo, n\u00e3o cumprir as leis de tr\u00e2nsito, dirigir sob a influ\u00eancia de \u00e1lcool ou drogas, etc.<\/p>\n\n\n\n<h4 class=\"wp-block-heading\" id=\"aioseo-rideshare-companies\">Empresas de transporte por aplicativo<\/h4>\n\n\n\n<p>As empresas de transporte por aplicativo s\u00e3o obrigadas a realizar verifica\u00e7\u00f5es de antecedentes rigorosas para garantir que contratem motoristas certificados que n\u00e3o coloquem a vida dos passageiros em risco por meio de roubo, agress\u00e3o, dire\u00e7\u00e3o sob efeito de \u00e1lcool ou drogas, etc. Caso ocorra algum desses incidentes, a Uber e a Lyft podem ser responsabilizadas pelos ferimentos dos passageiros.<\/p>\n\n\n\n<h4 class=\"wp-block-heading\" id=\"aioseo-any-related-third-parties\">Quaisquer terceiros relacionados<\/h4>\n\n\n\n<p>Terceiros envolvidos incluem os fabricantes de ve\u00edculos e os mec\u00e2nicos. Os fabricantes de ve\u00edculos podem ser responsabilizados se um componente defeituoso do ve\u00edculo causou o acidente. Os mec\u00e2nicos, por sua vez, podem ser responsabilizados por realizar reparos ou manuten\u00e7\u00e3o no ve\u00edculo de forma inadequada ou por n\u00e3o detectar um defeito \u00f3bvio, resultando em um acidente.<\/p>\n\n\n\n<h2 class=\"wp-block-heading\" id=\"aioseo-what-makes-uber-accident-cases-different-from-regular-car-accident-cases\" style=\"padding-top:var(--wp--preset--spacing--20)\">O que diferencia os casos de acidentes com a Uber dos casos de acidentes de carro comuns?<\/h2>\n\n\n\n<p>Os casos de acidentes com Uber ou Lyft diferem dos acidentes de carro comuns, pois sempre envolvem uma terceira parte, que \u00e9 a empresa de transporte por aplicativo e que provavelmente possui uma equipe jur\u00eddica forte buscando minimizar sua responsabilidade ao m\u00e1ximo. Por isso, faz todo o sentido contratar seu pr\u00f3prio advogado caso voc\u00ea se envolva em um acidente com um ve\u00edculo da Uber ou Lyft.<\/p>\n\n\n\n<figure class=\"wp-block-image aligncenter\" style=\"margin-top:var(--wp--preset--spacing--20);margin-bottom:var(--wp--preset--spacing--20)\"><a href=\"https:\/\/dglawga.com\/wp-content\/uploads\/2022\/06\/sandy-springs-uber-accident-lawyer-diaz.jpg\"><img loading=\"lazy\" decoding=\"async\" width=\"500\" height=\"333\" src=\"https:\/\/dglawga.com\/wp-content\/uploads\/2022\/06\/sandy-springs-uber-accident-lawyer-diaz.jpg\" alt=\"Conceito de advogado de acidentes com Uber em Sandy Springs, m\u00e3o apontando para o aplicativo de transporte por aplicativo.\" class=\"wp-image-3081\" srcset=\"https:\/\/dglawga.com\/wp-content\/uploads\/2022\/06\/sandy-springs-uber-accident-lawyer-diaz.jpg 500w, https:\/\/dglawga.com\/wp-content\/uploads\/2022\/06\/sandy-springs-uber-accident-lawyer-diaz-300x200.jpg 300w\" sizes=\"auto, (max-width: 500px) 100vw, 500px\" \/><\/a><\/figure>\n\n\n\n<h2 class=\"wp-block-heading\" id=\"aioseo-does-uber-have-a-1-million-insurance-policy-for-accidents\" style=\"padding-top:var(--wp--preset--spacing--20)\">A Uber possui uma ap\u00f3lice de seguro de $1 milh\u00e3o para acidentes?<\/h2>\n\n\n\n<p>Sim. Uber e <strong><a href=\"https:\/\/www.lyft.com\/driver\/insurance\" target=\"_blank\" rel=\"noopener\">Lyft<\/a><\/strong> Oferecer at\u00e9 1.061 milh\u00f5es de libras esterlinas em seguro de responsabilidade civil para cobrir danos a passageiros feridos em acidentes envolvendo seus ve\u00edculos. A cobertura tamb\u00e9m pode estar dispon\u00edvel para os ocupantes de outros ve\u00edculos envolvidos no acidente. No entanto, <a href=\"https:\/\/www.uber.com\/us\/en\/drive\/insurance\/\" target=\"_blank\" rel=\"noopener\"><strong>Cobertura de seguro de 1 TP6T1 milh\u00e3o<\/strong><\/a> Aplica-se somente se o acidente ocorreu enquanto o motorista da Uber ou Lyft estava a caminho de buscar um passageiro ou transportando um passageiro.<\/p>\n\n\n\n<h2 class=\"wp-block-heading\" id=\"aioseo-what-type-of-compensation-can-i-seek-in-an-uber-accident\" style=\"padding-top:var(--wp--preset--spacing--20)\">Que tipo de indeniza\u00e7\u00e3o posso solicitar em caso de acidente com um Uber?<\/h2>\n\n\n\n<p>Se voc\u00ea se envolver em um acidente com um ve\u00edculo da Uber, poder\u00e1 solicitar indeniza\u00e7\u00e3o pelos seguintes tipos de danos:<\/p>\n\n\n\n<h4 class=\"wp-block-heading\" id=\"aioseo-economic-damages\">Danos econ\u00f4micos<\/h4>\n\n\n\n<p>Os danos econ\u00f4micos incluem todas as despesas financeiramente quantific\u00e1veis decorrentes do acidente com a Uber ou Lyft e incluem, entre outras:<\/p>\n\n\n\n<ul class=\"wp-block-list\">\n<li>despesas m\u00e9dicas<\/li>\n\n\n\n<li>Sal\u00e1rios perdidos<\/li>\n\n\n\n<li>Capacidade reduzida de gerar renda<\/li>\n\n\n\n<li>Reparos de danos em ve\u00edculos<\/li>\n<\/ul>\n\n\n\n<h4 class=\"wp-block-heading\" id=\"aioseo-non-economic-damages\">Danos n\u00e3o econ\u00f4micos<\/h4>\n\n\n\n<p>Os danos n\u00e3o econ\u00f4micos abrangem as diferentes maneiras pelas quais sua vida foi afetada pelo acidente com a Uber ou Lyft, que n\u00e3o envolvem dinheiro. Exemplos incluem, mas n\u00e3o se limitam a:<\/p>\n\n\n\n<ul class=\"wp-block-list\">\n<li>Perda de companhia<\/li>\n\n\n\n<li>Qualidade de vida reduzida<\/li>\n\n\n\n<li>Trauma e sofrimento emocional<\/li>\n\n\n\n<li>Dor e sofrimento<\/li>\n<\/ul>\n\n\n\n<h4 class=\"wp-block-heading\" id=\"aioseo-punitive-damages\">Danos punitivos<\/h4>\n\n\n\n<p>Voc\u00ea tem direito a indeniza\u00e7\u00e3o punitiva se o motorista da Uber ou da Lyft demonstrou neglig\u00eancia grave ou dolo, como, por exemplo, um motorista da Uber que estava embriagado enquanto trabalhava. A indeniza\u00e7\u00e3o punitiva visa punir o r\u00e9u por suas a\u00e7\u00f5es e dissuadir outros de se envolverem em comportamentos semelhantes.<\/p>\n\n\n\n<h2 class=\"wp-block-heading\" id=\"aioseo-should-i-just-accept-a-settlement-offer\" style=\"padding-top:var(--wp--preset--spacing--20)\">Devo simplesmente aceitar uma proposta de acordo?<\/h2>\n\n\n\n<p>Voc\u00ea nunca deve aceitar a primeira oferta de acordo de uma empresa de transporte por aplicativo sem antes consultar um advogado especializado em acidentes com a Uber em Sandy Springs, como os da Diaz &amp; Gaeta. Sem uma assessoria jur\u00eddica adequada, voc\u00ea pode acabar aceitando uma indeniza\u00e7\u00e3o significativamente menor do que a que tem direito.<\/p>\n\n\n\n<h2 class=\"wp-block-heading\" id=\"aioseo-how-much-can-i-expect-an-uber-accident-lawyer-to-cost\" style=\"padding-top:var(--wp--preset--spacing--20)\">Quanto posso esperar que custe um advogado especializado em acidentes com a Uber?<\/h2>\n\n\n\n<p>Advogados especializados em acidentes com a Uber geralmente n\u00e3o cobram honor\u00e1rios adiantados. Em vez disso, trabalham com base em um acordo. <a href=\"https:\/\/www.americanbar.org\/groups\/public_education\/resources\/law_issues_for_consumers\/lawyerfees_contingent\/\" target=\"_blank\" rel=\"noopener nofollow\">honor\u00e1rios de conting\u00eancia<\/a> Com base em honor\u00e1rios, o advogado recebe uma porcentagem do seu acordo ou da indeniza\u00e7\u00e3o concedida pelo j\u00fari. Os honor\u00e1rios ser\u00e3o especificados no contrato de presta\u00e7\u00e3o de servi\u00e7os.<\/p>\n\n\n\n<h2 class=\"wp-block-heading\" id=\"aioseo-are-there-time-limits-for-filing-an-uber-accident-claim\" style=\"padding-top:var(--wp--preset--spacing--20)\">Existe um prazo limite para apresentar uma reclama\u00e7\u00e3o por acidente com a Uber?<\/h2>\n\n\n\n<p>Sim. Na Ge\u00f3rgia, esse prazo limite \u2013 conhecido como prazo de prescri\u00e7\u00e3o \u2013 \u00e9 de apenas 2 anos a partir da data do acidente. Se voc\u00ea perder esse prazo, ficar\u00e1 permanentemente impedido de receber indeniza\u00e7\u00e3o por seus ferimentos e preju\u00edzos.<\/p>\n\n\n\n<h2 class=\"wp-block-heading\" id=\"aioseo-why-do-i-need-a-sandy-springs-uber-accident-lawyer\" style=\"padding-top:var(--wp--preset--spacing--20)\">Por que preciso de um advogado especializado em acidentes com Uber em Sandy Springs?<\/h2>\n\n\n\n<p>Quest\u00f5es legais envolvendo empresas de transporte por aplicativo, como Uber e Lyft, tendem a ser complexas, e por isso nunca \u00e9 aconselh\u00e1vel lidar com essas a\u00e7\u00f5es sozinho. Aqui est\u00e3o alguns motivos pelos quais voc\u00ea precisa de um advogado especializado em acidentes com Uber ou Lyft:<\/p>\n\n\n\n<h4 class=\"wp-block-heading\" id=\"aioseo-case-preparation-filing-a-lawsuit\">Prepara\u00e7\u00e3o do caso\/Ajuizamento de uma a\u00e7\u00e3o judicial<\/h4>\n\n\n\n<p>Seu advogado o ajudar\u00e1 a preencher e enviar a documenta\u00e7\u00e3o necess\u00e1ria para dar entrada no processo, responder\u00e1 a todas as suas perguntas sobre o processo e o ajudar\u00e1 a determinar os tipos de indeniza\u00e7\u00e3o aos quais voc\u00ea pode ter direito.<\/p>\n\n\n\n<h4 class=\"wp-block-heading\" id=\"aioseo-settlement-negotiation\">Negocia\u00e7\u00e3o de Acordo<\/h4>\n\n\n\n<p>Negociar com grandes empresas pode ser complexo, j\u00e1 que elas t\u00eam advogados protegendo seus interesses. Por isso, voc\u00ea precisa contratar um advogado para proteger os seus. Seu advogado negociar\u00e1 com a empresa de transporte por aplicativo para obter a indeniza\u00e7\u00e3o m\u00e1xima por seus ferimentos e preju\u00edzos.<\/p>\n\n\n\n<h4 class=\"wp-block-heading\" id=\"aioseo-trial-preparation-representation\">Prepara\u00e7\u00e3o e Representa\u00e7\u00e3o em Julgamento<\/h4>\n\n\n\n<p>Se as negocia\u00e7\u00f5es para um acordo falharem sem uma resolu\u00e7\u00e3o, seus advogados podem levar o caso ao tribunal, onde caber\u00e1 a um juiz ou j\u00fari decidir sobre a quest\u00e3o. Seus advogados apresentar\u00e3o sua reivindica\u00e7\u00e3o perante o tribunal da melhor maneira poss\u00edvel para aumentar suas chances de um veredicto favor\u00e1vel.<\/p>\n\n\n\n<h2 class=\"wp-block-heading\" id=\"aioseo-contact-the-experienced-uber-accident-lawyers-at-diaz-gaeta-in-sandy-springs-ga-today\" style=\"padding-top:var(--wp--preset--spacing--20)\">Entre em contato hoje mesmo com os advogados experientes em acidentes com Uber do escrit\u00f3rio Diaz &amp; Gaeta em Sandy Springs, Ge\u00f3rgia!<\/h2>\n\n\n\n<p>Os aplicativos de transporte por aplicativo t\u00eam se tornado cada vez mais populares nos \u00faltimos anos. Infelizmente, com o crescimento dessa popularidade, tamb\u00e9m aumentou o n\u00famero de acidentes envolvendo esses aplicativos, muitos dos quais envolvem neglig\u00eancia de algu\u00e9m. \u00c9 importante identificar a quem atribuir a responsabilidade para buscar indeniza\u00e7\u00e3o.<\/p>\n\n\n\n<p>Se voc\u00ea ou um ente querido se envolveu em um acidente com um Uber ou Lyft em Sandy Springs, Ge\u00f3rgia, e deseja falar com um advogado de confian\u00e7a para obter a indeniza\u00e7\u00e3o a que tem direito, ligue para [n\u00famero de telefone]. <strong><a href=\"https:\/\/dglawga.com\/pt\/\">Diaz e Gaeta<\/a><\/strong> hoje em <a href=\"tel:+16785032780\"><strong>678-503-2780<\/strong><\/a>. As consultas com nossos advogados especializados em acidentes com a Uber em Sandy Springs s\u00e3o gratuitas e sem compromisso.<\/p>","protected":false},"excerpt":{"rendered":"<p>People throughout Sandy Springs, GA and the United States at large enjoy using ridesharing apps like Uber and Lyft since they provide a convenient and inexpensive way to get around. Still, accidents do happen and when they do, you will require the right legal representation to recover compensation. If you or a loved one was [&hellip;]<\/p>\n","protected":false},"author":34,"featured_media":0,"parent":2044,"menu_order":0,"comment_status":"closed","ping_status":"closed","template":"wp-custom-template-sandy-springs-services","meta":{"_acf_changed":false,"_themeisle_gutenberg_block_has_review":false,"footnotes":""},"categories":[52],"tags":[124,123,120,21,122,59,126,58,121,125,119,26,118,116,117,22,142,143,24],"class_list":["post-2061","page","type-page","status-publish","hentry","category-sandy-springs-location","tag-abogado-coche-acidente","tag-abogado-gratis","tag-attorney-lawyer","tag-car-accidents","tag-car-accidents-lawyer","tag-family-law","tag-imigracion-abogados","tag-immigration","tag-immigration-lawyer","tag-marietta-abogado","tag-marietta-lawyer","tag-personal-injury","tag-top-lawyer-in-marietta","tag-top-lawyers-in-atlanta","tag-top-lawyers-in-smyrna","tag-truck-accident","tag-truck-accident-attorneys","tag-truck-crash","tag-uber-accidents"],"acf":[],"aioseo_notices":[],"_links":{"self":[{"href":"https:\/\/dglawga.com\/pt\/wp-json\/wp\/v2\/pages\/2061","targetHints":{"allow":["GET"]}}],"collection":[{"href":"https:\/\/dglawga.com\/pt\/wp-json\/wp\/v2\/pages"}],"about":[{"href":"https:\/\/dglawga.com\/pt\/wp-json\/wp\/v2\/types\/page"}],"author":[{"embeddable":true,"href":"https:\/\/dglawga.com\/pt\/wp-json\/wp\/v2\/users\/34"}],"replies":[{"embeddable":true,"href":"https:\/\/dglawga.com\/pt\/wp-json\/wp\/v2\/comments?post=2061"}],"version-history":[{"count":3,"href":"https:\/\/dglawga.com\/pt\/wp-json\/wp\/v2\/pages\/2061\/revisions"}],"predecessor-version":[{"id":7770,"href":"https:\/\/dglawga.com\/pt\/wp-json\/wp\/v2\/pages\/2061\/revisions\/7770"}],"up":[{"embeddable":true,"href":"https:\/\/dglawga.com\/pt\/wp-json\/wp\/v2\/pages\/2044"}],"wp:attachment":[{"href":"https:\/\/dglawga.com\/pt\/wp-json\/wp\/v2\/media?parent=2061"}],"wp:term":[{"taxonomy":"category","embeddable":true,"href":"https:\/\/dglawga.com\/pt\/wp-json\/wp\/v2\/categories?post=2061"},{"taxonomy":"post_tag","embeddable":true,"href":"https:\/\/dglawga.com\/pt\/wp-json\/wp\/v2\/tags?post=2061"}],"curies":[{"name":"wp","href":"https:\/\/api.w.org\/{rel}","templated":true}]}}