{"id":2071,"date":"2022-06-07T17:54:53","date_gmt":"2022-06-07T17:54:53","guid":{"rendered":"https:\/\/diazgaetalaw.wpengine.com\/?page_id=2071"},"modified":"2025-06-15T23:07:46","modified_gmt":"2025-06-16T04:07:46","slug":"advogado-de-casos-de-escorregoes-e-quedas","status":"publish","type":"page","link":"https:\/\/dglawga.com\/pt\/sandy-springs\/slip-and-fall-lawyer\/","title":{"rendered":"Advogado especializado em casos de escorreg\u00f5es e quedas em Sandy Springs"},"content":{"rendered":"<p>Buscar indeniza\u00e7\u00e3o por queda pode ser intimidante e apresentar diversos desafios. Acidentes por queda s\u00e3o relativamente comuns e as v\u00edtimas podem sofrer uma variedade de les\u00f5es.<\/p>\n\n\n\n<p>Embora os propriet\u00e1rios sejam respons\u00e1veis por corrigir problemas de seguran\u00e7a conhecidos ou alertar os visitantes, comprovar a responsabilidade \u00e9 complicado. \u00c9 por isso que as v\u00edtimas precisam de um advogado especializado em casos de escorreg\u00f5es e quedas em Sandy Springs ao seu lado.<\/p>\n\n\n\n<p>\u00c9 prudente n\u00e3o assumir um caso como esse por conta pr\u00f3pria, especialmente se voc\u00ea n\u00e3o estiver familiarizado com os diferentes requisitos legais para pedidos de indeniza\u00e7\u00e3o por quedas. Portanto, considere contratar um advogado experiente em casos de quedas em Sandy Springs para ajud\u00e1-lo, permitindo que voc\u00ea se concentre na sua recupera\u00e7\u00e3o.<\/p>\n\n\n\n<p>Na Diaz &amp; Gaeta, contamos com profissionais do direito especializados em casos de quedas e les\u00f5es que dedicar\u00e3o sua expertise para lutar pelos seus direitos e interesses. <strong><a href=\"https:\/\/dglawga.com\/pt\/fontes-arenosas\/advogado-de-lesoes-corporais\/\">Advogados de danos pessoais em Sandy Springs<\/a><\/strong> Tamb\u00e9m supervisionar\u00e1 as negocia\u00e7\u00f5es com a equipe jur\u00eddica do r\u00e9u ou com a seguradora.<\/p>\n\n\n\n<p>Garantimos que voc\u00ea receber\u00e1 assessoria e representa\u00e7\u00e3o jur\u00eddica incompar\u00e1veis para assegurar que receba a indeniza\u00e7\u00e3o que merece. Ligue para n\u00f3s em <a href=\"tel:+16785032780\"><strong>678-503-2780<\/strong><\/a> Agende uma consulta GRATUITA e sem compromisso e descubra como podemos ajudar.<\/p>\n\n\n\n<div class=\"wp-block-group has-accent-background-color has-background is-vertical is-layout-flex wp-container-core-group-is-layout-283d9697 wp-block-group-is-layout-flex\" style=\"border-top-left-radius:15px;border-top-right-radius:15px;margin-top:var(--wp--preset--spacing--30)\">\n<h2 class=\"wp-block-heading has-primary-color has-text-color has-link-color wp-elements-4164a61e17ffbe9e8a7446952ec87a5a\" id=\"aioseo-table-of-contents\">\u00cdNDICE<\/h2>\n<\/div>\n\n\n\n<div class=\"wp-block-group has-background is-vertical is-layout-flex wp-container-core-group-is-layout-d644fc7a wp-block-group-is-layout-flex\" style=\"border-bottom-left-radius:15px;border-bottom-right-radius:15px;background-color:#f3f3f3;margin-top:0\"><div class=\"wp-block-aioseo-table-of-contents\"><ul><li><a class=\"aioseo-toc-item\" href=\"#aioseo-what-are-the-most-common-types-of-slip-and-fall-accidents\">Quais s\u00e3o os tipos mais comuns de acidentes por escorreg\u00f5es e quedas?<\/a><\/li><li><a class=\"aioseo-toc-item\" href=\"#aioseo-how-will-your-sandy-springs-slip-and-fall-lawyer-help-with-my-case\">Como o seu advogado especializado em casos de escorreg\u00f5es e quedas em Sandy Springs pode me ajudar?<\/a><\/li><li><a class=\"aioseo-toc-item\" href=\"#aioseo-what-steps-can-i-take-to-help-my-slip-and-fall-case\">Que medidas posso tomar para ajudar no meu caso de queda?<\/a><ul><li><a class=\"aioseo-toc-item\" href=\"#aioseo-take-photos-and-videos\">Tire fotos e grave v\u00eddeos<\/a><\/li><li><a class=\"aioseo-toc-item\" href=\"#aioseo-identify-potential-witnesses-and-get-their-information\">Identifique poss\u00edveis testemunhas e obtenha suas informa\u00e7\u00f5es.<\/a><\/li><li><a class=\"aioseo-toc-item\" href=\"#aioseo-report-the-accident\">Denuncie o acidente<\/a><\/li><li><a class=\"aioseo-toc-item\" href=\"#aioseo-seek-medical-attention\">Procure atendimento m\u00e9dico.<\/a><\/li><\/ul><\/li><li><a class=\"aioseo-toc-item\" href=\"#aioseo-how-can-a-slip-and-fall-accident-be-proven\">Como comprovar um acidente por escorreg\u00e3o e queda?<\/a><\/li><li><a class=\"aioseo-toc-item\" href=\"#aioseo-how-is-liability-determined-in-a-georgia-slip-and-fall-case\">Como \u00e9 determinada a responsabilidade em um caso de queda por escorreg\u00e3o na Ge\u00f3rgia?<\/a><\/li><li><a class=\"aioseo-toc-item\" href=\"#aioseo-how-much-is-my-slip-and-fall-case-worth\">Qual o valor do meu caso de les\u00e3o por queda?<\/a><\/li><li><a class=\"aioseo-toc-item\" href=\"#aioseo-are-there-any-time-limits-for-filing-a-slip-and-fall-lawsuit-in-georgia\">Existe algum prazo limite para entrar com uma a\u00e7\u00e3o judicial por queda em Georgia?<\/a><\/li><li><a class=\"aioseo-toc-item\" href=\"#aioseo-get-in-touch-with-the-top-rated-sandy-springs-slip-and-fall-lawyers\">Entre em contato com os melhores advogados de Sandy Springs especializados em casos de escorreg\u00f5es e quedas!<\/a><\/li><\/ul><\/div><\/div>\n\n\n\n<h2 class=\"wp-block-heading\" id=\"aioseo-what-are-the-most-common-types-of-slip-and-fall-accidents\" style=\"padding-top:var(--wp--preset--spacing--20)\">Quais s\u00e3o os tipos mais comuns de acidentes por escorreg\u00f5es e quedas?<\/h2>\n\n\n\n<p>Acidentes por escorreg\u00f5es e quedas podem parecer triviais, mas, \u00e0s vezes, esses acidentes podem ter impactos que mudam a vida da pessoa. Precisamos investigar suas alega\u00e7\u00f5es para descobrir a verdade e reunir provas que sustentem seu caso. Parte do nosso trabalho ser\u00e1 dedicada a diferenciar as causas do acidente para determinar a responsabilidade.<\/p>\n\n\n\n<p>Muitos dos clientes que ajudamos com suas indeniza\u00e7\u00f5es por quedas atribuem o acidente e as les\u00f5es aos seguintes fatores:<\/p>\n\n\n\n<ul class=\"wp-block-list\">\n<li>Ilumina\u00e7\u00e3o deficiente ou insuficiente em passarelas, corredores e outras \u00e1reas com grande circula\u00e7\u00e3o de pedestres.<\/li>\n\n\n\n<li>Superf\u00edcies irregulares, buracos, cal\u00e7adas rachadas, azulejos lascados.<\/li>\n\n\n\n<li>Escadas quebradas.<\/li>\n\n\n\n<li>Escadas rolantes e elevadores mal conservados ou com defeito.<\/li>\n\n\n\n<li>Pisos molhados em hospitais, shoppings, escrit\u00f3rios, lojas e outros espa\u00e7os p\u00fablicos.<\/li>\n\n\n\n<li>Detritos como galhos e entulho solto.<\/li>\n\n\n\n<li>A falta de instala\u00e7\u00e3o de dispositivos antiderrapantes, calhas ou sistemas de drenagem pluvial para neve\/chuva intensa.<\/li>\n\n\n\n<li>Aus\u00eancia de sinaliza\u00e7\u00e3o de advert\u00eancia ou restri\u00e7\u00e3o de acesso a \u00e1reas com risco de escorreg\u00f5es e quedas.<\/li>\n<\/ul>\n\n\n\n<h2 class=\"wp-block-heading\" id=\"aioseo-how-will-your-sandy-springs-slip-and-fall-lawyer-help-with-my-case\" style=\"padding-top:var(--wp--preset--spacing--20)\">Como o seu advogado especializado em casos de escorreg\u00f5es e quedas em Sandy Springs pode me ajudar?<\/h2>\n\n\n\n<p>A equipe jur\u00eddica do r\u00e9u far\u00e1 tudo o que estiver ao seu alcance para garantir que sua reclama\u00e7\u00e3o seja negada ou que o valor do acordo seja reduzido. Eles podem empregar t\u00e1ticas duvidosas, incluindo o uso de qualquer coisa que possa sugerir que voc\u00ea tem alguma culpa pelo acidente de escorreg\u00e3o e queda.<\/p>\n\n\n\n<p>Suas chances de enfrent\u00e1-los e vencer o caso s\u00e3o maiores se voc\u00ea nos contratar para represent\u00e1-lo e lutar pelos seus direitos.<\/p>\n\n\n\n<p>Aqui est\u00e3o algumas das maneiras pelas quais nossos advogados especializados em casos de escorreg\u00f5es e quedas em Sandy Springs podem ajudar no seu caso: Os benef\u00edcios de trabalhar com nossos advogados especializados em casos de escorreg\u00f5es e quedas em Sandy Springs incluem:<\/p>\n\n\n\n<ul class=\"wp-block-list\">\n<li>Oferecemos uma consulta gratuita para que voc\u00ea possa saber se tem um caso.<\/li>\n\n\n\n<li>Investigaremos o acidente e reuniremos provas cruciais para fundamentar o caso.<\/li>\n\n\n\n<li>Entraremos em contato com as testemunhas para obter seus relatos sobre o ocorrido.<\/li>\n\n\n\n<li>Utilizaremos nossas investiga\u00e7\u00f5es para determinar o valor da sua reivindica\u00e7\u00e3o.<\/li>\n\n\n\n<li>Cumpriremos todos os requisitos legais ao apresentar o pedido de indeniza\u00e7\u00e3o.<\/li>\n\n\n\n<li>Negociaremos com a seguradora para obter um <strong><a href=\"https:\/\/www.americanbar.org\/groups\/public_education\/resources\/law_issues_for_consumers\/injury_settle\/\" target=\"_blank\" rel=\"noopener\">povoado<\/a><\/strong>.<\/li>\n\n\n\n<li>N\u00f3s o protegeremos de ser pressionado a aceitar uma oferta de acordo muito baixa.<\/li>\n\n\n\n<li>Temos a experi\u00eancia necess\u00e1ria para levar seu caso ao tribunal, se preciso.<\/li>\n\n\n\n<li>Voc\u00ea n\u00e3o nos paga nada a menos que ganhemos a sua indeniza\u00e7\u00e3o!<\/li>\n<\/ul>\n\n\n\n<p>Ao contratar um advogado especializado em casos de escorreg\u00f5es e quedas em Sandy Springs, voc\u00ea estar\u00e1 mais bem preparado para obter o resultado ideal.<\/p>\n\n\n\n<h2 class=\"wp-block-heading\" id=\"aioseo-what-steps-can-i-take-to-help-my-slip-and-fall-case\" style=\"padding-top:var(--wp--preset--spacing--20)\">Que medidas posso tomar para ajudar no meu caso de queda?<\/h2>\n\n\n\n<p>As leis do estado da Ge\u00f3rgia estipulam os passos que as v\u00edtimas de quedas devem seguir para garantir seus direitos e interesses ao buscar uma indeniza\u00e7\u00e3o. O escrit\u00f3rio Diaz &amp; Gaeta sabe que voc\u00ea precisa reunir as provas necess\u00e1rias para fundamentar sua reivindica\u00e7\u00e3o, e voc\u00ea pode fazer isso da seguinte forma:<\/p>\n\n\n\n<h4 class=\"wp-block-heading\" id=\"aioseo-take-photos-and-videos\">Tire fotos e grave v\u00eddeos<\/h4>\n\n\n\n<p>Observe o ambiente e anote tudo o que possa ter causado o acidente. Pode ser carpete solto, superf\u00edcies molhadas, piso quebrado e outras condi\u00e7\u00f5es perigosas.<\/p>\n\n\n\n<p>Documentar a cena \u00e9 uma atitude s\u00e1bia, pois as fotos e v\u00eddeos podem ser usados como prova em um caso de queda. Voc\u00ea ter\u00e1 evid\u00eancias do que causou o acidente, mesmo que o local tenha sido limpo ou consertado posteriormente. Essa informa\u00e7\u00e3o pode ser crucial para o seu advogado especializado em casos de queda em Sandy Springs.<\/p>\n\n\n\n<h4 class=\"wp-block-heading\" id=\"aioseo-identify-potential-witnesses-and-get-their-information\">Identifique poss\u00edveis testemunhas e obtenha suas informa\u00e7\u00f5es.<\/h4>\n\n\n\n<p>Certifique-se de pedir a todas as testemunhas que forne\u00e7am seus nomes e informa\u00e7\u00f5es de contato. Elas podem relatar o que viram em rela\u00e7\u00e3o ao acidente. As testemunhas podem ser essenciais para confirmar o que aconteceu.<\/p>\n\n\n\n<h4 class=\"wp-block-heading\" id=\"aioseo-report-the-accident\">Denuncie o acidente<\/h4>\n\n\n\n<p>Se voc\u00ea escorregar e cair em um estabelecimento comercial, deve comunicar o ocorrido a um supervisor ou gerente antes de sair do local. O propriet\u00e1rio ou gerente do estabelecimento poder\u00e1 solicitar que voc\u00ea preencha um formul\u00e1rio explicando o que aconteceu.<\/p>\n\n\n\n<p>Esse documento pode servir como um relat\u00f3rio de incidente, detalhando a natureza e a causa do acidente de escorreg\u00e3o e queda. Por ser uma etapa crucial, elabor\u00e1-lo ajudar\u00e1 seu advogado especializado em casos de escorreg\u00e3o e queda em Sandy Springs a se preparar para assumir seu caso.<\/p>\n\n\n\n<figure class=\"wp-block-image aligncenter\" style=\"margin-top:var(--wp--preset--spacing--20);margin-bottom:var(--wp--preset--spacing--20)\"><a href=\"https:\/\/dglawga.com\/wp-content\/uploads\/2022\/06\/sandy-springs-slip-fall-lawyer-diaz.jpg\"><img loading=\"lazy\" decoding=\"async\" width=\"500\" height=\"333\" src=\"https:\/\/dglawga.com\/wp-content\/uploads\/2022\/06\/sandy-springs-slip-fall-lawyer-diaz.jpg\" alt=\"Relat\u00f3rio de acidente por escorreg\u00e3o e queda, conceito de advogado de escorreg\u00e3o e queda em Sandy Springs\" class=\"wp-image-3103\" srcset=\"https:\/\/dglawga.com\/wp-content\/uploads\/2022\/06\/sandy-springs-slip-fall-lawyer-diaz.jpg 500w, https:\/\/dglawga.com\/wp-content\/uploads\/2022\/06\/sandy-springs-slip-fall-lawyer-diaz-300x200.jpg 300w\" sizes=\"auto, (max-width: 500px) 100vw, 500px\" \/><\/a><\/figure>\n\n\n\n<h4 class=\"wp-block-heading\" id=\"aioseo-seek-medical-attention\">Procure atendimento m\u00e9dico.<\/h4>\n\n\n\n<p>V\u00e1 a um hospital para um diagn\u00f3stico completo de suas les\u00f5es e para receber o tratamento adequado. Os m\u00e9dicos elaborar\u00e3o um laudo m\u00e9dico que poder\u00e1 ser usado como prova para fundamentar suas alega\u00e7\u00f5es.<\/p>\n\n\n\n<p>\u00c9 importante ressaltar que acidentes por escorreg\u00f5es e quedas podem ocorrer em diversos ambientes, incluindo resid\u00eancias particulares, locais p\u00fablicos e locais de trabalho.<\/p>\n\n\n\n<p>Dependendo das circunst\u00e2ncias do seu caso, diferentes leis e regulamentos podem ser aplic\u00e1veis. Por isso, \u00e9 essencial consultar um advogado especializado em casos de quedas em Sandy Springs, com experi\u00eancia nesse tipo de ocorr\u00eancia. Ele poder\u00e1 orient\u00e1-lo durante todo o processo legal e ajud\u00e1-lo a buscar o melhor resultado poss\u00edvel para o seu caso.<\/p>\n\n\n\n<p>Entre em contato com seu advogado especializado em casos de quedas e les\u00f5es em Sandy Springs hoje mesmo pelo telefone [inserir n\u00famero de telefone]. <a href=\"tel:+16785032780\"><strong>678-503-2780<\/strong><\/a>.<\/p>\n\n\n\n<h2 class=\"wp-block-heading\" id=\"aioseo-how-can-a-slip-and-fall-accident-be-proven\" style=\"padding-top:var(--wp--preset--spacing--20)\">Como comprovar um acidente por escorreg\u00e3o e queda?<\/h2>\n\n\n\n<p>A equipe de defesa argumentar\u00e1 que voc\u00ea tamb\u00e9m tem parte da culpa pelo acidente, apresentando diferentes alega\u00e7\u00f5es. No entanto, nosso advogado especializado em casos de escorreg\u00f5es e quedas em Sandy Springs tamb\u00e9m se empenhar\u00e1 em refutar essas alega\u00e7\u00f5es e provar que a culpa foi do r\u00e9u.<\/p>\n\n\n\n<p>Seu advogado precisa estabelecer quatro fatos essenciais para comprovar que o propriet\u00e1rio\/administrador do im\u00f3vel \u00e9 respons\u00e1vel e deve indeniz\u00e1-lo.<\/p>\n\n\n\n<ul class=\"wp-block-list\">\n<li>O r\u00e9u sabia ou deveria ter conhecimento do perigo em sua propriedade.<\/li>\n\n\n\n<li>O r\u00e9u n\u00e3o tomou medidas razo\u00e1veis para garantir a seguran\u00e7a das pessoas, como corrigir o problema ou assegurar que os visitantes fossem informados sobre ele.<\/li>\n\n\n\n<li>Voc\u00ea n\u00e3o percebeu o perigo porque n\u00e3o conseguiu v\u00ea-lo a tempo ou porque n\u00e3o havia sinais de alerta.<\/li>\n\n\n\n<li>O risco \u00e0 seguran\u00e7a fez com que voc\u00ea escorregasse e ca\u00edsse, resultando em ferimentos.<\/li>\n<\/ul>\n\n\n\n<h2 class=\"wp-block-heading\" id=\"aioseo-how-is-liability-determined-in-a-georgia-slip-and-fall-case\" style=\"padding-top:var(--wp--preset--spacing--20)\">Como \u00e9 determinada a responsabilidade em um caso de queda por escorreg\u00e3o na Ge\u00f3rgia?<\/h2>\n\n\n\n<p>Seu advogado ir\u00e1 lhe fazer algumas perguntas essenciais que podem ajudar a esclarecer as circunst\u00e2ncias que levaram ao seu escorreg\u00e3o e queda. As respostas a essas perguntas determinar\u00e3o a responsabilidade entre voc\u00ea e o acusado. As perguntas incluem:<\/p>\n\n\n\n<ul class=\"wp-block-list\">\n<li>Quais foram os motivos que o levaram a estar na propriedade onde voc\u00ea escorregou e caiu?<\/li>\n\n\n\n<li>O propriet\u00e1rio ou administrador do im\u00f3vel estava ciente do perigo e colocou uma placa de aviso para alert\u00e1-lo?<\/li>\n\n\n\n<li>Voc\u00ea poderia ter se distra\u00eddo com alguma outra coisa no momento do acidente?<\/li>\n\n\n\n<li>Ser\u00e1 que outra pessoa em s\u00e3 consci\u00eancia teria percebido o perigo e o evitado se estivesse em situa\u00e7\u00e3o semelhante?<\/li>\n<\/ul>\n\n\n\n<p>Ser parcialmente respons\u00e1vel pelo acidente pode resultar em uma indeniza\u00e7\u00e3o menor, pois a compensa\u00e7\u00e3o \u00e9 dividida entre voc\u00ea e o acusado de acordo com o grau de culpa.<\/p>\n\n\n\n<p>Al\u00e9m disso, voc\u00ea pode n\u00e3o receber nada se sua responsabilidade for superior a 50%. Em resumo, voc\u00ea deve considerar a contrata\u00e7\u00e3o de um advogado especializado em casos de quedas e les\u00f5es se quiser aumentar suas chances de obter uma indeniza\u00e7\u00e3o justa.<\/p>\n\n\n\n<h2 class=\"wp-block-heading\" id=\"aioseo-how-much-is-my-slip-and-fall-case-worth\" style=\"padding-top:var(--wp--preset--spacing--20)\">Qual o valor do meu caso de les\u00e3o por queda?<\/h2>\n\n\n\n<p>Seu advogado especializado em casos de escorreg\u00f5es e quedas em Sandy Springs analisar\u00e1 tudo, incluindo a coleta de informa\u00e7\u00f5es, para determinar o valor da sua indeniza\u00e7\u00e3o. O tribunal conceder\u00e1 uma indeniza\u00e7\u00e3o com base na natureza e gravidade das les\u00f5es e perdas. Existem tr\u00eas categorias de danos:<\/p>\n\n\n\n<ul class=\"wp-block-list\">\n<li><strong>Danos econ\u00f4micos:<\/strong> Inclui despesas presentes e futuras, como contas m\u00e9dicas, perda de renda e outras perdas com valor monet\u00e1rio determin\u00e1vel.<\/li>\n\n\n\n<li><strong>Danos n\u00e3o econ\u00f4micos:<\/strong>\u00a0Inclui dor e sofrimento, perda de companhia, invalidez, desfigura\u00e7\u00e3o e outras perdas que n\u00e3o t\u00eam um valor monet\u00e1rio definido, mas que impactam significativamente sua vida.<\/li>\n\n\n\n<li><strong><a href=\"http:\/\/ga.elaws.us\/law\/section51-12-5.1\" target=\"_blank\" rel=\"noopener\">Danos punitivos<\/a>:<\/strong> servir como puni\u00e7\u00e3o adicional nos casos em que o r\u00e9u tenha sido especialmente imprudente.<\/li>\n<\/ul>\n\n\n\n<h2 class=\"wp-block-heading\" id=\"aioseo-are-there-any-time-limits-for-filing-a-slip-and-fall-lawsuit-in-georgia\" style=\"padding-top:var(--wp--preset--spacing--20)\">Existe algum prazo limite para entrar com uma a\u00e7\u00e3o judicial por queda em Georgia?<\/h2>\n\n\n\n<p>Sim. A lei estipula que aqueles que desejam apresentar uma reclama\u00e7\u00e3o por acidente de escorreg\u00e3o e queda devem faz\u00ea-lo dentro de [inserir prazo aqui]. <a href=\"http:\/\/ga.elaws.us\/law\/section9-3-33\" target=\"_blank\" rel=\"noopener\">dois anos<\/a> a partir da data do incidente. Agir com anteced\u00eancia \u00e9 vantajoso. Isso lhe d\u00e1 tempo suficiente para garantir que tudo esteja em ordem e que voc\u00ea tenha cumprido todos os requisitos legais.<\/p>\n\n\n\n<p> Al\u00e9m disso, os advogados especializados em casos de escorreg\u00f5es e quedas em Sandy Springs recomendam que voc\u00ea procure atendimento m\u00e9dico imediatamente ap\u00f3s o acidente, mesmo que considere seus ferimentos leves.<\/p>\n\n\n\n<p> Adiar o tratamento m\u00e9dico pode n\u00e3o s\u00f3 agravar seu quadro cl\u00ednico, como tamb\u00e9m enfraquecer seu pedido de indeniza\u00e7\u00e3o. Recomenda-se ainda reunir o m\u00e1ximo de provas poss\u00edvel, como fotos do local do acidente, depoimentos de testemunhas e quaisquer documentos relevantes, para fundamentar seu pedido.<\/p>\n\n\n\n<p> Al\u00e9m disso, contratar um profissional experiente \u00e9 fundamental. <a href=\"https:\/\/dglawga.com\/pt\/fontes-arenosas\/advogado-de-lesoes-corporais\/\">advogado de les\u00f5es corporais<\/a> Pode aumentar significativamente suas chances de obter uma indeniza\u00e7\u00e3o justa por seus ferimentos e preju\u00edzos. Seu advogado especializado em casos de escorreg\u00f5es e quedas em Sandy Springs ir\u00e1 orient\u00e1-lo durante todo o processo.&nbsp;<\/p>\n\n\n\n<h2 class=\"wp-block-heading\" id=\"aioseo-get-in-touch-with-the-top-rated-sandy-springs-slip-and-fall-lawyers\" style=\"padding-top:var(--wp--preset--spacing--20)\">Entre em contato com os melhores advogados de Sandy Springs especializados em casos de escorreg\u00f5es e quedas!<\/h2>\n\n\n\n<p>Buscar indeniza\u00e7\u00e3o por queda pode ser um processo complexo e repleto de desafios. Acidentes por queda s\u00e3o relativamente comuns, e as v\u00edtimas enfrentam diversas dificuldades decorrentes de suas les\u00f5es.<\/p>\n\n\n\n<p>Como v\u00edtima, voc\u00ea provavelmente sente que os respons\u00e1veis pelo acidente devem ser obrigados por lei a indeniz\u00e1-lo pelos seus ferimentos e preju\u00edzos.<\/p>\n\n\n\n<p>No entanto, \u00e9 prudente n\u00e3o assumir o caso por conta pr\u00f3pria, especialmente se voc\u00ea n\u00e3o estiver familiarizado com os diferentes requisitos legais para pedidos de indeniza\u00e7\u00e3o por quedas.<\/p>\n\n\n\n<p>Portanto, considere contratar um advogado de Sandy Springs especializado em casos de escorreg\u00f5es e quedas e com boa reputa\u00e7\u00e3o para ajud\u00e1-lo(a) com o caso, permitindo que voc\u00ea se concentre na sua recupera\u00e7\u00e3o.<\/p>\n\n\n\n<p>No <strong><a href=\"https:\/\/dglawga.com\/pt\/\">Diaz e Gaeta<\/a><\/strong>, Contamos com profissionais jur\u00eddicos especializados em casos de quedas e les\u00f5es que dedicar\u00e3o sua experi\u00eancia para lutar pelos seus direitos e interesses.<\/p>\n\n\n\n<p>Nossos experientes advogados de Sandy Springs, especializados em casos de escorreg\u00f5es e quedas, tamb\u00e9m supervisionar\u00e3o as negocia\u00e7\u00f5es com a equipe jur\u00eddica ou seguradora do r\u00e9u. Garantimos que voc\u00ea receber\u00e1 assessoria e representa\u00e7\u00e3o jur\u00eddica incompar\u00e1veis para assegurar que receba a indeniza\u00e7\u00e3o que merece.<\/p>\n\n\n\n<p>Ligue para n\u00f3s em <a href=\"tel:+16785032780\"><strong>678-503-2780<\/strong><\/a> Agende uma consulta gratuita com seu advogado especializado em casos de quedas em Sandy Springs para saber mais sobre como podemos ajudar.<\/p>","protected":false},"excerpt":{"rendered":"<p>Pursuing a slip and fall claim can be daunting and come with numerous challenges. Slip and fall accidents are relatively common, and victims can suffer a range of injuries. While property owners are responsible for fixing known safety issues or warning visitors, proving liability is complicated. This is why victims need a Sandy Springs slip [&hellip;]<\/p>\n","protected":false},"author":34,"featured_media":0,"parent":2044,"menu_order":0,"comment_status":"closed","ping_status":"closed","template":"wp-custom-template-sandy-springs-services","meta":{"_acf_changed":false,"_themeisle_gutenberg_block_has_review":false,"footnotes":""},"categories":[52],"tags":[124,123,120,21,122,59,126,58,121,125,119,26,61,118,116,117,22,142,143],"class_list":["post-2071","page","type-page","status-publish","hentry","category-sandy-springs-location","tag-abogado-coche-acidente","tag-abogado-gratis","tag-attorney-lawyer","tag-car-accidents","tag-car-accidents-lawyer","tag-family-law","tag-imigracion-abogados","tag-immigration","tag-immigration-lawyer","tag-marietta-abogado","tag-marietta-lawyer","tag-personal-injury","tag-slip-and-fall","tag-top-lawyer-in-marietta","tag-top-lawyers-in-atlanta","tag-top-lawyers-in-smyrna","tag-truck-accident","tag-truck-accident-attorneys","tag-truck-crash"],"acf":[],"aioseo_notices":[],"_links":{"self":[{"href":"https:\/\/dglawga.com\/pt\/wp-json\/wp\/v2\/pages\/2071","targetHints":{"allow":["GET"]}}],"collection":[{"href":"https:\/\/dglawga.com\/pt\/wp-json\/wp\/v2\/pages"}],"about":[{"href":"https:\/\/dglawga.com\/pt\/wp-json\/wp\/v2\/types\/page"}],"author":[{"embeddable":true,"href":"https:\/\/dglawga.com\/pt\/wp-json\/wp\/v2\/users\/34"}],"replies":[{"embeddable":true,"href":"https:\/\/dglawga.com\/pt\/wp-json\/wp\/v2\/comments?post=2071"}],"version-history":[{"count":2,"href":"https:\/\/dglawga.com\/pt\/wp-json\/wp\/v2\/pages\/2071\/revisions"}],"predecessor-version":[{"id":7776,"href":"https:\/\/dglawga.com\/pt\/wp-json\/wp\/v2\/pages\/2071\/revisions\/7776"}],"up":[{"embeddable":true,"href":"https:\/\/dglawga.com\/pt\/wp-json\/wp\/v2\/pages\/2044"}],"wp:attachment":[{"href":"https:\/\/dglawga.com\/pt\/wp-json\/wp\/v2\/media?parent=2071"}],"wp:term":[{"taxonomy":"category","embeddable":true,"href":"https:\/\/dglawga.com\/pt\/wp-json\/wp\/v2\/categories?post=2071"},{"taxonomy":"post_tag","embeddable":true,"href":"https:\/\/dglawga.com\/pt\/wp-json\/wp\/v2\/tags?post=2071"}],"curies":[{"name":"wp","href":"https:\/\/api.w.org\/{rel}","templated":true}]}}