{"id":2074,"date":"2022-06-07T17:55:47","date_gmt":"2022-06-07T17:55:47","guid":{"rendered":"https:\/\/diazgaetalaw.wpengine.com\/?page_id=2074"},"modified":"2025-06-15T23:13:42","modified_gmt":"2025-06-16T04:13:42","slug":"advogado-de-morte-por-negligencia","status":"publish","type":"page","link":"https:\/\/dglawga.com\/pt\/sandy-springs\/wrongful-death-lawyer\/","title":{"rendered":"Advogado de Sandy Springs especializado em casos de morte por neglig\u00eancia"},"content":{"rendered":"<p>A morte prematura de um ente querido pode ter um impacto devastador em voc\u00ea e sua fam\u00edlia, especialmente quando a causa da morte \u00e9 a neglig\u00eancia ou atos maliciosos de terceiros. O desgaste emocional, psicol\u00f3gico e financeiro causado pela perda de um ente querido pode ser exaustivo.<\/p>\n\n\n\n<p>No entanto, a lei permite que voc\u00ea busque justi\u00e7a em nome deles, entrando com uma a\u00e7\u00e3o judicial contra os respons\u00e1veis e buscando indeniza\u00e7\u00e3o pela perda, dor e ang\u00fastia sofridas. Voc\u00ea precisar\u00e1 de um advogado experiente em casos de morte por neglig\u00eancia para representar seus interesses.<\/p>\n\n\n\n<p>Se voc\u00ea deseja entrar com uma a\u00e7\u00e3o por morte culposa, entre em contato com a Diaz &amp; Gaeta para encontrar um advogado experiente e comprometido que lutar\u00e1 por voc\u00ea. Nossos advogados especializados em casos de morte culposa em Sandy Springs s\u00e3o altamente experientes, qualificados e dedicados a ajudar os clientes a obter a m\u00e1xima indeniza\u00e7\u00e3o poss\u00edvel.<\/p>\n\n\n\n<p>Al\u00e9m disso, entendemos que decidir tomar medidas legais contra os respons\u00e1veis n\u00e3o \u00e9 uma quest\u00e3o trivial. Requer assessoria jur\u00eddica especializada e representa\u00e7\u00e3o por um advogado experiente. <strong><a href=\"https:\/\/dglawga.com\/pt\/fontes-arenosas\/advogado-de-lesoes-corporais\/\">Advogado de les\u00f5es corporais em Sandy Springs<\/a><\/strong>. Ligue para n\u00f3s em <a href=\"tel:+16785032780\"><strong>678-503-2780<\/strong><\/a> Ou preencha nosso formul\u00e1rio de contato online para agendar uma an\u00e1lise gratuita do seu caso e descobrir como podemos ajudar.<\/p>\n\n\n\n<div class=\"wp-block-group has-accent-background-color has-background is-vertical is-layout-flex wp-container-core-group-is-layout-283d9697 wp-block-group-is-layout-flex\" style=\"border-top-left-radius:15px;border-top-right-radius:15px;margin-top:var(--wp--preset--spacing--30)\">\n<h2 class=\"wp-block-heading has-primary-color has-text-color has-link-color wp-elements-4164a61e17ffbe9e8a7446952ec87a5a\" id=\"aioseo-table-of-contents\">\u00cdNDICE<\/h2>\n<\/div>\n\n\n\n<div class=\"wp-block-group has-background is-vertical is-layout-flex wp-container-core-group-is-layout-d644fc7a wp-block-group-is-layout-flex\" style=\"border-bottom-left-radius:15px;border-bottom-right-radius:15px;background-color:#f3f3f3;margin-top:0\"><div class=\"wp-block-aioseo-table-of-contents\"><ul><li><a class=\"aioseo-toc-item\" href=\"#aioseo-how-is-wrongful-death-defined-in-the-state-of-georgia\">Como \u00e9 definida a morte por neglig\u00eancia no estado da Ge\u00f3rgia?<\/a><\/li><li><a class=\"aioseo-toc-item\" href=\"#aioseo-who-is-qualified-to-file-a-wrongful-death-claim-in-georgia\">Quem est\u00e1 qualificado para apresentar uma a\u00e7\u00e3o por morte culposa na Ge\u00f3rgia?<\/a><\/li><li><a class=\"aioseo-toc-item\" href=\"#aioseo-what-types-of-damages-are-recoverable\">Que tipos de danos s\u00e3o indeniz\u00e1veis?<\/a><\/li><li><a class=\"aioseo-toc-item\" href=\"#aioseo-can-the-surviving-family-file-for-punitive-damages\">A fam\u00edlia sobrevivente pode entrar com um pedido de indeniza\u00e7\u00e3o por danos punitivos?<\/a><\/li><li><a class=\"aioseo-toc-item\" href=\"#aioseo-how-will-you-prove-negligence-in-a-wrongful-death-case\">Como provar neglig\u00eancia em um caso de morte por neglig\u00eancia?<\/a><\/li><li><a class=\"aioseo-toc-item\" href=\"#aioseo-how-do-you-start-a-wrongful-death-claim-in-georgia\">Como iniciar um processo por morte culposa na Ge\u00f3rgia?<\/a><\/li><li><a class=\"aioseo-toc-item\" href=\"#aioseo-is-there-a-deadline-to-file-a-wrongful-death-lawsuit\">Existe um prazo limite para entrar com uma a\u00e7\u00e3o judicial por morte culposa?<\/a><\/li><li><a class=\"aioseo-toc-item\" href=\"#aioseo-what-is-the-difference-between-a-wrongful-death-claim-and-an-estate-claim\">Qual a diferen\u00e7a entre uma a\u00e7\u00e3o por morte culposa e uma a\u00e7\u00e3o de invent\u00e1rio?<\/a><\/li><li><a class=\"aioseo-toc-item\" href=\"#aioseo-call-diaz-gaeta-to-hire-a-dependable-sandy-springs-wrongful-death-lawyer\">Ligue para Diaz &amp; Gaeta para contratar um advogado confi\u00e1vel em casos de morte por neglig\u00eancia em Sandy Springs!<\/a><\/li><\/ul><\/div><\/div>\n\n\n\n<h2 class=\"wp-block-heading\" id=\"aioseo-how-is-wrongful-death-defined-in-the-state-of-georgia\" style=\"padding-top:var(--wp--preset--spacing--20)\">Como \u00e9 definida a morte por neglig\u00eancia no estado da Ge\u00f3rgia?<\/h2>\n\n\n\n<p>De acordo com as leis da Ge\u00f3rgia, homic\u00eddio culposo ocorre quando uma pessoa morre devido a atos negligentes, imprudentes ou criminosos de outra pessoa ou entidade, ou devido a um produto defeituoso.<\/p>\n\n\n\n<p>Ao determinar a responsabilidade, seu advogado conduzir\u00e1 investiga\u00e7\u00f5es minuciosas e coletar\u00e1 provas. \u00c9 um processo no qual tamb\u00e9m podemos buscar a ajuda e a experi\u00eancia de outros profissionais em diferentes \u00e1reas de especializa\u00e7\u00e3o para validar diversos fatores cruciais de acordo com a lei.<\/p>\n\n\n\n<p>Algumas das quest\u00f5es que poderiam justificar a abertura de um processo por morte culposa na Ge\u00f3rgia incluem as seguintes.<\/p>\n\n\n\n<ul class=\"wp-block-list\">\n<li>Neglig\u00eancia m\u00e9dica<\/li>\n\n\n\n<li>Atos criminosos, incluindo homic\u00eddio doloso<\/li>\n\n\n\n<li>Abuso ou neglig\u00eancia em lares de idosos<\/li>\n\n\n\n<li><strong><a href=\"https:\/\/dglawga.com\/pt\/fontes-arenosas\/advogado-de-responsabilidade-por-produtos-defeituosos\/\">Produtos defeituosos ou perigosos<\/a><\/strong><\/li>\n\n\n\n<li>Neglig\u00eancia na engenharia e constru\u00e7\u00e3o defeituosa<\/li>\n\n\n\n<li>Servi\u00e7o ilegal ou inadequado de \u00e1lcool<\/li>\n\n\n\n<li>Mortes em acidentes com pedestres<\/li>\n\n\n\n<li>Alimentos contaminados ou outros problemas de higiene em estabelecimentos comerciais.<\/li>\n<\/ul>\n\n\n\n<h2 class=\"wp-block-heading\" id=\"aioseo-who-is-qualified-to-file-a-wrongful-death-claim-in-georgia\" style=\"padding-top:var(--wp--preset--spacing--20)\">Quem est\u00e1 qualificado para apresentar uma a\u00e7\u00e3o por morte culposa na Ge\u00f3rgia?<\/h2>\n\n\n\n<p>As leis do estado da Ge\u00f3rgia estipulam <strong>Quem est\u00e1 qualificado para apresentar uma reclama\u00e7\u00e3o por morte culposa?<\/strong>, cabendo ao c\u00f4njuge do falecido o primeiro privil\u00e9gio. Os filhos s\u00e3o ent\u00e3o considerados como representantes do falecido caso este n\u00e3o tivesse c\u00f4njuge. Os pais do falecido tamb\u00e9m podem apresentar a a\u00e7\u00e3o de indeniza\u00e7\u00e3o se o ente querido n\u00e3o tiver c\u00f4njuge ou filhos.<\/p>\n\n\n\n<p>O administrador do esp\u00f3lio do falecido pode dar entrada no processo de indeniza\u00e7\u00e3o se n\u00e3o houver filhos, pais, c\u00f4njuges ou parentes pr\u00f3ximos envolvidos. Nossos especialistas jur\u00eddicos ajudar\u00e3o voc\u00ea e sua fam\u00edlia a determinar quem tem direito a entrar com uma a\u00e7\u00e3o judicial e quais os requisitos legais a serem cumpridos ao apresentar uma reclama\u00e7\u00e3o por morte culposa na Ge\u00f3rgia.<\/p>\n\n\n\n<h2 class=\"wp-block-heading\" id=\"aioseo-what-types-of-damages-are-recoverable\" style=\"padding-top:var(--wp--preset--spacing--20)\">Que tipos de danos s\u00e3o indeniz\u00e1veis?<\/h2>\n\n\n\n<p>Ao decidir entrar com um processo de indeniza\u00e7\u00e3o por morte culposa, a lei da Ge\u00f3rgia permite que voc\u00ea busque o valor integral da vida do seu ente querido, incluindo despesas pessoais, caso ele estivesse vivo e bem. Em resumo, aqueles listados no testamento do falecido como benefici\u00e1rios podem buscar indeniza\u00e7\u00e3o da seguinte forma:<\/p>\n\n\n\n<ul class=\"wp-block-list\">\n<li>Os c\u00f4njuges t\u00eam direito a buscar indeniza\u00e7\u00e3o por perda de companhia, perda de prote\u00e7\u00e3o, despesas funer\u00e1rias e perda de sal\u00e1rios e benef\u00edcios de aposentadoria.<\/li>\n\n\n\n<li>As crian\u00e7as podem buscar indeniza\u00e7\u00e3o por danos como a perda do amor e apoio dos pais, trauma emocional e psicol\u00f3gico e perda da heran\u00e7a.<\/li>\n\n\n\n<li>A fam\u00edlia pode buscar indeniza\u00e7\u00e3o por perdas financeiras relacionadas a tratamento m\u00e9dico e custos funer\u00e1rios, bem como pela perda do provedor da fam\u00edlia.<\/li>\n<\/ul>\n\n\n\n<h2 class=\"wp-block-heading\" id=\"aioseo-can-the-surviving-family-file-for-punitive-damages\" style=\"padding-top:var(--wp--preset--spacing--20)\">A fam\u00edlia sobrevivente pode entrar com um pedido de indeniza\u00e7\u00e3o por danos punitivos?<\/h2>\n\n\n\n<p>A Lei de Morte Indevida da Ge\u00f3rgia n\u00e3o menciona danos punitivos. Portanto, os ju\u00edzes interpretam a lei estritamente e n\u00e3o permitem a concess\u00e3o de indeniza\u00e7\u00f5es punitivas em a\u00e7\u00f5es por morte indevida.<\/p>\n\n\n\n<p>No entanto, danos punitivos s\u00e3o poss\u00edveis em uma a\u00e7\u00e3o de invent\u00e1rio. Nesse tipo de a\u00e7\u00e3o, o esp\u00f3lio busca recuperar despesas como custos funer\u00e1rios e contas m\u00e9dicas do falecido. O esp\u00f3lio tamb\u00e9m pode buscar indeniza\u00e7\u00e3o por dor e sofrimento causados ao falecido, caso ele\/ela n\u00e3o tenha falecido imediatamente.<\/p>\n\n\n\n<p>Mesmo que o falecido tenha sobrevivido apenas por alguns segundos, \u00e9 poss\u00edvel buscar indeniza\u00e7\u00e3o por danos punitivos. Semelhante aos casos de les\u00e3o corporal, os danos punitivos em a\u00e7\u00f5es de invent\u00e1rio s\u00e3o concedidos quando o tribunal decide que a parte culpada tinha a inten\u00e7\u00e3o de prejudicar o falecido ou quando demonstrou extremo descaso pelo bem-estar de terceiros.<\/p>\n\n\n\n<figure class=\"wp-block-image aligncenter\" style=\"margin-top:var(--wp--preset--spacing--20);margin-bottom:var(--wp--preset--spacing--20)\"><a href=\"https:\/\/dglawga.com\/wp-content\/uploads\/2022\/06\/sandy-springs-wrongful-death-lawyer.jpeg\"><img loading=\"lazy\" decoding=\"async\" width=\"500\" height=\"333\" src=\"https:\/\/dglawga.com\/wp-content\/uploads\/2022\/06\/sandy-springs-wrongful-death-lawyer.jpeg\" alt=\"flores sobre caix\u00e3o fechado, conceito de advogado de morte por neglig\u00eancia em Sandy Springs\" class=\"wp-image-3112\" srcset=\"https:\/\/dglawga.com\/wp-content\/uploads\/2022\/06\/sandy-springs-wrongful-death-lawyer.jpeg 500w, https:\/\/dglawga.com\/wp-content\/uploads\/2022\/06\/sandy-springs-wrongful-death-lawyer-300x200.jpeg 300w\" sizes=\"auto, (max-width: 500px) 100vw, 500px\" \/><\/a><\/figure>\n\n\n\n<h2 class=\"wp-block-heading\" id=\"aioseo-how-will-you-prove-negligence-in-a-wrongful-death-case\" style=\"padding-top:var(--wp--preset--spacing--20)\">Como provar neglig\u00eancia em um caso de morte por neglig\u00eancia?<\/h2>\n\n\n\n<p>Construir um caso s\u00f3lido, apoiado por investiga\u00e7\u00f5es abrangentes e provas concretas, \u00e9 a chave para obter indeniza\u00e7\u00f5es. No escrit\u00f3rio Diaz &amp; Gaeta, temos o compromisso de garantir que os fatos relativos ao falecimento de seu ente querido sejam conhecidos, pois esse \u00e9 o principal dano que valida o processo por morte culposa.<\/p>\n\n\n\n<p>Para provar que o r\u00e9u agiu com neglig\u00eancia ou mal\u00edcia, focaremos nos seguintes elementos principais.<\/p>\n\n\n\n<ul class=\"wp-block-list\">\n<li><strong>Dever de cuidado:<\/strong> Prove ao juiz e ao j\u00fari que o r\u00e9u tinha o dever de cuidar da v\u00edtima.<\/li>\n\n\n\n<li><strong>Viola\u00e7\u00e3o do dever de cuidado:<\/strong> Demonstre como eles violaram o dever de cuidado ao agirem de uma maneira que outra pessoa razo\u00e1vel em situa\u00e7\u00e3o semelhante n\u00e3o teria agido.<\/li>\n\n\n\n<li><strong>Causalidade:<\/strong> Demonstre como a morte de seu ente querido resultou diretamente das a\u00e7\u00f5es imprudentes, negligentes ou indiferentes do r\u00e9u.<\/li>\n\n\n\n<li><strong>Danos:<\/strong> Mostre como o falecido e sua fam\u00edlia sofreram perdas e despesas, como contas m\u00e9dicas, custos funer\u00e1rios, perda de companhia, etc.<\/li>\n<\/ul>\n\n\n\n<h2 class=\"wp-block-heading\" id=\"aioseo-how-do-you-start-a-wrongful-death-claim-in-georgia\" style=\"padding-top:var(--wp--preset--spacing--20)\">Como iniciar um processo por morte culposa na Ge\u00f3rgia?<\/h2>\n\n\n\n<p>Se voc\u00ea acredita ter um caso de indeniza\u00e7\u00e3o por morte culposa que valha a pena levar adiante, somos o escrit\u00f3rio de advocacia certo para voc\u00ea. Na Diaz &amp; Gaeta, contamos com advogados experientes e dedicados, prontos para oferecer aconselhamento e representa\u00e7\u00e3o jur\u00eddica.<\/p>\n\n\n\n<p>Podemos ajud\u00e1-lo a compreender os desafios associados a esses processos e garantir que voc\u00ea esteja adequadamente preparado para o caso. O advogado de Sandy Springs especializado em casos de morte por neglig\u00eancia tamb\u00e9m pode ajudar voc\u00ea e sua fam\u00edlia a elaborar um planejamento sucess\u00f3rio, caso o falecido n\u00e3o o tenha inclu\u00eddo em seu testamento.<\/p>\n\n\n\n<p>Ap\u00f3s selecionarmos o membro da fam\u00edlia mais adequado para entrar com a a\u00e7\u00e3o judicial por morte culposa, podemos nos concentrar em conduzir investiga\u00e7\u00f5es abrangentes que ajudar\u00e3o a esclarecer o ocorrido. As informa\u00e7\u00f5es que coletarmos ser\u00e3o cruciais para garantir que tenhamos uma estrat\u00e9gia vencedora que aumente as chances de obtermos uma indeniza\u00e7\u00e3o integral.<\/p>\n\n\n\n<p>O processo pode ser demorado e devemos levar em considera\u00e7\u00e3o o prazo de prescri\u00e7\u00e3o da Ge\u00f3rgia para casos de morte por neglig\u00eancia. Portanto, quanto antes voc\u00ea nos contatar para que possamos ajud\u00e1-lo(a), mais cedo poderemos iniciar o processo e garantir que voc\u00ea cumpra o prazo estipulado.<\/p>\n\n\n\n<h2 class=\"wp-block-heading\" id=\"aioseo-is-there-a-deadline-to-file-a-wrongful-death-lawsuit\" style=\"padding-top:var(--wp--preset--spacing--20)\">Existe um prazo limite para entrar com uma a\u00e7\u00e3o judicial por morte culposa?<\/h2>\n\n\n\n<p>Na Ge\u00f3rgia, voc\u00ea tem um <strong><a href=\"http:\/\/ga.elaws.us\/law\/section9-3-33\" target=\"_blank\" rel=\"noopener\">limite de 2 anos<\/a><\/strong> O prazo para apresentar uma reclama\u00e7\u00e3o por morte culposa \u00e9 desde o falecimento de um ente querido at\u00e9 o momento da a\u00e7\u00e3o. Ap\u00f3s esse per\u00edodo, a lei n\u00e3o permite que voc\u00ea busque qualquer indeniza\u00e7\u00e3o.<\/p>\n\n\n\n<p>Existem exce\u00e7\u00f5es, no entanto, particularmente quando h\u00e1 um processo criminal em andamento relacionado aos mesmos eventos que o seu caso. Isso resulta na suspens\u00e3o do prazo at\u00e9 a conclus\u00e3o do processo criminal. Al\u00e9m disso, nos casos em que o esp\u00f3lio do falecido n\u00e3o foi inventariado, o prazo pode ser estendido em 5 anos.<\/p>\n\n\n\n<h2 class=\"wp-block-heading\" id=\"aioseo-what-is-the-difference-between-a-wrongful-death-claim-and-an-estate-claim\" style=\"padding-top:var(--wp--preset--spacing--20)\">Qual a diferen\u00e7a entre uma a\u00e7\u00e3o por morte culposa e uma a\u00e7\u00e3o de invent\u00e1rio?<\/h2>\n\n\n\n<p>Ao representar um ente querido falecido em um processo por morte culposa, voc\u00ea pode optar por apresentar o caso como parte de uma a\u00e7\u00e3o de invent\u00e1rio ou como uma a\u00e7\u00e3o espec\u00edfica por morte culposa. As duas podem ser consideradas em conjunto ou separadamente, uma decis\u00e3o que seu advogado o ajudar\u00e1 a compreender antes de decidir qual delas seguir.<\/p>\n\n\n\n<p>Em uma a\u00e7\u00e3o por morte culposa, familiares pr\u00f3ximos podem processar a parte respons\u00e1vel por atos que levaram ao falecimento do ente querido. Lutaremos com afinco para garantir que voc\u00ea receba a indeniza\u00e7\u00e3o integral pela vida do seu ente querido.<\/p>\n\n\n\n<p>Em uma a\u00e7\u00e3o de invent\u00e1rio, o esp\u00f3lio do falecido busca indeniza\u00e7\u00e3o pelas despesas financeiras relacionadas ao falecimento. Por meio dessa a\u00e7\u00e3o, podemos ajud\u00e1-lo(a) a recuperar despesas m\u00e9dicas, custos funer\u00e1rios e sal\u00e1rios perdidos. Em alguns casos, a a\u00e7\u00e3o de invent\u00e1rio tamb\u00e9m pode incluir indeniza\u00e7\u00e3o por danos morais. O representante nomeado no testamento deve iniciar o processo, caso o falecido tenha deixado um testamento.<\/p>\n\n\n\n<h2 class=\"wp-block-heading\" id=\"aioseo-call-diaz-gaeta-to-hire-a-dependable-sandy-springs-wrongful-death-lawyer\" style=\"padding-top:var(--wp--preset--spacing--20)\">Contate Diaz &amp; Gaeta para contratar um advogado confi\u00e1vel em casos de morte por neglig\u00eancia em Sandy Springs!<\/h2>\n\n\n\n<p>A morte \u00e9 uma parte inevit\u00e1vel de nossas vidas. No entanto, como seguir em frente se um ente querido falece devido \u00e0s a\u00e7\u00f5es de outra pessoa? Sentimentos de raiva e tristeza s\u00e3o compreens\u00edveis. \u00c9 prov\u00e1vel que voc\u00ea se sinta perdido sem saber o que fazer a seguir. Se voc\u00ea acredita que tem um caso de indeniza\u00e7\u00e3o por morte culposa que vale a pena levar adiante, somos o escrit\u00f3rio de advocacia certo para voc\u00ea.<\/p>\n\n\n\n<p>No <strong><a href=\"https:\/\/dglawga.com\/pt\/\">Diaz e Gaeta<\/a><\/strong>, Contamos com advogados experientes e dedicados, prontos para oferecer aconselhamento jur\u00eddico e representa\u00e7\u00e3o. Podemos ajud\u00e1-lo a compreender os desafios associados a esses processos e garantir que voc\u00ea esteja adequadamente preparado para o caso. O advogado especializado em casos de morte por neglig\u00eancia que cuidar\u00e1 do seu caso tamb\u00e9m poder\u00e1 auxiliar voc\u00ea e sua fam\u00edlia na elabora\u00e7\u00e3o de um planejamento sucess\u00f3rio, caso o falecido n\u00e3o o tenha inclu\u00eddo em seu testamento.<\/p>\n\n\n\n<p>Nossos advogados especializados em casos de morte por neglig\u00eancia em Sandy Springs conhecem bem as leis e possuem vasta experi\u00eancia. Al\u00e9m disso, entendemos que decidir entrar com uma a\u00e7\u00e3o judicial contra os respons\u00e1veis n\u00e3o \u00e9 uma quest\u00e3o trivial. Requer assessoria e representa\u00e7\u00e3o jur\u00eddica especializada.<\/p>\n\n\n\n<p>Ligue para n\u00f3s em <a href=\"tel:+16785032780\"><strong>678-503-2780<\/strong><\/a> ou <strong><a href=\"https:\/\/dglawga.com\/pt\/contact\/\">Preencha nosso formul\u00e1rio de contato online.<\/a><\/strong> Agende uma avalia\u00e7\u00e3o gratuita do seu caso e saiba mais sobre como podemos ajudar.<\/p>","protected":false},"excerpt":{"rendered":"<p>A loved one\u2019s untimely demise can have a devastating impact on you and your family, especially when the death is attributed to another\u2019s negligence or malicious acts. The emotional, psychological, and financial toll a loved one\u2019s demise deals can be draining. However, the law allows you to seek justice on their behalf by taking legal [&hellip;]<\/p>\n","protected":false},"author":34,"featured_media":0,"parent":2044,"menu_order":0,"comment_status":"closed","ping_status":"closed","template":"wp-custom-template-sandy-springs-services","meta":{"_acf_changed":false,"_themeisle_gutenberg_block_has_review":false,"footnotes":""},"categories":[52],"tags":[124,123,120,21,122,59,126,58,121,125,119,26,118,116,117,22,142,143,24,28],"class_list":["post-2074","page","type-page","status-publish","hentry","category-sandy-springs-location","tag-abogado-coche-acidente","tag-abogado-gratis","tag-attorney-lawyer","tag-car-accidents","tag-car-accidents-lawyer","tag-family-law","tag-imigracion-abogados","tag-immigration","tag-immigration-lawyer","tag-marietta-abogado","tag-marietta-lawyer","tag-personal-injury","tag-top-lawyer-in-marietta","tag-top-lawyers-in-atlanta","tag-top-lawyers-in-smyrna","tag-truck-accident","tag-truck-accident-attorneys","tag-truck-crash","tag-uber-accidents","tag-wrongful-death"],"acf":[],"aioseo_notices":[],"_links":{"self":[{"href":"https:\/\/dglawga.com\/pt\/wp-json\/wp\/v2\/pages\/2074","targetHints":{"allow":["GET"]}}],"collection":[{"href":"https:\/\/dglawga.com\/pt\/wp-json\/wp\/v2\/pages"}],"about":[{"href":"https:\/\/dglawga.com\/pt\/wp-json\/wp\/v2\/types\/page"}],"author":[{"embeddable":true,"href":"https:\/\/dglawga.com\/pt\/wp-json\/wp\/v2\/users\/34"}],"replies":[{"embeddable":true,"href":"https:\/\/dglawga.com\/pt\/wp-json\/wp\/v2\/comments?post=2074"}],"version-history":[{"count":3,"href":"https:\/\/dglawga.com\/pt\/wp-json\/wp\/v2\/pages\/2074\/revisions"}],"predecessor-version":[{"id":8567,"href":"https:\/\/dglawga.com\/pt\/wp-json\/wp\/v2\/pages\/2074\/revisions\/8567"}],"up":[{"embeddable":true,"href":"https:\/\/dglawga.com\/pt\/wp-json\/wp\/v2\/pages\/2044"}],"wp:attachment":[{"href":"https:\/\/dglawga.com\/pt\/wp-json\/wp\/v2\/media?parent=2074"}],"wp:term":[{"taxonomy":"category","embeddable":true,"href":"https:\/\/dglawga.com\/pt\/wp-json\/wp\/v2\/categories?post=2074"},{"taxonomy":"post_tag","embeddable":true,"href":"https:\/\/dglawga.com\/pt\/wp-json\/wp\/v2\/tags?post=2074"}],"curies":[{"name":"wp","href":"https:\/\/api.w.org\/{rel}","templated":true}]}}