{"id":2078,"date":"2022-06-07T17:56:39","date_gmt":"2022-06-07T17:56:39","guid":{"rendered":"https:\/\/diazgaetalaw.wpengine.com\/?page_id=2078"},"modified":"2025-06-15T23:27:05","modified_gmt":"2025-06-16T04:27:05","slug":"advogado-de-lesao-cerebral-traumatica","status":"publish","type":"page","link":"https:\/\/dglawga.com\/pt\/sandy-springs\/traumatic-brain-injury-lawyer\/","title":{"rendered":"Advogado especializado em les\u00f5es cerebrais traum\u00e1ticas em Sandy Springs"},"content":{"rendered":"<p>O c\u00e9rebro \u00e9 o \u00f3rg\u00e3o mais fr\u00e1gil do corpo humano. Por isso, \u00e9 envolto pelo cr\u00e2nio e por um l\u00edquido que funciona como amortecedor. No entanto, essas prote\u00e7\u00f5es nem sempre s\u00e3o suficientes para evitar les\u00f5es cerebrais.<\/p>\n\n\n\n<p>Les\u00f5es cerebrais leves, como concuss\u00f5es, nem sempre s\u00e3o graves se voc\u00ea procurar tratamento imediatamente. No entanto, uma les\u00e3o cerebral traum\u00e1tica (LCT) grave pode alterar a vida da pessoa e ter consequ\u00eancias permanentes.<\/p>\n\n\n\n<p>Se voc\u00ea sofreu uma les\u00e3o cerebral traum\u00e1tica em decorr\u00eancia de um acidente que n\u00e3o foi sua culpa, voc\u00ea pode ter direito a indeniza\u00e7\u00e3o da parte respons\u00e1vel. \u00c9 a\u00ed que entram os nossos advogados especializados em les\u00f5es cerebrais traum\u00e1ticas do escrit\u00f3rio Diaz &amp; Gaeta, em Sandy Springs.<\/p>\n\n\n\n<p>Nossa equipe de <strong><a href=\"https:\/\/dglawga.com\/pt\/fontes-arenosas\/advogado-de-lesoes-corporais\/\">Advogados especializados em les\u00f5es corporais em Sandy Springs<\/a><\/strong> Possui vasta experi\u00eancia na defesa de clientes com les\u00f5es cerebrais traum\u00e1ticas. Portanto, se voc\u00ea ou um ente querido foi v\u00edtima, n\u00e3o hesite em buscar representa\u00e7\u00e3o legal ligando para [n\u00famero de telefone]. <br><a href=\"tel:+16785032780\"><strong>678-503-2780<\/strong><\/a> hoje!<\/p>\n\n\n\n<div class=\"wp-block-group has-accent-background-color has-background is-vertical is-layout-flex wp-container-core-group-is-layout-283d9697 wp-block-group-is-layout-flex\" style=\"border-top-left-radius:15px;border-top-right-radius:15px;margin-top:var(--wp--preset--spacing--30)\">\n<h2 class=\"wp-block-heading has-primary-color has-text-color has-link-color wp-elements-4164a61e17ffbe9e8a7446952ec87a5a\" id=\"aioseo-table-of-contents\">\u00cdNDICE<\/h2>\n<\/div>\n\n\n\n<div class=\"wp-block-group has-background is-vertical is-layout-flex wp-container-core-group-is-layout-d644fc7a wp-block-group-is-layout-flex\" style=\"border-bottom-left-radius:15px;border-bottom-right-radius:15px;background-color:#f3f3f3;margin-top:0\"><div class=\"wp-block-aioseo-table-of-contents\"><ul><li><a class=\"aioseo-toc-item\" href=\"#aioseo-how-do-i-know-if-i-have-a-brain-injury\">Como posso saber se sofri uma les\u00e3o cerebral?<\/a><\/li><li><a class=\"aioseo-toc-item\" href=\"#aioseo-what-are-the-common-causes-of-tbis\">Quais s\u00e3o as causas comuns de traumatismo cranioencef\u00e1lico?<\/a><\/li><li><a class=\"aioseo-toc-item\" href=\"#aioseo-what-are-the-types-of-brain-injuries\">Quais s\u00e3o os tipos de les\u00f5es cerebrais?<\/a><ul><li><a class=\"aioseo-toc-item\" href=\"#aioseo-open-injuries\">Les\u00f5es abertas<\/a><\/li><li><a class=\"aioseo-toc-item\" href=\"#aioseo-closed-injuries\">Les\u00f5es fechadas<\/a><\/li><li><a class=\"aioseo-toc-item\" href=\"#aioseo-deceleration-injury\">Les\u00e3o por desacelera\u00e7\u00e3o<\/a><\/li><li><a class=\"aioseo-toc-item\" href=\"#aioseo-toxic-or-chemical-injury\">Les\u00e3o T\u00f3xica ou Qu\u00edmica<\/a><\/li><li><a class=\"aioseo-toc-item\" href=\"#aioseo-hypoxia\">Hip\u00f3xia<\/a><\/li><li><a class=\"aioseo-toc-item\" href=\"#aioseo-medical-reasons\">Raz\u00f5es m\u00e9dicas<\/a><\/li><\/ul><\/li><li><a class=\"aioseo-toc-item\" href=\"#aioseo-what-are-the-symptoms-of-a-traumatic-brain-injury\">Quais s\u00e3o os sintomas de uma les\u00e3o cerebral traum\u00e1tica?<\/a><\/li><li><a class=\"aioseo-toc-item\" href=\"#aioseo-the-importance-of-visiting-a-doctor-after-a-head-injury\">A import\u00e2ncia de consultar um m\u00e9dico ap\u00f3s um traumatismo craniano.<\/a><\/li><li><a class=\"aioseo-toc-item\" href=\"#aioseo-why-should-i-hire-a-sandy-springs-traumatic-brain-injury-lawyer\">Por que devo contratar um advogado especializado em les\u00f5es cerebrais traum\u00e1ticas em Sandy Springs?<\/a><\/li><li><a class=\"aioseo-toc-item\" href=\"#aioseo-can-insurance-carriers-get-my-past-medical-records\">As seguradoras podem ter acesso ao meu hist\u00f3rico m\u00e9dico?<\/a><\/li><li><a class=\"aioseo-toc-item\" href=\"#aioseo-what-happens-when-the-insurance-provider-does-not-pay-your-medical-bills\">O que acontece quando a seguradora n\u00e3o paga suas despesas m\u00e9dicas?<\/a><\/li><li><a class=\"aioseo-toc-item\" href=\"#aioseo-what-compensation-can-i-receive-for-a-brain-injury\">Que tipo de indeniza\u00e7\u00e3o posso receber por uma les\u00e3o cerebral?<\/a><\/li><li><a class=\"aioseo-toc-item\" href=\"#aioseo-are-there-time-limits-for-filing-a-tbi-claim-in-georgia\">H\u00e1 prazos para apresentar uma reclama\u00e7\u00e3o por traumatismo cranioencef\u00e1lico na Ge\u00f3rgia?<\/a><\/li><li><a class=\"aioseo-toc-item\" href=\"#aioseo-get-expert-help-from-our-sandy-springs-traumatic-brain-injury-lawyers\">Obtenha ajuda especializada de nossos advogados de Sandy Springs especializados em les\u00f5es cerebrais traum\u00e1ticas!<\/a><\/li><\/ul><\/div><\/div>\n\n\n\n<h2 class=\"wp-block-heading\" id=\"aioseo-how-do-i-know-if-i-have-a-brain-injury\" style=\"padding-top:var(--wp--preset--spacing--20)\">Como posso saber se sofri uma les\u00e3o cerebral?<\/h2>\n\n\n\n<p>Ap\u00f3s um acidente, a maioria das pessoas se concentra nas les\u00f5es externas com sintomas tang\u00edveis ou f\u00edsicos. No entanto, o que muitos n\u00e3o percebem \u00e9 que os impactos tamb\u00e9m podem causar les\u00f5es internas que s\u00f3 se tornam aparentes ap\u00f3s a realiza\u00e7\u00e3o de exames por um profissional qualificado.<\/p>\n\n\n\n<p>Os sinais e sintomas de uma les\u00e3o cerebral traum\u00e1tica podem ser leves ou graves, dependendo da gravidade da les\u00e3o. Em rela\u00e7\u00e3o \u00e0s les\u00f5es cerebrais, quanto mais os sintomas forem ignorados, pior ser\u00e1 a situa\u00e7\u00e3o.<\/p>\n\n\n\n<p>Em algumas situa\u00e7\u00f5es, as les\u00f5es cerebrais traum\u00e1ticas podem levar dias ou at\u00e9 semanas para se tornarem aparentes.<\/p>\n\n\n\n<p>Se voc\u00ea bateu a cabe\u00e7a em uma queda, acidente de carro ou qualquer outro tipo de acidente e est\u00e1 tendo dores de cabe\u00e7a, enxaquecas, vis\u00e3o turva ou tonturas, voc\u00ea deve consultar seu m\u00e9dico imediatamente.<\/p>\n\n\n\n<h2 class=\"wp-block-heading\" id=\"aioseo-what-are-the-common-causes-of-tbis\" style=\"padding-top:var(--wp--preset--spacing--20)\">Quais s\u00e3o as causas comuns de traumatismo cranioencef\u00e1lico?<\/h2>\n\n\n\n<p>Les\u00f5es cerebrais traum\u00e1ticas s\u00e3o causadas por uma s\u00e9rie de fatores, incluindo:<\/p>\n\n\n\n<ul class=\"wp-block-list\">\n<li><a href=\"https:\/\/dglawga.com\/pt\/fontes-arenosas\/advogado-de-acidentes-de-carro\/\"><strong>Acidentes de tr\u00e2nsito<\/strong><\/a><\/li>\n\n\n\n<li><strong><a href=\"https:\/\/dglawga.com\/pt\/fontes-arenosas\/advogado-de-casos-de-escorregoes-e-quedas\/\">Cataratas<\/a><\/strong><\/li>\n\n\n\n<li>Acidentes esportivos<\/li>\n\n\n\n<li>Viol\u00eancia.<\/li>\n<\/ul>\n\n\n\n<p>Na Diaz &amp; Gaeta, observamos como quedas em lares de idosos levam a traumatismos cranioencef\u00e1licos (TCEs) entre os idosos. Muitos dos casos de TCE que vemos envolvem acidentes de carro., <strong><a href=\"https:\/\/dglawga.com\/pt\/fontes-arenosas\/advogado-especializado-em-acidentes-com-caminhoes\/\">acidentes com caminh\u00f5es<\/a><\/strong>, e <strong><a href=\"https:\/\/dglawga.com\/pt\/fontes-arenosas\/advogado-especializado-em-acidentes-de-motocicleta\/\">acidentes de motocicleta<\/a><\/strong>. Seu advogado especializado em les\u00f5es cerebrais traum\u00e1ticas em Sandy Springs trabalhar\u00e1 para obter o melhor resultado poss\u00edvel para voc\u00ea.<\/p>\n\n\n\n<p>Nossa equipe de advogados experientes em les\u00f5es corporais est\u00e1 comprometida em ajudar as v\u00edtimas de traumatismo cranioencef\u00e1lico (TCE) e suas fam\u00edlias a obterem a indeniza\u00e7\u00e3o que merecem. Trabalhamos incansavelmente para investigar o acidente, reunir provas e construir um caso s\u00f3lido em seu nome.<\/p>\n\n\n\n<p>Nosso objetivo \u00e9 alcan\u00e7ar o melhor resultado poss\u00edvel para voc\u00ea, seja por meio de negocia\u00e7\u00e3o ou lit\u00edgio.<\/p>\n\n\n\n<p>Entendemos que lidar com as consequ\u00eancias de uma les\u00e3o cerebral traum\u00e1tica pode ser extremamente dif\u00edcil e emocional, e \u00e9 por isso que oferecemos aten\u00e7\u00e3o e apoio personalizados a cada um de nossos clientes. Nossos advogados especializados em les\u00f5es cerebrais traum\u00e1ticas em Sandy Springs mant\u00eam voc\u00ea informado durante todo o processo legal e defendem seus direitos em cada etapa.<\/p>\n\n\n\n<h2 class=\"wp-block-heading\" id=\"aioseo-what-are-the-types-of-brain-injuries\" style=\"padding-top:var(--wp--preset--spacing--20)\">Quais s\u00e3o os tipos de les\u00f5es cerebrais?<\/h2>\n\n\n\n<p>De acordo com o Centro de Controle e Preven\u00e7\u00e3o de Doen\u00e7as (CDC), as les\u00f5es cerebrais se enquadram em diversas categorias. Estas incluem:<\/p>\n\n\n\n<h4 class=\"wp-block-heading\" id=\"aioseo-open-injuries\">Les\u00f5es abertas<\/h4>\n\n\n\n<p>Nesse caso, o c\u00e9rebro da v\u00edtima \u00e9 perfurado por um objeto ou instrumento pontiagudo.<\/p>\n\n\n\n<h4 class=\"wp-block-heading\" id=\"aioseo-closed-injuries\">Les\u00f5es fechadas<\/h4>\n\n\n\n<p>No traumatismo cranioencef\u00e1lico fechado, o cr\u00e2nio n\u00e3o \u00e9 perfurado, mas o c\u00e9rebro sofre les\u00f5es. Esse tipo de traumatismo geralmente ocorre em quedas e acidentes automobil\u00edsticos.<\/p>\n\n\n\n<h4 class=\"wp-block-heading\" id=\"aioseo-deceleration-injury\">Les\u00e3o por desacelera\u00e7\u00e3o<\/h4>\n\n\n\n<p>Nesse tipo de traumatismo cranioencef\u00e1lico, o c\u00e9rebro \u00e9 arremessado contra o cr\u00e2nio.<\/p>\n\n\n\n<h4 class=\"wp-block-heading\" id=\"aioseo-toxic-or-chemical-injury\">Les\u00e3o T\u00f3xica ou Qu\u00edmica<\/h4>\n\n\n\n<p>Nesse tipo de les\u00e3o cerebral, uma subst\u00e2ncia t\u00f3xica como chumbo, mon\u00f3xido de carbono, etc., entra na corrente sangu\u00ednea e chega ao c\u00e9rebro, causando danos.<\/p>\n\n\n\n<h4 class=\"wp-block-heading\" id=\"aioseo-hypoxia\">Hip\u00f3xia<\/h4>\n\n\n\n<p>A hip\u00f3xia \u00e9 uma forma de les\u00e3o cerebral que ocorre quando o c\u00e9rebro fica sem oxig\u00eanio, geralmente devido a um acidente de quase afogamento, acidente vascular cerebral (AVC) ou ataque card\u00edaco.<\/p>\n\n\n\n<h4 class=\"wp-block-heading\" id=\"aioseo-medical-reasons\">Raz\u00f5es m\u00e9dicas<\/h4>\n\n\n\n<p>Uma les\u00e3o cerebral tamb\u00e9m pode ocorrer devido a condi\u00e7\u00f5es como infec\u00e7\u00f5es, tumores ou acidentes vasculares cerebrais.<\/p>\n\n\n\n<h2 class=\"wp-block-heading\" id=\"aioseo-what-are-the-symptoms-of-a-traumatic-brain-injury\" style=\"padding-top:var(--wp--preset--spacing--20)\">Quais s\u00e3o os sintomas de uma les\u00e3o cerebral traum\u00e1tica?<\/h2>\n\n\n\n<p>As les\u00f5es cerebrais traum\u00e1ticas variam substancialmente dependendo da natureza e extens\u00e3o da les\u00e3o sofrida. Algumas das <strong><a href=\"https:\/\/www.mayoclinic.org\/diseases-conditions\/traumatic-brain-injury\/symptoms-causes\/syc-20378557\" target=\"_blank\" rel=\"noopener\">sintomas comuns de um TCE<\/a><\/strong> incluem:<\/p>\n\n\n\n<ul class=\"wp-block-list\">\n<li>Explos\u00f5es emocionais<\/li>\n\n\n\n<li>Depress\u00e3o<\/li>\n\n\n\n<li>Dores de cabe\u00e7a persistentes<\/li>\n\n\n\n<li>Problemas de mem\u00f3ria<\/li>\n\n\n\n<li>Tontura<\/li>\n\n\n\n<li>Fadiga<\/li>\n\n\n\n<li>Dificuldade de concentra\u00e7\u00e3o<\/li>\n\n\n\n<li>Convuls\u00f5es<\/li>\n\n\n\n<li>A incapacidade de realizar tarefas rotineiras<\/li>\n\n\n\n<li>Problemas de equil\u00edbrio.<\/li>\n<\/ul>\n\n\n\n<p>\u00c9 importante notar que esses sintomas podem variar em gravidade e podem n\u00e3o ser imediatamente aparentes ap\u00f3s o acidente.<\/p>\n\n\n\n<p>Portanto, \u00e9 importante procurar atendimento m\u00e9dico o mais r\u00e1pido poss\u00edvel se voc\u00ea acredita ter sofrido uma les\u00e3o cerebral traum\u00e1tica. O tratamento m\u00e9dico imediato pode ajudar a prevenir danos adicionais e aumentar suas chances de recupera\u00e7\u00e3o. Nossa equipe experiente de advogados especializados em les\u00f5es cerebrais traum\u00e1ticas em Sandy Springs recomenda que voc\u00ea fa\u00e7a isso.<\/p>\n\n\n\n<h2 class=\"wp-block-heading\" id=\"aioseo-the-importance-of-visiting-a-doctor-after-a-head-injury\" style=\"padding-top:var(--wp--preset--spacing--20)\">A import\u00e2ncia de consultar um m\u00e9dico ap\u00f3s um traumatismo craniano.<\/h2>\n\n\n\n<p>A menos que haja um traumatismo craniano aberto, em que um objeto penetre o cr\u00e2nio, as les\u00f5es cerebrais podem n\u00e3o ser imediatamente aparentes. Al\u00e9m disso, os sinais e sintomas da les\u00e3o podem surgir tardiamente ou serem interpretados erroneamente.<\/p>\n\n\n\n<p>Por isso, \u00e9 fundamental consultar um m\u00e9dico qualificado assim que sofrer uma les\u00e3o na cabe\u00e7a, para determinar se houve les\u00e3o cerebral.<\/p>\n\n\n\n<p>Al\u00e9m disso, \u00e9 aconselh\u00e1vel consultar um profissional que possa avaliar a extens\u00e3o da sua les\u00e3o e trat\u00e1-la adequadamente. Quando um traumatismo cranioencef\u00e1lico n\u00e3o \u00e9 tratado, ele s\u00f3 piora, com consequ\u00eancias ainda mais preocupantes ao longo do tempo.<\/p>\n\n\n\n<p>Al\u00e9m de procurar atendimento m\u00e9dico para o traumatismo cranioencef\u00e1lico (TCE), \u00e9 importante manter registros detalhados do seu tratamento m\u00e9dico e das despesas relacionadas.<\/p>\n\n\n\n<figure class=\"wp-block-image aligncenter\" style=\"margin-top:var(--wp--preset--spacing--20);margin-bottom:var(--wp--preset--spacing--20)\"><a href=\"https:\/\/dglawga.com\/wp-content\/uploads\/2022\/06\/sandy-springs-traumatic-brain-injury-lawyer-diaz.jpg\"><img loading=\"lazy\" decoding=\"async\" width=\"500\" height=\"375\" src=\"https:\/\/dglawga.com\/wp-content\/uploads\/2022\/06\/sandy-springs-traumatic-brain-injury-lawyer-diaz.jpg\" alt=\"M\u00e9dico com placa indicando les\u00e3o cerebral traum\u00e1tica, conceito de advogado de les\u00e3o cerebral traum\u00e1tica em Sandy Springs\" class=\"wp-image-3155\" srcset=\"https:\/\/dglawga.com\/wp-content\/uploads\/2022\/06\/sandy-springs-traumatic-brain-injury-lawyer-diaz.jpg 500w, https:\/\/dglawga.com\/wp-content\/uploads\/2022\/06\/sandy-springs-traumatic-brain-injury-lawyer-diaz-300x225.jpg 300w\" sizes=\"auto, (max-width: 500px) 100vw, 500px\" \/><\/a><\/figure>\n\n\n\n<p>Isso inclui guardar c\u00f3pias de relat\u00f3rios m\u00e9dicos, contas e recibos de quaisquer despesas pagas do pr\u00f3prio bolso. Esses documentos podem ser usados pelo seu advogado especializado em casos de queda em Sandys Springs para fundamentar seu pedido de indeniza\u00e7\u00e3o, caso voc\u00ea decida entrar com uma a\u00e7\u00e3o judicial.<br><\/p>\n\n\n\n<h2 class=\"wp-block-heading\" id=\"aioseo-why-should-i-hire-a-sandy-springs-traumatic-brain-injury-lawyer\" style=\"padding-top:var(--wp--preset--spacing--20)\">Por que devo contratar um advogado especializado em les\u00f5es cerebrais traum\u00e1ticas em Sandy Springs?<\/h2>\n\n\n\n<p>Les\u00f5es cerebrais traum\u00e1ticas podem ter consequ\u00eancias graves, algumas permanentes. Se voc\u00ea sofreu uma les\u00e3o devido \u00e0 imprud\u00eancia ou neglig\u00eancia de terceiros, \u00e9 importante saber que voc\u00ea pode ter direito a uma indeniza\u00e7\u00e3o em Sandy Springs por meio de uma a\u00e7\u00e3o judicial por les\u00e3o cerebral traum\u00e1tica.<\/p>\n\n\n\n<p>No entanto, para ser indenizado, voc\u00ea precisa apresentar a reclama\u00e7\u00e3o de acordo com a legisla\u00e7\u00e3o da Ge\u00f3rgia.<\/p>\n\n\n\n<p>Na maioria das vezes, a seguradora do r\u00e9u assume o processo. Como o objetivo \u00e9 obter lucro, ela tentar\u00e1 oferecer o menor acordo poss\u00edvel, ou at\u00e9 mesmo nenhum.<\/p>\n\n\n\n<p>\u00c9 por isso que voc\u00ea deve ter ao seu lado um advogado experiente em les\u00f5es cerebrais traum\u00e1ticas da Diaz &amp; Gaeta.<\/p>\n\n\n\n<p>Aqui est\u00e1 um breve resumo de alguns dos motivos pelos quais voc\u00ea deve considerar nossa equipe para o seu caso:<\/p>\n\n\n\n<ul class=\"wp-block-list\">\n<li>Lutaremos pelos seus direitos para garantir que voc\u00ea receba a indeniza\u00e7\u00e3o que merece. Nossos advogados especializados em les\u00f5es cerebrais traum\u00e1ticas em Sandy Springs t\u00eam vasta experi\u00eancia em casos de les\u00f5es pessoais e j\u00e1 lidaram com casos semelhantes.<\/li>\n\n\n\n<li>Iremos reunir as provas necess\u00e1rias, negociar com a seguradora e represent\u00e1-lo em tribunal caso a outra parte n\u00e3o concorde com um acordo justo.<\/li>\n<\/ul>\n\n\n\n<p>Lembre-se: agir rapidamente ap\u00f3s uma queda pode fazer toda a diferen\u00e7a no resultado do seu caso. Buscar atendimento m\u00e9dico, reunir provas e consultar um advogado especializado em les\u00f5es cerebrais traum\u00e1ticas em Sandy Springs s\u00e3o medidas que podem ajudar a proteger seus direitos e garantir que voc\u00ea receba a indeniza\u00e7\u00e3o que merece.<\/p>\n\n\n\n<h2 class=\"wp-block-heading\" id=\"aioseo-can-insurance-carriers-get-my-past-medical-records\" style=\"padding-top:var(--wp--preset--spacing--20)\">As seguradoras podem ter acesso ao meu hist\u00f3rico m\u00e9dico?<\/h2>\n\n\n\n<p>As seguradoras s\u00e3o empresas e, portanto, far\u00e3o tudo o que puderem para reduzir ou negar uma indeniza\u00e7\u00e3o. Geralmente, fazem isso solicitando seu hist\u00f3rico m\u00e9dico, buscando lacunas que possam explorar para justificar alega\u00e7\u00f5es como a de que doen\u00e7as preexistentes foram a causa da sua enfermidade ou les\u00e3o.<\/p>\n\n\n\n<p>Eles tamb\u00e9m podem contratar especialistas para avaliar sua les\u00e3o com o objetivo de descartar a parte culpada.<\/p>\n\n\n\n<p>Se os peritos da seguradora solicitarem seu hist\u00f3rico m\u00e9dico, a equipe da Diaz &amp; Gaeta estar\u00e1 \u00e0 disposi\u00e7\u00e3o para lidar com a situa\u00e7\u00e3o em seu nome, mas somente se voc\u00ea agir rapidamente.<\/p>\n\n\n\n<p>N\u00e3o cometa o erro de assinar um formul\u00e1rio de autoriza\u00e7\u00e3o para divulga\u00e7\u00e3o de registros m\u00e9dicos sem o consentimento de um advogado de Sandy Springs especializado em les\u00f5es cerebrais traum\u00e1ticas e com boa reputa\u00e7\u00e3o, que tenha experi\u00eancia nessa \u00e1rea ou, pelo menos, em danos pessoais.<\/p>\n\n\n\n<h2 class=\"wp-block-heading\" id=\"aioseo-what-happens-when-the-insurance-provider-does-not-pay-your-medical-bills\" style=\"padding-top:var(--wp--preset--spacing--20)\">O que acontece quando a seguradora n\u00e3o paga suas despesas m\u00e9dicas?<\/h2>\n\n\n\n<p>Se a seguradora da outra parte recusar sua solicita\u00e7\u00e3o, nossos advogados especializados em les\u00f5es cerebrais traum\u00e1ticas estar\u00e3o prontos para levar o caso ao tribunal. Nossa equipe est\u00e1 sempre preparada para o pior e lutaremos incansavelmente para que voc\u00ea obtenha a indeniza\u00e7\u00e3o que merece.<\/p>\n\n\n\n<p>Temos vasta experi\u00eancia em representar v\u00edtimas nesses casos em tribunal e em ajudar as v\u00edtimas de Sandy Springs a obter o que lhes \u00e9 devido.<\/p>\n\n\n\n<h2 class=\"wp-block-heading\" id=\"aioseo-what-compensation-can-i-receive-for-a-brain-injury\" style=\"padding-top:var(--wp--preset--spacing--20)\">Que tipo de indeniza\u00e7\u00e3o posso receber por uma les\u00e3o cerebral?<\/h2>\n\n\n\n<p>N\u00e3o existe \u00f3rg\u00e3o mais importante no corpo humano do que o c\u00e9rebro. Ele controla todos os processos corporais, incluindo o metabolismo e o funcionamento geral do organismo.<\/p>\n\n\n\n<p>Uma les\u00e3o cerebral traum\u00e1tica certamente ir\u00e1 alterar drasticamente o modo de vida de uma pessoa, \u00e0s vezes de forma permanente.<\/p>\n\n\n\n<p>Embora seu c\u00e9rebro n\u00e3o possa ser precificado, obter uma indeniza\u00e7\u00e3o financeira \u00e9 crucial, pois ajudar\u00e1 a cobrir as despesas m\u00e9dicas e outros aspectos da sua vida.<\/p>\n\n\n\n<p>Voc\u00ea pode solicitar indeniza\u00e7\u00e3o por:<\/p>\n\n\n\n<ul class=\"wp-block-list\">\n<li>Contas m\u00e9dicas (passadas e futuras)<\/li>\n\n\n\n<li>Perda de renda<\/li>\n\n\n\n<li>Danos n\u00e3o econ\u00f4micos por dor e sofrimento.<\/li>\n\n\n\n<li>Custos de sepultamento em casos de <a href=\"https:\/\/dglawga.com\/pt\/fontes-arenosas\/advogado-de-morte-por-negligencia\/\"><strong>morte injusta<\/strong>.<\/a><\/li>\n<\/ul>\n\n\n\n<p>Buscar indeniza\u00e7\u00e3o financeira pode ajudar a aliviar parte do estresse financeiro associado \u00e0 les\u00e3o e permitir que voc\u00ea se concentre em sua recupera\u00e7\u00e3o. Tamb\u00e9m pode proporcionar uma sensa\u00e7\u00e3o de justi\u00e7a e encerramento, responsabilizando a parte negligente por seus atos.<\/p>\n\n\n\n<p>Ao buscar indeniza\u00e7\u00e3o por um acidente de escorreg\u00e3o e queda, \u00e9 importante trabalhar com um advogado experiente em les\u00f5es cerebrais traum\u00e1ticas em Sandy Springs, que possa ajud\u00e1-lo a navegar pelo sistema jur\u00eddico e negociar com seguradoras ou partes contr\u00e1rias.<\/p>\n\n\n\n<p>Seu advogado especializado em les\u00f5es cerebrais traum\u00e1ticas em Sandy Springs pode ajud\u00e1-lo a determinar a extens\u00e3o total dos seus danos, incluindo despesas m\u00e9dicas futuras e perda da capacidade de ganho, e buscar a indeniza\u00e7\u00e3o m\u00e1xima poss\u00edvel.<\/p>\n\n\n\n<h2 class=\"wp-block-heading\" id=\"aioseo-are-there-time-limits-for-filing-a-tbi-claim-in-georgia\" style=\"padding-top:var(--wp--preset--spacing--20)\">H\u00e1 prazos para apresentar uma reclama\u00e7\u00e3o por traumatismo cranioencef\u00e1lico na Ge\u00f3rgia?<\/h2>\n\n\n\n<p>Se voc\u00ea mora em Sandy Springs, Ge\u00f3rgia, e sofreu uma les\u00e3o cerebral traum\u00e1tica, voc\u00ea tem <strong><a href=\"http:\/\/ga.elaws.us\/law\/section9-3-33\" target=\"_blank\" rel=\"noopener\">dois anos<\/a><\/strong> ap\u00f3s o acidente, para apresentar uma reclama\u00e7\u00e3o de TCE (Traumatismo Cranioencef\u00e1lico).<\/p>\n\n\n\n<p>Portanto, \u00e9 importante reunir provas e buscar representa\u00e7\u00e3o legal para garantir que seus direitos sejam protegidos e que voc\u00ea receba uma indeniza\u00e7\u00e3o justa por seus ferimentos e preju\u00edzos.<\/p>\n\n\n\n<p>Um advogado experiente em les\u00f5es cerebrais traum\u00e1ticas em Sandy Springs pode investigar o acidente, avaliar a for\u00e7a do seu caso e negociar com a parte contr\u00e1ria ou a seguradora em seu nome.<\/p>\n\n\n\n<p>Lembre-se: les\u00f5es cerebrais traum\u00e1ticas podem ter um impacto significativo em sua vida e futuro, e buscar ajuda jur\u00eddica pode ser crucial para garantir que voc\u00ea receba a indeniza\u00e7\u00e3o que merece.<\/p>\n\n\n\n<p>Se voc\u00ea sofreu uma les\u00e3o cerebral traum\u00e1tica (LCT) em decorr\u00eancia de uma queda em Sandy Springs, Ge\u00f3rgia, n\u00e3o hesite em contatar um advogado especializado em les\u00f5es corporais para discutir suas op\u00e7\u00f5es legais. Nossa equipe de advogados de confian\u00e7a, especializada em les\u00f5es cerebrais traum\u00e1ticas em Sandy Springs, ir\u00e1 auxili\u00e1-lo(a) em suas decis\u00f5es legais.<\/p>\n\n\n\n<h2 class=\"wp-block-heading\" id=\"aioseo-get-expert-help-from-our-sandy-springs-traumatic-brain-injury-lawyers\" style=\"padding-top:var(--wp--preset--spacing--20)\">Obtenha ajuda especializada de nossos advogados de Sandy Springs especializados em les\u00f5es cerebrais traum\u00e1ticas!<\/h2>\n\n\n\n<p>Uma les\u00e3o cerebral traum\u00e1tica (LCT) \u00e9 grave e pode ser debilitante. A recupera\u00e7\u00e3o de tal les\u00e3o n\u00e3o \u00e9 f\u00e1cil e exigir\u00e1 muita for\u00e7a de vontade e apoio financeiro. N\u00f3s, da [nome da empresa\/organiza\u00e7\u00e3o], estamos aqui para ajudar. <a href=\"https:\/\/dglawga.com\/pt\/\">Diaz e Gaeta<\/a> Temos empatia por voc\u00ea e faremos tudo o que estiver ao nosso alcance, dentro da lei, para construir um caso s\u00f3lido que garanta sua indeniza\u00e7\u00e3o.<\/p>\n\n\n\n<p>Por favor, ligue para o nosso escrit\u00f3rio de advocacia pelo n\u00famero <a href=\"tel:+16785032780\"><strong>678-503-2780<\/strong><\/a> Agende uma consulta gratuita com nossos advogados especializados em les\u00f5es cerebrais traum\u00e1ticas em Sandy Springs!<\/p>","protected":false},"excerpt":{"rendered":"<p>The brain is the most fragile organ in the human body. That\u2019s why it is enclosed by the skull and fluid that acts as a shock absorber. However, these protections are not always adequate to prevent brain injuries. Minor brain injuries such as concussions are not always serious if you seek treatment immediately. However, a [&hellip;]<\/p>\n","protected":false},"author":34,"featured_media":0,"parent":2044,"menu_order":0,"comment_status":"closed","ping_status":"closed","template":"wp-custom-template-sandy-springs-services","meta":{"_acf_changed":false,"_themeisle_gutenberg_block_has_review":false,"footnotes":""},"categories":[52],"tags":[124,123,120,21,122,59,126,58,121,125,119,26,118,116,117,54,22,142,143],"class_list":["post-2078","page","type-page","status-publish","hentry","category-sandy-springs-location","tag-abogado-coche-acidente","tag-abogado-gratis","tag-attorney-lawyer","tag-car-accidents","tag-car-accidents-lawyer","tag-family-law","tag-imigracion-abogados","tag-immigration","tag-immigration-lawyer","tag-marietta-abogado","tag-marietta-lawyer","tag-personal-injury","tag-top-lawyer-in-marietta","tag-top-lawyers-in-atlanta","tag-top-lawyers-in-smyrna","tag-traumatic-brain-injuries","tag-truck-accident","tag-truck-accident-attorneys","tag-truck-crash"],"acf":[],"aioseo_notices":[],"_links":{"self":[{"href":"https:\/\/dglawga.com\/pt\/wp-json\/wp\/v2\/pages\/2078","targetHints":{"allow":["GET"]}}],"collection":[{"href":"https:\/\/dglawga.com\/pt\/wp-json\/wp\/v2\/pages"}],"about":[{"href":"https:\/\/dglawga.com\/pt\/wp-json\/wp\/v2\/types\/page"}],"author":[{"embeddable":true,"href":"https:\/\/dglawga.com\/pt\/wp-json\/wp\/v2\/users\/34"}],"replies":[{"embeddable":true,"href":"https:\/\/dglawga.com\/pt\/wp-json\/wp\/v2\/comments?post=2078"}],"version-history":[{"count":4,"href":"https:\/\/dglawga.com\/pt\/wp-json\/wp\/v2\/pages\/2078\/revisions"}],"predecessor-version":[{"id":7784,"href":"https:\/\/dglawga.com\/pt\/wp-json\/wp\/v2\/pages\/2078\/revisions\/7784"}],"up":[{"embeddable":true,"href":"https:\/\/dglawga.com\/pt\/wp-json\/wp\/v2\/pages\/2044"}],"wp:attachment":[{"href":"https:\/\/dglawga.com\/pt\/wp-json\/wp\/v2\/media?parent=2078"}],"wp:term":[{"taxonomy":"category","embeddable":true,"href":"https:\/\/dglawga.com\/pt\/wp-json\/wp\/v2\/categories?post=2078"},{"taxonomy":"post_tag","embeddable":true,"href":"https:\/\/dglawga.com\/pt\/wp-json\/wp\/v2\/tags?post=2078"}],"curies":[{"name":"wp","href":"https:\/\/api.w.org\/{rel}","templated":true}]}}