{"id":2082,"date":"2022-06-07T17:57:33","date_gmt":"2022-06-07T17:57:33","guid":{"rendered":"https:\/\/diazgaetalaw.wpengine.com\/?page_id=2082"},"modified":"2025-06-15T23:33:15","modified_gmt":"2025-06-16T04:33:15","slug":"advogado-de-responsabilidade-por-produtos-defeituosos","status":"publish","type":"page","link":"https:\/\/dglawga.com\/pt\/sandy-springs\/product-liability-lawyer\/","title":{"rendered":"Advogado de Responsabilidade Civil por Produtos Defeituosos em Sandy Springs"},"content":{"rendered":"<p>Ao usar um produto, voc\u00ea espera que ele funcione com seguran\u00e7a. No entanto, se esse produto apresentar defeito e causar ferimentos ou danos \u00e0 sua propriedade, voc\u00ea tem direito a ser indenizado pelos ferimentos e preju\u00edzos sofridos.<\/p>\n\n\n\n<p>Os fabricantes e distribuidores s\u00e3o legalmente respons\u00e1veis por garantir que o produto que vendem funcione com seguran\u00e7a conforme o esperado e n\u00e3o cause danos ou preju\u00edzos.<\/p>\n\n\n\n<p>Se voc\u00ea sofreu ferimentos e perdas devido a um produto defeituoso, nossa <strong><a href=\"https:\/\/dglawga.com\/pt\/fontes-arenosas\/advogado-de-lesoes-corporais\/\">Advogados de danos pessoais em Sandy Springs<\/a><\/strong> Na Diaz &amp; Gaeta, ajudaremos voc\u00ea a obter a indeniza\u00e7\u00e3o m\u00e1xima.<\/p>\n\n\n\n<p>Entre em contato com nossos advogados especializados em responsabilidade por produtos defeituosos em Sandy Springs hoje mesmo, ligando para nosso escrit\u00f3rio no n\u00famero <a href=\"tel:+16785032780\"><strong>678-503-2780<\/strong><\/a>.<\/p>\n\n\n\n<div class=\"wp-block-group has-accent-background-color has-background is-vertical is-layout-flex wp-container-core-group-is-layout-283d9697 wp-block-group-is-layout-flex\" style=\"border-top-left-radius:15px;border-top-right-radius:15px;margin-top:var(--wp--preset--spacing--30)\">\n<h2 class=\"wp-block-heading has-primary-color has-text-color has-link-color wp-elements-4164a61e17ffbe9e8a7446952ec87a5a\" id=\"aioseo-table-of-contents\">\u00cdNDICE<\/h2>\n<\/div>\n\n\n\n<div class=\"wp-block-group has-background is-vertical is-layout-flex wp-container-core-group-is-layout-d644fc7a wp-block-group-is-layout-flex\" style=\"border-bottom-left-radius:15px;border-bottom-right-radius:15px;background-color:#f3f3f3;margin-top:0\"><div class=\"wp-block-aioseo-table-of-contents\"><ul><li><a class=\"aioseo-toc-item\" href=\"#aioseo-georgia-laws-for-product-liability-cases\">Leis da Ge\u00f3rgia para casos de responsabilidade por produtos defeituosos<\/a><\/li><li><a class=\"aioseo-toc-item\" href=\"#aioseo-common-causes-for-legal-action\">Causas comuns para a\u00e7\u00f5es judiciais<\/a><ul><li><a class=\"aioseo-toc-item\" href=\"#aioseo-manufacturing-defects\">Defeitos de fabrica\u00e7\u00e3o<\/a><\/li><li><a class=\"aioseo-toc-item\" href=\"#aioseo-labeling-defects\">Defeitos de rotulagem<\/a><\/li><\/ul><\/li><li><a class=\"aioseo-toc-item\" href=\"#aioseo-how-is-liability-determined\">Como se determina a responsabilidade?<\/a><ul><li><a class=\"aioseo-toc-item\" href=\"#aioseo-strict-liability\">Responsabilidade objetiva<\/a><\/li><li><a class=\"aioseo-toc-item\" href=\"#aioseo-failure-to-warn\">Falha em alertar<\/a><\/li><li><a class=\"aioseo-toc-item\" href=\"#aioseo-negligence\">Neglig\u00eancia<\/a><\/li><\/ul><\/li><li><a class=\"aioseo-toc-item\" href=\"#aioseo-who-can-be-held-liable-for-my-damages\">Quem pode ser responsabilizado pelos meus danos?<\/a><\/li><li><a class=\"aioseo-toc-item\" href=\"#aioseo-about-medical-products\">Sobre Produtos M\u00e9dicos<\/a><\/li><li><a class=\"aioseo-toc-item\" href=\"#aioseo-contact-our-sandy-springs-product-liability-lawyers-today\">Entre em contato com nossos advogados especializados em responsabilidade por produtos defeituosos em Sandy Springs hoje mesmo!<\/a><\/li><\/ul><\/div><\/div>\n\n\n\n<h2 class=\"wp-block-heading\" id=\"aioseo-georgia-laws-for-product-liability-cases\" style=\"padding-top:var(--wp--preset--spacing--20)\">Leis da Ge\u00f3rgia para casos de responsabilidade por produtos defeituosos<\/h2>\n\n\n\n<p>Na Ge\u00f3rgia, as leis de responsabilidade por produtos defeituosos s\u00e3o abrangidas por <strong><a href=\"http:\/\/ga.elaws.us\/law\/section51-1-11\" target=\"_blank\" rel=\"noopener\">C\u00f3digo da Ge\u00f3rgia, Se\u00e7\u00e3o 51-1-11<\/a><\/strong>. Se voc\u00ea sofreu uma les\u00e3o, o prazo de prescri\u00e7\u00e3o estabelece que voc\u00ea tem <strong><a href=\"http:\/\/ga.elaws.us\/law\/section9-3-33\" target=\"_blank\" rel=\"noopener\">dois anos para apresentar sua reclama\u00e7\u00e3o por danos pessoais<\/a><\/strong>. Se o produto defeituoso danificou sua propriedade, voc\u00ea tem quatro anos para apresentar uma reclama\u00e7\u00e3o pelos danos sofridos.<\/p>\n\n\n\n<p>O prazo \u00e9 contado a partir do momento em que voc\u00ea percebeu que sua les\u00e3o ou perda patrimonial foi causada pelo produto defeituoso. No entanto, voc\u00ea deve registrar sua reclama\u00e7\u00e3o dentro de 10 anos a partir da data da primeira venda do produto.<\/p>\n\n\n\n<p>Na Ge\u00f3rgia, tamb\u00e9m s\u00e3o comuns as limita\u00e7\u00f5es de indeniza\u00e7\u00e3o em casos de responsabilidade por produtos defeituosos. Dependendo do resultado do processo, se for determinado que voc\u00ea contribuiu com at\u00e9 49% para a causa da sua les\u00e3o ou para os danos materiais, o valor da indeniza\u00e7\u00e3o que voc\u00ea poder\u00e1 receber poder\u00e1 ser reduzido proporcionalmente. Por isso, \u00e9 fundamental entrar em contato com um advogado especializado em responsabilidade por produtos defeituosos em Sandy Springs.<\/p>\n\n\n\n<p>Se o tribunal determinar que voc\u00ea contribuiu com 50% ou mais para seus ferimentos ou danos materiais, voc\u00ea poder\u00e1 n\u00e3o receber nenhuma indeniza\u00e7\u00e3o.<\/p>\n\n\n\n<p>Por isso, \u00e9 crucial que voc\u00ea fale com um de nossos experientes advogados de responsabilidade por produtos defeituosos em Sandy Springs, que garantir\u00e1 que a parte r\u00e9 n\u00e3o tente transferir a culpa para voc\u00ea.<\/p>\n\n\n\n<p>Os fabricantes contam com uma equipe jur\u00eddica corporativa completa para elaborar o caso a seu favor. Sabemos como defender seus direitos para que os respons\u00e1veis sejam responsabilizados. Seu advogado de responsabilidade por produtos defeituosos em Sandy Springs trabalhar\u00e1 incansavelmente para responsabilizar todas as partes envolvidas.<\/p>\n\n\n\n<h2 class=\"wp-block-heading\" id=\"aioseo-common-causes-for-legal-action\" style=\"padding-top:var(--wp--preset--spacing--20)\">Causas comuns para a\u00e7\u00f5es judiciais<\/h2>\n\n\n\n<p>Algumas das raz\u00f5es comuns para a\u00e7\u00f5es judiciais relacionadas a produtos defeituosos incluem defeitos de projeto, fabrica\u00e7\u00e3o e rotulagem.<\/p>\n\n\n\n<p>Em casos de projeto defeituoso, nossos advogados de responsabilidade por produtos em Sandy Springs demonstram que o projeto do produto exp\u00f4s os consumidores a riscos excessivos. Isso significa que os riscos do projeto superaram os benef\u00edcios. Nesse caso, a culpa \u00e9 do projetista, e n\u00e3o do fabricante.<\/p>\n\n\n\n<h4 class=\"wp-block-heading\" id=\"aioseo-manufacturing-defects\">Defeitos de fabrica\u00e7\u00e3o<\/h4>\n\n\n\n<p>Em casos de defeito de fabrica\u00e7\u00e3o, demonstramos que algo ocorreu durante o processo de produ\u00e7\u00e3o que tornou o produto inseguro.<\/p>\n\n\n\n<p>O defeito pode ser causado por diversos fatores, incluindo problemas mec\u00e2nicos nas m\u00e1quinas da f\u00e1brica ou erro humano. Exemplos de defeitos de fabrica\u00e7\u00e3o incluem fragilidades estruturais, pe\u00e7as faltantes, contamina\u00e7\u00e3o durante a embalagem, entre outros.<\/p>\n\n\n\n<h4 class=\"wp-block-heading\" id=\"aioseo-labeling-defects\">Defeitos de rotulagem<\/h4>\n\n\n\n<p>\u00c9 responsabilidade do vendedor ou fabricante alertar o consumidor final sobre os riscos de um produto, como efeitos colaterais de medicamentos, etc. Em casos de defeitos de rotulagem, demonstramos que o fabricante n\u00e3o rotulou ou sinalizou o produto adequadamente, o que causou danos aos consumidores.<\/p>\n\n\n\n<p>Talvez as instru\u00e7\u00f5es de uso n\u00e3o fossem claras, ou talvez o r\u00f3tulo n\u00e3o alertasse sobre os poss\u00edveis riscos. Seu advogado especializado em responsabilidade por produtos defeituosos em Sandy Springs poder\u00e1 orient\u00e1-lo sobre isso.<\/p>\n\n\n\n<h2 class=\"wp-block-heading\" id=\"aioseo-how-is-liability-determined\" style=\"padding-top:var(--wp--preset--spacing--20)\">Como se determina a responsabilidade?<\/h2>\n\n\n\n<p>Se um produto defeituoso lhe causou danos \u00e0 sa\u00fade ou preju\u00edzos materiais, voc\u00ea pode entrar com uma a\u00e7\u00e3o judicial contra aqueles que contribu\u00edram para o ocorrido. Voc\u00ea pode fundamentar sua a\u00e7\u00e3o de responsabilidade por produto defeituoso em responsabilidade objetiva, omiss\u00e3o de advert\u00eancia ou neglig\u00eancia. Seu advogado especializado em responsabilidade por produto defeituoso em Sandy Springs pode orient\u00e1-lo nesse processo.<\/p>\n\n\n\n<h4 class=\"wp-block-heading\" id=\"aioseo-strict-liability\">Responsabilidade objetiva<\/h4>\n\n\n\n<p>Sob <strong><a href=\"https:\/\/legal-dictionary.thefreedictionary.com\/strict+liability\" target=\"_blank\" rel=\"noopener\">responsabilidade objetiva<\/a><\/strong>, O fabricante do produto pode ser responsabilizado por les\u00f5es causadas por um produto defeituoso, sem a necessidade de comprovar neglig\u00eancia. Isso tamb\u00e9m se aplica ao distribuidor e ao varejista do produto.<\/p>\n\n\n\n<p>Voc\u00ea precisa demonstrar que, no momento em que o produto lhe causou o dano, ele estava basicamente nas mesmas condi\u00e7\u00f5es em que saiu da f\u00e1brica, o que comprova que era defeituoso no momento da compra. Os defeitos podem se manifestar de diferentes maneiras. Seu advogado especializado em responsabilidade por produtos defeituosos em Sandy Springs poder\u00e1 orient\u00e1-lo nesse sentido.<\/p>\n\n\n\n<figure class=\"wp-block-image aligncenter\" style=\"margin-top:var(--wp--preset--spacing--20);margin-bottom:var(--wp--preset--spacing--20)\"><a href=\"https:\/\/dglawga.com\/wp-content\/uploads\/2022\/06\/sandy-springs-product-liability-lawyer-diaz.jpg\"><img loading=\"lazy\" decoding=\"async\" width=\"500\" height=\"333\" src=\"https:\/\/dglawga.com\/wp-content\/uploads\/2022\/06\/sandy-springs-product-liability-lawyer-diaz.jpg\" alt=\"Aviso de recall de produto com placa, conceito de advogado de responsabilidade civil por produto em Sandy Springs\" class=\"wp-image-3132\" srcset=\"https:\/\/dglawga.com\/wp-content\/uploads\/2022\/06\/sandy-springs-product-liability-lawyer-diaz.jpg 500w, https:\/\/dglawga.com\/wp-content\/uploads\/2022\/06\/sandy-springs-product-liability-lawyer-diaz-300x200.jpg 300w\" sizes=\"auto, (max-width: 500px) 100vw, 500px\" \/><\/a><\/figure>\n\n\n\n<h4 class=\"wp-block-heading\" id=\"aioseo-failure-to-warn\">Falha em alertar<\/h4>\n\n\n\n<p>A omiss\u00e3o de advert\u00eancias est\u00e1 relacionada a defeitos na rotulagem. O fabricante tem a obriga\u00e7\u00e3o de alertar o p\u00fablico sobre os riscos e perigos do produto que n\u00e3o sejam \u00f3bvios, mas que sejam previs\u00edveis quando o produto \u00e9 utilizado em condi\u00e7\u00f5es normais.<\/p>\n\n\n\n<p>Vamos demonstrar que o fabricante n\u00e3o incluiu instru\u00e7\u00f5es ou avisos suficientes para evitar esses riscos. Voc\u00ea n\u00e3o recebeu o aviso adequado, o que levou ao seu ferimento. Seu advogado especializado em responsabilidade por produtos defeituosos em Sandy Springs ir\u00e1 orient\u00e1-lo durante todo o processo.<\/p>\n\n\n\n<h4 class=\"wp-block-heading\" id=\"aioseo-negligence\">Neglig\u00eancia<\/h4>\n\n\n\n<p>Os casos envolvendo produtos considerados defeituosos geralmente se enquadram na responsabilidade objetiva. No entanto, os casos tamb\u00e9m podem ser baseados em... <a href=\"https:\/\/dictionary.law.com\/Default.aspx?selected=1314\" target=\"_blank\" rel=\"noopener\"><strong>neglig\u00eancia<\/strong><\/a>.<\/p>\n\n\n\n<p>Qualquer participante na cadeia produtiva, desde o designer, fabricante, varejista, etc., pode ser responsabilizado se sua neglig\u00eancia ou imprud\u00eancia resultar em um produto defeituoso ou perigosamente inadequado.<\/p>\n\n\n\n<p>Por exemplo, um fabricante seria negligente e, portanto, respons\u00e1vel se n\u00e3o seguisse as pol\u00edticas adequadas de controle de qualidade para verificar defeitos, o que levaria ao seu ferimento. Isso pode ser comprovado pelo seu advogado especializado em responsabilidade por produtos defeituosos em Sandy Springs.<\/p>\n\n\n\n<h2 class=\"wp-block-heading\" id=\"aioseo-who-can-be-held-liable-for-my-damages\" style=\"padding-top:var(--wp--preset--spacing--20)\">Quem pode ser responsabilizado pelos meus danos?<\/h2>\n\n\n\n<p>Qualquer pessoa envolvida na cadeia de distribui\u00e7\u00e3o do produto pode ser responsabilizada pelos seus danos. Isso inclui o seguinte:.<\/p>\n\n\n\n<ul class=\"wp-block-list\">\n<li><strong>O fabricante:<\/strong> A parte que produziu o produto ou os componentes.<\/li>\n\n\n\n<li><strong>O atacadista:<\/strong> A parte que comprava o produto do fabricante, geralmente em grandes quantidades, e o vendia aos varejistas.<\/li>\n\n\n\n<li><strong>O varejista:<\/strong> A parte que lhe vendeu o produto.<\/li>\n<\/ul>\n\n\n\n<p>Determinar qual ou quais partes s\u00e3o respons\u00e1veis \u00e9 complicado porque existem muitas etapas na cadeia de distribui\u00e7\u00e3o de um produto e v\u00e1rios intermedi\u00e1rios podem estar envolvidos ao longo do processo, como agentes de vendas, diversos fornecedores, atacadistas, distribuidores, etc.<\/p>\n\n\n\n<p>Nossos advogados especializados em responsabilidade por produtos defeituosos em Sandy Springs, do escrit\u00f3rio Diaz &amp; Gaeta, podem demonstrar como cada parte respons\u00e1vel contribuiu para seus ferimentos ao desempenhar seu papel na distribui\u00e7\u00e3o do produto, o que, em \u00faltima an\u00e1lise, levou a um produto defeituoso que lhe causou danos.<\/p>\n\n\n\n<h2 class=\"wp-block-heading\" id=\"aioseo-about-medical-products\" style=\"padding-top:var(--wp--preset--spacing--20)\">Sobre Produtos M\u00e9dicos<\/h2>\n\n\n\n<p>No caso de produtos m\u00e9dicos e farmac\u00eauticos, existem outras duas partes que podem ser responsabilizadas.<\/p>\n\n\n\n<p>Qualquer hospital ou estabelecimento m\u00e9dico que tenha feito parte da cadeia de distribui\u00e7\u00e3o do produto defeituoso pode ser responsabilizado por seus ferimentos ou doen\u00e7as.<\/p>\n\n\n\n<p>Qualquer m\u00e9dico que tenha recomendado um medicamento ou produto m\u00e9dico que tenha resultado em danos e n\u00e3o tenha alertado sobre os riscos e perigos potenciais, ou n\u00e3o tenha fornecido instru\u00e7\u00f5es suficientes sobre o uso correto do produto, tamb\u00e9m pode ser responsabilizado por danos.<\/p>\n\n\n\n<p>Seu advogado especializado em responsabilidade por produtos defeituosos em Sandy Springs investigar\u00e1 todas as possibilidades adequadamente.<\/p>\n\n\n\n<h2 class=\"wp-block-heading\" id=\"aioseo-contact-our-sandy-springs-product-liability-lawyers-today\" style=\"padding-top:var(--wp--preset--spacing--20)\">Entre em contato com nossos advogados especializados em responsabilidade por produtos defeituosos em Sandy Springs hoje mesmo!<\/h2>\n\n\n\n<p>Nosso escrit\u00f3rio de advocacia em Sandy Springs conta com uma vasta experi\u00eancia entre seus advogados especializados em responsabilidade por produtos defeituosos. Nosso conhecimento diversificado em v\u00e1rias \u00e1reas do direito nos permite lidar com os casos mais complexos e lutar pelos direitos de nossos clientes.<\/p>\n\n\n\n<p>Acreditamos em tratar nossos clientes com honestidade e respeito, da mesma forma que tratar\u00edamos nossas fam\u00edlias. Nos esfor\u00e7amos para tornar a representa\u00e7\u00e3o legal acess\u00edvel e sempre oferecemos uma consulta gratuita.<\/p>\n\n\n\n<p>Se voc\u00ea ou um ente querido sofreu danos devido a um produto defeituoso, n\u00e3o precisa enfrentar sozinho o preju\u00edzo e a complexidade do sistema jur\u00eddico. Sem a representa\u00e7\u00e3o de um advogado experiente em responsabilidade por produtos defeituosos em Sandy Springs, voc\u00ea pode ser coagido a aceitar um acordo muito abaixo do que tem direito.<\/p>\n\n\n\n<p>Contato <strong><a href=\"https:\/\/dglawga.com\/pt\/\">Diaz e Gaeta<\/a><\/strong> no <a href=\"tel:+16785032780\"><strong>678-503-2780<\/strong><\/a> Fale com um de nossos experientes advogados de responsabilidade por produtos defeituosos em Sandy Springs, Ge\u00f3rgia. Representaremos voc\u00ea em seu caso e lutaremos para que voc\u00ea receba a indeniza\u00e7\u00e3o m\u00e1xima a que tem direito.<\/p>\n\n\n\n<p>Ao nos permitir represent\u00e1-lo(a), voc\u00ea pode concentrar suas energias na cura e na recupera\u00e7\u00e3o, com a tranquilidade de saber que tem os melhores advogados de responsabilidade por produtos defeituosos de Sandy Springs ao seu lado.<\/p>","protected":false},"excerpt":{"rendered":"<p>When you use a product, you have reason to expect that this product will function safely. However, if this product malfunctioned and it caused you injury or damaged your property, you are entitled to be compensated for your injuries and loss. Manufacturers and distributors are legally responsible to make sure that the product they sell [&hellip;]<\/p>\n","protected":false},"author":34,"featured_media":0,"parent":2044,"menu_order":0,"comment_status":"closed","ping_status":"closed","template":"wp-custom-template-sandy-springs-services","meta":{"_acf_changed":false,"_themeisle_gutenberg_block_has_review":false,"footnotes":""},"categories":[52],"tags":[124,123,120,21,122,59,126,58,121,125,119,26,55,118,116,117,22,142,143],"class_list":["post-2082","page","type-page","status-publish","hentry","category-sandy-springs-location","tag-abogado-coche-acidente","tag-abogado-gratis","tag-attorney-lawyer","tag-car-accidents","tag-car-accidents-lawyer","tag-family-law","tag-imigracion-abogados","tag-immigration","tag-immigration-lawyer","tag-marietta-abogado","tag-marietta-lawyer","tag-personal-injury","tag-product-liability","tag-top-lawyer-in-marietta","tag-top-lawyers-in-atlanta","tag-top-lawyers-in-smyrna","tag-truck-accident","tag-truck-accident-attorneys","tag-truck-crash"],"acf":[],"aioseo_notices":[],"_links":{"self":[{"href":"https:\/\/dglawga.com\/pt\/wp-json\/wp\/v2\/pages\/2082","targetHints":{"allow":["GET"]}}],"collection":[{"href":"https:\/\/dglawga.com\/pt\/wp-json\/wp\/v2\/pages"}],"about":[{"href":"https:\/\/dglawga.com\/pt\/wp-json\/wp\/v2\/types\/page"}],"author":[{"embeddable":true,"href":"https:\/\/dglawga.com\/pt\/wp-json\/wp\/v2\/users\/34"}],"replies":[{"embeddable":true,"href":"https:\/\/dglawga.com\/pt\/wp-json\/wp\/v2\/comments?post=2082"}],"version-history":[{"count":2,"href":"https:\/\/dglawga.com\/pt\/wp-json\/wp\/v2\/pages\/2082\/revisions"}],"predecessor-version":[{"id":7786,"href":"https:\/\/dglawga.com\/pt\/wp-json\/wp\/v2\/pages\/2082\/revisions\/7786"}],"up":[{"embeddable":true,"href":"https:\/\/dglawga.com\/pt\/wp-json\/wp\/v2\/pages\/2044"}],"wp:attachment":[{"href":"https:\/\/dglawga.com\/pt\/wp-json\/wp\/v2\/media?parent=2082"}],"wp:term":[{"taxonomy":"category","embeddable":true,"href":"https:\/\/dglawga.com\/pt\/wp-json\/wp\/v2\/categories?post=2082"},{"taxonomy":"post_tag","embeddable":true,"href":"https:\/\/dglawga.com\/pt\/wp-json\/wp\/v2\/tags?post=2082"}],"curies":[{"name":"wp","href":"https:\/\/api.w.org\/{rel}","templated":true}]}}