{"id":2085,"date":"2022-06-07T17:58:13","date_gmt":"2022-06-07T17:58:13","guid":{"rendered":"https:\/\/diazgaetalaw.wpengine.com\/?page_id=2085"},"modified":"2025-06-15T23:40:40","modified_gmt":"2025-06-16T04:40:40","slug":"advogado-de-defesa-criminal","status":"publish","type":"page","link":"https:\/\/dglawga.com\/pt\/sandy-springs\/criminal-defense-lawyer\/","title":{"rendered":"Advogado de Defesa Criminal em Sandy Springs"},"content":{"rendered":"<p>O impacto potencial que uma condena\u00e7\u00e3o criminal pode ter sobre sua liberdade, finan\u00e7as, bem como sobre sua vida pessoal e profissional, pode ser devastador. Al\u00e9m de enfrentar uma longa pena de pris\u00e3o e\/ou multas elevadas, suas futuras oportunidades de emprego podem ser limitadas e voc\u00ea pode perder certos direitos.<\/p>\n\n\n\n<p>Voc\u00ea precisa de representa\u00e7\u00e3o legal qualificada de um advogado de defesa criminal em Sandy Springs para proteger seu futuro.<\/p>\n\n\n\n<p>Se voc\u00ea est\u00e1 numa situa\u00e7\u00e3o em que chegou a hora de encontrar a melhor op\u00e7\u00e3o, <strong><a href=\"https:\/\/dglawga.com\/pt\/fontes-arenosas\/\">Advogado de defesa criminal em Sandy Springs<\/a><\/strong> Ent\u00e3o, voc\u00ea vai querer entrar em contato com Diaz &amp; Gaeta. Estamos comprometidos em fornecer uma defesa agressiva para pessoas que foram acusadas ou indiciadas por todos os tipos de crimes.<\/p>\n\n\n\n<p>Para saber mais sobre os servi\u00e7os que voc\u00ea pode obter com nosso escrit\u00f3rio de advocacia experiente em Sandy Springs, entre em contato conosco pelo telefone [inserir n\u00famero de telefone]. <a href=\"tel:+16785032780\"><strong>678-503-2780<\/strong><\/a> Para uma consulta gratuita.<\/p>\n\n\n\n<div class=\"wp-block-group has-accent-background-color has-background is-vertical is-layout-flex wp-container-core-group-is-layout-283d9697 wp-block-group-is-layout-flex\" style=\"border-top-left-radius:15px;border-top-right-radius:15px;margin-top:var(--wp--preset--spacing--30)\">\n<h2 class=\"wp-block-heading has-primary-color has-text-color has-link-color wp-elements-4164a61e17ffbe9e8a7446952ec87a5a\" id=\"aioseo-table-of-contents\">\u00cdNDICE<\/h2>\n<\/div>\n\n\n\n<div class=\"wp-block-group has-background is-vertical is-layout-flex wp-container-core-group-is-layout-d644fc7a wp-block-group-is-layout-flex\" style=\"border-bottom-left-radius:15px;border-bottom-right-radius:15px;background-color:#f3f3f3;margin-top:0\"><div class=\"wp-block-aioseo-table-of-contents\"><ul><li><a class=\"aioseo-toc-item\" href=\"#aioseo-what-are-your-rights-as-a-criminal-defendant-in-georgia\">Quais s\u00e3o os seus direitos como r\u00e9u em um processo criminal na Ge\u00f3rgia?<\/a><ul><li><a class=\"aioseo-toc-item\" href=\"#aioseo-the-fourth-amendment\">A Quarta Emenda<\/a><\/li><li><a class=\"aioseo-toc-item\" href=\"#aioseo-the-fifth-amendment\">A Quinta Emenda<\/a><\/li><li><a class=\"aioseo-toc-item\" href=\"#aioseo-the-sixth-amendment\">A Sexta Emenda<\/a><\/li><li><a class=\"aioseo-toc-item\" href=\"#aioseo-the-eighth-amendment\">A Oitava Emenda<\/a><\/li><\/ul><\/li><li><a class=\"aioseo-toc-item\" href=\"#aioseo-what-is-a-misdemeanor-vs-a-felony-in-georgia\">Qual a diferen\u00e7a entre um delito menor e um crime grave na Ge\u00f3rgia?<\/a><\/li><li><a class=\"aioseo-toc-item\" href=\"#aioseo-should-i-speak-to-a-sandy-springs-criminal-defense-lawyer-before-talking-to-the-police\">Devo falar com um advogado de defesa criminal em Sandy Springs antes de falar com a pol\u00edcia?<\/a><\/li><li><a class=\"aioseo-toc-item\" href=\"#aioseo-how-does-the-habitual-offender-law-work\">Como funciona a lei de reincid\u00eancia?<\/a><\/li><li><a class=\"aioseo-toc-item\" href=\"#aioseo-how-will-a-sandy-springs-criminal-defense-lawyer-help-me\">Como um advogado de defesa criminal em Sandy Springs pode me ajudar?<\/a><\/li><li><a class=\"aioseo-toc-item\" href=\"#aioseo-what-is-the-cost-of-legal-representation\">Qual o custo da representa\u00e7\u00e3o legal?<\/a><\/li><li><a class=\"aioseo-toc-item\" href=\"#aioseo-is-there-an-advantage-to-going-with-a-private-attorney-compared-to-a-court-appointed-attorney\">H\u00e1 alguma vantagem em contratar um advogado particular em vez de um advogado nomeado pelo tribunal?<\/a><\/li><li><a class=\"aioseo-toc-item\" href=\"#aioseo-can-you-represent-yourself\">Voc\u00ea pode se representar?<\/a><\/li><li><a class=\"aioseo-toc-item\" href=\"#aioseo-should-i-accept-a-plea-bargain\">Devo aceitar um acordo judicial?<\/a><\/li><li><a class=\"aioseo-toc-item\" href=\"#aioseo-how-to-appeal-a-conviction-in-georgia\">Como recorrer de uma condena\u00e7\u00e3o na Ge\u00f3rgia<\/a><\/li><li><a class=\"aioseo-toc-item\" href=\"#aioseo-contact-our-sandy-springs-criminal-defense-lawyers-today\">Entre em contato com nossos advogados de defesa criminal em Sandy Springs hoje mesmo!<\/a><\/li><\/ul><\/div><\/div>\n\n\n\n<h2 class=\"wp-block-heading\" id=\"aioseo-what-are-your-rights-as-a-criminal-defendant-in-georgia\" style=\"padding-top:var(--wp--preset--spacing--20)\">Quais s\u00e3o os seus direitos como r\u00e9u em um processo criminal na Ge\u00f3rgia?<\/h2>\n\n\n\n<p>Se voc\u00ea foi preso por um poss\u00edvel crime, pode estar se perguntando quais s\u00e3o seus direitos. A Constitui\u00e7\u00e3o dos EUA garante muitos direitos aos r\u00e9us em processos criminais. Aqui est\u00e3o os direitos mais importantes que um r\u00e9u em um processo criminal na Ge\u00f3rgia possui:<\/p>\n\n\n\n<h4 class=\"wp-block-heading\" id=\"aioseo-the-fourth-amendment\">A Quarta Emenda<\/h4>\n\n\n\n<p>A Quarta Emenda pro\u00edbe que as autoridades policiais realizem buscas ou apreens\u00f5es sem mandado judicial. Ela estipula que a pol\u00edcia precisa de justa causa para abordar algu\u00e9m e realizar uma busca sem mandado.<\/p>\n\n\n\n<p>A pol\u00edcia \u00e9 obrigada a obter um mandado judicial antes de realizar qualquer busca ou apreens\u00e3o. A lei tamb\u00e9m estipula que provas obtidas por meios ilegais n\u00e3o s\u00e3o admiss\u00edveis em ju\u00edzo.<\/p>\n\n\n\n<h4 class=\"wp-block-heading\" id=\"aioseo-the-fifth-amendment\">A Quinta Emenda<\/h4>\n\n\n\n<p>A Quinta Emenda abrange uma s\u00e9rie de prote\u00e7\u00f5es importantes para pessoas que enfrentam acusa\u00e7\u00f5es criminais, incluindo:<\/p>\n\n\n\n<ul class=\"wp-block-list\">\n<li>Prote\u00e7\u00e3o contra a autoincrimina\u00e7\u00e3o (direito de permanecer em sil\u00eancio).<\/li>\n\n\n\n<li>Prote\u00e7\u00e3o contra dupla puni\u00e7\u00e3o (ser processado duas vezes pela mesma acusa\u00e7\u00e3o criminal).<\/li>\n\n\n\n<li>O direito a um julgamento justo.<\/li>\n\n\n\n<li>O direito a um julgamento por j\u00fari.<\/li>\n<\/ul>\n\n\n\n<h4 class=\"wp-block-heading\" id=\"aioseo-the-sixth-amendment\">A Sexta Emenda<\/h4>\n\n\n\n<p>De acordo com a Sexta Emenda, os r\u00e9us em processos criminais devem ser informados das acusa\u00e7\u00f5es que lhes s\u00e3o imputadas. Ela tamb\u00e9m garante o direito a um julgamento p\u00fablico sem demora. A Sexta Emenda tamb\u00e9m garante aos r\u00e9us o direito de conhecer seus acusadores e confront\u00e1-los.<\/p>\n\n\n\n<p>Esta emenda tamb\u00e9m garante o seu direito \u00e0 representa\u00e7\u00e3o legal (o direito a um advogado). Para aqueles que n\u00e3o t\u00eam condi\u00e7\u00f5es de pagar um, o tribunal deve providenciar um. De acordo com esta emenda, a acusa\u00e7\u00e3o \u00e9 obrigada a revelar quaisquer provas contra voc\u00ea que ser\u00e3o apresentadas ao juiz e ao j\u00fari.<\/p>\n\n\n\n<p>Qualquer prova apresentada em tribunal pela acusa\u00e7\u00e3o que n\u00e3o tenha sido mencionada anteriormente viola a Sexta Emenda.<\/p>\n\n\n\n<h4 class=\"wp-block-heading\" id=\"aioseo-the-eighth-amendment\">A Oitava Emenda<\/h4>\n\n\n\n<p>A oitava emenda garante o seu direito \u00e0 fian\u00e7a e protege voc\u00ea contra fian\u00e7as ou multas excessivas, bem como contra puni\u00e7\u00f5es cru\u00e9is ou incomuns. Esta emenda pro\u00edbe os tribunais de aplicarem puni\u00e7\u00f5es desproporcionais baseadas em sentimentos pessoais ou preconceitos contra o r\u00e9u.<\/p>\n\n\n\n<h2 class=\"wp-block-heading\" id=\"aioseo-what-is-a-misdemeanor-vs-a-felony-in-georgia\" style=\"padding-top:var(--wp--preset--spacing--20)\">Qual a diferen\u00e7a entre um delito menor e um crime grave na Ge\u00f3rgia?<\/h2>\n\n\n\n<p>Em compara\u00e7\u00e3o com um crime grave, uma contraven\u00e7\u00e3o acarreta consequ\u00eancias menos severas. Conforme <strong><a href=\"https:\/\/casetext.com\/statute\/code-of-georgia\/title-17-criminal-procedure\/chapter-10-sentence-and-punishment\/article-1-procedure-for-sentencing-and-imposition-of-punishment\/section-17-10-3-punishment-for-misdemeanors-generally\" target=\"_blank\" rel=\"noopener nofollow\">Estatuto da Ge\u00f3rgia OCGA 17-10-3<\/a><\/strong>, um delito menor \u00e9 um crime pun\u00edvel com multa n\u00e3o superior a 1.000 ou pena de pris\u00e3o n\u00e3o superior a 12 meses, ou ambas.<\/p>\n\n\n\n<p>Exemplos de contraven\u00e7\u00f5es penais na Ge\u00f3rgia incluem embriaguez em p\u00fablico, posse de menos de uma on\u00e7a de maconha, dirigir sob influ\u00eancia de \u00e1lcool ou drogas e furto em que o valor da propriedade roubada seja inferior a $500.<\/p>\n\n\n\n<p>No estado da Ge\u00f3rgia, um crime grave \u00e9 definido como um crime pun\u00edvel com pena de pris\u00e3o de no m\u00ednimo 12 meses, pris\u00e3o perp\u00e9tua ou pena de morte.<\/p>\n\n\n\n<p>Alguns exemplos de penas m\u00e1ximas para crimes graves incluem:<\/p>\n\n\n\n<ul class=\"wp-block-list\">\n<li><strong>Crime com pena de at\u00e9 5 anos de pris\u00e3o:<\/strong> Agress\u00e3o sexual contra menor de 16 anos, obstru\u00e7\u00e3o de um agente policial.<\/li>\n\n\n\n<li><strong>Crime com pena de at\u00e9 10 anos de pris\u00e3o:<\/strong> Roubo mediante extors\u00e3o, persegui\u00e7\u00e3o agravada.<\/li>\n\n\n\n<li><strong>Pris\u00e3o perp\u00e9tua:<\/strong> Estupro, homic\u00eddio em segundo grau, sequestro para resgate.<\/li>\n\n\n\n<li><strong>Pena de morte:<\/strong> homic\u00eddio qualificado, trai\u00e7\u00e3o e sequestro de aeronave.<\/li>\n<\/ul>\n\n\n\n<h2 class=\"wp-block-heading\" id=\"aioseo-should-i-speak-to-a-sandy-springs-criminal-defense-lawyer-before-talking-to-the-police\" style=\"padding-top:var(--wp--preset--spacing--20)\">Devo falar com um advogado de defesa criminal em Sandy Springs antes de falar com a pol\u00edcia?<\/h2>\n\n\n\n<p>\u00c9 sempre melhor consultar um advogado antes de falar com a pol\u00edcia. Voc\u00ea tem o direito de permanecer em sil\u00eancio enquanto estiver sob cust\u00f3dia policial. A pol\u00edcia n\u00e3o pode obrig\u00e1-lo a fornecer detalhes sobre o crime do qual est\u00e1 sendo acusado.<\/p>\n\n\n\n<p>Voc\u00ea possui direitos legais espec\u00edficos e um advogado de defesa criminal em Sandy Springs entende esses direitos e sabe como proteg\u00ea-los.<\/p>\n\n\n\n<p>Se voc\u00ea deseja contratar um escrit\u00f3rio de advocacia que realmente priorize seus interesses, entre em contato com os advogados de defesa criminal de Sandy Springs da Diaz &amp; Gaeta. <a href=\"tel:+16785032780\"><strong>678-503-2780<\/strong><\/a>. Com certeza, n\u00f3s ajudaremos.<\/p>\n\n\n\n<h2 class=\"wp-block-heading\" id=\"aioseo-how-does-the-habitual-offender-law-work\" style=\"padding-top:var(--wp--preset--spacing--20)\">Como funciona a lei de reincid\u00eancia?<\/h2>\n\n\n\n<p>A lei sobre reincid\u00eancia criminal centra-se no hist\u00f3rico de uma pessoa e na probabilidade de ela cometer um crime semelhante ou diferente. Isso funciona como um m\u00e9todo preventivo para garantir que o reincidente n\u00e3o volte a infringir a lei.<\/p>\n\n\n\n<p>A lei de reincid\u00eancia permite ao juiz impor puni\u00e7\u00f5es mais severas a quem j\u00e1 cumpriu a pena. <strong><a href=\"https:\/\/casetext.com\/statute\/code-of-georgia\/title-17-criminal-procedure\/chapter-10-sentence-and-punishment\/article-1-procedure-for-sentencing-and-imposition-of-punishment\/section-17-10-7-punishment-of-repeat-offenders-punishment-and-eligibility-for-parole-of-persons-convicted-of-fourth-felony-offense\" target=\"_blank\" rel=\"noopener nofollow\">reincidentes<\/a><\/strong>. No estado da Ge\u00f3rgia, um criminoso habitual \u00e9 qualquer pessoa que tenha sido condenada por pelo menos tr\u00eas crimes graves nos \u00faltimos cinco anos.<\/p>\n\n\n\n<p>Em uma situa\u00e7\u00e3o como essa, voc\u00ea deve entrar em contato com nossos advogados de defesa criminal em Sandy Springs. <br>no <a href=\"tel:+16785032780\"><strong>678-503-2780<\/strong><\/a>.<\/p>\n\n\n\n<figure class=\"wp-block-image aligncenter\" style=\"margin-top:var(--wp--preset--spacing--20);margin-bottom:var(--wp--preset--spacing--20)\"><a href=\"https:\/\/dglawga.com\/wp-content\/uploads\/2022\/06\/sandy-springs-criminal-defense-lawyer-diaz.jpg\"><img loading=\"lazy\" decoding=\"async\" width=\"600\" height=\"338\" src=\"https:\/\/dglawga.com\/wp-content\/uploads\/2022\/06\/sandy-springs-criminal-defense-lawyer-diaz.jpg\" alt=\"Advogado de defesa criminal de Sandy Springs conversando com homem algemado.\" class=\"wp-image-3267\" srcset=\"https:\/\/dglawga.com\/wp-content\/uploads\/2022\/06\/sandy-springs-criminal-defense-lawyer-diaz.jpg 600w, https:\/\/dglawga.com\/wp-content\/uploads\/2022\/06\/sandy-springs-criminal-defense-lawyer-diaz-300x169.jpg 300w\" sizes=\"auto, (max-width: 600px) 100vw, 600px\" \/><\/a><\/figure>\n\n\n\n<h2 class=\"wp-block-heading\" id=\"aioseo-how-will-a-sandy-springs-criminal-defense-lawyer-help-me\" style=\"padding-top:var(--wp--preset--spacing--20)\">Como um advogado de defesa criminal em Sandy Springs pode me ajudar?<\/h2>\n\n\n\n<p>Ao considerar suas op\u00e7\u00f5es legais, torna-se crucial escolher um profissional com forma\u00e7\u00e3o espec\u00edfica em defesa criminal. \u00c9 por isso que contar com um advogado de defesa criminal altamente experiente e dedicado em Sandy Springs faz toda a diferen\u00e7a.<\/p>\n\n\n\n<p>Na Diaz &amp; Gaeta, oferecemos uma ampla gama de solu\u00e7\u00f5es e recursos que podem auxiliar nossos clientes da \u00e1rea jur\u00eddica.<\/p>\n\n\n\n<p>Isso inclui:<\/p>\n\n\n\n<ul class=\"wp-block-list\">\n<li>Prepara\u00e7\u00e3o de casos.<\/li>\n\n\n\n<li>Acordos de confiss\u00e3o de culpa.<\/li>\n\n\n\n<li>Avalia\u00e7\u00e3o dos resultados dos casos.<\/li>\n\n\n\n<li>Conhecimento da legisla\u00e7\u00e3o e das normas judiciais.<\/li>\n\n\n\n<li>Experi\u00eancia em julgamentos.<\/li>\n<\/ul>\n\n\n\n<p>Se voc\u00ea quer fazer as coisas da maneira correta, saber\u00e1 que \u00e9 hora de contratar Diaz &amp; Gaeta para o seu caso. Estaremos no controle de tudo imediatamente.<\/p>\n\n\n\n<h2 class=\"wp-block-heading\" id=\"aioseo-what-is-the-cost-of-legal-representation\" style=\"padding-top:var(--wp--preset--spacing--20)\">Qual o custo da representa\u00e7\u00e3o legal?<\/h2>\n\n\n\n<p>Cada caso criminal \u00e9 diferente. O valor que voc\u00ea pode esperar pagar por um advogado criminalista particular varia dependendo de diversos fatores, incluindo o tipo de caso, a gravidade do crime, a experi\u00eancia do advogado e sua situa\u00e7\u00e3o financeira. Se o seu caso for a julgamento, voc\u00ea acabar\u00e1 pagando mais.<\/p>\n\n\n\n<p>Seu advogado de defesa criminal de confian\u00e7a em Sandy Springs ir\u00e1 auxili\u00e1-lo e orient\u00e1-lo devido a esses fatores.<\/p>\n\n\n\n<h2 class=\"wp-block-heading\" id=\"aioseo-is-there-an-advantage-to-going-with-a-private-attorney-compared-to-a-court-appointed-attorney\" style=\"padding-top:var(--wp--preset--spacing--20)\">H\u00e1 alguma vantagem em contratar um advogado particular em vez de um advogado nomeado pelo tribunal?<\/h2>\n\n\n\n<p>Os advogados nomeados pelo tribunal s\u00e3o funcion\u00e1rios p\u00fablicos encarregados de representar r\u00e9us em processos criminais que n\u00e3o t\u00eam condi\u00e7\u00f5es de contratar seus pr\u00f3prios advogados. Consequentemente, muitas vezes s\u00e3o sobrecarregados de trabalho e mal remunerados.<\/p>\n\n\n\n<p>A vantagem de contratar um advogado particular \u00e9 saber que ele trabalhar\u00e1 com menos casos, o que significa que poder\u00e1 dedicar mais tempo \u00e0 sua estrat\u00e9gia jur\u00eddica e oferecer um servi\u00e7o personalizado. Al\u00e9m disso, ele tem maior acesso a recursos.<\/p>\n\n\n\n<p>Isso \u00e9 muito melhor do que recorrer a um advogado nomeado pelo tribunal, que ter\u00e1 menos incentivo para orient\u00e1-lo na dire\u00e7\u00e3o correta. Na Diaz &amp; Gaeta, sabemos o qu\u00e3o importante \u00e9 um advogado particular e, por isso, dedicaremos o tempo necess\u00e1rio para ajud\u00e1-lo assim que voc\u00ea ligar. <a href=\"tel:+16785032780\"><strong>678-503-2780<\/strong><\/a>.<\/p>\n\n\n\n<h2 class=\"wp-block-heading\" id=\"aioseo-can-you-represent-yourself\" style=\"padding-top:var(--wp--preset--spacing--20)\">Voc\u00ea pode se representar?<\/h2>\n\n\n\n<p>Voc\u00ea tem o direito de se representar em um processo criminal, mas essa n\u00e3o \u00e9 a melhor op\u00e7\u00e3o. Quase todos os casos criminais em que o r\u00e9u se representa a si mesmo terminam em condena\u00e7\u00e3o, com penas mais severas.<\/p>\n\n\n\n<p>Os promotores n\u00e3o perder\u00e3o tempo em desmontar sua fr\u00e1gil estrat\u00e9gia de defesa. Voc\u00ea tamb\u00e9m corre o risco de ser condenado por uma quest\u00e3o t\u00e9cnica devido ao desconhecimento das leis e do sistema de justi\u00e7a criminal.<\/p>\n\n\n\n<p>Na Diaz &amp; Gaeta, acreditamos que a melhor op\u00e7\u00e3o \u00e9 escolher um escrit\u00f3rio de advocacia que seja confi\u00e1vel, qualificado e esteja pronto para prestar assist\u00eancia profissional.<\/p>\n\n\n\n<p>Somos um escrit\u00f3rio de advocacia de qualidade, com honor\u00e1rios acess\u00edveis, e garantimos que faremos o trabalho necess\u00e1rio para lhe auxiliar neste momento dif\u00edcil. Para saber mais, entre em contato com nossa experiente equipe de advogados de defesa criminal em Sandy Springs, da Diaz &amp; Gaeta, pelo telefone [inserir n\u00famero de telefone]. <a href=\"tel:+16785032780\"><strong>678-503-2780<\/strong><\/a>.<\/p>\n\n\n\n<h2 class=\"wp-block-heading\" id=\"aioseo-should-i-accept-a-plea-bargain\" style=\"padding-top:var(--wp--preset--spacing--20)\">Devo aceitar um acordo judicial?<\/h2>\n\n\n\n<p>Um acordo judicial pode ser oferecido durante o processo legal. \u00c9 seu direito decidir qual caminho seguir, e isso depende da sua situa\u00e7\u00e3o espec\u00edfica.<\/p>\n\n\n\n<p>A melhor abordagem \u00e9 sentar e analisar o acordo de confiss\u00e3o de culpa com um advogado de defesa criminal confi\u00e1vel de Sandy Springs, do escrit\u00f3rio Diaz &amp; Gaeta.<\/p>\n\n\n\n<p>Analisaremos cada parte do acordo com calma para verificar se est\u00e1 de acordo com o que voc\u00ea deseja.<\/p>\n\n\n\n<h2 class=\"wp-block-heading\" id=\"aioseo-how-to-appeal-a-conviction-in-georgia\" style=\"padding-top:var(--wp--preset--spacing--20)\">Como recorrer de uma condena\u00e7\u00e3o na Ge\u00f3rgia<\/h2>\n\n\n\n<p>Quando h\u00e1 uma condena\u00e7\u00e3o no estado da Ge\u00f3rgia, voc\u00ea imediatamente vai querer saber quais s\u00e3o os pr\u00f3ximos passos.<\/p>\n\n\n\n<p>Voc\u00ea pode entrar com um recurso para que a condena\u00e7\u00e3o seja anulada. Na Ge\u00f3rgia, os casos de homic\u00eddio s\u00e3o levados \u00e0 Suprema Corte. <strong><a href=\"https:\/\/www.gasupreme.us\/\" target=\"_blank\" rel=\"noopener\">Suprema Corte<\/a><\/strong> enquanto outros casos criminais s\u00e3o levados \u00e0 aprecia\u00e7\u00e3o do <strong><a href=\"https:\/\/www.gaappeals.us\/\" target=\"_blank\" rel=\"noopener\">Tribunal de Apela\u00e7\u00f5es<\/a><\/strong>.<\/p>\n\n\n\n<p>Na Diaz &amp; Gaeta, podemos ajudar voc\u00ea a ter acesso a esse tipo de processo legal e garantir que sua defesa seja feita com o m\u00e1ximo cuidado. Nossos recursos jur\u00eddicos asseguram que voc\u00ea receber\u00e1 o suporte jur\u00eddico adequado em todas as etapas do processo. Isso \u00e9 especialmente \u00fatil ao recorrer de uma condena\u00e7\u00e3o que voc\u00ea considera injusta e ilegal.<\/p>\n\n\n\n<h2 class=\"wp-block-heading\" id=\"aioseo-contact-our-sandy-springs-criminal-defense-lawyers-today\" style=\"padding-top:var(--wp--preset--spacing--20)\">Entre em contato com nossos advogados de defesa criminal em Sandy Springs hoje mesmo!<\/h2>\n\n\n\n<p>N\u00e3o \u00e9 f\u00e1cil estar numa situa\u00e7\u00e3o em que \u00e9 preciso enfrentar um processo criminal. Ele envolve uma s\u00e9rie de etapas complexas e cada uma delas deve ser tratada com cuidado.<\/p>\n\n\n\n<p>Para resolver um caso como este da maneira correta, voc\u00ea vai querer consultar o advogado de defesa criminal de Sandy Springs. <strong><a href=\"https:\/\/dglawga.com\/pt\/\">Diaz e Gaeta<\/a><\/strong> tem que sugerir.<\/p>\n\n\n\n<p>Somos treinados para auxiliar nesse tipo de caso e garantiremos que tudo seja feito para ajudar. Para saber mais sobre o que fazemos pelos nossos clientes, entre em contato com seu advogado de defesa criminal em Sandy Springs. <a href=\"tel:+16785032780\"><strong>678-503-2780<\/strong><\/a> Para uma consulta gratuita.<\/p>","protected":false},"excerpt":{"rendered":"<p>The potential impact a criminal conviction can have on your freedom, finances, as well as personal and professional life can be devastating. In addition to facing a lengthy prison sentence and\/or hefty fines, your future employment opportunities may become limited, and you may lose certain rights. You need skilled legal representation from a Sandy Springs [&hellip;]<\/p>\n","protected":false},"author":34,"featured_media":0,"parent":2044,"menu_order":0,"comment_status":"closed","ping_status":"closed","template":"wp-custom-template-sandy-springs-services","meta":{"_acf_changed":false,"_themeisle_gutenberg_block_has_review":false,"footnotes":""},"categories":[52],"tags":[124,123,120,21,122,57,59,126,58,121,125,119,26,118,116,117,22,142,143],"class_list":["post-2085","page","type-page","status-publish","hentry","category-sandy-springs-location","tag-abogado-coche-acidente","tag-abogado-gratis","tag-attorney-lawyer","tag-car-accidents","tag-car-accidents-lawyer","tag-criminal-defense","tag-family-law","tag-imigracion-abogados","tag-immigration","tag-immigration-lawyer","tag-marietta-abogado","tag-marietta-lawyer","tag-personal-injury","tag-top-lawyer-in-marietta","tag-top-lawyers-in-atlanta","tag-top-lawyers-in-smyrna","tag-truck-accident","tag-truck-accident-attorneys","tag-truck-crash"],"acf":[],"aioseo_notices":[],"_links":{"self":[{"href":"https:\/\/dglawga.com\/pt\/wp-json\/wp\/v2\/pages\/2085","targetHints":{"allow":["GET"]}}],"collection":[{"href":"https:\/\/dglawga.com\/pt\/wp-json\/wp\/v2\/pages"}],"about":[{"href":"https:\/\/dglawga.com\/pt\/wp-json\/wp\/v2\/types\/page"}],"author":[{"embeddable":true,"href":"https:\/\/dglawga.com\/pt\/wp-json\/wp\/v2\/users\/34"}],"replies":[{"embeddable":true,"href":"https:\/\/dglawga.com\/pt\/wp-json\/wp\/v2\/comments?post=2085"}],"version-history":[{"count":3,"href":"https:\/\/dglawga.com\/pt\/wp-json\/wp\/v2\/pages\/2085\/revisions"}],"predecessor-version":[{"id":8536,"href":"https:\/\/dglawga.com\/pt\/wp-json\/wp\/v2\/pages\/2085\/revisions\/8536"}],"up":[{"embeddable":true,"href":"https:\/\/dglawga.com\/pt\/wp-json\/wp\/v2\/pages\/2044"}],"wp:attachment":[{"href":"https:\/\/dglawga.com\/pt\/wp-json\/wp\/v2\/media?parent=2085"}],"wp:term":[{"taxonomy":"category","embeddable":true,"href":"https:\/\/dglawga.com\/pt\/wp-json\/wp\/v2\/categories?post=2085"},{"taxonomy":"post_tag","embeddable":true,"href":"https:\/\/dglawga.com\/pt\/wp-json\/wp\/v2\/tags?post=2085"}],"curies":[{"name":"wp","href":"https:\/\/api.w.org\/{rel}","templated":true}]}}