{"id":2086,"date":"2022-06-07T17:58:55","date_gmt":"2022-06-07T17:58:55","guid":{"rendered":"https:\/\/diazgaetalaw.wpengine.com\/?page_id=2086"},"modified":"2025-06-15T23:48:34","modified_gmt":"2025-06-16T04:48:34","slug":"advogado-de-imigracao","status":"publish","type":"page","link":"https:\/\/dglawga.com\/pt\/sandy-springs\/immigration-lawyer\/","title":{"rendered":"Advogado de Imigra\u00e7\u00e3o em Sandy Springs"},"content":{"rendered":"<p>Lidar com os meandros da imigra\u00e7\u00e3o pode ser dif\u00edcil. Voc\u00ea precisar\u00e1 entender as estipula\u00e7\u00f5es legais desse processo e como garantir que esteja sendo representado corretamente. Se a estrat\u00e9gia escolhida estiver errada, isso pode dificultar o andamento do processo t\u00e3o cedo quanto voc\u00ea deseja. Devido a<\/p>\n\n\n\n<p>Devido \u00e0 complexidade de um processo como este, recomendamos que voc\u00ea entre em contato com nossos advogados de imigra\u00e7\u00e3o em Sandy Springs, da Diaz &amp; Gaeta. Analisaremos cada detalhe do seu caso para garantir que a estrat\u00e9gia correta seja elaborada.<\/p>\n\n\n\n<p>Nossos anos de experi\u00eancia em lidar com casos de imigra\u00e7\u00e3o e nosso conhecimento t\u00e9cnico nos permitem oferecer uma solu\u00e7\u00e3o eficaz. Para saber mais sobre o que fazemos na Diaz &amp; Gaeta, entre em contato com um de nossos especialistas. <br>no <a href=\"tel:+16785032780\"><strong>678-503-2780<\/strong><\/a>. Quando voc\u00ea precisa de um top <a href=\"https:\/\/dglawga.com\/pt\/fontes-arenosas\/\"><strong>escrit\u00f3rio de advocacia em Sandy Springs<\/strong><\/a> Somos especialistas em casos de imigra\u00e7\u00e3o, ligue para n\u00f3s!<\/p>\n\n\n\n<div class=\"wp-block-group has-accent-background-color has-background is-vertical is-layout-flex wp-container-core-group-is-layout-283d9697 wp-block-group-is-layout-flex\" style=\"border-top-left-radius:15px;border-top-right-radius:15px;margin-top:var(--wp--preset--spacing--30)\">\n<h2 class=\"wp-block-heading has-primary-color has-text-color has-link-color wp-elements-4164a61e17ffbe9e8a7446952ec87a5a\" id=\"aioseo-table-of-contents\">\u00cdNDICE<\/h2>\n<\/div>\n\n\n\n<div class=\"wp-block-group has-background is-vertical is-layout-flex wp-container-core-group-is-layout-d644fc7a wp-block-group-is-layout-flex\" style=\"border-bottom-left-radius:15px;border-bottom-right-radius:15px;background-color:#f3f3f3;margin-top:0\"><div class=\"wp-block-aioseo-table-of-contents\"><ul><li><a class=\"aioseo-toc-item\" href=\"#aioseo-what-is-the-immigration-naturalization-process\">Qual \u00e9 o processo de imigra\u00e7\u00e3o\/naturaliza\u00e7\u00e3o?<\/a><ul><li><a class=\"aioseo-toc-item\" href=\"#aioseo-meet-citizenship-requirements\">Cumprir os requisitos de cidadania<\/a><\/li><li><a class=\"aioseo-toc-item\" href=\"#aioseo-uscis-processing-of-form-n-400\">Processamento do Formul\u00e1rio N-400 pelo USCIS<\/a><\/li><li><a class=\"aioseo-toc-item\" href=\"#aioseo-complete-biometrics-appointment\">Agendamento completo de coleta de dados biom\u00e9tricos<\/a><\/li><li><a class=\"aioseo-toc-item\" href=\"#aioseo-complete-the-citizenship-interview\">Complete a entrevista de cidadania<\/a><\/li><li><a class=\"aioseo-toc-item\" href=\"#aioseo-complete-the-citizenship-test\">Complete o teste de cidadania<\/a><\/li><li><a class=\"aioseo-toc-item\" href=\"#aioseo-finish-the-naturalization-ceremony\">Finalizar a cerim\u00f4nia de naturaliza\u00e7\u00e3o<\/a><\/li><\/ul><\/li><li><a class=\"aioseo-toc-item\" href=\"#aioseo-what-is-the-process-of-legally-working-in-the-united-states\">Qual \u00e9 o processo para trabalhar legalmente nos Estados Unidos?<\/a><\/li><li><a class=\"aioseo-toc-item\" href=\"#aioseo-can-your-firm-represent-me-in-a-deportation-case\">Seu escrit\u00f3rio pode me representar em um caso de deporta\u00e7\u00e3o?<\/a><\/li><li><a class=\"aioseo-toc-item\" href=\"#aioseo-why-should-i-choose-a-sandy-springs-immigration-lawyer-at-diaz-gaeta-to-represent-me\">Por que devo escolher um advogado de imigra\u00e7\u00e3o de Sandy Springs da Diaz &amp; Gaeta para me representar?<\/a><\/li><li><a class=\"aioseo-toc-item\" href=\"#aioseo-hire-the-best-sandy-springs-immigration-lawyers\">Contrate os melhores advogados de imigra\u00e7\u00e3o de Sandy Springs!<\/a><\/li><\/ul><\/div><\/div>\n\n\n\n<h2 class=\"wp-block-heading\" id=\"aioseo-what-is-the-immigration-naturalization-process\" style=\"padding-top:var(--wp--preset--spacing--20)\">Qual \u00e9 o processo de imigra\u00e7\u00e3o\/naturaliza\u00e7\u00e3o?<\/h2>\n\n\n\n<p>Concluir o processo de imigra\u00e7\u00e3o exige compreender todas as etapas. H\u00e1 partes importantes do processo que muitas vezes s\u00e3o negligenciadas, quando n\u00e3o deveriam. A melhor abordagem \u00e9 garantir que voc\u00ea esteja seguindo todos os passos corretamente. <strong><a href=\"https:\/\/www.uscis.gov\/news\/news-releases\/naturalization-fact-sheet\" target=\"_blank\" rel=\"noopener\">processo de naturaliza\u00e7\u00e3o<\/a><\/strong> A maneira correta de evitar atrasos.<\/p>\n\n\n\n<p>Seu advogado de imigra\u00e7\u00e3o em Sandy Springs poder\u00e1 explicar isso melhor para voc\u00ea.<\/p>\n\n\n\n<p>\u00c9 por isso que os clientes confiam em n\u00f3s da Diaz &amp; Gaeta, porque sabemos exatamente o que o processo deve abranger.<\/p>\n\n\n\n<p>As etapas incluem:<\/p>\n\n\n\n<h4 class=\"wp-block-heading\" id=\"aioseo-meet-citizenship-requirements\">Cumprir os requisitos de cidadania<\/h4>\n\n\n\n<p>A primeira coisa em que voc\u00ea ter\u00e1 que se concentrar s\u00e3o os requisitos para a cidadania. O governo estabeleceu estipula\u00e7\u00f5es claras sobre o que \u00e9 necess\u00e1rio para se tornar cidad\u00e3o dos Estados Unidos.<\/p>\n\n\n\n<p>Para entender quais s\u00e3o esses requisitos, \u00e9 importante consultar um profissional qualificado. Ele ir\u00e1 identificar sua situa\u00e7\u00e3o legal e o que voc\u00ea precisar\u00e1 para que o processo seja conclu\u00eddo conforme o esperado.<\/p>\n\n\n\n<p>Na Diaz &amp; Gaeta, estamos qualificados para auxiliar nessa etapa do processo e o guiaremos em cada passo.<\/p>\n\n\n\n<h4 class=\"wp-block-heading\" id=\"aioseo-uscis-processing-of-form-n-400\">Processamento do Formul\u00e1rio N-400 pelo USCIS<\/h4>\n\n\n\n<p>Para iniciar o processo, \u00e9 importante preencher <strong><a href=\"https:\/\/www.uscis.gov\/n-400\" target=\"_blank\" rel=\"noopener\">Formul\u00e1rio N-400<\/a><\/strong>. Este \u00e9 um formul\u00e1rio integral que ser\u00e1 utilizado para citar todas as informa\u00e7\u00f5es relevantes referentes ao seu pedido de imigra\u00e7\u00e3o.<\/p>\n\n\n\n<p>O ideal \u00e9 fazer isso com a ajuda de um advogado de imigra\u00e7\u00e3o de confian\u00e7a em Sandy Springs. Na Diaz &amp; Gaeta, queremos garantir que voc\u00ea preencha o formul\u00e1rio corretamente e inclua todas as informa\u00e7\u00f5es relevantes. Isso facilitar\u00e1 o processamento do formul\u00e1rio pela ag\u00eancia.<\/p>\n\n\n\n<p>Nosso escrit\u00f3rio de advocacia analisar\u00e1 cada detalhe e ajudar\u00e1 a processar as informa\u00e7\u00f5es da maneira que voc\u00ea preferir. Leve isso em considera\u00e7\u00e3o ao buscar uma solu\u00e7\u00e3o eficaz.<\/p>\n\n\n\n<h4 class=\"wp-block-heading\" id=\"aioseo-complete-biometrics-appointment\">Agendamento completo de coleta de dados biom\u00e9tricos<\/h4>\n\n\n\n<p>A pr\u00f3xima etapa inclui um agendamento para coleta de dados biom\u00e9tricos. Esse agendamento tem como objetivo registrar as caracter\u00edsticas f\u00edsicas espec\u00edficas da pessoa. Isso inclui a coleta de impress\u00f5es digitais e uma foto, que ser\u00e3o inseridas no banco de dados nacional.<\/p>\n\n\n\n<p>Isso \u00e9 importante, pois a coleta desses dados \u00e9 essencial para saber qual indiv\u00edduo est\u00e1 solicitando o status de imigra\u00e7\u00e3o e qual a relev\u00e2ncia da informa\u00e7\u00e3o.<\/p>\n\n\n\n<p>Este agendamento \u00e9 feito pelo USCIS e incluir\u00e1 a coleta da sua assinatura. Todas essas informa\u00e7\u00f5es permanecer\u00e3o no banco de dados por anos, at\u00e9 que sua foto seja atualizada.<\/p>\n\n\n\n<h4 class=\"wp-block-heading\" id=\"aioseo-complete-the-citizenship-interview\">Complete a entrevista de cidadania<\/h4>\n\n\n\n<p>Ap\u00f3s a coleta de todos os dados biom\u00e9tricos, ser\u00e1 agendada uma entrevista para a cidadania. Nessa entrevista, um representante federal far\u00e1 uma s\u00e9rie de perguntas para determinar se voc\u00ea \u00e9 eleg\u00edvel para o status desejado.<\/p>\n\n\n\n<p>O ideal \u00e9 se preparar para essa etapa com a ajuda de um profissional da \u00e1rea jur\u00eddica. O escrit\u00f3rio Diaz &amp; Gaeta pode auxiliar nesse processo e orient\u00e1-lo(a) a responder cada pergunta corretamente. Esse tipo de suporte faz toda a diferen\u00e7a e facilita a obten\u00e7\u00e3o de um resultado positivo na entrevista.<\/p>\n\n\n\n<h4 class=\"wp-block-heading\" id=\"aioseo-complete-the-citizenship-test\">Complete o teste de cidadania<\/h4>\n\n\n\n<p>O teste de cidadania incluir\u00e1 uma s\u00e9rie de perguntas que precisam ser respondidas sobre diversos aspectos da cultura americana. Este \u00e9 um teste para o qual voc\u00ea deve estudar e se preparar para concluir o processo de cidadania. \u00c9 importante estar ciente do que o processo envolve e se preparar para o teste a fim de evitar erros ao longo do caminho.<\/p>\n\n\n\n<p>Sabemos que esta \u00e9 uma parte desafiadora do processo e, por isso, nossa equipe experiente de advogados de imigra\u00e7\u00e3o em Sandy Springs ajudar\u00e1 voc\u00ea a construir uma base s\u00f3lida.<\/p>\n\n\n\n<figure class=\"wp-block-image aligncenter\" style=\"margin-top:var(--wp--preset--spacing--20);margin-bottom:var(--wp--preset--spacing--20)\"><a href=\"https:\/\/dglawga.com\/wp-content\/uploads\/2022\/06\/sandy-springs-immigation-lawyer-diaz.jpg\"><img loading=\"lazy\" decoding=\"async\" width=\"500\" height=\"282\" src=\"https:\/\/dglawga.com\/wp-content\/uploads\/2022\/06\/sandy-springs-immigation-lawyer-diaz.jpg\" alt=\"Advogado de imigra\u00e7\u00e3o de Sandy Springs sentado \u00e0 mesa com uma bandeira americana.\" class=\"wp-image-3144\" srcset=\"https:\/\/dglawga.com\/wp-content\/uploads\/2022\/06\/sandy-springs-immigation-lawyer-diaz.jpg 500w, https:\/\/dglawga.com\/wp-content\/uploads\/2022\/06\/sandy-springs-immigation-lawyer-diaz-300x169.jpg 300w\" sizes=\"auto, (max-width: 500px) 100vw, 500px\" \/><\/a><\/figure>\n\n\n\n<h4 class=\"wp-block-heading\" id=\"aioseo-finish-the-naturalization-ceremony\">Finalizar a cerim\u00f4nia de naturaliza\u00e7\u00e3o<\/h4>\n\n\n\n<p>A etapa final ser\u00e1 um momento marcante e algo de que voc\u00ea se orgulhar\u00e1. Ser\u00e1 uma experi\u00eancia transformadora, pois voc\u00ea se naturalizar\u00e1 nos Estados Unidos da Am\u00e9rica. Isso significa que voc\u00ea se tornar\u00e1 oficialmente um cidad\u00e3o do pa\u00eds.<\/p>\n\n\n\n<p>Todas as etapas que antecedem e culminam nesta cerim\u00f4nia incluem diversos momentos que celebrar\u00e3o a ocasi\u00e3o. Se voc\u00ea est\u00e1 pensando em se tornar cidad\u00e3o, esta cerim\u00f4nia precisa ser realizada.<\/p>\n\n\n\n<p>O ideal \u00e9 reservar um tempo para consultar um de nossos advogados de imigra\u00e7\u00e3o em Sandy Springs, da Diaz &amp; Gaeta, para saber mais sobre as op\u00e7\u00f5es dispon\u00edveis para o seu caso. Para obter mais informa\u00e7\u00f5es sobre o processo, entre em contato com seu advogado de imigra\u00e7\u00e3o em Sandy Springs. <a href=\"tel:+16785032780\"><strong>678-503-2780<\/strong><\/a>. Vamos analisar tudo e garantir que ajudaremos imediatamente.<\/p>\n\n\n\n<h2 class=\"wp-block-heading\" id=\"aioseo-what-is-the-process-of-legally-working-in-the-united-states\" style=\"padding-top:var(--wp--preset--spacing--20)\">Qual \u00e9 o processo para trabalhar legalmente nos Estados Unidos?<\/h2>\n\n\n\n<p>Ser <strong><a href=\"https:\/\/www.uscis.gov\/working-in-the-united-states\" target=\"_blank\" rel=\"noopener\">apto a trabalhar nos Estados Unidos da Am\u00e9rica<\/a><\/strong> Significa ter a documenta\u00e7\u00e3o legal necess\u00e1ria para que isso aconte\u00e7a. Caso contr\u00e1rio, os resultados n\u00e3o ser\u00e3o alcan\u00e7ados e voc\u00ea n\u00e3o poder\u00e1 trabalhar como deseja.<\/p>\n\n\n\n<p>Em geral, voc\u00ea ter\u00e1 que come\u00e7ar com um <strong><a href=\"https:\/\/www.uscis.gov\/green-card\/green-card-processes-and-procedures\/employment-authorization-document\" target=\"_blank\" rel=\"noopener\">visto de trabalho<\/a><\/strong> Se voc\u00ea n\u00e3o for residente permanente, este visto de trabalho lhe dar\u00e1 a oportunidade de trabalhar nos Estados Unidos e ganhar dinheiro. Se voc\u00ea estiver passando pelo processo de imigra\u00e7\u00e3o, este visto pode ser \u00fatil e necess\u00e1rio a curto prazo.<\/p>\n\n\n\n<p>Para saber mais sobre o processo e sua import\u00e2ncia, entre em contato com os advogados de imigra\u00e7\u00e3o da Diaz &amp; Gaeta em Sandy Springs. Somos um escrit\u00f3rio de advocacia que ajudar\u00e1 voc\u00ea a obter o visto de trabalho e a come\u00e7ar a trabalhar legalmente no pa\u00eds.<\/p>\n\n\n\n<p>Se voc\u00ea est\u00e1 buscando um emprego com base em crit\u00e9rios de emprego. <strong><a href=\"https:\/\/www.uscis.gov\/green-card\/how-to-apply-for-a-green-card\" target=\"_blank\" rel=\"noopener\">cart\u00e3o verde<\/a><\/strong>, isso tamb\u00e9m \u00e9 algo em que podemos ajudar. Para saber mais sobre o que fazemos pelos nossos clientes, entre em contato com seu advogado de imigra\u00e7\u00e3o em Sandy Springs pelo telefone <a href=\"tel:+16785032780\"><strong>678-503-2780<\/strong><\/a>.<\/p>\n\n\n\n<h2 class=\"wp-block-heading\" id=\"aioseo-can-your-firm-represent-me-in-a-deportation-case\" style=\"padding-top:var(--wp--preset--spacing--20)\">Seu escrit\u00f3rio pode me representar em um caso de deporta\u00e7\u00e3o?<\/h2>\n\n\n\n<p>A maioria das pessoas vai querer seguir em frente com um <strong><a href=\"https:\/\/www.usa.gov\/deportation\" target=\"_blank\" rel=\"noopener\">deporta\u00e7\u00e3o<\/a><\/strong> Ter uma representa\u00e7\u00e3o legal v\u00e1lida pode ser crucial para o sucesso do seu caso. Lidar com o processo sozinho pode ser confuso e, na maioria das vezes, n\u00e3o funciona a seu favor. \u00c9 por isso que cada vez mais clientes preferem contatar um advogado de imigra\u00e7\u00e3o de confian\u00e7a em Sandy Springs.<\/p>\n\n\n\n<p>Somos um escrit\u00f3rio de advocacia que representa pessoas em casos de deporta\u00e7\u00e3o e acompanharemos o processo de perto desde o seu contato. J\u00e1 ajudamos outras pessoas dessa forma e \u00e9 isso que garante que tudo seja feito da maneira correta.<\/p>\n\n\n\n<p>Voc\u00ea vai aprender muito sobre as leis de deporta\u00e7\u00e3o e o que \u00e9 necess\u00e1rio para obter o veredicto que voc\u00ea busca.<\/p>\n\n\n\n<p>Voc\u00ea s\u00f3 precisa de um escrit\u00f3rio de advocacia credenciado e autorizado a represent\u00e1-lo no estado da Ge\u00f3rgia. \u00c9 necess\u00e1rio que sejam advogados de boa reputa\u00e7\u00e3o e que possam ajud\u00e1-lo com esse tipo de caso. Os advogados de imigra\u00e7\u00e3o de Sandy Springs do escrit\u00f3rio Diaz &amp; Gaeta analisar\u00e3o seu caso e o representar\u00e3o.<\/p>\n\n\n\n<h2 class=\"wp-block-heading\" id=\"aioseo-why-should-i-choose-a-sandy-springs-immigration-lawyer-at-diaz-gaeta-to-represent-me\" style=\"padding-top:var(--wp--preset--spacing--20)\">Por que devo escolher um advogado de imigra\u00e7\u00e3o de Sandy Springs da Diaz &amp; Gaeta para me representar?<\/h2>\n\n\n\n<p>Ao procurar um escrit\u00f3rio de advocacia que produza bons resultados, muitas vezes a escolha se resume a trabalhar com um escrit\u00f3rio como o Diaz &amp; Gaeta.<\/p>\n\n\n\n<p>Somos uma excelente op\u00e7\u00e3o porque atuamos nessa \u00e1rea h\u00e1 muito tempo. Nossos advogados est\u00e3o entre os melhores em casos de imigra\u00e7\u00e3o. Isso inclui o conhecimento das nuances legais a serem consideradas e a capacidade de estruturar o caso para obter os resultados desejados.<\/p>\n\n\n\n<p>\u00c9 essa aten\u00e7\u00e3o aos detalhes que nos torna um dos melhores no que fazemos. Nosso objetivo continua sendo manter a paix\u00e3o e represent\u00e1-lo em cada etapa do processo. Nosso escrit\u00f3rio de advocacia bil\u00edngue foi fundado por dois ativistas, filhos de imigrantes, e somos apaixonados por nossos clientes.<\/p>\n\n\n\n<h2 class=\"wp-block-heading\" id=\"aioseo-hire-the-best-sandy-springs-immigration-lawyers\" style=\"padding-top:var(--wp--preset--spacing--20)\">Contrate os melhores advogados de imigra\u00e7\u00e3o de Sandy Springs!<\/h2>\n\n\n\n<p>Ao iniciar um processo de imigra\u00e7\u00e3o em Sandy Springs, ser\u00e1 importante conhecer seus direitos legais. \u00c9 aqui que... <strong><a href=\"https:\/\/dglawga.com\/pt\/\">Diaz e Gaeta<\/a><\/strong>&nbsp;Entra em cena como um escrit\u00f3rio de advocacia. Somos um dos melhores escrit\u00f3rios de advocacia em Sandy Springs e \u00e9 nisso que voc\u00ea poder\u00e1 confiar assim que o processo come\u00e7ar.<\/p>\n\n\n\n<p>Vamos analisar cada etapa e identificar qual estrat\u00e9gia funcionar\u00e1 melhor para voc\u00ea. Isso lhe trar\u00e1 tranquilidade e ajudar\u00e1 no seu caso. Para come\u00e7ar, entre em contato com Diaz &amp; Gaeta pelo telefone [inserir n\u00famero de telefone aqui]. <a href=\"tel:+16785032780\"><strong>678-503-2780<\/strong><\/a> Para uma consulta gratuita.<\/p>","protected":false},"excerpt":{"rendered":"<p>Handling the ins and outs of immigration can be difficult. You will have to understand what the legal stipulations are with this process and how to make sure you are represented correctly. If the wrong strategy is put together, this can make it difficult to move things forward as soon as you want. Due to [&hellip;]<\/p>\n","protected":false},"author":34,"featured_media":0,"parent":2044,"menu_order":0,"comment_status":"closed","ping_status":"closed","template":"wp-custom-template-sandy-springs-services","meta":{"_acf_changed":false,"_themeisle_gutenberg_block_has_review":false,"footnotes":""},"categories":[52],"tags":[124,123,120,21,122,59,126,58,121,125,119,26,118,116,117,22,142,143],"class_list":["post-2086","page","type-page","status-publish","hentry","category-sandy-springs-location","tag-abogado-coche-acidente","tag-abogado-gratis","tag-attorney-lawyer","tag-car-accidents","tag-car-accidents-lawyer","tag-family-law","tag-imigracion-abogados","tag-immigration","tag-immigration-lawyer","tag-marietta-abogado","tag-marietta-lawyer","tag-personal-injury","tag-top-lawyer-in-marietta","tag-top-lawyers-in-atlanta","tag-top-lawyers-in-smyrna","tag-truck-accident","tag-truck-accident-attorneys","tag-truck-crash"],"acf":[],"aioseo_notices":[],"_links":{"self":[{"href":"https:\/\/dglawga.com\/pt\/wp-json\/wp\/v2\/pages\/2086","targetHints":{"allow":["GET"]}}],"collection":[{"href":"https:\/\/dglawga.com\/pt\/wp-json\/wp\/v2\/pages"}],"about":[{"href":"https:\/\/dglawga.com\/pt\/wp-json\/wp\/v2\/types\/page"}],"author":[{"embeddable":true,"href":"https:\/\/dglawga.com\/pt\/wp-json\/wp\/v2\/users\/34"}],"replies":[{"embeddable":true,"href":"https:\/\/dglawga.com\/pt\/wp-json\/wp\/v2\/comments?post=2086"}],"version-history":[{"count":3,"href":"https:\/\/dglawga.com\/pt\/wp-json\/wp\/v2\/pages\/2086\/revisions"}],"predecessor-version":[{"id":7792,"href":"https:\/\/dglawga.com\/pt\/wp-json\/wp\/v2\/pages\/2086\/revisions\/7792"}],"up":[{"embeddable":true,"href":"https:\/\/dglawga.com\/pt\/wp-json\/wp\/v2\/pages\/2044"}],"wp:attachment":[{"href":"https:\/\/dglawga.com\/pt\/wp-json\/wp\/v2\/media?parent=2086"}],"wp:term":[{"taxonomy":"category","embeddable":true,"href":"https:\/\/dglawga.com\/pt\/wp-json\/wp\/v2\/categories?post=2086"},{"taxonomy":"post_tag","embeddable":true,"href":"https:\/\/dglawga.com\/pt\/wp-json\/wp\/v2\/tags?post=2086"}],"curies":[{"name":"wp","href":"https:\/\/api.w.org\/{rel}","templated":true}]}}