{"id":2091,"date":"2022-06-07T17:59:55","date_gmt":"2022-06-07T17:59:55","guid":{"rendered":"https:\/\/diazgaetalaw.wpengine.com\/?page_id=2091"},"modified":"2025-06-15T23:54:58","modified_gmt":"2025-06-16T04:54:58","slug":"advogado-de-direito-familiar","status":"publish","type":"page","link":"https:\/\/dglawga.com\/pt\/sandy-springs\/family-law-attorney\/","title":{"rendered":"Advogado de Direito Familiar em Sandy Springs"},"content":{"rendered":"<p>O direito de fam\u00edlia abrange uma s\u00e9rie de quest\u00f5es relacionadas \u00e0 fam\u00edlia. Al\u00e9m de ser uma quest\u00e3o legal, os casos de direito de fam\u00edlia envolvem aspectos psicol\u00f3gicos, emocionais e financeiros complexos.<\/p>\n\n\n\n<p>Com tanto em jogo, o estresse \u00e9 enorme e as emo\u00e7\u00f5es geralmente est\u00e3o \u00e0 flor da pele. Contratar um advogado especializado em direito familiar em Sandy Springs garantir\u00e1 que seus direitos e interesses sejam protegidos.<\/p>\n\n\n\n<p>N\u00f3s, do escrit\u00f3rio de advocacia Diaz &amp; Gaeta, em Sandy Springs, Ge\u00f3rgia, somos especialistas em direito de fam\u00edlia. Nossos advogados s\u00e3o dedicados e analisar\u00e3o seu caso com compaix\u00e3o, pois sabemos que cada situa\u00e7\u00e3o \u00e9 diferente.<\/p>\n\n\n\n<p>Vamos dedicar tempo para ouvir sua vers\u00e3o dos fatos e encontrar uma maneira de chegar a uma resolu\u00e7\u00e3o satisfat\u00f3ria.<\/p>\n\n\n\n<p>Nosso \u00fanico objetivo em casos de guarda de filhos, div\u00f3rcio, ado\u00e7\u00e3o ou outras quest\u00f5es de direito familiar \u00e9 oferecer assessoria jur\u00eddica especializada, al\u00e9m de aten\u00e7\u00e3o e apoio personalizados durante esse per\u00edodo turbulento da sua vida.<\/p>\n\n\n\n<p>Nossos servi\u00e7os foram especialmente configurados para atender \u00e0s diferentes necessidades de nossos clientes.<\/p>\n\n\n\n<p>Nossa experiente equipe de advogados especializados em div\u00f3rcio e direito familiar em Sandy Springs est\u00e1 totalmente dedicada a ajud\u00e1-lo(a) a alcan\u00e7ar seus objetivos. Voc\u00ea pode entrar em contato conosco. <a href=\"https:\/\/dglawga.com\/pt\/fontes-arenosas\/\"><strong>Escrit\u00f3rio de Advocacia Diaz &amp; Gaeta em Sandy Springs, Ge\u00f3rgia<\/strong><\/a> no <a href=\"tel:+16785032780\"><strong>678-503-2780<\/strong><\/a> Agende uma consulta gratuita HOJE!<\/p>\n\n\n\n<div class=\"wp-block-group has-accent-background-color has-background is-vertical is-layout-flex wp-container-core-group-is-layout-283d9697 wp-block-group-is-layout-flex\" style=\"border-top-left-radius:15px;border-top-right-radius:15px;margin-top:var(--wp--preset--spacing--30)\">\n<h2 class=\"wp-block-heading has-primary-color has-text-color has-link-color wp-elements-4164a61e17ffbe9e8a7446952ec87a5a\" id=\"aioseo-table-of-contents\">\u00cdNDICE<\/h2>\n<\/div>\n\n\n\n<div class=\"wp-block-group has-background is-vertical is-layout-flex wp-container-core-group-is-layout-d644fc7a wp-block-group-is-layout-flex\" style=\"border-bottom-left-radius:15px;border-bottom-right-radius:15px;background-color:#f3f3f3;margin-top:0\"><div class=\"wp-block-aioseo-table-of-contents\"><ul><li><a class=\"aioseo-toc-item\" href=\"#aioseo-what-qualifies-as-a-family-law-case\">O que se qualifica como um caso de Direito de Fam\u00edlia?<\/a><\/li><li><a class=\"aioseo-toc-item\" href=\"#aioseo-what-are-the-grounds-for-divorce-in-sandy-springs-ga\">Quais s\u00e3o os motivos para div\u00f3rcio em Sandy Springs, Ge\u00f3rgia?<\/a><\/li><li><a class=\"aioseo-toc-item\" href=\"#aioseo-how-do-you-start-the-divorce-process\">Como iniciar o processo de div\u00f3rcio?<\/a><\/li><li><a class=\"aioseo-toc-item\" href=\"#aioseo-how-does-the-division-of-property-work-in-georgia\">Como funciona a divis\u00e3o de bens na Ge\u00f3rgia?<\/a><ul><li><a class=\"aioseo-toc-item\" href=\"#aioseo-marital-vs-separate-property\">Bens conjugais versus bens particulares<\/a><\/li><\/ul><\/li><li><a class=\"aioseo-toc-item\" href=\"#aioseo-how-is-child-custody-decided\">Como \u00e9 decidida a guarda dos filhos?<\/a><\/li><li><a class=\"aioseo-toc-item\" href=\"#aioseo-what-is-alimony-and-how-is-it-decided\">O que \u00e9 pens\u00e3o aliment\u00edcia e como ela \u00e9 definida?<\/a><\/li><li><a class=\"aioseo-toc-item\" href=\"#aioseo-let-our-sandy-springs-family-law-attorneys-fight-for-you\">Deixe que nossos advogados de Direito de Fam\u00edlia em Sandy Springs lutem por voc\u00ea!<\/a><\/li><\/ul><\/div><\/div>\n\n\n\n<h2 class=\"wp-block-heading\" id=\"aioseo-what-qualifies-as-a-family-law-case\" style=\"padding-top:var(--wp--preset--spacing--20)\">O que se qualifica como um caso de Direito de Fam\u00edlia?<\/h2>\n\n\n\n<p>Na Diaz &amp; Gaeta, nossos advogados de direito familiar em Sandy Springs t\u00eam vasta experi\u00eancia em lidar com esse tipo de caso e obter vit\u00f3rias em Sandy Springs, Ge\u00f3rgia, e podemos ajudar voc\u00ea tamb\u00e9m. Aqui est\u00e3o alguns dos casos de direito familiar com os quais lidamos:<\/p>\n\n\n\n<ul class=\"wp-block-list\">\n<li>Div\u00f3rcio litigioso e consensual.<\/li>\n\n\n\n<li>Direitos parentais, guarda dos filhos e pens\u00e3o aliment\u00edcia.<\/li>\n\n\n\n<li>Acordos de pens\u00e3o aliment\u00edcia e sustento conjugal.<\/li>\n\n\n\n<li>Altera\u00e7\u00f5es legais de nome na Ge\u00f3rgia.<\/li>\n\n\n\n<li>Ordens de restri\u00e7\u00e3o.<\/li>\n\n\n\n<li>Casos do DSS.<\/li>\n<\/ul>\n\n\n\n<h2 class=\"wp-block-heading\" id=\"aioseo-what-are-the-grounds-for-divorce-in-sandy-springs-ga\" style=\"padding-top:var(--wp--preset--spacing--20)\">Quais s\u00e3o os motivos para div\u00f3rcio em Sandy Springs, Ge\u00f3rgia?<\/h2>\n\n\n\n<p>O C\u00f3digo Oficial da Ge\u00f3rgia possui 13 leis reconhecidas. <strong><a href=\"http:\/\/ga.elaws.us\/law\/section19-5-3\" target=\"_blank\" rel=\"noopener\">motivos para div\u00f3rcio<\/a><\/strong> incluindo:<\/p>\n\n\n\n<ul class=\"wp-block-list\">\n<li>Tratamento cruel.<\/li>\n\n\n\n<li>Deser\u00e7\u00e3o.<\/li>\n\n\n\n<li>Adult\u00e9rio.<\/li>\n\n\n\n<li>V\u00edcio habitual em drogas.<\/li>\n\n\n\n<li>Doen\u00e7a mental incur\u00e1vel.<\/li>\n\n\n\n<li>Intoxica\u00e7\u00e3o habitual.<\/li>\n\n\n\n<li>Casamento entre pessoas com parentesco proibido.<\/li>\n\n\n\n<li>Impot\u00eancia no momento do casamento.<\/li>\n\n\n\n<li>Incapacidade mental durante o per\u00edodo de casamento.<\/li>\n\n\n\n<li>Gravidez de um homem desconhecido do marido durante o casamento.<\/li>\n\n\n\n<li>Amea\u00e7a, for\u00e7a, fraude ou coa\u00e7\u00e3o utilizadas para obter o casamento.<\/li>\n\n\n\n<li>Condena\u00e7\u00e3o por crime de deprava\u00e7\u00e3o moral que resulta em pena de pris\u00e3o de 2 anos ou mais.<\/li>\n<\/ul>\n\n\n\n<p>O d\u00e9cimo terceiro motivo para entrar com um pedido de div\u00f3rcio na Ge\u00f3rgia \u00e9 o div\u00f3rcio sem culpa. Para obter um div\u00f3rcio sem culpa, uma das partes deve declarar que o casamento est\u00e1 &quot;irremediavelmente rompido&quot;. A maioria dos div\u00f3rcios que ocorrem na Ge\u00f3rgia s\u00e3o solicitados com base nesse princ\u00edpio. Nossa equipe experiente de advogados de direito familiar em Sandy Springs pode orient\u00e1-lo nesse processo.<\/p>\n\n\n\n<h2 class=\"wp-block-heading\" id=\"aioseo-how-do-you-start-the-divorce-process\" style=\"padding-top:var(--wp--preset--spacing--20)\">Como iniciar o processo de div\u00f3rcio?<\/h2>\n\n\n\n<p>Cada processo de div\u00f3rcio varia um pouco dependendo das circunst\u00e2ncias do casal. De forma geral, ele envolver\u00e1 as seguintes etapas:<\/p>\n\n\n\n<ul class=\"wp-block-list\">\n<li><strong><a href=\"https:\/\/georgia.gov\/file-divorce\" target=\"_blank\" rel=\"noopener nofollow\">Apresentar um pedido formal de div\u00f3rcio.<\/a><\/strong><\/li>\n\n\n\n<li>Solicitar uma ordem provis\u00f3ria (se necess\u00e1rio).<\/li>\n\n\n\n<li>A peti\u00e7\u00e3o inicial do div\u00f3rcio \u00e9 entregue ao c\u00f4njuge.<\/li>\n\n\n\n<li>O c\u00f4njuge responde \u00e0 queixa.<\/li>\n\n\n\n<li>Negocia\u00e7\u00f5es de acordo.<\/li>\n\n\n\n<li>Julgamento.<\/li>\n\n\n\n<li>A senten\u00e7a de div\u00f3rcio foi proferida.<\/li>\n<\/ul>\n\n\n\n<p>Em casos de div\u00f3rcio consensual, o processo pode ser conclu\u00eddo em at\u00e9 31 dias ap\u00f3s a notifica\u00e7\u00e3o da peti\u00e7\u00e3o inicial, embora possa levar um pouco mais de tempo dependendo da agenda do juiz.<\/p>\n\n\n\n<p>Em casos de div\u00f3rcio litigioso, todo o processo pode levar de 6 meses a v\u00e1rios anos para ser conclu\u00eddo. Por isso, \u00e9 fundamental entrar em contato com um advogado especializado em direito familiar em Sandy Springs para iniciar o processo.<\/p>\n\n\n\n<h2 class=\"wp-block-heading\" id=\"aioseo-how-does-the-division-of-property-work-in-georgia\" style=\"padding-top:var(--wp--preset--spacing--20)\">Como funciona a divis\u00e3o de bens na Ge\u00f3rgia?<\/h2>\n\n\n\n<p>Em rela\u00e7\u00e3o \u00e0 divis\u00e3o de bens em casos de div\u00f3rcio, a Ge\u00f3rgia \u00e9 classificada como um &quot;estado de distribui\u00e7\u00e3o equitativa&quot;. Isso significa que os tribunais da Ge\u00f3rgia dividem os bens de uma maneira que consideram justa para ambas as partes; no entanto, isso n\u00e3o significa que cada c\u00f4njuge receber\u00e1 a mesma parte dos bens.<\/p>\n\n\n\n<p>O veredicto final depende do que o tribunal considerar justo, e o resultado pode, por vezes, deixar ambas as partes confusas.<\/p>\n\n\n\n<figure class=\"wp-block-image aligncenter\" style=\"margin-top:var(--wp--preset--spacing--20);margin-bottom:var(--wp--preset--spacing--20)\"><a href=\"https:\/\/dglawga.com\/wp-content\/uploads\/2022\/06\/sandy-springs-family-law-attorney-diaz.jpg\"><img loading=\"lazy\" decoding=\"async\" width=\"500\" height=\"333\" src=\"https:\/\/dglawga.com\/wp-content\/uploads\/2022\/06\/sandy-springs-family-law-attorney-diaz.jpg\" alt=\"Mulher assinando pap\u00e9is de div\u00f3rcio, conceito de advogado de direito familiar em Sandy Springs\" class=\"wp-image-3149\" srcset=\"https:\/\/dglawga.com\/wp-content\/uploads\/2022\/06\/sandy-springs-family-law-attorney-diaz.jpg 500w, https:\/\/dglawga.com\/wp-content\/uploads\/2022\/06\/sandy-springs-family-law-attorney-diaz-300x200.jpg 300w\" sizes=\"auto, (max-width: 500px) 100vw, 500px\" \/><\/a><\/figure>\n\n\n\n<h4 class=\"wp-block-heading\" id=\"aioseo-marital-vs-separate-property\">Bens conjugais versus bens particulares<\/h4>\n\n\n\n<p>Nem todos os bens adquiridos durante o casamento s\u00e3o classificados como patrim\u00f4nio conjugal. Alguns bens que j\u00e1 pertenciam ao casal antes do casamento, ou que foram doados a uma das partes por terceiros durante o casamento, podem ser considerados bens particulares.<\/p>\n\n\n\n<p>Antes da divis\u00e3o de bens, \u00e9 fundamental que ela seja claramente definida. Em alguns casos, os c\u00f4njuges podem optar por cooperar ou recorrer a consultores jur\u00eddicos e\/ou advogados para chegar a um acordo amig\u00e1vel de partilha de bens com o qual ambas as partes se sintam confort\u00e1veis.<\/p>\n\n\n\n<p>Caso n\u00e3o consigam chegar a um acordo, o tribunal utilizar\u00e1 os seguintes fatores para determinar a divis\u00e3o dos bens:<\/p>\n\n\n\n<ul class=\"wp-block-list\">\n<li>A situa\u00e7\u00e3o financeira de cada c\u00f4njuge.<\/li>\n\n\n\n<li>A quantidade de bens particulares que cada c\u00f4njuge possui.<\/li>\n\n\n\n<li>O potencial de ganho e a renda de cada c\u00f4njuge.<\/li>\n\n\n\n<li>D\u00edvidas e necessidades futuras de cada c\u00f4njuge.<\/li>\n\n\n\n<li>A conduta financeira de cada c\u00f4njuge durante o per\u00edodo do casamento, incluindo gastos sup\u00e9rfluos.<\/li>\n<\/ul>\n\n\n\n<p>Seu advogado de direito familiar em Sandy Springs ser\u00e1 fundamental no processo de divis\u00e3o de bens.<\/p>\n\n\n\n<h2 class=\"wp-block-heading\" id=\"aioseo-how-is-child-custody-decided\" style=\"padding-top:var(--wp--preset--spacing--20)\">Como \u00e9 decidida a guarda dos filhos?<\/h2>\n\n\n\n<p>A legisla\u00e7\u00e3o sobre guarda de filhos na Ge\u00f3rgia estipula que, na determina\u00e7\u00e3o de casos de guarda, n\u00e3o haver\u00e1 presun\u00e7\u00f5es sobre qual c\u00f4njuge merece mais a guarda: ambas as partes t\u00eam os mesmos direitos quando comparecem ao tribunal.<\/p>\n\n\n\n<p>Assim como em muitos estados, a decis\u00e3o final sobre a guarda ser\u00e1 baseada no melhor interesse da(s) crian\u00e7a(s).<\/p>\n\n\n\n<p>No entanto, as leis da Ge\u00f3rgia afirmam claramente que os acordos de cust\u00f3dia s\u00e3o preferenciais e especificam que recorrer ao tribunal deve ser a \u00faltima op\u00e7\u00e3o.<\/p>\n\n\n\n<p>Os ju\u00edzes podem auxiliar modificando os acordos conforme julgarem adequado, mas, caso contr\u00e1rio, s\u00e3o obrigados a esclarecer o motivo pelo qual decidiram seguir uma dire\u00e7\u00e3o diferente daquela acordada no acordo de cust\u00f3dia apresentado pelo casal.<\/p>\n\n\n\n<p>Se o casal n\u00e3o conseguir chegar a um acordo de cust\u00f3dia por conta pr\u00f3pria, os tribunais da Ge\u00f3rgia assumir\u00e3o a responsabilidade de tomar a decis\u00e3o sobre a cust\u00f3dia com base no melhor interesse da(s) crian\u00e7a(s).<\/p>\n\n\n\n<p>As leis de guarda de filhos da Ge\u00f3rgia catalogam 17 fatores que um juiz deve levar em considera\u00e7\u00e3o ao avaliar quem deve obter a guarda da(s) crian\u00e7a(s). E o juiz n\u00e3o est\u00e1 restrito apenas a esses fatores.<\/p>\n\n\n\n<p>A lista \u00e9 um pouco mais extensa do que a de outros estados e inclui:<\/p>\n\n\n\n<ul class=\"wp-block-list\">\n<li>O afeto, o amor e os la\u00e7os emocionais entre a crian\u00e7a e cada um dos pais.<\/li>\n\n\n\n<li>A capacidade e a disposi\u00e7\u00e3o de cada um dos pais em prover as necessidades b\u00e1sicas dos filhos \u2013 cuidados m\u00e9dicos, vestu\u00e1rio, alimenta\u00e7\u00e3o, etc. \u2013 levando em considera\u00e7\u00e3o o futuro pagamento de pens\u00e3o aliment\u00edcia.<\/li>\n\n\n\n<li>A capacidade e a vontade do progenitor de incentivar e facilitar uma rela\u00e7\u00e3o pr\u00f3xima entre a(s) crian\u00e7a(s) e o outro progenitor, em conson\u00e2ncia com o melhor interesse da crian\u00e7a.<\/li>\n<\/ul>\n\n\n\n<p>O estabelecimento da guarda f\u00edsica principal estipular\u00e1 onde ser\u00e1 a resid\u00eancia principal da crian\u00e7a, enquanto o estabelecimento da guarda legal estipular\u00e1 qual c\u00f4njuge ter\u00e1 a responsabilidade de tomar decis\u00f5es importantes na vida da(s) crian\u00e7a(s).<\/p>\n\n\n\n<p>A guarda legal e f\u00edsica pode ser concedida a um dos pais ou a guarda f\u00edsica e legal pode ser compartilhada entre ambos os c\u00f4njuges. A experiente equipe de advogados de direito familiar de Sandy Springs est\u00e1 bem preparada para auxili\u00e1-lo(a) nesse processo.<\/p>\n\n\n\n<h2 class=\"wp-block-heading\" id=\"aioseo-what-is-alimony-and-how-is-it-decided\" style=\"padding-top:var(--wp--preset--spacing--20)\">O que \u00e9 pens\u00e3o aliment\u00edcia e como ela \u00e9 definida?<\/h2>\n\n\n\n<p>Tamb\u00e9m conhecida como pens\u00e3o aliment\u00edcia, a pens\u00e3o para o c\u00f4njuge \u00e9 uma quantia regular e predeterminada paga ao c\u00f4njuge atual ou ex-c\u00f4njuge ap\u00f3s o div\u00f3rcio ou separa\u00e7\u00e3o. Veja como um juiz determina o valor da pens\u00e3o aliment\u00edcia:<\/p>\n\n\n\n<ul class=\"wp-block-list\">\n<li>Dura\u00e7\u00e3o do casamento.<\/li>\n\n\n\n<li>Estado de sa\u00fade e idade do c\u00f4njuge que solicita a pens\u00e3o aliment\u00edcia.<\/li>\n\n\n\n<li>A situa\u00e7\u00e3o financeira de cada parte.<\/li>\n\n\n\n<li>Renda de cada c\u00f4njuge.<\/li>\n\n\n\n<li>Capacidade de ganho de cada parte.<\/li>\n\n\n\n<li>Contribui\u00e7\u00f5es n\u00e3o econ\u00f4micas e econ\u00f4micas que cada c\u00f4njuge fez para o casamento.<\/li>\n\n\n\n<li>Manter um certo padr\u00e3o de vida, sendo o c\u00f4njuge que recebe pens\u00e3o aliment\u00edcia durante o casamento.<\/li>\n<\/ul>\n\n\n\n<h2 class=\"wp-block-heading\" id=\"aioseo-let-our-sandy-springs-family-law-attorneys-fight-for-you\" style=\"padding-top:var(--wp--preset--spacing--20)\">Deixe que nossos advogados de Direito de Fam\u00edlia em Sandy Springs lutem por voc\u00ea!<\/h2>\n\n\n\n<p>No <strong><a href=\"https:\/\/dglawga.com\/pt\/\">Diaz &amp; Gaeta Advogados<\/a><\/strong>, Nossos advogados de direito familiar em Sandy Springs t\u00eam vasta experi\u00eancia na defesa de pessoas que passam pela sua situa\u00e7\u00e3o em Sandy Springs, Ge\u00f3rgia, e podemos ajud\u00e1-lo(a).<\/p>\n\n\n\n<p>Levamos os casos de direito familiar muito a s\u00e9rio, visto que seus relacionamentos, seus bens e seus filhos est\u00e3o em jogo. \u00c9 por isso que lutaremos pelos seus direitos em ju\u00edzo para garantir que voc\u00ea obtenha um resultado favor\u00e1vel.<\/p>\n\n\n\n<p>Voc\u00ea pode contar conosco para obter uma indeniza\u00e7\u00e3o justa e equitativa. Entre em contato com nosso escrit\u00f3rio de advocacia pelo telefone [inserir n\u00famero de telefone aqui]. <a href=\"tel:+16785032780\"><strong>678-503-2780<\/strong><\/a> Agende AGORA uma consulta gratuita com nossos advogados especializados em direito familiar em Sandy Springs!<\/p>","protected":false},"excerpt":{"rendered":"<p>Family law encompasses a host of family-related issues. Besides being a legal issue, family law cases involve intricate psychological, emotional, and financial aspects. With so much on the line, there\u2019s tremendous stress involved and emotions are usually charged. Enlisting a skilled Sandy Springs family law attorney will ensure your rights and interests are protected. We [&hellip;]<\/p>\n","protected":false},"author":34,"featured_media":0,"parent":2044,"menu_order":0,"comment_status":"closed","ping_status":"closed","template":"wp-custom-template-sandy-springs-services","meta":{"_acf_changed":false,"_themeisle_gutenberg_block_has_review":false,"footnotes":""},"categories":[52],"tags":[124,123,120,21,122,59,126,58,121,125,119,26,118,116,117,22,142,143],"class_list":["post-2091","page","type-page","status-publish","hentry","category-sandy-springs-location","tag-abogado-coche-acidente","tag-abogado-gratis","tag-attorney-lawyer","tag-car-accidents","tag-car-accidents-lawyer","tag-family-law","tag-imigracion-abogados","tag-immigration","tag-immigration-lawyer","tag-marietta-abogado","tag-marietta-lawyer","tag-personal-injury","tag-top-lawyer-in-marietta","tag-top-lawyers-in-atlanta","tag-top-lawyers-in-smyrna","tag-truck-accident","tag-truck-accident-attorneys","tag-truck-crash"],"acf":[],"aioseo_notices":[],"_links":{"self":[{"href":"https:\/\/dglawga.com\/pt\/wp-json\/wp\/v2\/pages\/2091","targetHints":{"allow":["GET"]}}],"collection":[{"href":"https:\/\/dglawga.com\/pt\/wp-json\/wp\/v2\/pages"}],"about":[{"href":"https:\/\/dglawga.com\/pt\/wp-json\/wp\/v2\/types\/page"}],"author":[{"embeddable":true,"href":"https:\/\/dglawga.com\/pt\/wp-json\/wp\/v2\/users\/34"}],"replies":[{"embeddable":true,"href":"https:\/\/dglawga.com\/pt\/wp-json\/wp\/v2\/comments?post=2091"}],"version-history":[{"count":2,"href":"https:\/\/dglawga.com\/pt\/wp-json\/wp\/v2\/pages\/2091\/revisions"}],"predecessor-version":[{"id":7794,"href":"https:\/\/dglawga.com\/pt\/wp-json\/wp\/v2\/pages\/2091\/revisions\/7794"}],"up":[{"embeddable":true,"href":"https:\/\/dglawga.com\/pt\/wp-json\/wp\/v2\/pages\/2044"}],"wp:attachment":[{"href":"https:\/\/dglawga.com\/pt\/wp-json\/wp\/v2\/media?parent=2091"}],"wp:term":[{"taxonomy":"category","embeddable":true,"href":"https:\/\/dglawga.com\/pt\/wp-json\/wp\/v2\/categories?post=2091"},{"taxonomy":"post_tag","embeddable":true,"href":"https:\/\/dglawga.com\/pt\/wp-json\/wp\/v2\/tags?post=2091"}],"curies":[{"name":"wp","href":"https:\/\/api.w.org\/{rel}","templated":true}]}}