{"id":2094,"date":"2022-06-07T18:00:55","date_gmt":"2022-06-07T18:00:55","guid":{"rendered":"https:\/\/diazgaetalaw.wpengine.com\/?page_id=2094"},"modified":"2025-06-16T00:00:33","modified_gmt":"2025-06-16T05:00:33","slug":"advogado-lgbt","status":"publish","type":"page","link":"https:\/\/dglawga.com\/pt\/sandy-springs\/lgbt-lawyer\/","title":{"rendered":"Advogado LGBT de Sandy Springs"},"content":{"rendered":"<p>A comunidade l\u00e9sbica, gay, bissexual e transg\u00eanero (LGBT) vivenciou e ainda vivencia in\u00fameras lutas em rela\u00e7\u00e3o \u00e0 aceita\u00e7\u00e3o e \u00e0 igualdade. A conquista da igualdade no casamento em todo o pa\u00eds, em 2015, foi um momento hist\u00f3rico.<\/p>\n\n\n\n<p>Essa conquista tamb\u00e9m reafirmou que os membros da comunidade LGBT t\u00eam o direito de acessar o tribunal para tratar de quest\u00f5es de direito familiar e outros casos, assim como qualquer outra pessoa.<\/p>\n\n\n\n<p>A equipe da Diaz &amp; Gaeta acredita na import\u00e2ncia de garantir que nossos clientes se sintam ouvidos e respeitados. Essa filosofia se aplica especialmente aos membros da comunidade L\u00e9sbica, Gay, Bissexual e Transg\u00eanero.<\/p>\n\n\n\n<p>\u00c9 fundamental que todos os nossos clientes se sintam \u00e0 vontade com seus advogados durante momentos estressantes de conflitos familiares e lit\u00edgios.<\/p>\n\n\n\n<p>Nossos advogados LGBT de Sandy Springs t\u00eam orgulho de representar muitas pessoas e casais que enfrentam as complexidades da imigra\u00e7\u00e3o, div\u00f3rcio, pens\u00e3o aliment\u00edcia, casamento, acusa\u00e7\u00f5es criminais, etc.<\/p>\n\n\n\n<p>Se voc\u00ea tiver algum problema jur\u00eddico, n\u00e3o hesite em entrar em contato conosco ligando para o nosso escrit\u00f3rio. <a href=\"https:\/\/dglawga.com\/pt\/fontes-arenosas\/\"><strong>Escrit\u00f3rio de advocacia em Sandy Springs<\/strong><\/a> <br>no <a href=\"tel:+16785032780\"><strong>678-503-2780<\/strong><\/a>!<\/p>\n\n\n\n<div class=\"wp-block-group has-accent-background-color has-background is-vertical is-layout-flex wp-container-core-group-is-layout-283d9697 wp-block-group-is-layout-flex\" style=\"border-top-left-radius:15px;border-top-right-radius:15px;margin-top:var(--wp--preset--spacing--30)\">\n<h2 class=\"wp-block-heading has-primary-color has-text-color has-link-color wp-elements-4164a61e17ffbe9e8a7446952ec87a5a\" id=\"aioseo-table-of-contents\">\u00cdNDICE<\/h2>\n<\/div>\n\n\n\n<div class=\"wp-block-group has-background is-vertical is-layout-flex wp-container-core-group-is-layout-d644fc7a wp-block-group-is-layout-flex\" style=\"border-bottom-left-radius:15px;border-bottom-right-radius:15px;background-color:#f3f3f3;margin-top:0\"><div class=\"wp-block-aioseo-table-of-contents\"><ul><li><a class=\"aioseo-toc-item\" href=\"#aioseo-rights-of-the-lgbt-community-in-georgia\">Direitos da comunidade LGBT na Ge\u00f3rgia<\/a><\/li><li><a class=\"aioseo-toc-item\" href=\"#aioseo-what-types-of-cases-can-diaz-gaeta-help-me-with\">Em que tipos de casos Diaz e Gaeta podem me ajudar?<\/a><ul><li><a class=\"aioseo-toc-item\" href=\"#aioseo-immigration\">Imigra\u00e7\u00e3o<\/a><\/li><li><a class=\"aioseo-toc-item\" href=\"#aioseo-marriage-visa\">Visto de casamento<\/a><\/li><li><a class=\"aioseo-toc-item\" href=\"#aioseo-k-1-fiancee-visa\">Visto K-1 para noivo(a)<\/a><\/li><li><a class=\"aioseo-toc-item\" href=\"#aioseo-u-s-citizenship-naturalization\">Cidadania e Naturaliza\u00e7\u00e3o dos EUA<\/a><\/li><li><a class=\"aioseo-toc-item\" href=\"#aioseo-green-card\">Green Card<\/a><\/li><li><a class=\"aioseo-toc-item\" href=\"#aioseo-asylum\">Asilo<\/a><\/li><li><a class=\"aioseo-toc-item\" href=\"#aioseo-withholding-of-removal\">Suspens\u00e3o da Deporta\u00e7\u00e3o<\/a><\/li><li><a class=\"aioseo-toc-item\" href=\"#aioseo-criminal-charges\">Acusa\u00e7\u00f5es criminais<\/a><\/li><li><a class=\"aioseo-toc-item\" href=\"#aioseo-drug-possession\">Posse de drogas<\/a><\/li><li><a class=\"aioseo-toc-item\" href=\"#aioseo-dui\">DUI<\/a><\/li><li><a class=\"aioseo-toc-item\" href=\"#aioseo-other-cases-we-handle\">Outros casos que atendemos:<\/a><\/li><\/ul><\/li><li><a class=\"aioseo-toc-item\" href=\"#aioseo-how-is-diaz-gaeta-the-best-sandy-springs-lgbt-lawyer-for-these-cases\">Por que Diaz e Gaeta s\u00e3o os melhores advogados LGBT de Sandy Springs para esses casos?<\/a><\/li><li><a class=\"aioseo-toc-item\" href=\"#aioseo-hire-a-sandy-springs-lgbt-lawyer-today\">Contrate um advogado LGBT em Sandy Springs hoje mesmo!<\/a><\/li><\/ul><\/div><\/div>\n\n\n\n<h2 class=\"wp-block-heading\" id=\"aioseo-rights-of-the-lgbt-community-in-georgia\" style=\"padding-top:var(--wp--preset--spacing--20)\">Direitos da comunidade LGBT na Ge\u00f3rgia<\/h2>\n\n\n\n<p>O ano de 2015 trouxe diversas mudan\u00e7as para o sistema jur\u00eddico da Ge\u00f3rgia. Uma das mudan\u00e7as mais significativas foi a legaliza\u00e7\u00e3o do casamento entre pessoas do mesmo sexo.<\/p>\n\n\n\n<p>Hoje, a comunidade LGBT tem o mesmo <strong><a href=\"https:\/\/www.hrc.org\/resources\/state-scorecards\/georgia\" target=\"_blank\" rel=\"noopener\">direitos e benef\u00edcios<\/a><\/strong> como casais heterossexuais em quest\u00f5es de imigra\u00e7\u00e3o, benef\u00edcios do green card, div\u00f3rcio, pens\u00e3o aliment\u00edcia, fal\u00eancia, etc.<\/p>\n\n\n\n<p>Na Diaz &amp; Gaeta, nossos advogados LGBT de Sandy Springs est\u00e3o aqui para ajud\u00e1-lo(a) a superar qualquer obst\u00e1culo com facilidade.<\/p>\n\n\n\n<h2 class=\"wp-block-heading\" id=\"aioseo-what-types-of-cases-can-diaz-gaeta-help-me-with\" style=\"padding-top:var(--wp--preset--spacing--20)\">Em que tipos de casos Diaz &amp; Gaeta podem me ajudar?<\/h2>\n\n\n\n<p>Ajudamos membros da comunidade LGBT a lidar com diversos casos complexos, incluindo:<\/p>\n\n\n\n<h4 class=\"wp-block-heading\" id=\"aioseo-immigration\">Imigra\u00e7\u00e3o<\/h4>\n\n\n\n<p>Nossa equipe de <strong><a href=\"https:\/\/dglawga.com\/pt\/fontes-arenosas\/advogado-de-imigracao\/\">advogados de imigra\u00e7\u00e3o<\/a><\/strong> Estamos aqui para ajudar voc\u00ea e sua fam\u00edlia a realizar o sonho americano. Temos a experi\u00eancia pessoal e profissional necess\u00e1ria para orient\u00e1-lo(a) rumo \u00e0 resid\u00eancia permanente.<\/p>\n\n\n\n<p>Nossos advogados LGBT em Sandy Springs s\u00e3o especialistas em imigra\u00e7\u00e3o baseada em la\u00e7os familiares e defesa contra deporta\u00e7\u00e3o. Somos especializados em DACA (A\u00e7\u00e3o Diferida para Chegadas na Inf\u00e2ncia) e suas renova\u00e7\u00f5es.<\/p>\n\n\n\n<p>Nosso escrit\u00f3rio representa clientes LGBT em tribunais federais de imigra\u00e7\u00e3o em toda a Ge\u00f3rgia e em in\u00fameros processos do USCIS (Servi\u00e7os de Cidadania e Imigra\u00e7\u00e3o dos Estados Unidos).<\/p>\n\n\n\n<h4 class=\"wp-block-heading\" id=\"aioseo-marriage-visa\">Visto de casamento<\/h4>\n\n\n\n<p>O Servi\u00e7o de Cidadania e Imigra\u00e7\u00e3o dos Estados Unidos (USCIS) \u00e9 obrigado a analisar os pedidos de visto apresentados em nome de indiv\u00edduos LGBT da mesma forma que os apresentados em nome de pessoas heterossexuais. A ag\u00eancia examina todos os pedidos com cuidado.<\/p>\n\n\n\n<p>No entanto, <strong><a href=\"https:\/\/www.uscis.gov\/family\/same-sex-marriages\" target=\"_blank\" rel=\"noopener nofollow\">pedidos de casamento entre pessoas do mesmo sexo<\/a><\/strong> Podem estar sujeitas a escrut\u00ednio injustificado ou inadequado. Os casamentos LGBT geralmente n\u00e3o seguem as &#039;normas&#039; cerimoniais convencionais nem correspondem aos padr\u00f5es t\u00edpicos considerados pela ag\u00eancia.<\/p>\n\n\n\n<p>Estamos aqui para orient\u00e1-lo(a) durante todo o processo e proteger seus direitos.<\/p>\n\n\n\n<h4 class=\"wp-block-heading\" id=\"aioseo-k-1-fiancee-visa\">Visto K-1 para noivo(a)<\/h4>\n\n\n\n<p>Ap\u00f3s a decis\u00e3o da Suprema Corte contra a Lei de Defesa do Casamento (DOMA), casais do mesmo sexo agora t\u00eam permiss\u00e3o legal para solicitar o casamento entre pessoas do mesmo sexo. <strong><a href=\"https:\/\/www.uscis.gov\/family\/family-of-us-citizens\/visas-for-fiancees-of-us-citizens\" target=\"_blank\" rel=\"noopener\">Visto K-1 para noivo(a)<\/a><\/strong> sob qualifica\u00e7\u00f5es semelhantes \u00e0s dos casais heterossexuais.<\/p>\n\n\n\n<p>Para se qualificar para este visto, voc\u00ea precisa comprovar que est\u00e1 em um relacionamento est\u00e1vel e que pretende se casar. Espera-se que voc\u00ea atenda aos mesmos crit\u00e9rios que outros imigrantes com visto K-1 e que realize atividades espec\u00edficas ao chegar aos Estados Unidos.<\/p>\n\n\n\n<p>Para aumentar as chances de sua peti\u00e7\u00e3o ser aceita, um advogado especializado em vistos K-1 ajudar\u00e1 voc\u00ea a determinar sua elegibilidade para o programa e os passos a seguir.<\/p>\n\n\n\n<h4 class=\"wp-block-heading\" id=\"aioseo-u-s-citizenship-naturalization\">Cidadania e Naturaliza\u00e7\u00e3o dos EUA<\/h4>\n\n\n\n<p>Diaz &amp; Gaeta podem ajudar clientes LGBT que j\u00e1 s\u00e3o residentes permanentes legais a se tornarem cidad\u00e3os americanos por meio da naturaliza\u00e7\u00e3o. Avaliaremos seu hist\u00f3rico imigrat\u00f3rio e criminal para determinar sua elegibilidade.<\/p>\n\n\n\n<p>Em seguida, ajudaremos voc\u00ea a elaborar um pedido de naturaliza\u00e7\u00e3o s\u00f3lido e a se preparar adequadamente para a entrevista.<\/p>\n\n\n\n<p>Se voc\u00ea est\u00e1 considerando a naturaliza\u00e7\u00e3o, trabalhar com um <strong>i<a href=\"https:\/\/dglawga.com\/pt\/advogado-de-imigracao\/\">advogado de imigra\u00e7\u00e3o<\/a><\/strong> \u00c9 crucial para maximizar as chances de sua candidatura.<\/p>\n\n\n\n<h4 class=\"wp-block-heading\" id=\"aioseo-green-card\">Green Card<\/h4>\n\n\n\n<p>Casais LGBT tamb\u00e9m podem solicitar o green card e obter resid\u00eancia permanente por meio de um processo baseado em casamento, desde que o c\u00f4njuge estrangeiro tenha entrado no pa\u00eds legalmente.<\/p>\n\n\n\n<p>Nessa situa\u00e7\u00e3o, um green card pode ser concedido para um status de residente condicional de dois anos ou para um status de residente permanente de dez anos.<\/p>\n\n\n\n<p>O processo do green card \u00e9 o primeiro passo para se tornar um cidad\u00e3o americano. Pessoas que possuem um green card por 3 anos, permaneceram casadas e residiram nos Estados Unidos por pelo menos metade desse per\u00edodo, s\u00e3o eleg\u00edveis para a naturaliza\u00e7\u00e3o e cidadania americana.<\/p>\n\n\n\n<h4 class=\"wp-block-heading\" id=\"aioseo-asylum\">Asilo<\/h4>\n\n\n\n<p>Se voc\u00ea solicitar asilo, precisar\u00e1 comprovar que \u00e9 um refugiado e que teme ser perseguido em seu pa\u00eds de origem em raz\u00e3o de sua nacionalidade, ra\u00e7a, opini\u00e3o pol\u00edtica, religi\u00e3o ou pertencimento a determinado grupo social.<\/p>\n\n\n\n<p>Nesse sentido, voc\u00ea pode obter o status de asilado demonstrando que teme ser perseguido em raz\u00e3o de sua perten\u00e7a a um grupo social baseado em identidade de g\u00eanero ou orienta\u00e7\u00e3o sexual.<\/p>\n\n\n\n<p>Seu advogado LGBT em Sandy Springs ajudar\u00e1 a apresentar provas de sofrimento passado, abuso f\u00edsico, abuso sexual ou medo de persegui\u00e7\u00e3o futura devido \u00e0 sua orienta\u00e7\u00e3o sexual e\/ou identidade de g\u00eanero.<\/p>\n\n\n\n<h4 class=\"wp-block-heading\" id=\"aioseo-withholding-of-removal\">Suspens\u00e3o da Deporta\u00e7\u00e3o<\/h4>\n\n\n\n<p>Membros da comunidade LGBT que buscam asilo, mas n\u00e3o atendem ao requisito de um ano por estarem nos Estados Unidos h\u00e1 mais de um ano e n\u00e3o terem ocorrido mudan\u00e7as em seus pa\u00edses de origem, podem ser eleg\u00edveis para a Suspens\u00e3o da Deporta\u00e7\u00e3o.<\/p>\n\n\n\n<p>Isso s\u00f3 se aplica se voc\u00ea j\u00e1 estiver em processo de deporta\u00e7\u00e3o (remo\u00e7\u00e3o) e for bem-sucedido; isso impede sua deporta\u00e7\u00e3o, fornece uma autoriza\u00e7\u00e3o de trabalho e permite que voc\u00ea more nos Estados Unidos.<\/p>\n\n\n\n<p>Um advogado competente da Diaz &amp; Gaeta, especializado em casos LGBT em Sandy Springs, ajudar\u00e1 voc\u00ea a navegar por esse processo complexo.<\/p>\n\n\n\n<figure class=\"wp-block-image aligncenter\" style=\"margin-top:var(--wp--preset--spacing--20);margin-bottom:var(--wp--preset--spacing--20)\"><a href=\"https:\/\/dglawga.com\/wp-content\/uploads\/2022\/06\/sandy-springs-lgbt-lawyer.jpg\"><img loading=\"lazy\" decoding=\"async\" width=\"500\" height=\"334\" src=\"https:\/\/dglawga.com\/wp-content\/uploads\/2022\/06\/sandy-springs-lgbt-lawyer.jpg\" alt=\"Martelo de juiz sobre a bandeira do orgulho LGBT, conceito de advogado LGBT de Sandy Springs\" class=\"wp-image-3255\" srcset=\"https:\/\/dglawga.com\/wp-content\/uploads\/2022\/06\/sandy-springs-lgbt-lawyer.jpg 500w, https:\/\/dglawga.com\/wp-content\/uploads\/2022\/06\/sandy-springs-lgbt-lawyer-300x200.jpg 300w\" sizes=\"auto, (max-width: 500px) 100vw, 500px\" \/><\/a><\/figure>\n\n\n\n<h4 class=\"wp-block-heading\" id=\"aioseo-criminal-charges\">Acusa\u00e7\u00f5es criminais<\/h4>\n\n\n\n<p>Independentemente da sua orienta\u00e7\u00e3o sexual ou identidade de g\u00eanero, ser acusado de um crime \u00e9 uma das experi\u00eancias mais assustadoras e traum\u00e1ticas que algu\u00e9m pode vivenciar.<\/p>\n\n\n\n<p>Quer voc\u00ea tenha recebido uma simples intima\u00e7\u00e3o ou sido preso pela pol\u00edcia, ser acusado de um crime pode ser dram\u00e1tico e mudar sua vida. \u00c9 por isso que voc\u00ea precisa de um advogado experiente e combativo ao seu lado.<\/p>\n\n\n\n<p>A equipe de <strong><a href=\"https:\/\/dglawga.com\/pt\/fontes-arenosas\/advogado-de-defesa-criminal\/\">advogados de defesa criminal<\/a><\/strong> O escrit\u00f3rio Diaz &amp; Gaeta oferece representa\u00e7\u00e3o legal em qualquer caso criminal, incluindo casos de viol\u00eancia dom\u00e9stica e agress\u00e3o, dire\u00e7\u00e3o sob influ\u00eancia de \u00e1lcool ou drogas, crimes relacionados a drogas, infra\u00e7\u00f5es de tr\u00e2nsito, casos de furto, crimes graves, etc.<\/p>\n\n\n\n<h4 class=\"wp-block-heading\" id=\"aioseo-drug-possession\">Posse de drogas<\/h4>\n\n\n\n<p>Acusa\u00e7\u00f5es relacionadas a drogas n\u00e3o apenas acarretam a amea\u00e7a de multas e pris\u00e3o, mas tamb\u00e9m podem ter um impacto substancial em sua carreira e capacidade de dirigir. Nossa equipe trabalhar\u00e1 arduamente para proteger seus direitos e, no caso de um acordo sem julgamento, evitar a pris\u00e3o, multas elevadas e antecedentes criminais prejudiciais.<\/p>\n\n\n\n<p>Oferecemos representa\u00e7\u00e3o jur\u00eddica de primeira linha em qualquer caso relacionado a drogas, incluindo:<\/p>\n\n\n\n<ul class=\"wp-block-list\">\n<li>Posse de maconha<\/li>\n\n\n\n<li>posse de coca\u00edna<\/li>\n\n\n\n<li>Posse de metanfetamina<\/li>\n\n\n\n<li>Posse de ecstasy<\/li>\n\n\n\n<li>Venda de drogas ilegais<\/li>\n\n\n\n<li>Posse de drogas il\u00edcitas com a inten\u00e7\u00e3o de vender ou distribuir.<\/li>\n\n\n\n<li>Tr\u00e1fico de drogas.<\/li>\n<\/ul>\n\n\n\n<h4 class=\"wp-block-heading\" id=\"aioseo-dui\">DUI<\/h4>\n\n\n\n<p>Na Diaz &amp; Gaeta, entendemos o impacto que uma acusa\u00e7\u00e3o de dirigir sob a influ\u00eancia de \u00e1lcool ou drogas pode ter em sua vida pessoal e profissional. As poss\u00edveis repercuss\u00f5es, como a suspens\u00e3o da carteira de habilita\u00e7\u00e3o, multas e at\u00e9 mesmo pris\u00e3o, podem afetar significativamente voc\u00ea, sua carreira e seus entes queridos.<\/p>\n\n\n\n<p>Geralmente, dirigir sob a influ\u00eancia de \u00e1lcool ou drogas exige a\u00e7\u00e3o r\u00e1pida para proteger seus direitos e manter sua carteira de habilita\u00e7\u00e3o. Normalmente, \u00e9 necess\u00e1rio tomar medidas legais nos primeiros 10 dias ap\u00f3s a pris\u00e3o ou o recebimento da intima\u00e7\u00e3o por dirigir sob a influ\u00eancia, caso contr\u00e1rio, voc\u00ea poder\u00e1 perder sua carteira de habilita\u00e7\u00e3o por algum tempo.<\/p>\n\n\n\n<p>Ao contratar nossa experiente equipe de advogados LGBT de Sandy Springs, basta uma breve consulta para que a equipe tome as medidas necess\u00e1rias e garanta que voc\u00ea mantenha sua capacidade de dirigir mesmo durante o andamento do seu caso.<\/p>\n\n\n\n<p><strong>Observa\u00e7\u00e3o: <\/strong>Nossa equipe de advogados LGBT de Sandy Springs tamb\u00e9m lida com outros delitos menores e acusa\u00e7\u00f5es de crimes graves.<\/p>\n\n\n\n<h4 class=\"wp-block-heading\" id=\"aioseo-other-cases-we-handle\">Outros casos que atendemos:<\/h4>\n\n\n\n<p>Nossos advogados LGBT em Sandy Springs tamb\u00e9m lidam com os seguintes casos:<\/p>\n\n\n\n<ul class=\"wp-block-list\">\n<li><a href=\"https:\/\/dglawga.com\/pt\/fontes-arenosas\/advogado-de-direito-familiar\/\"><strong>Direito de Fam\u00edlia<\/strong><\/a><\/li>\n\n\n\n<li>Div\u00f3rcio<\/li>\n\n\n\n<li>Pens\u00e3o aliment\u00edcia para filhos<\/li>\n\n\n\n<li>Lit\u00edgios de cust\u00f3dia<\/li>\n\n\n\n<li>Ordem de Restri\u00e7\u00e3o<\/li>\n\n\n\n<li>Viol\u00eancia dom\u00e9stica<\/li>\n\n\n\n<li>Pens\u00e3o aliment\u00edcia<\/li>\n\n\n\n<li><strong><a href=\"https:\/\/dglawga.com\/pt\/fontes-arenosas\/\">Les\u00f5es Pessoais<\/a><\/strong><\/li>\n\n\n\n<li><a href=\"https:\/\/dglawga.com\/pt\/fontes-arenosas\/advogado-de-acidentes-de-carro\/\"><strong>Acidentes de carro.<\/strong><\/a><\/li>\n<\/ul>\n\n\n\n<h2 class=\"wp-block-heading\" id=\"aioseo-how-is-diaz-gaeta-the-best-sandy-springs-lgbt-lawyer-for-these-cases\" style=\"padding-top:var(--wp--preset--spacing--20)\">Por que Diaz &amp; Gaeta s\u00e3o os melhores advogados LGBT de Sandy Springs para esses casos?<\/h2>\n\n\n\n<p>Nossa equipe acredita na igualdade e na dignidade humana, independentemente da orienta\u00e7\u00e3o sexual ou identidade de g\u00eanero de um indiv\u00edduo. A comunidade LGBTQIA+ tem enfrentado escrut\u00ednio, opress\u00e3o e discrimina\u00e7\u00e3o em diversas \u00e1reas e aspectos.<\/p>\n\n\n\n<p>\u00c9 por isso que contamos com advogados experientes em nossa equipe para ajudar a proteger os direitos da comunidade LGBT.<\/p>\n\n\n\n<h2 class=\"wp-block-heading\" id=\"aioseo-hire-a-sandy-springs-lgbt-lawyer-today\" style=\"padding-top:var(--wp--preset--spacing--20)\">Contrate um advogado LGBT em Sandy Springs hoje mesmo!<\/h2>\n\n\n\n<p>A comunidade LGBT enfrenta desafios de todos os tipos e tamanhos. Alguns s\u00e3o simples e f\u00e1ceis de lidar, enquanto outros s\u00e3o complexos e \u00e1rduos. A equipe de advogados LGBT de Sandy Springs est\u00e1 \u00e0 disposi\u00e7\u00e3o para ajudar. <strong><a href=\"https:\/\/dglawga.com\/pt\/\">Diaz e Gaeta<\/a><\/strong> Possui uma experi\u00eancia e conhecimento incompar\u00e1veis, tanto em profundidade quanto em amplitude, em quest\u00f5es LGBT.<\/p>\n\n\n\n<p>Atendemos Sandy Springs e as \u00e1reas vizinhas na Ge\u00f3rgia e estamos no ramo h\u00e1 anos. Entendemos suas preocupa\u00e7\u00f5es e sua experi\u00eancia.<\/p>\n\n\n\n<p>Com nossa vasta experi\u00eancia em quest\u00f5es envolvendo casais do mesmo sexo e nosso compromisso inabal\u00e1vel em obter os melhores resultados, voc\u00ea pode esperar a melhor representa\u00e7\u00e3o legal.<\/p>\n\n\n\n<p>Ligue para o nosso escrit\u00f3rio em Sandy Springs pelo n\u00famero <a href=\"tel:+16785032780\"><strong>678-503-2780<\/strong><\/a> Comece com uma consulta gratuita!<\/p>","protected":false},"excerpt":{"rendered":"<p>The Lesbian, Gay, Bisexual, and Transgender (LGBT) community has experienced and still experiences numerous struggles regarding acceptance and equality. Getting nationwide marriage equality back in 2015 was a huge moment. This achievement also reassured that members of the LGBT community have the right to access the court to address family law issues and other cases [&hellip;]<\/p>\n","protected":false},"author":34,"featured_media":0,"parent":2044,"menu_order":0,"comment_status":"closed","ping_status":"closed","template":"wp-custom-template-sandy-springs-services","meta":{"_acf_changed":false,"_themeisle_gutenberg_block_has_review":false,"footnotes":""},"categories":[52],"tags":[124,123,120,21,122,59,126,58,121,60,125,119,26,118,116,117,22,142,143],"class_list":["post-2094","page","type-page","status-publish","hentry","category-sandy-springs-location","tag-abogado-coche-acidente","tag-abogado-gratis","tag-attorney-lawyer","tag-car-accidents","tag-car-accidents-lawyer","tag-family-law","tag-imigracion-abogados","tag-immigration","tag-immigration-lawyer","tag-lgbt","tag-marietta-abogado","tag-marietta-lawyer","tag-personal-injury","tag-top-lawyer-in-marietta","tag-top-lawyers-in-atlanta","tag-top-lawyers-in-smyrna","tag-truck-accident","tag-truck-accident-attorneys","tag-truck-crash"],"acf":[],"aioseo_notices":[],"_links":{"self":[{"href":"https:\/\/dglawga.com\/pt\/wp-json\/wp\/v2\/pages\/2094","targetHints":{"allow":["GET"]}}],"collection":[{"href":"https:\/\/dglawga.com\/pt\/wp-json\/wp\/v2\/pages"}],"about":[{"href":"https:\/\/dglawga.com\/pt\/wp-json\/wp\/v2\/types\/page"}],"author":[{"embeddable":true,"href":"https:\/\/dglawga.com\/pt\/wp-json\/wp\/v2\/users\/34"}],"replies":[{"embeddable":true,"href":"https:\/\/dglawga.com\/pt\/wp-json\/wp\/v2\/comments?post=2094"}],"version-history":[{"count":4,"href":"https:\/\/dglawga.com\/pt\/wp-json\/wp\/v2\/pages\/2094\/revisions"}],"predecessor-version":[{"id":8534,"href":"https:\/\/dglawga.com\/pt\/wp-json\/wp\/v2\/pages\/2094\/revisions\/8534"}],"up":[{"embeddable":true,"href":"https:\/\/dglawga.com\/pt\/wp-json\/wp\/v2\/pages\/2044"}],"wp:attachment":[{"href":"https:\/\/dglawga.com\/pt\/wp-json\/wp\/v2\/media?parent=2094"}],"wp:term":[{"taxonomy":"category","embeddable":true,"href":"https:\/\/dglawga.com\/pt\/wp-json\/wp\/v2\/categories?post=2094"},{"taxonomy":"post_tag","embeddable":true,"href":"https:\/\/dglawga.com\/pt\/wp-json\/wp\/v2\/tags?post=2094"}],"curies":[{"name":"wp","href":"https:\/\/api.w.org\/{rel}","templated":true}]}}