{"id":3754,"date":"2021-08-17T14:31:40","date_gmt":"2021-08-17T19:31:40","guid":{"rendered":"https:\/\/diazgaetalaw.wpengine.com\/?page_id=3754"},"modified":"2023-04-14T11:38:16","modified_gmt":"2023-04-14T15:38:16","slug":"pagina-de-tyler","status":"publish","type":"page","link":"https:\/\/dglawga.com\/pt\/pagina-de-tyler\/","title":{"rendered":"P\u00e1gina de Tyler"},"content":{"rendered":"<p><img decoding=\"async\" width=\"754\" height=\"209\" src=\"https:\/\/dglawga.com\/wp-content\/uploads\/2021\/08\/Logo-over-book.png\" alt=\"\" loading=\"lazy\" srcset=\"https:\/\/dglawga.com\/wp-content\/uploads\/2021\/08\/Logo-over-book.png 754w, https:\/\/dglawga.com\/wp-content\/uploads\/2021\/08\/Logo-over-book-300x83.png 300w\" sizes=\"auto, (max-width: 754px) 100vw, 754px\" \/>\t\t\t\t\t\t\t\t\t\t\t\t\t\t\t<\/p>\n<h2>Te mereces os melhores abogados defensores<\/h2>\n<h2>COM M\u00c1S DE 35 A\u00d1OS DE PR\u00c1CTICA DEL DERECHO EN LOS TRIBUNALES DE EE. UU.<\/h2>\n<p>\t\t\t\t\t\t\t\t\t\t\t\t\t\t\t<img decoding=\"async\" width=\"63\" height=\"62\" src=\"https:\/\/dglawga.com\/wp-content\/uploads\/2021\/08\/interactive-icon-1.png\" alt=\"\" loading=\"lazy\" \/>\t\t\t\t\t\t\t\t\t\t\t\t\t\t\t<\/p>\n<h2>BANCARROTA<\/h2>\n<p>\t\t\t\t\t\t\t\t\t\t\t\t\t\t\t<img decoding=\"async\" width=\"65\" height=\"62\" src=\"https:\/\/dglawga.com\/wp-content\/uploads\/2021\/08\/interactive-icon-2.png\" alt=\"\" loading=\"lazy\" \/>\t\t\t\t\t\t\t\t\t\t\t\t\t\t\t<\/p>\n<h2>MULTAS DE TR\u00c2NSITO<\/h2>\n<p>\t\t\t\t\t\t\t\t\t\t\t\t\t\t\t<img decoding=\"async\" width=\"50\" height=\"62\" src=\"https:\/\/dglawga.com\/wp-content\/uploads\/2021\/08\/interactive-icon-3.png\" alt=\"\" loading=\"lazy\" \/>\t\t\t\t\t\t\t\t\t\t\t\t\t\t\t<\/p>\n<h2>LES\u00d5ES PESSOAIS<\/h2>\n<p>\t\t\t\t\t\t\t\t\t\t\t\t\t\t\t<img decoding=\"async\" width=\"62\" height=\"62\" src=\"https:\/\/dglawga.com\/wp-content\/uploads\/2021\/08\/interactive-icon-4.png\" alt=\"\" loading=\"lazy\" \/>\t\t\t\t\t\t\t\t\t\t\t\t\t\t\t<\/p>\n<h2>Planejamento patrimonial<\/h2>\n<p>\t\t\t\t\t\t\t\t\t\t\t\t\t\t\t<img decoding=\"async\" width=\"65\" height=\"62\" src=\"https:\/\/dglawga.com\/wp-content\/uploads\/2021\/08\/interactive-icon-5.png\" alt=\"\" loading=\"lazy\" \/>\t\t\t\t\t\t\t\t\t\t\t\t\t\t\t<\/p>\n<h2>Acidentes automobil\u00edsticos<\/h2>\n<p>\t\t\t\t\t\t\t\t\t\t\t\t\t\t\t<img decoding=\"async\" width=\"63\" height=\"62\" src=\"https:\/\/dglawga.com\/wp-content\/uploads\/2021\/08\/interactive-icon-6.png\" alt=\"\" loading=\"lazy\" \/>\t\t\t\t\t\t\t\t\t\t\t\t\t\t\t<\/p>\n<h2>MERCADO DE VALORES<\/h2>\n<p>\t\t\t\t\t\t\t\t\t\t\t\t\t\t\t<img decoding=\"async\" width=\"34\" height=\"23\" src=\"https:\/\/dglawga.com\/wp-content\/uploads\/2021\/08\/top-seperator-icon-section-2.png\" alt=\"\" loading=\"lazy\" \/>\t\t\t\t\t\t\t\t\t\t\t\t\t\t\t<\/p>\n<h2><b>Os melhores advogados<\/b><\/h2>\n<h2><b>defensores por seu dinheiro<\/b><\/h2>\n<h2>Nossos advogados tamb\u00e9m representar\u00e3o em casos de lit\u00edgios civis como div\u00f3rcio, manuten\u00e7\u00e3o de filhos e c\u00f4njuge.<\/h2>\n<p>\t\t\t\t\t\t\t\t\t\t\t\t\t\t\t<img decoding=\"async\" width=\"500\" height=\"408\" src=\"https:\/\/dglawga.com\/wp-content\/uploads\/2021\/08\/interactive-banner-color-pic-1.jpeg\" alt=\"\" loading=\"lazy\" srcset=\"https:\/\/dglawga.com\/wp-content\/uploads\/2021\/08\/interactive-banner-color-pic-1.jpeg 500w, https:\/\/dglawga.com\/wp-content\/uploads\/2021\/08\/interactive-banner-color-pic-1-300x245.jpeg 300w\" sizes=\"auto, (max-width: 500px) 100vw, 500px\" \/>\t\t\t\t\t\t\t\t\t\t\t\t\t\t\t<\/p>\n<h2>NO TRIBUNAL<br \/>\n<\/h2>\n<h2>direito penal<\/h2>\n<p>\t\t\t\t\t\t\t\t\t\t\t\t\t\t\t<img decoding=\"async\" width=\"500\" height=\"408\" src=\"https:\/\/dglawga.com\/wp-content\/uploads\/2021\/08\/interactive-banner-color-pic-2.jpeg\" alt=\"\" loading=\"lazy\" srcset=\"https:\/\/dglawga.com\/wp-content\/uploads\/2021\/08\/interactive-banner-color-pic-2.jpeg 500w, https:\/\/dglawga.com\/wp-content\/uploads\/2021\/08\/interactive-banner-color-pic-2-300x245.jpeg 300w\" sizes=\"auto, (max-width: 500px) 100vw, 500px\" \/>\t\t\t\t\t\t\t\t\t\t\t\t\t\t\t<\/p>\n<h2>NEGLIG\u00caNCIA M\u00c9DICA<\/h2>\n<h2>malpraxia m\u00e9dica<\/h2>\n<p>\t\t\t\t\t\t\t\t\t\t\t\t\t\t\t<img decoding=\"async\" width=\"500\" height=\"408\" src=\"https:\/\/dglawga.com\/wp-content\/uploads\/2021\/08\/interactive-banner-color-pic-3.jpeg\" alt=\"\" loading=\"lazy\" srcset=\"https:\/\/dglawga.com\/wp-content\/uploads\/2021\/08\/interactive-banner-color-pic-3.jpeg 500w, https:\/\/dglawga.com\/wp-content\/uploads\/2021\/08\/interactive-banner-color-pic-3-300x245.jpeg 300w\" sizes=\"auto, (max-width: 500px) 100vw, 500px\" \/>\t\t\t\t\t\t\t\t\t\t\t\t\t\t\t<\/p>\n<h2>Direito de Fam\u00edlia<\/h2>\n<h2>lei de seguros<\/h2>\n<p>\t\t\t\t\t\t\t\t\t\t\t\t\t\t\t<img decoding=\"async\" width=\"500\" height=\"408\" src=\"https:\/\/dglawga.com\/wp-content\/uploads\/2021\/08\/interactive-banner-color-pic-4.jpeg\" alt=\"\" loading=\"lazy\" srcset=\"https:\/\/dglawga.com\/wp-content\/uploads\/2021\/08\/interactive-banner-color-pic-4.jpeg 500w, https:\/\/dglawga.com\/wp-content\/uploads\/2021\/08\/interactive-banner-color-pic-4-300x245.jpeg 300w\" sizes=\"auto, (max-width: 500px) 100vw, 500px\" \/>\t\t\t\t\t\t\t\t\t\t\t\t\t\t\t<\/p>\n<h2>PARAR UNA EJECU\u00c7\u00c3O HIPOTECARIA<\/h2>\n<h2>direito imobili\u00e1rio<\/h2>\n<h2>Nossos advogados tamb\u00e9m o representar\u00e3o em casos de lit\u00edgio civil como o div\u00f3rcio.<\/h2>\n<p>\t\t\t<a href=\"#\" role=\"button\"><br \/>\n\t\t\t\t\t\tContate-nos<br \/>\n\t\t\t\t\t<\/a><br \/>\n\t\t\t<a href=\"#\" role=\"button\"><br \/>\n\t\t\t\t\t<\/a><br \/>\n\t\t\t\t\t\t\t\t\t\t\t\t\t\t\t<img decoding=\"async\" width=\"35\" height=\"23\" src=\"https:\/\/dglawga.com\/wp-content\/uploads\/2021\/09\/Little-white-thing.png\" alt=\"\" loading=\"lazy\" \/>\t\t\t\t\t\t\t\t\t\t\t\t\t\t\t<\/p>\n<h1>$32500<\/h1>\n<h2>Recuperado para nossos clientes neste ano.<\/h2>\n<h2>\u00c0s vezes voc\u00ea pode encontrar situa\u00e7\u00f5es dif\u00edceis e n\u00e3o ser capaz de acalmar a situa\u00e7\u00e3o sem acudir aos tribunais.<\/h2>\n<p>\t\t\t<a href=\"#\" role=\"button\"><br \/>\n\t\t\t\t\t\tClique aqui<br \/>\n\t\t\t\t\t<\/a><br \/>\n\t\t\t<a href=\"#\" role=\"button\"><br \/>\n\t\t\t\t\t<\/a><br \/>\n\t\t\t\t\t\t\t\t\t\t\t\t\t\t\t<img decoding=\"async\" width=\"35\" height=\"23\" src=\"https:\/\/dglawga.com\/wp-content\/uploads\/2021\/09\/Little-white-thing.png\" alt=\"\" loading=\"lazy\" \/>\t\t\t\t\t\t\t\t\t\t\t\t\t\t\t<\/p>\n<h2>$12500<\/h2>\n<h2>Gastos de fian\u00e7a recuperados este ano<\/h2>\n<h2>\u00c0s vezes voc\u00ea pode encontrar situa\u00e7\u00f5es dif\u00edceis e n\u00e3o ser capaz de acalmar a situa\u00e7\u00e3o sem acudir aos tribunais.<\/h2>\n<p>\t\t\t<a href=\"#\" role=\"button\"><br \/>\n\t\t\t\t\t\tClique aqui<br \/>\n\t\t\t\t\t<\/a><br \/>\n\t\t\t<a href=\"#\" role=\"button\"><br \/>\n\t\t\t\t\t<\/a><br \/>\n\t\t\t\t\t\t\t\t\t\t\t\t\t\t\t<img decoding=\"async\" width=\"34\" height=\"23\" src=\"https:\/\/dglawga.com\/wp-content\/uploads\/2021\/08\/top-seperator-icon-section-2.png\" alt=\"\" loading=\"lazy\" \/>\t\t\t\t\t\t\t\t\t\t\t\t\t\t\t<\/p>\n<h2><b>Representa\u00e7\u00e3o Legal<\/b><\/h2>\n<h2><b>em Casos de Lit\u00edgios<\/b><\/h2>\n<h1>Nossos advogados tamb\u00e9m representar\u00e3o em casos de lit\u00edgios civis como div\u00f3rcio, manuten\u00e7\u00e3o de filhos e c\u00f4njuge.<\/h1>\n<p>\t\t\t\t\t\t\t\t\t\t\t\t\t\t\t<img decoding=\"async\" width=\"303\" height=\"303\" src=\"https:\/\/dglawga.com\/wp-content\/uploads\/2021\/11\/Person-1.jpeg\" alt=\"\" loading=\"lazy\" srcset=\"https:\/\/dglawga.com\/wp-content\/uploads\/2021\/11\/Person-1.jpeg 303w, https:\/\/dglawga.com\/wp-content\/uploads\/2021\/11\/Person-1-300x300.jpeg 300w, https:\/\/dglawga.com\/wp-content\/uploads\/2021\/11\/Person-1-150x150.jpeg 150w\" sizes=\"auto, (max-width: 303px) 100vw, 303px\" \/>\t\t\t\t\t\t\t\t\t\t\t\t\t\t\t<\/p>\n<h2>THOMAS MCCLAIN<\/h2>\n<h2>Advogado titular<\/h2>\n<p>\t\t\t\t\t\t\t\t\t\t\t\t\t\t\t<img decoding=\"async\" width=\"303\" height=\"303\" src=\"https:\/\/dglawga.com\/wp-content\/uploads\/2021\/11\/person-2.jpeg\" alt=\"\" loading=\"lazy\" srcset=\"https:\/\/dglawga.com\/wp-content\/uploads\/2021\/11\/person-2.jpeg 303w, https:\/\/dglawga.com\/wp-content\/uploads\/2021\/11\/person-2-300x300.jpeg 300w, https:\/\/dglawga.com\/wp-content\/uploads\/2021\/11\/person-2-150x150.jpeg 150w\" sizes=\"auto, (max-width: 303px) 100vw, 303px\" \/>\t\t\t\t\t\t\t\t\t\t\t\t\t\t\t<\/p>\n<h2>ROSE JOHNSON<\/h2>\n<h2>Rela\u00e7\u00f5es Externas<\/h2>\n<p>\t\t\t\t\t\t\t\t\t\t\t\t\t\t\t<img decoding=\"async\" width=\"303\" height=\"303\" src=\"https:\/\/dglawga.com\/wp-content\/uploads\/2021\/11\/Person-3.jpeg\" alt=\"\" loading=\"lazy\" srcset=\"https:\/\/dglawga.com\/wp-content\/uploads\/2021\/11\/Person-3.jpeg 303w, https:\/\/dglawga.com\/wp-content\/uploads\/2021\/11\/Person-3-300x300.jpeg 300w, https:\/\/dglawga.com\/wp-content\/uploads\/2021\/11\/Person-3-150x150.jpeg 150w\" sizes=\"auto, (max-width: 303px) 100vw, 303px\" \/>\t\t\t\t\t\t\t\t\t\t\t\t\t\t\t<\/p>\n<h2>SIMON ROBINS<\/h2>\n<h2>Advogado Associado<\/h2>\n<p>\t\t\t\t\t\t\t\t\t\t\t\t\t\t\t<img decoding=\"async\" width=\"303\" height=\"303\" src=\"https:\/\/dglawga.com\/wp-content\/uploads\/2021\/11\/Person-4.jpeg\" alt=\"\" loading=\"lazy\" srcset=\"https:\/\/dglawga.com\/wp-content\/uploads\/2021\/11\/Person-4.jpeg 303w, https:\/\/dglawga.com\/wp-content\/uploads\/2021\/11\/Person-4-300x300.jpeg 300w, https:\/\/dglawga.com\/wp-content\/uploads\/2021\/11\/Person-4-150x150.jpeg 150w\" sizes=\"auto, (max-width: 303px) 100vw, 303px\" \/>\t\t\t\t\t\t\t\t\t\t\t\t\t\t\t<\/p>\n<h2>NELSON CONROY<\/h2>\n<h2>Diretora Executiva<\/h2>\n<h2>Propriedade intelectual<\/h2>\n<h2>Tal vez n\u00e3o chegou t\u00e3o longe, mas aqueles que se preocupam com essas disputas de direito internacional pesam entre a China e os Estados Unidos. UU. est\u00e1 em curso de colis\u00e3o porque ambas as partes se afastaram de palestras contradit\u00f3rias do direito internacional.<\/h2>\n<p>\t\t\t<a href=\"#\" role=\"button\"><br \/>\n\t\t\t\t\t\tContate-nos<br \/>\n\t\t\t\t\t<\/a><br \/>\n\t\t\t<a href=\"#\" role=\"button\"><br \/>\n\t\t\t\t\t<\/a><br \/>\n\t\t\t\t\t\t\t\t\t\t\t\t\t\t\t<img decoding=\"async\" width=\"34\" height=\"23\" src=\"https:\/\/dglawga.com\/wp-content\/uploads\/2021\/08\/top-seperator-icon-section-2.png\" alt=\"\" loading=\"lazy\" \/>\t\t\t\t\t\t\t\t\t\t\t\t\t\t\t<\/p>\n<h2><b>Lo que nuestros Clientes<\/b><\/h2>\n<h2>Dados sobre nossos servi\u00e7os<\/h2>\n<h2>Nossos advogados tamb\u00e9m representar\u00e3o em casos de lit\u00edgios civis como div\u00f3rcio, manuten\u00e7\u00e3o de filhos e c\u00f4njuge.<\/h2>\n<p>\t\thttps:\/\/www.youtube.com\/watch?v=k6rglSvoQgw<br \/>\n\t\t\t\t\t\t\tCada ato, cada ato de justi\u00e7a, miseric\u00f3rdia e benevol\u00eancia, faz m\u00fasica celestial no c\u00e9u.<br \/>\n\t\t\t\t\t\t\t<img decoding=\"async\" width=\"100\" height=\"100\" src=\"https:\/\/dglawga.com\/wp-content\/uploads\/2021\/11\/testimonials-3.png\" alt=\"\" loading=\"lazy\" \/><br \/>\n\t\t\t\t\t\t\t\t\t\t\t\t\t\tELLEN G. WHITE<br \/>\n\t\t\t\t\t\t\t\t\t\t\t\t\t\t\t\t\t\t\t\t\t\tSERVI\u00c7O SECRETO<br \/>\n\t\t\t\t\t\t\tCreio que os deveres religiosos consistem em fazer justi\u00e7a, amar a miseric\u00f3rdia e fazer felicidades aos dem\u00f4nios.<br \/>\n\t\t\t\t\t\t\t<img decoding=\"async\" width=\"100\" height=\"100\" src=\"https:\/\/dglawga.com\/wp-content\/uploads\/2021\/11\/testimonials-1.png\" alt=\"\" loading=\"lazy\" \/><br \/>\n\t\t\t\t\t\t\t\t\t\t\t\t\t\tThomas Paine<br \/>\n\t\t\t\t\t\t\t\t\t\t\t\t\t\t\t\t\t\t\t\t\t\tPenalista<br \/>\n\t\t\t\t\t\t\tNo puede haber justicia sin verdad. E n\u00e3o pode haver verdade, a menos que algu\u00e9m se levante para dizer a verdade.<br \/>\n\t\t\t\t\t\t\t<img decoding=\"async\" width=\"100\" height=\"100\" src=\"https:\/\/dglawga.com\/wp-content\/uploads\/2021\/11\/testimonials-1.png\" alt=\"\" loading=\"lazy\" \/><br \/>\n\t\t\t\t\t\t\t\t\t\t\t\t\t\tLu\u00eds Farrakhan<br \/>\n\t\t\t\t\t\t\t\t\t\t\t\t\t\t\t\t\t\t\t\t\t\tAgente de liberdade condicional<br \/>\n\t\t\t\t\t\t\t\t\t\t\t\t\t\t\t<img decoding=\"async\" width=\"480\" height=\"480\" src=\"https:\/\/dglawga.com\/wp-content\/uploads\/2021\/11\/bottom-4-images-1.jpeg\" alt=\"\" loading=\"lazy\" srcset=\"https:\/\/dglawga.com\/wp-content\/uploads\/2021\/11\/bottom-4-images-1.jpeg 480w, https:\/\/dglawga.com\/wp-content\/uploads\/2021\/11\/bottom-4-images-1-300x300.jpeg 300w, https:\/\/dglawga.com\/wp-content\/uploads\/2021\/11\/bottom-4-images-1-150x150.jpeg 150w\" sizes=\"auto, (max-width: 480px) 100vw, 480px\" \/><br \/>\n\t\t\t\t\t\t\t\t\t\t\t\t\t\t\t<img decoding=\"async\" width=\"480\" height=\"480\" src=\"https:\/\/dglawga.com\/wp-content\/uploads\/2021\/11\/Bottom-4-images-2.jpeg\" alt=\"\" loading=\"lazy\" srcset=\"https:\/\/dglawga.com\/wp-content\/uploads\/2021\/11\/Bottom-4-images-2.jpeg 480w, https:\/\/dglawga.com\/wp-content\/uploads\/2021\/11\/Bottom-4-images-2-300x300.jpeg 300w, https:\/\/dglawga.com\/wp-content\/uploads\/2021\/11\/Bottom-4-images-2-150x150.jpeg 150w\" sizes=\"auto, (max-width: 480px) 100vw, 480px\" \/><br \/>\n\t\t\t\t\t\t\t\t\t\t\t\t\t\t\t<img decoding=\"async\" width=\"480\" height=\"480\" src=\"https:\/\/dglawga.com\/wp-content\/uploads\/2021\/11\/bottom-4-images-3.jpeg\" alt=\"\" loading=\"lazy\" srcset=\"https:\/\/dglawga.com\/wp-content\/uploads\/2021\/11\/bottom-4-images-3.jpeg 480w, https:\/\/dglawga.com\/wp-content\/uploads\/2021\/11\/bottom-4-images-3-300x300.jpeg 300w, https:\/\/dglawga.com\/wp-content\/uploads\/2021\/11\/bottom-4-images-3-150x150.jpeg 150w\" sizes=\"auto, (max-width: 480px) 100vw, 480px\" \/><br \/>\n\t\t\t\t\t\t\t\t\t\t\t\t\t\t\t<img decoding=\"async\" width=\"480\" height=\"480\" src=\"https:\/\/dglawga.com\/wp-content\/uploads\/2021\/11\/bottom-4-images-4.jpeg\" alt=\"\" loading=\"lazy\" srcset=\"https:\/\/dglawga.com\/wp-content\/uploads\/2021\/11\/bottom-4-images-4.jpeg 480w, https:\/\/dglawga.com\/wp-content\/uploads\/2021\/11\/bottom-4-images-4-300x300.jpeg 300w, https:\/\/dglawga.com\/wp-content\/uploads\/2021\/11\/bottom-4-images-4-150x150.jpeg 150w\" sizes=\"auto, (max-width: 480px) 100vw, 480px\" \/>\t\t\t\t\t\t\t\t\t\t\t\t\t\t\t<\/p>\n<h2>Nossos advogados tamb\u00e9m o representar\u00e3o em casos de lit\u00edgio civil como o div\u00f3rcio.<\/h2>\n<p>\t\t\t\t\t\t\t\t\t\t\t\t\t\t\t<img decoding=\"async\" width=\"34\" height=\"23\" src=\"https:\/\/dglawga.com\/wp-content\/uploads\/2021\/08\/top-seperator-icon-section-2.png\" alt=\"\" loading=\"lazy\" \/>\t\t\t\t\t\t\t\t\t\t\t\t\t\t\t<\/p>\n<h2><b>Los abogados m\u00e1s rudos<\/b><\/h2>\n<h2><b>com os melhores resultados<\/b><\/h2>\n<h2>Nossos advogados tamb\u00e9m representar\u00e3o em casos de lit\u00edgios civis como div\u00f3rcio, manuten\u00e7\u00e3o de filhos e c\u00f4njuge.<\/h2>\n<h2><b>LEI DE IMIGRA\u00c7\u00c3O<\/b><\/h2>\n<h2>en qu\u00e9 somos mejores<\/h2>\n<h2>DEFESA PENAL<\/h2>\n<h2>DISPUTAS FAMILIARES<\/h2>\n<h2>FRAUDE DE CORRETOR<\/h2>\n<h2>VIOL\u00caNCIA DOM\u00c9STICA<\/h2>\n<h2>MALPRAXIS M\u00c9DICA<\/h2>\n<h2>PROPRIEDADE INTELECTUAL<\/h2>\n<h2><b style=\"text-decoration: underline;\">VER TASAS DE \u00c9XITO<\/b><\/h2>\n<p>\t\t\t<a href=\"#\" role=\"button\"><br \/>\n\t\t\t\t\t<\/a><\/p>\n<h2><b>BANCA E FINAN\u00c7AS<\/b><\/h2>\n<h2>servi\u00e7o excepcional<\/h2>\n<h2>DEFESA CRIMINAL<\/h2>\n<h2>DISPUTAS FAMILIARES<\/h2>\n<h2>FRAUDE DE CORRETORES<\/h2>\n<h2>VIOL\u00caNCIA DOM\u00c9STICA<\/h2>\n<h2>NEGLIG\u00caNCIA M\u00c9DICA<\/h2>\n<h2>PROPRIEDADE INTELECTUAL<\/h2>\n<h2><b style=\"text-decoration: underline;\">VER TASAS DE \u00c9XITO<\/b><\/h2>\n<p>\t\t\t<a href=\"#\" role=\"button\"><br \/>\n\t\t\t\t\t<\/a><\/p>\n<h2><b>DIREITO DO TRABALHO<\/b><\/h2>\n<h2>atitude pessoal<\/h2>\n<h2>DEFESA CRIMINAL<\/h2>\n<h2>DISPUTAS FAMILIARES<\/h2>\n<h2>FRAUDE DE CORRETORES<\/h2>\n<h2>VIOL\u00caNCIA DOM\u00c9STICA<\/h2>\n<h2>NEGLIG\u00caNCIA M\u00c9DICA<\/h2>\n<h2>PROPRIEDADE INTELECTUAL<\/h2>\n<h2><b style=\"text-decoration: underline;\">VER TASAS DE \u00c9XITO<\/b><\/h2>\n<p>\t\t\t<a href=\"#\" role=\"button\"><br \/>\n\t\t\t\t\t<\/a><\/p>\n<h2><b>DEFESA CONTRA EXECU\u00c7\u00c3O HIPOTEC\u00c1RIA<\/b><\/h2>\n<h2>direitos civis<\/h2>\n<h2>DEFESA CRIMINAL<\/h2>\n<h2>DISPUTAS FAMILIARES<\/h2>\n<h2>FRAUDE DE CORRETORES<\/h2>\n<h2>VIOL\u00caNCIA DOM\u00c9STICA<\/h2>\n<h2>NEGLIG\u00caNCIA M\u00c9DICA<\/h2>\n<h2>PROPRIEDADE INTELECTUAL<\/h2>\n<h2><b style=\"text-decoration: underline;\">VER TASAS DE \u00c9XITO<\/b><\/h2>\n<p>\t\t\t<a href=\"#\" role=\"button\"><br \/>\n\t\t\t\t\t<\/a><\/p>\n<h2><b>Leia nosso blog escrito por especialistas ou siga-nos nas redes sociais media<\/b><\/h2>\n<h2>Talvez n\u00e3o chegue a tanto, mas aqueles que se preocupam com essas disputas de direito internacional acreditam que a China e os EUA est\u00e3o em rota de colis\u00e3o porque ambos os lados se apegam a interpreta\u00e7\u00f5es contradit\u00f3rias do direito internacional. Presume-se que o conflito n\u00e3o chegar\u00e1 a um n\u00edvel nuclear.<\/h2>\n<p>\t\t\t<a href=\"#\" role=\"button\"><br \/>\n\t\t\t\t\t\tContate-nos<br \/>\n\t\t\t\t\t<\/a><br \/>\n\t\t\t<a href=\"#\" role=\"button\"><br \/>\n\t\t\t\t\t<\/a><br \/>\n\t\t\t\t\t<a target=\"_blank\" rel=\"noopener\"><br \/>\n\t\t\t\t\t\tFacebook<br \/>\n\t\t\t\t\t\t\t\t\t\t\t<\/a><br \/>\n\t\t\t\t\t<a target=\"_blank\" rel=\"noopener\"><br \/>\n\t\t\t\t\t\tTwitter<br \/>\n\t\t\t\t\t\t\t\t\t\t\t<\/a><br \/>\n\t\t\t\t\t<a target=\"_blank\" rel=\"noopener\"><br \/>\n\t\t\t\t\t\tGoogle+<br \/>\n\t\t\t\t\t\t\t\t\t\t\t<\/a><br \/>\n\t\t\t\t\t<a target=\"_blank\" rel=\"noopener\"><br \/>\n\t\t\t\t\t\tLinkedIn<br \/>\n\t\t\t\t\t\t\t\t\t\t\t<\/a><br \/>\n\t\t\t\t\t\t\t\t\t\t\t\t\t\t\t<img decoding=\"async\" width=\"34\" height=\"23\" src=\"https:\/\/dglawga.com\/wp-content\/uploads\/2021\/08\/top-seperator-icon-section-2.png\" alt=\"\" loading=\"lazy\" \/>\t\t\t\t\t\t\t\t\t\t\t\t\t\t\t<\/p>\n<h2>Oferecemos um <\/h2>\n<h2>Ampla gama <\/h2>\n<h2>Servi\u00e7os Jur\u00eddicos<\/h2>\n<h2>Nossos advogados tamb\u00e9m representar\u00e3o em casos de lit\u00edgios civis como div\u00f3rcio, manuten\u00e7\u00e3o de filhos e c\u00f4njuge.<\/h2>\n<p>\t\t\t\t\t\t\t\t\t\t\t\t\t\t\t<img decoding=\"async\" width=\"200\" height=\"200\" src=\"https:\/\/dglawga.com\/wp-content\/uploads\/2021\/11\/almost-bottom-picture-1.jpeg\" alt=\"\" loading=\"lazy\" srcset=\"https:\/\/dglawga.com\/wp-content\/uploads\/2021\/11\/almost-bottom-picture-1.jpeg 200w, https:\/\/dglawga.com\/wp-content\/uploads\/2021\/11\/almost-bottom-picture-1-150x150.jpeg 150w\" sizes=\"auto, (max-width: 200px) 100vw, 200px\" \/>\t\t\t\t\t\t\t\t\t\t\t\t\t\t\t<\/p>\n<h2><b>NO TRIBUNAL DE JUSTI\u00c7A<\/b><\/h2>\n<h2>Em conjunto com seu vasto conhecimento t\u00e9cnico, nossa empresa aproveita a s\u00f3lida experi\u00eancia jur\u00eddica adquirida atuando em diferentes tribunais.<\/h2>\n<p>\t\t\t\t\t\t\t\t\t\t\t\t\t\t\t<img decoding=\"async\" width=\"200\" height=\"200\" src=\"https:\/\/dglawga.com\/wp-content\/uploads\/2021\/11\/almost-bottom-image-2.jpeg\" alt=\"\" loading=\"lazy\" srcset=\"https:\/\/dglawga.com\/wp-content\/uploads\/2021\/11\/almost-bottom-image-2.jpeg 200w, https:\/\/dglawga.com\/wp-content\/uploads\/2021\/11\/almost-bottom-image-2-150x150.jpeg 150w\" sizes=\"auto, (max-width: 200px) 100vw, 200px\" \/>\t\t\t\t\t\t\t\t\t\t\t\t\t\t\t<\/p>\n<h2><b>CAMINHO DIRETO PARA A JUSTI\u00c7A<\/b><\/h2>\n<h2>Em conjunto com seu vasto conhecimento t\u00e9cnico, nossa empresa aproveita a s\u00f3lida experi\u00eancia jur\u00eddica adquirida atuando em diferentes tribunais.<\/h2>\n<p>\t\t\t\t\t\t\t\t\t\t\t\t\t\t\t<img decoding=\"async\" width=\"200\" height=\"200\" src=\"https:\/\/dglawga.com\/wp-content\/uploads\/2021\/11\/almost-bottom-image-3.jpeg\" alt=\"\" loading=\"lazy\" srcset=\"https:\/\/dglawga.com\/wp-content\/uploads\/2021\/11\/almost-bottom-image-3.jpeg 200w, https:\/\/dglawga.com\/wp-content\/uploads\/2021\/11\/almost-bottom-image-3-150x150.jpeg 150w\" sizes=\"auto, (max-width: 200px) 100vw, 200px\" \/>\t\t\t\t\t\t\t\t\t\t\t\t\t\t\t<\/p>\n<h2><b>A\u00c7\u00d5ES JUDICIAIS CORPORATIVAS<\/b><\/h2>\n<h2>Em conjunto com seu vasto conhecimento t\u00e9cnico, nossa empresa aproveita a s\u00f3lida experi\u00eancia jur\u00eddica adquirida atuando em diferentes tribunais.<\/h2>\n<p>\t\t\t\t\t\t\t\t\t\t\t\t\t\t\t<img decoding=\"async\" width=\"200\" height=\"200\" src=\"https:\/\/dglawga.com\/wp-content\/uploads\/2021\/11\/almost-bottom-image-4.jpeg\" alt=\"\" loading=\"lazy\" srcset=\"https:\/\/dglawga.com\/wp-content\/uploads\/2021\/11\/almost-bottom-image-4.jpeg 200w, https:\/\/dglawga.com\/wp-content\/uploads\/2021\/11\/almost-bottom-image-4-150x150.jpeg 150w\" sizes=\"auto, (max-width: 200px) 100vw, 200px\" \/>\t\t\t\t\t\t\t\t\t\t\t\t\t\t\t<\/p>\n<h2><b>PROTEGENDO OS NEG\u00d3CIOS<\/b><\/h2>\n<h2>Em conjunto com seu vasto conhecimento t\u00e9cnico, nossa empresa aproveita a s\u00f3lida experi\u00eancia jur\u00eddica adquirida atuando em diferentes tribunais.<\/h2>\n<h2><b>Nossos especialistas j\u00e1 foram destaque na imprensa diversas vezes.<\/b><\/h2>\n<h2>Adquirir o controle de uma institui\u00e7\u00e3o n\u00e3o segurada ou manter, por mais de um ano ap\u00f3s a data em que qualquer subsidi\u00e1ria de institui\u00e7\u00e3o segurada deixar de ser segurada, o controle dessa institui\u00e7\u00e3o, exceto para uma institui\u00e7\u00e3o segurada ou sua holding.<\/h2>\n<p>\t\t\t\t\t\t\t\t\t\t\t\t\t\t\t<img decoding=\"async\" width=\"208\" height=\"83\" src=\"https:\/\/dglawga.com\/wp-content\/uploads\/2021\/11\/signature-bottom.png\" alt=\"\" loading=\"lazy\" \/>\t\t\t\t\t\t\t\t\t\t\t\t\t\t\t<\/p>\n<figure class='gallery-item'>\n\t\t\t\t<a data-elementor-open-lightbox=\"yes\" data-elementor-lightbox-slideshow=\"bce7031\" data-elementor-lightbox-title=\"Client Top left\" data-e-action-hash=\"#elementor-action%3Aaction%3Dlightbox%26settings%3DeyJpZCI6MzUwNSwidXJsIjoiaHR0cHM6XC9cL2RnbGF3Z2EuY29tXC93cC1jb250ZW50XC91cGxvYWRzXC8yMDIxXC8xMVwvQ2xpZW50LVRvcC1sZWZ0LTEucG5nIiwic2xpZGVzaG93IjoiYmNlNzAzMSJ9\" href='https:\/\/dglawga.com\/wp-content\/uploads\/2021\/11\/Client-Top-left-1.png'><img width=\"150\" height=\"150\" src=\"https:\/\/dglawga.com\/wp-content\/uploads\/2021\/11\/Client-Top-left-1-150x150.png\" alt=\"\" decoding=\"async\" loading=\"lazy\" \/><\/a><br \/>\n\t\t\t<\/figure>\n<figure class='gallery-item'>\n\t\t\t\t<a data-elementor-open-lightbox=\"yes\" data-elementor-lightbox-slideshow=\"bce7031\" data-elementor-lightbox-title=\"Client Top Middle\" data-e-action-hash=\"#elementor-action%3Aaction%3Dlightbox%26settings%3DeyJpZCI6MzUwNiwidXJsIjoiaHR0cHM6XC9cL2RnbGF3Z2EuY29tXC93cC1jb250ZW50XC91cGxvYWRzXC8yMDIxXC8xMVwvQ2xpZW50LVRvcC1NaWRkbGUucG5nIiwic2xpZGVzaG93IjoiYmNlNzAzMSJ9\" href='https:\/\/dglawga.com\/wp-content\/uploads\/2021\/11\/Client-Top-Middle.png'><img width=\"150\" height=\"150\" src=\"https:\/\/dglawga.com\/wp-content\/uploads\/2021\/11\/Client-Top-Middle-150x150.png\" alt=\"\" decoding=\"async\" loading=\"lazy\" \/><\/a><br \/>\n\t\t\t<\/figure>\n<figure class='gallery-item'>\n\t\t\t\t<a data-elementor-open-lightbox=\"yes\" data-elementor-lightbox-slideshow=\"bce7031\" data-elementor-lightbox-title=\"Client Top Right\" data-e-action-hash=\"#elementor-action%3Aaction%3Dlightbox%26settings%3DeyJpZCI6MzUwNywidXJsIjoiaHR0cHM6XC9cL2RnbGF3Z2EuY29tXC93cC1jb250ZW50XC91cGxvYWRzXC8yMDIxXC8xMVwvQ2xpZW50LVRvcC1SaWdodC5wbmciLCJzbGlkZXNob3ciOiJiY2U3MDMxIn0%3D\" href='https:\/\/dglawga.com\/wp-content\/uploads\/2021\/11\/Client-Top-Right.png'><img width=\"150\" height=\"150\" src=\"https:\/\/dglawga.com\/wp-content\/uploads\/2021\/11\/Client-Top-Right-150x150.png\" alt=\"\" decoding=\"async\" loading=\"lazy\" \/><\/a><br \/>\n\t\t\t<\/figure>\n<figure class='gallery-item'>\n\t\t\t\t<a data-elementor-open-lightbox=\"yes\" data-elementor-lightbox-slideshow=\"bce7031\" data-elementor-lightbox-title=\"Client Bottom left\" data-e-action-hash=\"#elementor-action%3Aaction%3Dlightbox%26settings%3DeyJpZCI6MzUwOCwidXJsIjoiaHR0cHM6XC9cL2RnbGF3Z2EuY29tXC93cC1jb250ZW50XC91cGxvYWRzXC8yMDIxXC8xMVwvQ2xpZW50LUJvdHRvbS1sZWZ0LnBuZyIsInNsaWRlc2hvdyI6ImJjZTcwMzEifQ%3D%3D\" href='https:\/\/dglawga.com\/wp-content\/uploads\/2021\/11\/Client-Bottom-left.png'><img width=\"150\" height=\"150\" src=\"https:\/\/dglawga.com\/wp-content\/uploads\/2021\/11\/Client-Bottom-left-150x150.png\" alt=\"\" decoding=\"async\" loading=\"lazy\" \/><\/a><br \/>\n\t\t\t<\/figure>\n<figure class='gallery-item'>\n\t\t\t\t<a data-elementor-open-lightbox=\"yes\" data-elementor-lightbox-slideshow=\"bce7031\" data-elementor-lightbox-title=\"Client Bottom Middle\" data-e-action-hash=\"#elementor-action%3Aaction%3Dlightbox%26settings%3DeyJpZCI6MzUwOSwidXJsIjoiaHR0cHM6XC9cL2RnbGF3Z2EuY29tXC93cC1jb250ZW50XC91cGxvYWRzXC8yMDIxXC8xMVwvQ2xpZW50LUJvdHRvbS1NaWRkbGUucG5nIiwic2xpZGVzaG93IjoiYmNlNzAzMSJ9\" href='https:\/\/dglawga.com\/wp-content\/uploads\/2021\/11\/Client-Bottom-Middle.png'><img width=\"150\" height=\"150\" src=\"https:\/\/dglawga.com\/wp-content\/uploads\/2021\/11\/Client-Bottom-Middle-150x150.png\" alt=\"\" decoding=\"async\" loading=\"lazy\" \/><\/a><br \/>\n\t\t\t<\/figure>\n<figure class='gallery-item'>\n\t\t\t\t<a data-elementor-open-lightbox=\"yes\" data-elementor-lightbox-slideshow=\"bce7031\" data-elementor-lightbox-title=\"Client Bottom Right\" data-e-action-hash=\"#elementor-action%3Aaction%3Dlightbox%26settings%3DeyJpZCI6MzUxMCwidXJsIjoiaHR0cHM6XC9cL2RnbGF3Z2EuY29tXC93cC1jb250ZW50XC91cGxvYWRzXC8yMDIxXC8xMVwvQ2xpZW50LUJvdHRvbS1SaWdodC5wbmciLCJzbGlkZXNob3ciOiJiY2U3MDMxIn0%3D\" href='https:\/\/dglawga.com\/wp-content\/uploads\/2021\/11\/Client-Bottom-Right.png'><img width=\"150\" height=\"150\" src=\"https:\/\/dglawga.com\/wp-content\/uploads\/2021\/11\/Client-Bottom-Right-150x150.png\" alt=\"\" decoding=\"async\" loading=\"lazy\" \/><\/a><br \/>\n\t\t\t<\/figure>","protected":false},"excerpt":{"rendered":"<p>Te mereces los mejores abogados defensores CON M\u00c1S DE 35 A\u00d1OS DE PR\u00c1CTICA DEL DERECHO EN LOS TRIBUNALES DE EE. UU. BANCARROTA MULTAS DE TRANSITO LESIONES PERSONALES Planificaci\u00f3n patrimonial Accidentes automovil\u00edsticos MERCADO DE VALORES Los mejores abogados defensores por su dinero Nuestros abogados tambi\u00e9n lo representar\u00e1n en casos de litigios civiles como divorcio, manutenci\u00f3n de [&hellip;]<\/p>\n","protected":false},"author":34,"featured_media":0,"parent":0,"menu_order":0,"comment_status":"closed","ping_status":"closed","template":"elementor_canvas","meta":{"_acf_changed":false,"_themeisle_gutenberg_block_has_review":false,"footnotes":""},"categories":[],"tags":[],"class_list":["post-3754","page","type-page","status-publish","hentry"],"acf":[],"aioseo_notices":[],"_links":{"self":[{"href":"https:\/\/dglawga.com\/pt\/wp-json\/wp\/v2\/pages\/3754","targetHints":{"allow":["GET"]}}],"collection":[{"href":"https:\/\/dglawga.com\/pt\/wp-json\/wp\/v2\/pages"}],"about":[{"href":"https:\/\/dglawga.com\/pt\/wp-json\/wp\/v2\/types\/page"}],"author":[{"embeddable":true,"href":"https:\/\/dglawga.com\/pt\/wp-json\/wp\/v2\/users\/34"}],"replies":[{"embeddable":true,"href":"https:\/\/dglawga.com\/pt\/wp-json\/wp\/v2\/comments?post=3754"}],"version-history":[{"count":0,"href":"https:\/\/dglawga.com\/pt\/wp-json\/wp\/v2\/pages\/3754\/revisions"}],"wp:attachment":[{"href":"https:\/\/dglawga.com\/pt\/wp-json\/wp\/v2\/media?parent=3754"}],"wp:term":[{"taxonomy":"category","embeddable":true,"href":"https:\/\/dglawga.com\/pt\/wp-json\/wp\/v2\/categories?post=3754"},{"taxonomy":"post_tag","embeddable":true,"href":"https:\/\/dglawga.com\/pt\/wp-json\/wp\/v2\/tags?post=3754"}],"curies":[{"name":"wp","href":"https:\/\/api.w.org\/{rel}","templated":true}]}}