{"id":3936,"date":"2020-12-08T16:34:14","date_gmt":"2020-12-08T21:34:14","guid":{"rendered":"https:\/\/diazgaetalaw.wpengine.com\/atlanta\/"},"modified":"2024-05-29T16:14:17","modified_gmt":"2024-05-29T21:14:17","slug":"atlanta","status":"publish","type":"page","link":"https:\/\/dglawga.com\/pt\/atlanta\/","title":{"rendered":"Atlanta"},"content":{"rendered":"<p><span style=\"font-weight: 400;\">A equipe de Diaz &amp; Gaeta tem uma ampla experi\u00eancia em diferentes campos de direito e trabalho em conjunto para gerenciar casos complexos. Oferecemos a melhor representa\u00e7\u00e3o legal em casos de les\u00f5es pessoais, imigra\u00e7\u00e3o, direito familiar e defesa penal. Somos uma firma de advogados totalmente bilingue onde todos s\u00e3o tratados com respeito.<\/span><\/p>\n<p><span style=\"font-weight: 400;\">Tenemos a reputa\u00e7\u00e3o de fazer com que seja imposs\u00edvel. Nossa empresa foi tomada e ganhada em casos que foram rechazados por outros advogados. Acreditamos que todos merecem uma representa\u00e7\u00e3o legal excepcional a pre\u00e7os razo\u00e1veis e, por essa raz\u00e3o, sempre oferecemos uma consulta inicial gratuita.<\/span><\/p>\n<p><span style=\"font-weight: 400;\">Ligue para o nosso bufete de advogados de Atlanta hoje. Estamos dispon\u00edveis 24 horas por dia, 7 dias por semana!<\/span><\/p>","protected":false},"excerpt":{"rendered":"<p>El equipo de Diaz &amp; Gaeta tiene una amplia experiencia en diferentes campos del derecho y trabaja en conjunto para manejar casos complejos. Ofrecemos la mejor representaci\u00f3n legal en casos de lesiones personales, inmigraci\u00f3n, derecho familiar y defensa penal. Somos una firma de abogados completamente biling\u00fce donde todos son tratados con respeto. Tenemos la reputaci\u00f3n [&hellip;]<\/p>\n","protected":false},"author":34,"featured_media":3669,"parent":0,"menu_order":0,"comment_status":"closed","ping_status":"closed","template":"","meta":{"_acf_changed":false,"_themeisle_gutenberg_block_has_review":false,"footnotes":""},"categories":[73],"tags":[135,134,131,77,133,86,137,88,132,136,130,90,129,127,128],"class_list":["post-3936","page","type-page","status-publish","has-post-thumbnail","hentry","category-atlanta-location-es","tag-abogado-coche-acidente-es","tag-abogado-gratis-es","tag-attorney-lawyer-es","tag-car-accidents-es","tag-car-accidents-lawyer-es","tag-family-law-es","tag-imigracion-abogados-es","tag-immigration-es","tag-immigration-lawyer-es","tag-marietta-abogado-es","tag-marietta-lawyer-es","tag-personal-injury-es","tag-top-lawyer-in-marietta-es","tag-top-lawyers-in-atlanta-es","tag-top-lawyers-in-smyrna-es"],"acf":[],"aioseo_notices":[],"_links":{"self":[{"href":"https:\/\/dglawga.com\/pt\/wp-json\/wp\/v2\/pages\/3936","targetHints":{"allow":["GET"]}}],"collection":[{"href":"https:\/\/dglawga.com\/pt\/wp-json\/wp\/v2\/pages"}],"about":[{"href":"https:\/\/dglawga.com\/pt\/wp-json\/wp\/v2\/types\/page"}],"author":[{"embeddable":true,"href":"https:\/\/dglawga.com\/pt\/wp-json\/wp\/v2\/users\/34"}],"replies":[{"embeddable":true,"href":"https:\/\/dglawga.com\/pt\/wp-json\/wp\/v2\/comments?post=3936"}],"version-history":[{"count":1,"href":"https:\/\/dglawga.com\/pt\/wp-json\/wp\/v2\/pages\/3936\/revisions"}],"predecessor-version":[{"id":5859,"href":"https:\/\/dglawga.com\/pt\/wp-json\/wp\/v2\/pages\/3936\/revisions\/5859"}],"wp:featuredmedia":[{"embeddable":true,"href":"https:\/\/dglawga.com\/pt\/wp-json\/wp\/v2\/media\/3669"}],"wp:attachment":[{"href":"https:\/\/dglawga.com\/pt\/wp-json\/wp\/v2\/media?parent=3936"}],"wp:term":[{"taxonomy":"category","embeddable":true,"href":"https:\/\/dglawga.com\/pt\/wp-json\/wp\/v2\/categories?post=3936"},{"taxonomy":"post_tag","embeddable":true,"href":"https:\/\/dglawga.com\/pt\/wp-json\/wp\/v2\/tags?post=3936"}],"curies":[{"name":"wp","href":"https:\/\/api.w.org\/{rel}","templated":true}]}}