{"id":51,"date":"2020-12-08T16:33:50","date_gmt":"2020-12-08T16:33:50","guid":{"rendered":"https:\/\/diazgaetalaw.wpengine.com\/?page_id=51"},"modified":"2025-12-02T15:09:53","modified_gmt":"2025-12-02T20:09:53","slug":"giovanni-diaz","status":"publish","type":"page","link":"https:\/\/dglawga.com\/pt\/our-team\/giovanni-diaz\/","title":{"rendered":"Giovanni Diaz, advogado."},"content":{"rendered":"<div class=\"wp-block-column is-layout-flow wp-block-column-is-layout-flow\" style=\"flex-basis:66.66%\">\n<p class=\"has-primary-color has-text-color has-link-color wp-elements-840a8f99b43861d2f9b1579e707a070b\">O advogado Diaz possui um hist\u00f3rico excepcional de sucesso na representa\u00e7\u00e3o e prote\u00e7\u00e3o de clientes na \u00e1rea de direito imigrat\u00f3rio. Al\u00e9m de sua experi\u00eancia profissional, Diaz \u00e9 um viajante do mundo que aprendeu tanto em suas viagens quanto em sala de aula. Quando n\u00e3o est\u00e1 atuando nos tribunais, Diaz provavelmente est\u00e1 jogando futebol. Crescendo, como um bom garoto cubano em Miami, ele foi apresentado ao beisebol. No entanto, aos 5 anos de idade, ele morava perto de um campo de futebol, onde acabou entrando para a liga e se apaixonou pelo esporte. N\u00e3o apenas foi apresentado ao jogo, mas Diaz tamb\u00e9m foi apresentado a todas as culturas sul-americanas atrav\u00e9s das fam\u00edlias que conheceu.<\/p>\n\n\n\n<p>\u201cO futebol n\u00e3o \u00e9 apenas um esporte, \u00e9 arte. \u00c9 um jogo verdadeiramente belo. E exige colabora\u00e7\u00e3o com outras 10 pessoas. A beleza e a colabora\u00e7\u00e3o s\u00e3o os principais motivos pelos quais amo o jogo\u201d, diz Diaz, falando sobre sua paix\u00e3o pelo futebol. \u201cAdoro como \u00e9 imposs\u00edvel n\u00e3o trabalhar em equipe. Exige o esfor\u00e7o de todos. Todos devem ser responsabilizados, e se voc\u00ea estiver tendo um dia ruim, deve assumir a responsabilidade e se manter na defesa.\u201d<\/p>\n\n\n\n<p>Jogando na escola e em v\u00e1rias ligas, Diaz tem dedicado consistentemente uma parte significativa do seu tempo livre ao esporte. Recentemente, ele liderou o time de futebol Diaz &amp; Gaeta ao campeonato durante o\u00a0<a href=\"https:\/\/my.soccerstreets.org\/campaign\/copa-united-2021\/c263054\" target=\"_blank\" rel=\"noreferrer noopener\"><strong>Torneio Copa United 2021<\/strong><\/a>, beneficiando o\u00a0<strong><a href=\"https:\/\/thelaa.org\/\" target=\"_blank\" rel=\"noreferrer noopener\">Associa\u00e7\u00e3o Latino-Americana<\/a>\u00a0<\/strong>e\u00a0<a href=\"https:\/\/www.soccerstreets.org\/\" target=\"_blank\" rel=\"noreferrer noopener\"><strong>Futebol nas ruas<\/strong><\/a>. A equipe vencedora era composta por alguns clientes e amigos da empresa. Al\u00e9m de ser um esporte divertido, o futebol tamb\u00e9m abriu os olhos de Diaz para o mundo. \u201cMeus her\u00f3is eram jogadores da Espanha, da \u00c1frica, da Am\u00e9rica do Sul, do mundo todo. Senti uma conex\u00e3o com lugares que nunca tinha visto\u201d, diz Diaz.<\/p>\n\n\n\n<p>Impulsionado por sua curiosidade e amor pela natureza, Diaz passou muito tempo fazendo trilhas pelos Estados Unidos e Am\u00e9rica do Sul, incluindo M\u00e9xico, Col\u00f4mbia, Belize, Brasil, Peru e Guatemala. Ele percorreu os 3.524 quil\u00f4metros da Trilha dos Apalaches, da Ge\u00f3rgia ao Maine, e mergulhou nas \u00e1guas de Bali e da Indon\u00e9sia. Sua paix\u00e3o por viajar reside em desfrutar do que a M\u00e3e Natureza oferece e conhecer as culturas ao redor do mundo.<\/p>\n\n\n\n<p>Antes de se tornar advogado, Diaz trabalhou com v\u00e1rias organiza\u00e7\u00f5es sem fins lucrativos em Atlanta, que se dedicam a fornecer recursos e apoio a comunidades carentes.<\/p>\n\n\n\n<p>Diaz tornou-se advogado de imigra\u00e7\u00e3o inspirado pela comunidade guatemalteca que conheceu durante seus estudos de gradua\u00e7\u00e3o em Kennesaw. Ele realizou estudos na comunidade guatemalteca e come\u00e7ou a viajar para o pa\u00eds centro-americano para melhor compreender e servir a comunidade maia. Diaz tornou-se ativista, participando de marchas e prestando depoimentos em reuni\u00f5es de comiss\u00f5es municipais e distritais, e finalmente decidiu se tornar advogado para ajudar seus amigos.<\/p>\n\n\n\n<p>Parte do seu trabalho na comunidade tamb\u00e9m inclui liderar um programa extracurricular de combate \u00e0s drogas para alunos do ensino fundamental em situa\u00e7\u00e3o de risco, de fam\u00edlias de baixa renda na regi\u00e3o de Atlanta. Uma das maiores paix\u00f5es de Diaz \u00e9 dedicar seu tempo e experi\u00eancia ao voluntariado, fornecendo informa\u00e7\u00f5es e ajudando a comunidade a compreender as leis de imigra\u00e7\u00e3o nos Estados Unidos por meio de organiza\u00e7\u00f5es sem fins lucrativos em Atlanta.<\/p>\n\n\n\n<p>Diaz tem reputa\u00e7\u00e3o na \u00e1rea jur\u00eddica por aceitar casos que foram recusados ou perdidos por outros advogados devido \u00e0 sua complexidade. Diaz sempre encontra uma solu\u00e7\u00e3o. Ele n\u00e3o desiste. Os desafios de seus clientes se tornam muito pessoais para ele. Diaz \u00e9 membro da Associa\u00e7\u00e3o Americana de Advogados de Imigra\u00e7\u00e3o (AILA), que promove o aprendizado cont\u00ednuo e o desenvolvimento profissional de seus membros.<\/p>\n\n\n\n<p class=\"has-primary-color has-text-color has-link-color wp-elements-fba2979f7891c863bfc8514852283404\">\u201cQuero deixar um legado. Quero ajudar os imigrantes a alcan\u00e7ar o sonho americano.\u201d<\/p>\n\n\n\n<h2 class=\"wp-block-heading has-primary-color has-text-color has-link-color wp-elements-63a02e6174856869ade8ad3414281a09\">Nossos Pr\u00eamios<\/h2>\n\n\n\n<div class=\"wp-block-group has-heading-text-color-background-color has-background is-nowrap is-layout-flex wp-container-core-group-is-layout-bcde1d39 wp-block-group-is-layout-flex\" style=\"padding-top:0;padding-right:0;padding-bottom:0;padding-left:0\">\n<figure class=\"wp-block-image is-resized\" style=\"margin-top:0;margin-right:0;margin-bottom:0;margin-left:0\"><img loading=\"lazy\" decoding=\"async\" width=\"200\" height=\"160\" src=\"https:\/\/dglawga.com\/wp-content\/uploads\/2022\/10\/ga_atlanta_abogados-de-accidentes-de-auto_2022_transparent-e1666016130607.webp\" alt=\"Los Mejores Advogados de Acidentes de Autom\u00f3vel em Atlanta\" class=\"wp-image-4931\" style=\"width:200px\"\/><\/figure>\n\n\n\n<figure class=\"wp-block-image size-large is-resized\" style=\"margin-top:0;margin-right:0;margin-bottom:0;margin-left:0\"><img loading=\"lazy\" decoding=\"async\" width=\"1011\" height=\"1024\" src=\"https:\/\/dglawga.com\/wp-content\/uploads\/2024\/12\/BOGA-Medallion-2024-Best-RGBforWeb-e1741818522891-1011x1024.png\" alt=\"\" class=\"wp-image-6454\" style=\"width:160px\"\/><\/figure>\n<\/div>\n<\/div>\n\n\n<p><!-- \/wp:post-content --><\/p>\n<p><!-- wp:paragraph --><\/p>\n<p><!-- \/wp:paragraph --><\/p>","protected":false},"excerpt":{"rendered":"<p>Attorney Diaz has an exceptional success record of representing and protecting clients in the field of immigration law. Aside from his professional experience, Diaz is a world wanderer who has learned as much during his trips as he has in the classroom. When he is not fighting in the courtroom, Diaz is most likely competing [&hellip;]<\/p>\n","protected":false},"author":34,"featured_media":7161,"parent":3292,"menu_order":0,"comment_status":"closed","ping_status":"closed","template":"wp-custom-template-bio","meta":{"_acf_changed":false,"_themeisle_gutenberg_block_has_review":false,"footnotes":""},"categories":[4,50,52,51],"tags":[],"class_list":["post-51","page","type-page","status-publish","has-post-thumbnail","hentry","category-atlanta-location","category-marietta-location","category-sandy-springs-location","category-smyrna-location"],"acf":[],"aioseo_notices":[],"_links":{"self":[{"href":"https:\/\/dglawga.com\/pt\/wp-json\/wp\/v2\/pages\/51","targetHints":{"allow":["GET"]}}],"collection":[{"href":"https:\/\/dglawga.com\/pt\/wp-json\/wp\/v2\/pages"}],"about":[{"href":"https:\/\/dglawga.com\/pt\/wp-json\/wp\/v2\/types\/page"}],"author":[{"embeddable":true,"href":"https:\/\/dglawga.com\/pt\/wp-json\/wp\/v2\/users\/34"}],"replies":[{"embeddable":true,"href":"https:\/\/dglawga.com\/pt\/wp-json\/wp\/v2\/comments?post=51"}],"version-history":[{"count":20,"href":"https:\/\/dglawga.com\/pt\/wp-json\/wp\/v2\/pages\/51\/revisions"}],"predecessor-version":[{"id":8258,"href":"https:\/\/dglawga.com\/pt\/wp-json\/wp\/v2\/pages\/51\/revisions\/8258"}],"up":[{"embeddable":true,"href":"https:\/\/dglawga.com\/pt\/wp-json\/wp\/v2\/pages\/3292"}],"wp:featuredmedia":[{"embeddable":true,"href":"https:\/\/dglawga.com\/pt\/wp-json\/wp\/v2\/media\/7161"}],"wp:attachment":[{"href":"https:\/\/dglawga.com\/pt\/wp-json\/wp\/v2\/media?parent=51"}],"wp:term":[{"taxonomy":"category","embeddable":true,"href":"https:\/\/dglawga.com\/pt\/wp-json\/wp\/v2\/categories?post=51"},{"taxonomy":"post_tag","embeddable":true,"href":"https:\/\/dglawga.com\/pt\/wp-json\/wp\/v2\/tags?post=51"}],"curies":[{"name":"wp","href":"https:\/\/api.w.org\/{rel}","templated":true}]}}