{"id":5225,"date":"2023-02-02T16:38:33","date_gmt":"2023-02-02T20:38:33","guid":{"rendered":"https:\/\/diazgaetalaw.wpengine.com\/?page_id=5225"},"modified":"2024-03-18T00:03:47","modified_gmt":"2024-03-18T05:03:47","slug":"andrea-gonzalez","status":"publish","type":"page","link":"https:\/\/dglawga.com\/pt\/our-team\/andrea-gonzalez\/","title":{"rendered":"Andrea Gonzalez"},"content":{"rendered":"<p class=\"has-text-align-left\">Idiomas: ingl\u00eas, espanhol, portugu\u00eas<\/p>\n<p class=\"has-text-align-left\">Antes de se dedicar \u00e0 \u00e1rea jur\u00eddica, Andrea trabalhava vendendo diversos tipos de produtos de seguros em Marietta, Ge\u00f3rgia. Durante esse per\u00edodo, ela aprendeu como as seguradoras estruturam suas ap\u00f3lices e gerenciam seus sinistros.<br \/>\nAntes de se tornar advogada, Andrea adquiriu experi\u00eancia em processos de fal\u00eancia do Cap\u00edtulo 7 e do Cap\u00edtulo 13 trabalhando como assistente jur\u00eddica e aprendeu como os pedidos de fal\u00eancia afetam casos de les\u00f5es corporais.<\/p>\n<p class=\"has-text-align-left\">Andrea se formou na Faculdade de Direito da Universidade da Ge\u00f3rgia em 2016 e, desde ent\u00e3o, adquiriu experi\u00eancia em diversos aspectos de casos de les\u00f5es corporais, como preparar pedidos de produ\u00e7\u00e3o de provas, responder a esses pedidos, participar de depoimentos, sess\u00f5es de media\u00e7\u00e3o, etc.<\/p>\n<p class=\"has-text-align-left\">Andrea sente-se privilegiada por toda a confian\u00e7a que seus clientes depositam nela e trabalha arduamente todos os dias para defend\u00ea-los.<\/p>","protected":false},"excerpt":{"rendered":"<p>Languages: English, Spanish, Portuguese Before immersing the legal filed Andrea used to sell various types of insurance products in Marietta, GA. During this time, Andrea was able to learn how insurance companies structure their policies and their claims management. Prior to becoming an attorney, Andrea obtained Chapter 7 and Chapter 13 Bankruptcy experience by working [&hellip;]<\/p>\n","protected":false},"author":34,"featured_media":0,"parent":3292,"menu_order":0,"comment_status":"closed","ping_status":"closed","template":"","meta":{"_acf_changed":false,"_themeisle_gutenberg_block_has_review":false,"footnotes":""},"categories":[],"tags":[],"class_list":["post-5225","page","type-page","status-publish","hentry"],"acf":[],"aioseo_notices":[],"_links":{"self":[{"href":"https:\/\/dglawga.com\/pt\/wp-json\/wp\/v2\/pages\/5225","targetHints":{"allow":["GET"]}}],"collection":[{"href":"https:\/\/dglawga.com\/pt\/wp-json\/wp\/v2\/pages"}],"about":[{"href":"https:\/\/dglawga.com\/pt\/wp-json\/wp\/v2\/types\/page"}],"author":[{"embeddable":true,"href":"https:\/\/dglawga.com\/pt\/wp-json\/wp\/v2\/users\/34"}],"replies":[{"embeddable":true,"href":"https:\/\/dglawga.com\/pt\/wp-json\/wp\/v2\/comments?post=5225"}],"version-history":[{"count":1,"href":"https:\/\/dglawga.com\/pt\/wp-json\/wp\/v2\/pages\/5225\/revisions"}],"predecessor-version":[{"id":6029,"href":"https:\/\/dglawga.com\/pt\/wp-json\/wp\/v2\/pages\/5225\/revisions\/6029"}],"up":[{"embeddable":true,"href":"https:\/\/dglawga.com\/pt\/wp-json\/wp\/v2\/pages\/3292"}],"wp:attachment":[{"href":"https:\/\/dglawga.com\/pt\/wp-json\/wp\/v2\/media?parent=5225"}],"wp:term":[{"taxonomy":"category","embeddable":true,"href":"https:\/\/dglawga.com\/pt\/wp-json\/wp\/v2\/categories?post=5225"},{"taxonomy":"post_tag","embeddable":true,"href":"https:\/\/dglawga.com\/pt\/wp-json\/wp\/v2\/tags?post=5225"}],"curies":[{"name":"wp","href":"https:\/\/api.w.org\/{rel}","templated":true}]}}