{"id":53,"date":"2020-12-08T16:34:01","date_gmt":"2020-12-08T16:34:01","guid":{"rendered":"https:\/\/diazgaetalaw.wpengine.com\/?page_id=53"},"modified":"2025-12-02T15:30:22","modified_gmt":"2025-12-02T20:30:22","slug":"zach-gaeta","status":"publish","type":"page","link":"https:\/\/dglawga.com\/pt\/our-team\/zach-gaeta\/","title":{"rendered":"Zach Gaeta, advogado."},"content":{"rendered":"<p class=\"has-primary-color has-text-color has-link-color wp-elements-de97a2a2debf7c8fcace9775e91d10ec\">Apresentado ao mundo jur\u00eddico ainda jovem por sua m\u00e3e, que trabalhava no escrit\u00f3rio do promotor p\u00fablico no condado de Clayton, Gaeta j\u00e1 sabia que queria ser advogado quando estava no ensino m\u00e9dio.<\/p>\n\n\n\n<p class=\"has-primary-color has-text-color has-link-color wp-elements-2e36c455ffd17579c794b4e8ef239923\">\u201cEu queria justi\u00e7a para as v\u00edtimas\u201d, diz Gaeta, que passou os \u00faltimos 10 anos buscando justi\u00e7a para r\u00e9us em toda a Ge\u00f3rgia, ap\u00f3s atuar como promotor no Condado de Clayton.<\/p>\n\n\n\n<p class=\"has-primary-color has-text-color has-link-color wp-elements-52f73cf52c48c01f7954081aaa0f5a4e\">Al\u00e9m de sua vasta experi\u00eancia como advogado de defesa criminal e de les\u00f5es corporais, Gaeta tamb\u00e9m tem ampla experi\u00eancia na pista de dan\u00e7a. Apesar de ter praticado luta livre durante o ensino m\u00e9dio, esse n\u00e3o foi o esporte que ele praticou ao longo dos anos. Durante a faculdade de direito, a dan\u00e7a se tornou uma terapia para Gaeta. Apaixonado pela sensa\u00e7\u00e3o que a dan\u00e7a e a m\u00fasica lhe proporcionavam, Gaeta continuou a se dedicar e aprimorar sua arte. A dan\u00e7a latina se tornou uma parte importante de sua vida. Combinando seu amor pela dan\u00e7a latina com sua paix\u00e3o por viagens, Gaeta j\u00e1 viajou pelo mundo participando de conven\u00e7\u00f5es de dan\u00e7a em diferentes partes do planeta, incluindo S\u00e9rvia, B\u00f3snia, R\u00fassia e L\u00edbano. Para Gaeta, nada supera a salsa como a melhor escolha para dan\u00e7ar, especialmente os ritmos do ic\u00f4nico Mark Anthony.<\/p>\n\n\n\n<p class=\"has-primary-color has-text-color has-link-color wp-elements-447b81fa79bdfe5325aa447453fd88c7\">Antes de ingressar na faculdade de direito, Gaeta recebeu duas bolsas de estudo e teve a oportunidade de estudar no exterior, na Argentina. Durante esse per\u00edodo, viajou pela Am\u00e9rica do Sul e ficou fascinado com a possibilidade de conhecer e vivenciar outras culturas. Desde ent\u00e3o, Gaeta j\u00e1 visitou 23 pa\u00edses. No final de 2021, ele viajar\u00e1 para Londres com sua m\u00e3e e encerrar\u00e1 o ano com uma viagem a Dubai.<\/p>\n\n\n\n<p class=\"has-primary-color has-text-color has-link-color wp-elements-9ce5f483a062737d2d4489b1391b42db\">Gaeta sempre foi ativo em organiza\u00e7\u00f5es sem fins lucrativos. Durante seus estudos, atuou como l\u00edder em diversas organiza\u00e7\u00f5es estudantis, incluindo a Associa\u00e7\u00e3o de Estudantes de Direito Latino-Americano e a Associa\u00e7\u00e3o de Estudantes de Direito. Seu trabalho pro bono, inclusive com a Associa\u00e7\u00e3o Latino-Americana, ajuda pessoas a combater injusti\u00e7as e oferece assist\u00eancia jur\u00eddica de qualidade a comunidades carentes. Gaeta acredita que todos merecem uma segunda chance. Ele entende que uma decis\u00e3o errada pode ter um impacto enorme na vida de algu\u00e9m, por isso busca encontrar o melhor resultado para seus clientes, dando-lhes uma segunda oportunidade de corrigir seus erros. Gaeta sempre se esfor\u00e7ou para ser uma pessoa genu\u00edna e jamais comprometeu suas convic\u00e7\u00f5es por nada.<\/p>\n\n\n\n<p class=\"has-primary-color has-text-color has-link-color wp-elements-c8233b046fceddd129619cf8e01cec68\">Gaeta \u00e9 membro ativo da Associa\u00e7\u00e3o Americana de Advogados Especializados em Casos de DUI (AAPDA) e da Associa\u00e7\u00e3o de Advogados de Defesa Criminal da Ge\u00f3rgia (GACDL), onde ministra cursos de educa\u00e7\u00e3o jur\u00eddica continuada para outros advogados. Ele est\u00e1 habilitado a atuar nos tribunais estaduais da Ge\u00f3rgia, no Tribunal de Apela\u00e7\u00f5es da Ge\u00f3rgia, na Suprema Corte da Ge\u00f3rgia e nos Tribunais Distritais Federais do Norte e do Centro da Ge\u00f3rgia.<\/p>\n\n\n\n<p>&nbsp;<\/p>\n\n\n\n<h2 class=\"wp-block-heading\">Nossos Pr\u00eamios<\/h2>\n\n\n\n<div class=\"wp-block-group has-link-color-background-color has-background is-nowrap is-layout-flex wp-container-core-group-is-layout-6c531013 wp-block-group-is-layout-flex\">\n<figure class=\"wp-block-image\"><img loading=\"lazy\" decoding=\"async\" width=\"200\" height=\"160\" src=\"https:\/\/dglawga.com\/wp-content\/uploads\/2022\/10\/ga_atlanta_abogados-de-accidentes-de-auto_2022_transparent-e1666016130607.webp\" alt=\"Los Mejores Advogados de Acidentes de Autom\u00f3vel em Atlanta\" class=\"wp-image-4931\"\/><\/figure>\n\n\n\n<figure class=\"wp-block-image size-thumbnail\"><img loading=\"lazy\" decoding=\"async\" width=\"150\" height=\"150\" src=\"https:\/\/dglawga.com\/wp-content\/uploads\/2024\/12\/BOGA-Medallion-2024-Best-RGBforWeb-e1741818522891-150x150.png?wsr\" alt=\"\" class=\"wp-image-6454\"\/><\/figure>\n<\/div>","protected":false},"excerpt":{"rendered":"<p>Introduced into the legal field at a young age through his mom who worked at the district attorney\u2019s office in Clayton County, Gaeta knew that he wanted to be an attorney by the time he was in high school. \u201cI wanted justice for the victims,\u201d says Gaeta, who has spent the last 10 years seeking [&hellip;]<\/p>\n","protected":false},"author":34,"featured_media":7163,"parent":3292,"menu_order":0,"comment_status":"closed","ping_status":"closed","template":"wp-custom-template-bio","meta":{"_acf_changed":false,"_themeisle_gutenberg_block_has_review":false,"footnotes":""},"categories":[4,50,52,51],"tags":[],"class_list":["post-53","page","type-page","status-publish","has-post-thumbnail","hentry","category-atlanta-location","category-marietta-location","category-sandy-springs-location","category-smyrna-location"],"acf":[],"aioseo_notices":[],"_links":{"self":[{"href":"https:\/\/dglawga.com\/pt\/wp-json\/wp\/v2\/pages\/53","targetHints":{"allow":["GET"]}}],"collection":[{"href":"https:\/\/dglawga.com\/pt\/wp-json\/wp\/v2\/pages"}],"about":[{"href":"https:\/\/dglawga.com\/pt\/wp-json\/wp\/v2\/types\/page"}],"author":[{"embeddable":true,"href":"https:\/\/dglawga.com\/pt\/wp-json\/wp\/v2\/users\/34"}],"replies":[{"embeddable":true,"href":"https:\/\/dglawga.com\/pt\/wp-json\/wp\/v2\/comments?post=53"}],"version-history":[{"count":3,"href":"https:\/\/dglawga.com\/pt\/wp-json\/wp\/v2\/pages\/53\/revisions"}],"predecessor-version":[{"id":8260,"href":"https:\/\/dglawga.com\/pt\/wp-json\/wp\/v2\/pages\/53\/revisions\/8260"}],"up":[{"embeddable":true,"href":"https:\/\/dglawga.com\/pt\/wp-json\/wp\/v2\/pages\/3292"}],"wp:featuredmedia":[{"embeddable":true,"href":"https:\/\/dglawga.com\/pt\/wp-json\/wp\/v2\/media\/7163"}],"wp:attachment":[{"href":"https:\/\/dglawga.com\/pt\/wp-json\/wp\/v2\/media?parent=53"}],"wp:term":[{"taxonomy":"category","embeddable":true,"href":"https:\/\/dglawga.com\/pt\/wp-json\/wp\/v2\/categories?post=53"},{"taxonomy":"post_tag","embeddable":true,"href":"https:\/\/dglawga.com\/pt\/wp-json\/wp\/v2\/tags?post=53"}],"curies":[{"name":"wp","href":"https:\/\/api.w.org\/{rel}","templated":true}]}}