{"id":5565,"date":"2023-10-04T16:09:41","date_gmt":"2023-10-04T20:09:41","guid":{"rendered":"https:\/\/dglawga.com\/?page_id=5565"},"modified":"2025-06-11T23:35:30","modified_gmt":"2025-06-12T04:35:30","slug":"maria-fernanda-quintal","status":"publish","type":"page","link":"https:\/\/dglawga.com\/pt\/our-team\/maria-fernanda-quintal\/","title":{"rendered":"Maria Fernanda Quintal"},"content":{"rendered":"<p>Idiomas: ingl\u00eas, espanhol, portugu\u00eas<\/p>\n<div dir=\"ltr\">\n<div dir=\"ltr\">\n<p>Maria Fernanda Quintal, natural da Venezuela, embarcou numa jornada que mudaria sua vida rumo aos Estados Unidos aos 17 anos. Sua determina\u00e7\u00e3o e dedica\u00e7\u00e3o a levaram a se formar em Comunica\u00e7\u00e3o e Cinema.<\/p>\n<div>Movida por uma profunda paix\u00e3o por compreender e contribuir para o seu novo lar, Maria sentiu-se atra\u00edda pelo mundo do direito. Como imigrante, ela tinha uma sensibilidade \u00fanica para os desafios enfrentados por aqueles que buscam uma vida melhor nos EUA. Essa conex\u00e3o pessoal alimentou seu compromisso com a \u00e1rea do direito da imigra\u00e7\u00e3o.<\/div>\n<\/div>\n<div dir=\"ltr\">Hoje, Maria Fernanda Quintal \u00e9 uma recepcionista respeitada no escrit\u00f3rio de advocacia Diaz &amp; Gaeta, onde combina sua experi\u00eancia jur\u00eddica com um desejo sincero de ajudar outros imigrantes. Sua hist\u00f3ria inspiradora exemplifica o sonho americano, uma jornada de resili\u00eancia e dedica\u00e7\u00e3o em busca de um futuro melhor para si e sua fam\u00edlia.<\/div>\n<\/div>","protected":false},"excerpt":{"rendered":"<p>Languages: English, Spanish, Portuguese Maria Fernanda Quintal, a native of Venezuela, embarked on a life-changing journey to the United States at the age of 17. Her determination and dedication led her to graduate with a degree in Communications and Film. Driven by a deep-seated passion for understanding and contributing to her new home, Maria found [&hellip;]<\/p>\n","protected":false},"author":34,"featured_media":7184,"parent":3292,"menu_order":0,"comment_status":"closed","ping_status":"closed","template":"wp-custom-template-bio","meta":{"_acf_changed":false,"_themeisle_gutenberg_block_has_review":false,"footnotes":""},"categories":[4,50,52,51],"tags":[],"class_list":["post-5565","page","type-page","status-publish","has-post-thumbnail","hentry","category-atlanta-location","category-marietta-location","category-sandy-springs-location","category-smyrna-location"],"acf":[],"aioseo_notices":[],"_links":{"self":[{"href":"https:\/\/dglawga.com\/pt\/wp-json\/wp\/v2\/pages\/5565","targetHints":{"allow":["GET"]}}],"collection":[{"href":"https:\/\/dglawga.com\/pt\/wp-json\/wp\/v2\/pages"}],"about":[{"href":"https:\/\/dglawga.com\/pt\/wp-json\/wp\/v2\/types\/page"}],"author":[{"embeddable":true,"href":"https:\/\/dglawga.com\/pt\/wp-json\/wp\/v2\/users\/34"}],"replies":[{"embeddable":true,"href":"https:\/\/dglawga.com\/pt\/wp-json\/wp\/v2\/comments?post=5565"}],"version-history":[{"count":6,"href":"https:\/\/dglawga.com\/pt\/wp-json\/wp\/v2\/pages\/5565\/revisions"}],"predecessor-version":[{"id":5611,"href":"https:\/\/dglawga.com\/pt\/wp-json\/wp\/v2\/pages\/5565\/revisions\/5611"}],"up":[{"embeddable":true,"href":"https:\/\/dglawga.com\/pt\/wp-json\/wp\/v2\/pages\/3292"}],"wp:featuredmedia":[{"embeddable":true,"href":"https:\/\/dglawga.com\/pt\/wp-json\/wp\/v2\/media\/7184"}],"wp:attachment":[{"href":"https:\/\/dglawga.com\/pt\/wp-json\/wp\/v2\/media?parent=5565"}],"wp:term":[{"taxonomy":"category","embeddable":true,"href":"https:\/\/dglawga.com\/pt\/wp-json\/wp\/v2\/categories?post=5565"},{"taxonomy":"post_tag","embeddable":true,"href":"https:\/\/dglawga.com\/pt\/wp-json\/wp\/v2\/tags?post=5565"}],"curies":[{"name":"wp","href":"https:\/\/api.w.org\/{rel}","templated":true}]}}