{"id":5585,"date":"2023-10-04T20:36:51","date_gmt":"2023-10-05T00:36:51","guid":{"rendered":"https:\/\/dglawga.com\/?page_id=5585"},"modified":"2025-06-12T08:40:53","modified_gmt":"2025-06-12T13:40:53","slug":"denise-lane","status":"publish","type":"page","link":"https:\/\/dglawga.com\/pt\/our-team\/denise-lane\/","title":{"rendered":"Denise Lane"},"content":{"rendered":"<p id=\"tw-target-text\" class=\"tw-data-text tw-text-large tw-ta\" dir=\"ltr\" data-placeholder=\"Tradu\u00e7\u00e3o\" data-ved=\"2ahUKEwjug4Pwzt2BAxWbnpUCHWtWClEQ3ewLegQICRAQ\"><span class=\"Y2IQFc\" lang=\"en\">Idiomas: ingl\u00eas, portugu\u00eas<\/span><\/p>\n<p><span class=\"m_-1167819037829319243contentpasted0\">Denise Lane \u00e9 uma profissional dedicada com uma forma\u00e7\u00e3o singular e uma paix\u00e3o por criar ambientes de escrit\u00f3rio excepcionais. Nascida em Goi\u00e2nia, Goi\u00e1s, Brasil, Denise fez dos Estados Unidos seu lar com apenas um ano de idade. Fluente em portugu\u00eas e ingl\u00eas, ela traz uma perspectiva multicultural para o seu trabalho.\u00a0<\/span><u><\/u><u><\/u><\/p>\n<p><span class=\"m_-1167819037829319243contentpasted0\">Denise possui um talento not\u00e1vel para tarefas administrativas que outros podem achar desafiadoras. Ela se destaca na organiza\u00e7\u00e3o e otimiza\u00e7\u00e3o de processos, tornando-se um recurso valioso para qualquer equipe. Seu compromisso em promover um ambiente de trabalho positivo e produtivo \u00e9 evidente em seu trabalho, garantindo que tanto a equipe quanto os clientes desfrutem de um ambiente acolhedor.<\/span><u><\/u><u><\/u><\/p>\n<p><span class=\"m_-1167819037829319243contentpasted0\">Uma das principais motiva\u00e7\u00f5es de Denise \u00e9 sua experi\u00eancia pessoal com quest\u00f5es de imigra\u00e7\u00e3o, o que alimentou sua paix\u00e3o por trabalhar na \u00e1rea jur\u00eddica. Sua perspectiva \u00fanica e dedica\u00e7\u00e3o a tornam uma integrante valiosa de nossa equipe, comprometida em atender \u00e0s necessidades de nossa clientela diversificada.<\/span><u><\/u><u><\/u><\/p>\n<p>Em seu tempo livre, Denise gosta de passar tempo com o marido e com a cachorrinha resgatada deles, Lacey.<\/p>","protected":false},"excerpt":{"rendered":"<p>Languages: English, Portuguese Denise Lane is a dedicated professional with a unique background and a passion for creating exceptional office environments. Born in Goiania, Goi\u00e1s, Brazil, Denise made the United States her home at the age of one. Fluent in both Portuguese and English, she brings a multicultural perspective to her work.\u00a0 Denise possesses a [&hellip;]<\/p>\n","protected":false},"author":34,"featured_media":7211,"parent":3292,"menu_order":0,"comment_status":"closed","ping_status":"closed","template":"wp-custom-template-bio","meta":{"_acf_changed":false,"_themeisle_gutenberg_block_has_review":false,"footnotes":""},"categories":[4,50,52,51],"tags":[],"class_list":["post-5585","page","type-page","status-publish","has-post-thumbnail","hentry","category-atlanta-location","category-marietta-location","category-sandy-springs-location","category-smyrna-location"],"acf":[],"aioseo_notices":[],"_links":{"self":[{"href":"https:\/\/dglawga.com\/pt\/wp-json\/wp\/v2\/pages\/5585","targetHints":{"allow":["GET"]}}],"collection":[{"href":"https:\/\/dglawga.com\/pt\/wp-json\/wp\/v2\/pages"}],"about":[{"href":"https:\/\/dglawga.com\/pt\/wp-json\/wp\/v2\/types\/page"}],"author":[{"embeddable":true,"href":"https:\/\/dglawga.com\/pt\/wp-json\/wp\/v2\/users\/34"}],"replies":[{"embeddable":true,"href":"https:\/\/dglawga.com\/pt\/wp-json\/wp\/v2\/comments?post=5585"}],"version-history":[{"count":4,"href":"https:\/\/dglawga.com\/pt\/wp-json\/wp\/v2\/pages\/5585\/revisions"}],"predecessor-version":[{"id":5590,"href":"https:\/\/dglawga.com\/pt\/wp-json\/wp\/v2\/pages\/5585\/revisions\/5590"}],"up":[{"embeddable":true,"href":"https:\/\/dglawga.com\/pt\/wp-json\/wp\/v2\/pages\/3292"}],"wp:featuredmedia":[{"embeddable":true,"href":"https:\/\/dglawga.com\/pt\/wp-json\/wp\/v2\/media\/7211"}],"wp:attachment":[{"href":"https:\/\/dglawga.com\/pt\/wp-json\/wp\/v2\/media?parent=5585"}],"wp:term":[{"taxonomy":"category","embeddable":true,"href":"https:\/\/dglawga.com\/pt\/wp-json\/wp\/v2\/categories?post=5585"},{"taxonomy":"post_tag","embeddable":true,"href":"https:\/\/dglawga.com\/pt\/wp-json\/wp\/v2\/tags?post=5585"}],"curies":[{"name":"wp","href":"https:\/\/api.w.org\/{rel}","templated":true}]}}