{"id":5695,"date":"2023-11-09T20:15:48","date_gmt":"2023-11-10T01:15:48","guid":{"rendered":"https:\/\/dglawga.com\/?page_id=5695"},"modified":"2025-06-11T23:52:46","modified_gmt":"2025-06-12T04:52:46","slug":"bruna_passos","status":"publish","type":"page","link":"https:\/\/dglawga.com\/pt\/our-team\/bruna_passos\/","title":{"rendered":"Bruna Passos"},"content":{"rendered":"<p>Idiomas: portugu\u00eas, espanhol e ingl\u00eas<\/p>\n<p>Bruna Passos, advogada brasileira, traz sua experi\u00eancia jur\u00eddica para os Estados Unidos ap\u00f3s se mudar para o pa\u00eds em 2022. Aos 25 anos, ela \u00e9 formada em Direito no Brasil e membro inscrita na Ordem dos Advogados do Brasil, com o n\u00famero de inscri\u00e7\u00e3o OAB\/SC 63016.<\/p>\n<p>O comprometimento profissional de Bruna \u00e9 inabal\u00e1vel, marcado por sua busca cont\u00ednua pelo aprimoramento pessoal para se manter atualizada com a evolu\u00e7\u00e3o do Direito. Suas habilidades de comunica\u00e7\u00e3o permitem que ela interaja eficazmente com clientes, colegas e p\u00fablicos diversos.<\/p>\n<p>Al\u00e9m de sua expertise jur\u00eddica, Bruna nutre um grande entusiasmo por explorar o mundo atrav\u00e9s de viagens e do estudo de idiomas. Suas experi\u00eancias internacionais n\u00e3o apenas ampliam sua perspectiva, mas tamb\u00e9m enriquecem sua compreens\u00e3o intercultural, aprimorando sua pr\u00e1tica jur\u00eddica. Sua recente mudan\u00e7a para os Estados Unidos reflete sua dedica\u00e7\u00e3o em expandir seus horizontes jur\u00eddicos em escala global.<\/p>\n<p>&nbsp;<\/p>\n<p>&nbsp;<\/p>","protected":false},"excerpt":{"rendered":"<p>Languages: Portuguese, Spanish and English Bruna Passos, a Brazilian attorney, brings her legal expertise to the United States after relocating in 2022. At 25 years old, she is a Law School graduate from Brazil and a registered member of the Ordem dos Advogados do Brasil, holding the registration number OAB\/SC 63016. Bruna&#8217;s professional commitment is [&hellip;]<\/p>\n","protected":false},"author":34,"featured_media":7192,"parent":3292,"menu_order":0,"comment_status":"closed","ping_status":"closed","template":"wp-custom-template-bio","meta":{"_acf_changed":false,"_themeisle_gutenberg_block_has_review":false,"footnotes":""},"categories":[4,52,51],"tags":[],"class_list":["post-5695","page","type-page","status-publish","has-post-thumbnail","hentry","category-atlanta-location","category-sandy-springs-location","category-smyrna-location"],"acf":[],"aioseo_notices":[],"_links":{"self":[{"href":"https:\/\/dglawga.com\/pt\/wp-json\/wp\/v2\/pages\/5695","targetHints":{"allow":["GET"]}}],"collection":[{"href":"https:\/\/dglawga.com\/pt\/wp-json\/wp\/v2\/pages"}],"about":[{"href":"https:\/\/dglawga.com\/pt\/wp-json\/wp\/v2\/types\/page"}],"author":[{"embeddable":true,"href":"https:\/\/dglawga.com\/pt\/wp-json\/wp\/v2\/users\/34"}],"replies":[{"embeddable":true,"href":"https:\/\/dglawga.com\/pt\/wp-json\/wp\/v2\/comments?post=5695"}],"version-history":[{"count":4,"href":"https:\/\/dglawga.com\/pt\/wp-json\/wp\/v2\/pages\/5695\/revisions"}],"predecessor-version":[{"id":5705,"href":"https:\/\/dglawga.com\/pt\/wp-json\/wp\/v2\/pages\/5695\/revisions\/5705"}],"up":[{"embeddable":true,"href":"https:\/\/dglawga.com\/pt\/wp-json\/wp\/v2\/pages\/3292"}],"wp:featuredmedia":[{"embeddable":true,"href":"https:\/\/dglawga.com\/pt\/wp-json\/wp\/v2\/media\/7192"}],"wp:attachment":[{"href":"https:\/\/dglawga.com\/pt\/wp-json\/wp\/v2\/media?parent=5695"}],"wp:term":[{"taxonomy":"category","embeddable":true,"href":"https:\/\/dglawga.com\/pt\/wp-json\/wp\/v2\/categories?post=5695"},{"taxonomy":"post_tag","embeddable":true,"href":"https:\/\/dglawga.com\/pt\/wp-json\/wp\/v2\/tags?post=5695"}],"curies":[{"name":"wp","href":"https:\/\/api.w.org\/{rel}","templated":true}]}}