{"id":5707,"date":"2023-11-21T12:22:41","date_gmt":"2023-11-21T17:22:41","guid":{"rendered":"https:\/\/dglawga.com\/?page_id=5707"},"modified":"2025-06-11T22:54:04","modified_gmt":"2025-06-12T03:54:04","slug":"loren_rodrigues_silva","status":"publish","type":"page","link":"https:\/\/dglawga.com\/pt\/our-team\/loren_rodrigues_silva\/","title":{"rendered":"Loren Rodrigues Silva"},"content":{"rendered":"<p>Idiomas: portugu\u00eas, espanhol e ingl\u00eas<\/p>\n<div>Loren Rodrigues Silva cresceu no Brasil antes de se mudar para Atlanta em 2019. Ela se formou em Direito no Brasil em 2018 e obteve o t\u00edtulo de Mestre em Direito (LLM) pela Faculdade de Direito da Emory University em 2023. Loren trabalhou na Defensoria P\u00fablica do Brasil, na \u00e1rea criminal. Ela tamb\u00e9m foi volunt\u00e1ria na Cl\u00ednica de Imigra\u00e7\u00e3o e na Cl\u00ednica de Veteranos da Emory University. Reconhecida por sua dedica\u00e7\u00e3o excepcional, Loren recebeu a Medalha Pro Bono da Emory University em sua formatura.\u00a0<i>Pr\u00eamio Liter\u00e1rio Betty e Burt Schear<\/i>, um pr\u00eamio concedido ao \u201caluno com maior probabilidade de deixar uma marca singularmente positiva em seu universo\u201d.\u201d<\/div>\n<div>\u00a0<\/div>\n<div>A filosofia de Loren centra-se na cren\u00e7a de que a perfei\u00e7\u00e3o pode ser inating\u00edvel, mas a excel\u00eancia pode sempre ser alcan\u00e7ada atrav\u00e9s de trabalho \u00e1rduo, honestidade e integridade inabal\u00e1vel. Ela compreende o valor da comunica\u00e7\u00e3o aberta com os clientes como a base para construir relacionamentos s\u00f3lidos e alcan\u00e7ar resultados satisfat\u00f3rios. Fora da sua carreira jur\u00eddica, Loren aprecia a arte de cozinhar e pintar, dando asas \u00e0 sua criatividade. Ela tamb\u00e9m valoriza momentos de qualidade com a fam\u00edlia e com o seu fiel c\u00e3ozinho, uma mistura de husky. Como membro orgulhosa da comunidade Peloton, ela sabe da import\u00e2ncia de manter uma vida equilibrada e do impacto positivo que isso pode ter no seu trabalho profissional.<\/div>\n\n\n<p><\/p>","protected":false},"excerpt":{"rendered":"<p>Languages: Portuguese, Spanish and English Loren Rodrigues Silva grew up in Brazil before moving to Atlanta in 2019. Loren graduated from law school in Brazil in 2018 and achieved an LLM degree from Emory Law School in 2023. Loren worked at the Public Defender&#8217;s Office in Brazil in the criminal division. She also volunteered at [&hellip;]<\/p>\n","protected":false},"author":34,"featured_media":7168,"parent":3292,"menu_order":0,"comment_status":"closed","ping_status":"closed","template":"wp-custom-template-bio","meta":{"_acf_changed":false,"_themeisle_gutenberg_block_has_review":false,"footnotes":""},"categories":[4,50,52,51],"tags":[],"class_list":["post-5707","page","type-page","status-publish","has-post-thumbnail","hentry","category-atlanta-location","category-marietta-location","category-sandy-springs-location","category-smyrna-location"],"acf":[],"aioseo_notices":[],"_links":{"self":[{"href":"https:\/\/dglawga.com\/pt\/wp-json\/wp\/v2\/pages\/5707","targetHints":{"allow":["GET"]}}],"collection":[{"href":"https:\/\/dglawga.com\/pt\/wp-json\/wp\/v2\/pages"}],"about":[{"href":"https:\/\/dglawga.com\/pt\/wp-json\/wp\/v2\/types\/page"}],"author":[{"embeddable":true,"href":"https:\/\/dglawga.com\/pt\/wp-json\/wp\/v2\/users\/34"}],"replies":[{"embeddable":true,"href":"https:\/\/dglawga.com\/pt\/wp-json\/wp\/v2\/comments?post=5707"}],"version-history":[{"count":7,"href":"https:\/\/dglawga.com\/pt\/wp-json\/wp\/v2\/pages\/5707\/revisions"}],"predecessor-version":[{"id":7444,"href":"https:\/\/dglawga.com\/pt\/wp-json\/wp\/v2\/pages\/5707\/revisions\/7444"}],"up":[{"embeddable":true,"href":"https:\/\/dglawga.com\/pt\/wp-json\/wp\/v2\/pages\/3292"}],"wp:featuredmedia":[{"embeddable":true,"href":"https:\/\/dglawga.com\/pt\/wp-json\/wp\/v2\/media\/7168"}],"wp:attachment":[{"href":"https:\/\/dglawga.com\/pt\/wp-json\/wp\/v2\/media?parent=5707"}],"wp:term":[{"taxonomy":"category","embeddable":true,"href":"https:\/\/dglawga.com\/pt\/wp-json\/wp\/v2\/categories?post=5707"},{"taxonomy":"post_tag","embeddable":true,"href":"https:\/\/dglawga.com\/pt\/wp-json\/wp\/v2\/tags?post=5707"}],"curies":[{"name":"wp","href":"https:\/\/api.w.org\/{rel}","templated":true}]}}