{"id":5811,"date":"2023-12-28T17:14:39","date_gmt":"2023-12-28T22:14:39","guid":{"rendered":"https:\/\/dglawga.com\/?page_id=5811"},"modified":"2025-06-11T23:34:20","modified_gmt":"2025-06-12T04:34:20","slug":"mariana-perez","status":"publish","type":"page","link":"https:\/\/dglawga.com\/pt\/our-team\/mariana-perez\/","title":{"rendered":"Mariana P\u00e9rez"},"content":{"rendered":"<p>Idiomas: ingl\u00eas e espanhol<\/p>\n<p>Mariana nasceu em Houston, Texas, e mudou-se para o M\u00e9xico com a fam\u00edlia, onde viveu at\u00e9 os 6 anos de idade. Embora tenha crescido na Ge\u00f3rgia, esses anos no M\u00e9xico contribu\u00edram para que ela desenvolvesse um profundo apre\u00e7o pela sua cria\u00e7\u00e3o entre os dois mundos. Mariana trabalha em escrit\u00f3rios de advocacia de imigra\u00e7\u00e3o desde 2020, atuando em fun\u00e7\u00f5es administrativas, como o cadastro de clientes, atendimento na recep\u00e7\u00e3o e aux\u00edlio em processos jur\u00eddicos.<\/p>","protected":false},"excerpt":{"rendered":"<p>Language: English and Spanish Mariana was born in Houston, Texas,\u00a0and moved to Mexico with her family all through about 6 years old. Although she is now Georgia-raised, growing up those few years in Mexico helped shape a life-long appreciation for her upbringing between both worlds. Mariana has worked with immigration law offices since 2020 within [&hellip;]<\/p>\n","protected":false},"author":34,"featured_media":7182,"parent":3292,"menu_order":0,"comment_status":"closed","ping_status":"closed","template":"wp-custom-template-bio","meta":{"_acf_changed":false,"_themeisle_gutenberg_block_has_review":false,"footnotes":""},"categories":[4,50,52,51],"tags":[],"class_list":["post-5811","page","type-page","status-publish","has-post-thumbnail","hentry","category-atlanta-location","category-marietta-location","category-sandy-springs-location","category-smyrna-location"],"acf":[],"aioseo_notices":[],"_links":{"self":[{"href":"https:\/\/dglawga.com\/pt\/wp-json\/wp\/v2\/pages\/5811","targetHints":{"allow":["GET"]}}],"collection":[{"href":"https:\/\/dglawga.com\/pt\/wp-json\/wp\/v2\/pages"}],"about":[{"href":"https:\/\/dglawga.com\/pt\/wp-json\/wp\/v2\/types\/page"}],"author":[{"embeddable":true,"href":"https:\/\/dglawga.com\/pt\/wp-json\/wp\/v2\/users\/34"}],"replies":[{"embeddable":true,"href":"https:\/\/dglawga.com\/pt\/wp-json\/wp\/v2\/comments?post=5811"}],"version-history":[{"count":2,"href":"https:\/\/dglawga.com\/pt\/wp-json\/wp\/v2\/pages\/5811\/revisions"}],"predecessor-version":[{"id":6200,"href":"https:\/\/dglawga.com\/pt\/wp-json\/wp\/v2\/pages\/5811\/revisions\/6200"}],"up":[{"embeddable":true,"href":"https:\/\/dglawga.com\/pt\/wp-json\/wp\/v2\/pages\/3292"}],"wp:featuredmedia":[{"embeddable":true,"href":"https:\/\/dglawga.com\/pt\/wp-json\/wp\/v2\/media\/7182"}],"wp:attachment":[{"href":"https:\/\/dglawga.com\/pt\/wp-json\/wp\/v2\/media?parent=5811"}],"wp:term":[{"taxonomy":"category","embeddable":true,"href":"https:\/\/dglawga.com\/pt\/wp-json\/wp\/v2\/categories?post=5811"},{"taxonomy":"post_tag","embeddable":true,"href":"https:\/\/dglawga.com\/pt\/wp-json\/wp\/v2\/tags?post=5811"}],"curies":[{"name":"wp","href":"https:\/\/api.w.org\/{rel}","templated":true}]}}