{"id":6068,"date":"2024-04-15T21:52:02","date_gmt":"2024-04-16T02:52:02","guid":{"rendered":"https:\/\/dglawga.com\/?page_id=6068"},"modified":"2025-06-12T08:38:47","modified_gmt":"2025-06-12T13:38:47","slug":"jashiel-valerio","status":"publish","type":"page","link":"https:\/\/dglawga.com\/pt\/our-team\/jashiel-valerio\/","title":{"rendered":"Jashiel Valerio"},"content":{"rendered":"<p>Idiomas: ingl\u00eas e espanhol<\/p>\n<div dir=\"ltr\" data-sider-select-id=\"967391af-5301-44a5-a3d4-3c68cf84bf1b\">\n<p>Jashiel Valerio, natural do Brooklyn, Nova Iorque, e americano de primeira gera\u00e7\u00e3o com ra\u00edzes dominicanas, traz uma combina\u00e7\u00e3o \u00fanica de experi\u00eancias para sua fun\u00e7\u00e3o como assistente jur\u00eddico na D&amp;G Law. Ap\u00f3s se formar em Administra\u00e7\u00e3o, Jashiel construiu uma s\u00f3lida base em gest\u00e3o de opera\u00e7\u00f5es, trabalhando na Express Jet Airlines no Aeroporto JFK. Sua experi\u00eancia abrange aeron\u00e1utica, design de vestu\u00e1rio e belas artes, demonstrando sua versatilidade e motiva\u00e7\u00e3o para enfrentar novos desafios. Depois de anos de sucesso na ind\u00fastria do entretenimento, Jashiel decidiu seguir outra paix\u00e3o, o direito, ingressando na firma na primavera de 2023.<\/p>\n<p>Especializado em direito penal, Jashiel se destaca ao auxiliar clientes a lidar com quest\u00f5es jur\u00eddicas complexas. Sua aten\u00e7\u00e3o aos detalhes, capacidade de resolu\u00e7\u00e3o de problemas e dedica\u00e7\u00e3o \u00e0 defesa dos interesses do cliente o tornam um ativo valioso para a equipe. Jashiel est\u00e1 profundamente comprometido em garantir que os clientes sejam informados, apoiados e capacitados ao longo de seus processos.<\/p>\n<p>Fora do trabalho, Jashiel continua a explorar seu lado criativo e permanece conectado \u00e0s suas ra\u00edzes, sempre se esfor\u00e7ando para fazer uma diferen\u00e7a positiva em sua comunidade.<\/p>\n<\/div>\n<p>&nbsp;<\/p>","protected":false},"excerpt":{"rendered":"<p>Languages: English and Spanish Jashiel Valerio, a Brooklyn New York native and first-generation American with Dominican roots, brings a unique blend of experiences to his role as a Paralegal at D&amp;G Law. After graduating with a Bachelor\u2019s in Management, Jashiel built a strong foundation in operations management, working at Express Jet Airlines at JFK Airport. [&hellip;]<\/p>\n","protected":false},"author":34,"featured_media":7209,"parent":3292,"menu_order":0,"comment_status":"closed","ping_status":"closed","template":"wp-custom-template-bio","meta":{"_acf_changed":false,"_themeisle_gutenberg_block_has_review":false,"footnotes":""},"categories":[4,50,52,51],"tags":[],"class_list":["post-6068","page","type-page","status-publish","has-post-thumbnail","hentry","category-atlanta-location","category-marietta-location","category-sandy-springs-location","category-smyrna-location"],"acf":[],"aioseo_notices":[],"_links":{"self":[{"href":"https:\/\/dglawga.com\/pt\/wp-json\/wp\/v2\/pages\/6068","targetHints":{"allow":["GET"]}}],"collection":[{"href":"https:\/\/dglawga.com\/pt\/wp-json\/wp\/v2\/pages"}],"about":[{"href":"https:\/\/dglawga.com\/pt\/wp-json\/wp\/v2\/types\/page"}],"author":[{"embeddable":true,"href":"https:\/\/dglawga.com\/pt\/wp-json\/wp\/v2\/users\/34"}],"replies":[{"embeddable":true,"href":"https:\/\/dglawga.com\/pt\/wp-json\/wp\/v2\/comments?post=6068"}],"version-history":[{"count":4,"href":"https:\/\/dglawga.com\/pt\/wp-json\/wp\/v2\/pages\/6068\/revisions"}],"predecessor-version":[{"id":6585,"href":"https:\/\/dglawga.com\/pt\/wp-json\/wp\/v2\/pages\/6068\/revisions\/6585"}],"up":[{"embeddable":true,"href":"https:\/\/dglawga.com\/pt\/wp-json\/wp\/v2\/pages\/3292"}],"wp:featuredmedia":[{"embeddable":true,"href":"https:\/\/dglawga.com\/pt\/wp-json\/wp\/v2\/media\/7209"}],"wp:attachment":[{"href":"https:\/\/dglawga.com\/pt\/wp-json\/wp\/v2\/media?parent=6068"}],"wp:term":[{"taxonomy":"category","embeddable":true,"href":"https:\/\/dglawga.com\/pt\/wp-json\/wp\/v2\/categories?post=6068"},{"taxonomy":"post_tag","embeddable":true,"href":"https:\/\/dglawga.com\/pt\/wp-json\/wp\/v2\/tags?post=6068"}],"curies":[{"name":"wp","href":"https:\/\/api.w.org\/{rel}","templated":true}]}}