{"id":7450,"date":"2025-06-12T08:46:43","date_gmt":"2025-06-12T13:46:43","guid":{"rendered":"https:\/\/dglawga.com\/?page_id=7450"},"modified":"2025-06-12T11:58:46","modified_gmt":"2025-06-12T16:58:46","slug":"candy_robles","status":"publish","type":"page","link":"https:\/\/dglawga.com\/pt\/our-team\/candy_robles\/","title":{"rendered":"Candy Robles"},"content":{"rendered":"<div class=\"translate-result-text select-text whitespace-pre-line\">Idiomas: ingl\u00eas e espanhol<\/div>\n<div>\u00a0<\/div>\n<div class=\"translate-result-text select-text whitespace-pre-line\">Candelaria Robles, conhecida como Candy, nasceu no M\u00e9xico e cresceu em Atlanta, Ge\u00f3rgia, desde jovem. Como ex-imigrante, ela traz para o seu trabalho um profundo senso de empatia e uma genu\u00edna paix\u00e3o por ajudar os outros. Com uma s\u00f3lida experi\u00eancia em apoio comunit\u00e1rio e atendimento ao cliente, Candy descobriu sua voca\u00e7\u00e3o como assistente jur\u00eddica especializada em imigra\u00e7\u00e3o. Nessa fun\u00e7\u00e3o, ela combina sua expertise jur\u00eddica com uma dedica\u00e7\u00e3o sincera \u00e0 defesa e ao aux\u00edlio de outros imigrantes.<\/div>\n<div>\u00a0<\/div>\n<div class=\"translate-result-text select-text whitespace-pre-line\">Sua trajet\u00f3ria personifica o sonho americano \u2014 marcada por resili\u00eancia, comprometimento e uma determina\u00e7\u00e3o inabal\u00e1vel em criar um futuro melhor para si mesma, sua fam\u00edlia e a comunidade.<\/div>\n\n\n<p><\/p>","protected":false},"excerpt":{"rendered":"<p>Languages: English and Spanish \u00a0 Candelaria Robles, known as Candy, was born in Mexico and raised in Atlanta, Georgia from a young age. As a former immigrant, she brings a deep sense of empathy and a genuine passion for helping others to her work. With a strong background in community support and client care, Candy [&hellip;]<\/p>\n","protected":false},"author":34,"featured_media":7194,"parent":3292,"menu_order":0,"comment_status":"closed","ping_status":"closed","template":"wp-custom-template-bio","meta":{"_acf_changed":false,"_themeisle_gutenberg_block_has_review":false,"footnotes":""},"categories":[4,52,51],"tags":[],"class_list":["post-7450","page","type-page","status-publish","has-post-thumbnail","hentry","category-atlanta-location","category-sandy-springs-location","category-smyrna-location"],"acf":[],"aioseo_notices":[],"_links":{"self":[{"href":"https:\/\/dglawga.com\/pt\/wp-json\/wp\/v2\/pages\/7450","targetHints":{"allow":["GET"]}}],"collection":[{"href":"https:\/\/dglawga.com\/pt\/wp-json\/wp\/v2\/pages"}],"about":[{"href":"https:\/\/dglawga.com\/pt\/wp-json\/wp\/v2\/types\/page"}],"author":[{"embeddable":true,"href":"https:\/\/dglawga.com\/pt\/wp-json\/wp\/v2\/users\/34"}],"replies":[{"embeddable":true,"href":"https:\/\/dglawga.com\/pt\/wp-json\/wp\/v2\/comments?post=7450"}],"version-history":[{"count":3,"href":"https:\/\/dglawga.com\/pt\/wp-json\/wp\/v2\/pages\/7450\/revisions"}],"predecessor-version":[{"id":7470,"href":"https:\/\/dglawga.com\/pt\/wp-json\/wp\/v2\/pages\/7450\/revisions\/7470"}],"up":[{"embeddable":true,"href":"https:\/\/dglawga.com\/pt\/wp-json\/wp\/v2\/pages\/3292"}],"wp:featuredmedia":[{"embeddable":true,"href":"https:\/\/dglawga.com\/pt\/wp-json\/wp\/v2\/media\/7194"}],"wp:attachment":[{"href":"https:\/\/dglawga.com\/pt\/wp-json\/wp\/v2\/media?parent=7450"}],"wp:term":[{"taxonomy":"category","embeddable":true,"href":"https:\/\/dglawga.com\/pt\/wp-json\/wp\/v2\/categories?post=7450"},{"taxonomy":"post_tag","embeddable":true,"href":"https:\/\/dglawga.com\/pt\/wp-json\/wp\/v2\/tags?post=7450"}],"curies":[{"name":"wp","href":"https:\/\/api.w.org\/{rel}","templated":true}]}}