{"id":7455,"date":"2025-06-12T11:54:40","date_gmt":"2025-06-12T16:54:40","guid":{"rendered":"https:\/\/dglawga.com\/?page_id=7455"},"modified":"2025-06-12T11:54:42","modified_gmt":"2025-06-12T16:54:42","slug":"peter_isbister","status":"publish","type":"page","link":"https:\/\/dglawga.com\/pt\/our-team\/peter_isbister\/","title":{"rendered":"Pedro Isbister"},"content":{"rendered":"<p><em>Idiomas: ingl\u00eas e espanhol<\/em><\/p>\n<p><em>Consultor Jur\u00eddico<\/em><\/p>\n<p>Peter Isbister (ele\/dele\/el) atua como advogado h\u00e1 mais de vinte anos e se especializou em imigra\u00e7\u00e3o em 2009. Ele representa clientes em tribunais de imigra\u00e7\u00e3o em todo o pa\u00eds, no Conselho de Apela\u00e7\u00f5es de Imigra\u00e7\u00e3o e em tribunais federais. Sua atua\u00e7\u00e3o abrange toda a gama de casos de imigra\u00e7\u00e3o baseados em la\u00e7os familiares, quest\u00f5es humanit\u00e1rias e defesa contra deporta\u00e7\u00e3o, com foco em clientes em processos de deporta\u00e7\u00e3o e em centros de deten\u00e7\u00e3o de imigrantes. Ele adora defender seus clientes nos tribunais.<\/p>\n<p>Formado pelo Centro de Direito da Universidade de Georgetown, Peter iniciou sua carreira como defensor p\u00fablico criminal no estado de Washington. Ap\u00f3s se mudar para a Ge\u00f3rgia, atuou como advogado da equipe legislativa do Fundo Mexicano-Americano de Defesa e Educa\u00e7\u00e3o Jur\u00eddica (MALDEF). Passou oito anos na advocacia privada no escrit\u00f3rio de advocacia de imigra\u00e7\u00e3o Vasquez and Servi, PC, em Atlanta, onde foi s\u00f3cio. Mais recentemente, trabalhou por sete anos como Advogado S\u00eanior L\u00edder da Iniciativa de Liberdade para Imigrantes do Sudeste, vinculada ao Southern Poverty Law Center. Pouco antes de ingressar na Diaz &amp; Gaeta, foi Advogado Gestor Interino da Kids in Need of Defense, em Atlanta.<\/p>\n<p>Peter \u00e9 membro da Associa\u00e7\u00e3o Americana de Advogados de Imigra\u00e7\u00e3o (AILA) e j\u00e1 palestrou em confer\u00eancias da AILA na Ge\u00f3rgia e no Arizona. Membro da Ordem dos Advogados da Ge\u00f3rgia, ele est\u00e1 habilitado a exercer a advocacia perante o Tribunal de Apela\u00e7\u00f5es do 11\u00ba Circuito e o Distrito Central da Ge\u00f3rgia.<\/p>\n<p>Peter teve seu primeiro contato com a legisla\u00e7\u00e3o de imigra\u00e7\u00e3o como estagi\u00e1rio no projeto de asilo do Comit\u00ea de Advogados para os Direitos Humanos (atualmente Human Rights First). Sua dedica\u00e7\u00e3o \u00e0 justi\u00e7a para imigrantes cresceu durante o ano em que atuou como volunt\u00e1rio de direitos humanos na Guatemala, em 1999. Como estudante de direito, estagiou no Projeto de Direitos de Imigrantes e Refugiados de Floren\u00e7a, no Arizona, e na Corte Interamericana de Direitos Humanos, na Costa Rica.<\/p>\n<p>Peter foi um dos fundadores da Georgia Detention Watch Network. Ele tamb\u00e9m fundou a Metro Atlanta TransParent, um grupo de apoio entre pares para pais de crian\u00e7as transg\u00eanero, n\u00e3o bin\u00e1rias e com identidade de g\u00eanero n\u00e3o conforme. Ele \u00e9 o presidente do Conselho de Administra\u00e7\u00e3o da Congrega\u00e7\u00e3o Bet Haverim, a \u00fanica sinagoga reconstrucionista da Ge\u00f3rgia.<\/p>\n<p>Nascido em Santa Cruz, Calif\u00f3rnia, Peter mudou-se para Decatur, Ge\u00f3rgia, com sua esposa Robyn, propriet\u00e1ria\/diretora do escrit\u00f3rio de advocacia Painter Legal, LLC, especializado em defesa da educa\u00e7\u00e3o, em 2008. Juntos, eles t\u00eam tr\u00eas filhos, um cachorro enorme, um gato e um n\u00famero vari\u00e1vel de galinhas. Um dos filhos tem uma lagartixa-leopardo. Quando n\u00e3o est\u00e3o cuidando de seus amigos peludos, emplumados e escamosos, Peter e sua fam\u00edlia adoram viajar, assistir a shows e pe\u00e7as de teatro e receber amigos e familiares em casa.<\/p>","protected":false},"excerpt":{"rendered":"<p>Languages: English and Spanish Of Counsel Peter Isbister (he\/him\/el) has been practicing law for over twenty years, and became an immigration specialist\u00a0 in 2009.\u00a0 He has represented clients in immigration courts around the country, at the Board of Immigration Appeals and in federal court. He practices the full range of family-based, humanitarian, and removal defense [&hellip;]<\/p>\n","protected":false},"author":34,"featured_media":7172,"parent":3292,"menu_order":0,"comment_status":"closed","ping_status":"closed","template":"wp-custom-template-bio","meta":{"_acf_changed":false,"_themeisle_gutenberg_block_has_review":false,"footnotes":""},"categories":[4,50,52,51],"tags":[],"class_list":["post-7455","page","type-page","status-publish","has-post-thumbnail","hentry","category-atlanta-location","category-marietta-location","category-sandy-springs-location","category-smyrna-location"],"acf":[],"aioseo_notices":[],"_links":{"self":[{"href":"https:\/\/dglawga.com\/pt\/wp-json\/wp\/v2\/pages\/7455","targetHints":{"allow":["GET"]}}],"collection":[{"href":"https:\/\/dglawga.com\/pt\/wp-json\/wp\/v2\/pages"}],"about":[{"href":"https:\/\/dglawga.com\/pt\/wp-json\/wp\/v2\/types\/page"}],"author":[{"embeddable":true,"href":"https:\/\/dglawga.com\/pt\/wp-json\/wp\/v2\/users\/34"}],"replies":[{"embeddable":true,"href":"https:\/\/dglawga.com\/pt\/wp-json\/wp\/v2\/comments?post=7455"}],"version-history":[{"count":2,"href":"https:\/\/dglawga.com\/pt\/wp-json\/wp\/v2\/pages\/7455\/revisions"}],"predecessor-version":[{"id":7469,"href":"https:\/\/dglawga.com\/pt\/wp-json\/wp\/v2\/pages\/7455\/revisions\/7469"}],"up":[{"embeddable":true,"href":"https:\/\/dglawga.com\/pt\/wp-json\/wp\/v2\/pages\/3292"}],"wp:featuredmedia":[{"embeddable":true,"href":"https:\/\/dglawga.com\/pt\/wp-json\/wp\/v2\/media\/7172"}],"wp:attachment":[{"href":"https:\/\/dglawga.com\/pt\/wp-json\/wp\/v2\/media?parent=7455"}],"wp:term":[{"taxonomy":"category","embeddable":true,"href":"https:\/\/dglawga.com\/pt\/wp-json\/wp\/v2\/categories?post=7455"},{"taxonomy":"post_tag","embeddable":true,"href":"https:\/\/dglawga.com\/pt\/wp-json\/wp\/v2\/tags?post=7455"}],"curies":[{"name":"wp","href":"https:\/\/api.w.org\/{rel}","templated":true}]}}