{"id":7457,"date":"2025-06-12T11:58:37","date_gmt":"2025-06-12T16:58:37","guid":{"rendered":"https:\/\/dglawga.com\/?page_id=7457"},"modified":"2025-06-12T11:58:39","modified_gmt":"2025-06-12T16:58:39","slug":"maritza_olivares","status":"publish","type":"page","link":"https:\/\/dglawga.com\/pt\/our-team\/maritza_olivares\/","title":{"rendered":"Maritza Olivares"},"content":{"rendered":"<div class=\"translate-result-text select-text whitespace-pre-line\">Idiomas: ingl\u00eas e espanhol<\/div>\n<div><\/div>\n<div>Maritza nasceu em Smyrna, Ge\u00f3rgia, e foi criada em um lar bil\u00edngue que lhe incutiu um forte apre\u00e7o tanto por sua cultura quanto por sua comunidade.<\/div>\n<div><\/div>\n<div>Sua habilidade em transitar entre o ingl\u00eas e o espanhol permitiu que ela constru\u00edsse confian\u00e7a e se comunicasse de forma eficaz com uma ampla gama de clientes.<\/div>\n<div class=\"translate-result-text select-text whitespace-pre-line\">\n<p>Ela trabalha na \u00e1rea jur\u00eddica desde 2022, com experi\u00eancia em direito de fam\u00edlia.<\/p>\n<p>Sua postura acess\u00edvel e aten\u00e7\u00e3o aos detalhes fazem dela um ponto de contato valioso para os clientes durante processos legais que muitas vezes s\u00e3o estressantes.<\/p>\n<\/div>","protected":false},"excerpt":{"rendered":"<p>Languages: English and Spanish Maritza was born in Smyrna, Georgia, and raised in a bilingual household that instilled a strong appreciation for both her culture and community. Her ability to navigate between English and Spanish has allowed her to build trust and communicate effectively with a diverse range of clients. She has been working in [&hellip;]<\/p>\n","protected":false},"author":35,"featured_media":7196,"parent":3292,"menu_order":0,"comment_status":"closed","ping_status":"closed","template":"wp-custom-template-bio","meta":{"_acf_changed":false,"_themeisle_gutenberg_block_has_review":false,"footnotes":""},"categories":[4,50,52,51],"tags":[],"class_list":["post-7457","page","type-page","status-publish","has-post-thumbnail","hentry","category-atlanta-location","category-marietta-location","category-sandy-springs-location","category-smyrna-location"],"acf":[],"aioseo_notices":[],"_links":{"self":[{"href":"https:\/\/dglawga.com\/pt\/wp-json\/wp\/v2\/pages\/7457","targetHints":{"allow":["GET"]}}],"collection":[{"href":"https:\/\/dglawga.com\/pt\/wp-json\/wp\/v2\/pages"}],"about":[{"href":"https:\/\/dglawga.com\/pt\/wp-json\/wp\/v2\/types\/page"}],"author":[{"embeddable":true,"href":"https:\/\/dglawga.com\/pt\/wp-json\/wp\/v2\/users\/35"}],"replies":[{"embeddable":true,"href":"https:\/\/dglawga.com\/pt\/wp-json\/wp\/v2\/comments?post=7457"}],"version-history":[{"count":2,"href":"https:\/\/dglawga.com\/pt\/wp-json\/wp\/v2\/pages\/7457\/revisions"}],"predecessor-version":[{"id":7471,"href":"https:\/\/dglawga.com\/pt\/wp-json\/wp\/v2\/pages\/7457\/revisions\/7471"}],"up":[{"embeddable":true,"href":"https:\/\/dglawga.com\/pt\/wp-json\/wp\/v2\/pages\/3292"}],"wp:featuredmedia":[{"embeddable":true,"href":"https:\/\/dglawga.com\/pt\/wp-json\/wp\/v2\/media\/7196"}],"wp:attachment":[{"href":"https:\/\/dglawga.com\/pt\/wp-json\/wp\/v2\/media?parent=7457"}],"wp:term":[{"taxonomy":"category","embeddable":true,"href":"https:\/\/dglawga.com\/pt\/wp-json\/wp\/v2\/categories?post=7457"},{"taxonomy":"post_tag","embeddable":true,"href":"https:\/\/dglawga.com\/pt\/wp-json\/wp\/v2\/tags?post=7457"}],"curies":[{"name":"wp","href":"https:\/\/api.w.org\/{rel}","templated":true}]}}