{"id":7461,"date":"2025-06-12T11:59:02","date_gmt":"2025-06-12T16:59:02","guid":{"rendered":"https:\/\/dglawga.com\/?page_id=7461"},"modified":"2025-12-02T16:19:23","modified_gmt":"2025-12-02T21:19:23","slug":"carlos_aragon","status":"publish","type":"page","link":"https:\/\/dglawga.com\/pt\/our-team\/carlos_aragon\/","title":{"rendered":"Carlos Arag\u00e3o"},"content":{"rendered":"<div class=\"translate-result-text select-text whitespace-pre-line\">Idiomas: ingl\u00eas e espanhol<\/div>\n<div>\u00a0<\/div>\n<div class=\"translate-result-text select-text whitespace-pre-line\">\n<div class=\"translate-result-text select-text whitespace-pre-line\">Nascido e criado em Guadalajara, M\u00e9xico, Carlos mudou-se para os Estados Unidos aos 15 anos. Ele se formou em Psicologia pela Universidade Estadual de Kennesaw em 2018, trazendo consigo valiosas experi\u00eancias em atendimento ao cliente, comunica\u00e7\u00e3o e lideran\u00e7a de equipe. Com s\u00f3lida experi\u00eancia em triagem de clientes, iniciou sua carreira trabalhando com advogados especializados em cobran\u00e7a e danos pessoais como especialista em triagem.<\/div>\n<div>\u00a0<\/div>\n<div class=\"translate-result-text select-text whitespace-pre-line\">Carlos \u00e9 o Gerente do Departamento de Admiss\u00e3o da Diaz and Gaeta, onde lidera uma equipe dedicada a proporcionar uma experi\u00eancia profissional, emp\u00e1tica e eficiente para cada cliente, desde o primeiro contato. Carlos est\u00e1 comprometido em garantir que todos que contatam o escrit\u00f3rio se sintam ouvidos, apoiados e confiantes ao iniciarem sua jornada jur\u00eddica. Fora do trabalho, Carlos gosta de ler, explorar programa\u00e7\u00e3o de computadores e jogar videogame. Ele tem grande interesse em tecnologia e est\u00e1 sempre ansioso para aprender novas habilidades. Carlos tamb\u00e9m gosta de viajar, buscando inspira\u00e7\u00e3o e novas perspectivas ao vivenciar novos lugares e culturas.<\/div>\n<\/div>\n\n\n<p><\/p>","protected":false},"excerpt":{"rendered":"<p>Languages: English and Spanish \u00a0 Born and raised in Guadalajara, Mexico, Carlos moved to the United States at the age of 15. He earned his degree in Psychology from Kennesaw State University in 2018, bringing valuable insight into client care, communication, and team leadership. With a strong background in client intake, he began his career [&hellip;]<\/p>\n","protected":false},"author":35,"featured_media":7215,"parent":3292,"menu_order":0,"comment_status":"closed","ping_status":"closed","template":"wp-custom-template-bio","meta":{"_acf_changed":false,"_themeisle_gutenberg_block_has_review":false,"footnotes":""},"categories":[4,50,52,51],"tags":[],"class_list":["post-7461","page","type-page","status-publish","has-post-thumbnail","hentry","category-atlanta-location","category-marietta-location","category-sandy-springs-location","category-smyrna-location"],"acf":[],"aioseo_notices":[],"_links":{"self":[{"href":"https:\/\/dglawga.com\/pt\/wp-json\/wp\/v2\/pages\/7461","targetHints":{"allow":["GET"]}}],"collection":[{"href":"https:\/\/dglawga.com\/pt\/wp-json\/wp\/v2\/pages"}],"about":[{"href":"https:\/\/dglawga.com\/pt\/wp-json\/wp\/v2\/types\/page"}],"author":[{"embeddable":true,"href":"https:\/\/dglawga.com\/pt\/wp-json\/wp\/v2\/users\/35"}],"replies":[{"embeddable":true,"href":"https:\/\/dglawga.com\/pt\/wp-json\/wp\/v2\/comments?post=7461"}],"version-history":[{"count":3,"href":"https:\/\/dglawga.com\/pt\/wp-json\/wp\/v2\/pages\/7461\/revisions"}],"predecessor-version":[{"id":8267,"href":"https:\/\/dglawga.com\/pt\/wp-json\/wp\/v2\/pages\/7461\/revisions\/8267"}],"up":[{"embeddable":true,"href":"https:\/\/dglawga.com\/pt\/wp-json\/wp\/v2\/pages\/3292"}],"wp:featuredmedia":[{"embeddable":true,"href":"https:\/\/dglawga.com\/pt\/wp-json\/wp\/v2\/media\/7215"}],"wp:attachment":[{"href":"https:\/\/dglawga.com\/pt\/wp-json\/wp\/v2\/media?parent=7461"}],"wp:term":[{"taxonomy":"category","embeddable":true,"href":"https:\/\/dglawga.com\/pt\/wp-json\/wp\/v2\/categories?post=7461"},{"taxonomy":"post_tag","embeddable":true,"href":"https:\/\/dglawga.com\/pt\/wp-json\/wp\/v2\/tags?post=7461"}],"curies":[{"name":"wp","href":"https:\/\/api.w.org\/{rel}","templated":true}]}}