{"id":8268,"date":"2025-12-02T16:31:15","date_gmt":"2025-12-02T21:31:15","guid":{"rendered":"https:\/\/dglawga.com\/?page_id=8268"},"modified":"2025-12-02T16:33:13","modified_gmt":"2025-12-02T21:33:13","slug":"jessica_gutierrez","status":"publish","type":"page","link":"https:\/\/dglawga.com\/pt\/our-team\/jessica_gutierrez\/","title":{"rendered":"J\u00e9ssica Gutierrez"},"content":{"rendered":"<p class=\"has-text-align-left has-primary-color has-text-color has-link-color wp-elements-cf4f6c44cf2594860440c4fd0b49a6dd\">Idiomas: ingl\u00eas, espanhol<\/p>\n\n\n\n<p class=\"has-text-align-left has-primary-color has-text-color has-link-color wp-elements-84bbf91ccd2f86dea4c4740f0d4889b0\">Esta \u00e9 Jessica Gutierrez M., membro da nossa equipe de especialistas em triagem jur\u00eddica. Ela se dedica a ajudar aqueles que buscam assist\u00eancia jur\u00eddica a nos fornecer suas informa\u00e7\u00f5es de forma r\u00e1pida, profissional e eficiente. A Sra. Gutierrez \u00e9 fluente em ingl\u00eas e espanhol, tem experi\u00eancia como assistente jur\u00eddica e iniciou sua carreira em 2015, quando ingressou em um escrit\u00f3rio de advocacia em Chicago como recepcionista, progredindo at\u00e9 se tornar assistente jur\u00eddica e adquirindo experi\u00eancia em casos de les\u00f5es corporais e indeniza\u00e7\u00e3o trabalhista.<\/p>\n\n\n\n<p>Ela obteve sua certifica\u00e7\u00e3o como assistente jur\u00eddica, concluindo seu curso t\u00e9cnico no Harold Washington College de Chicago, e finalizou seus estudos na Saint Leo University, na Fl\u00f3rida, onde se formou em administra\u00e7\u00e3o de empresas com especializa\u00e7\u00e3o em gest\u00e3o de projetos. Possui mais de 10 anos de experi\u00eancia na \u00e1rea jur\u00eddica, com diversas especializa\u00e7\u00f5es. A Sra. Gutierrez \u00e9 muito dedicada e gosta de ajudar pessoas com dificuldades de comunica\u00e7\u00e3o a obterem o apoio jur\u00eddico que merecem. Ela auxilia a comunidade hisp\u00e2nica a compreender seus direitos e a perceber que tamb\u00e9m t\u00eam voz.<\/p>\n\n\n\n<p>Ela tamb\u00e9m possui certifica\u00e7\u00e3o como int\u00e9rprete para as \u00e1reas jur\u00eddica e m\u00e9dica, auxiliando a comunidade hisp\u00e2nica de diversas maneiras. \u00c9 muito eficiente, dedicada e cumpre o que promete. Seus objetivos s\u00e3o ter v\u00e1rios neg\u00f3cios, v\u00e1rias propriedades e v\u00e1rias forma\u00e7\u00f5es acad\u00eamicas.<\/p>\n\n\n\n<p class=\"has-text-align-left has-primary-color has-text-color has-link-color wp-elements-b6e21618e5a674cac90cbc4ee0414e7b\">Ela est\u00e1 se dedicando a se tornar advogada, utilizando o conhecimento adquirido ao longo dos anos para servir, ajudar e contribuir com a sua comunidade. Estamos muito felizes em t\u00ea-la em nossa equipe e ansiosos para crescermos juntos no futuro.<\/p>","protected":false},"excerpt":{"rendered":"<p>Languages: English, Spanish This is Jessica Gutierrez M. , she is part of our legal intake specialist team. She focuses on helping those seeking legal help get their information to us in a fast, professional and efficient way. Ms. Gutierrez is fluent in English in Spanish, she comes from a background as a paralegal, she [&hellip;]<\/p>\n","protected":false},"author":34,"featured_media":8245,"parent":3292,"menu_order":0,"comment_status":"closed","ping_status":"closed","template":"wp-custom-template-bio","meta":{"_acf_changed":false,"_themeisle_gutenberg_block_has_review":false,"footnotes":""},"categories":[4,50,52,51],"tags":[],"class_list":["post-8268","page","type-page","status-publish","has-post-thumbnail","hentry","category-atlanta-location","category-marietta-location","category-sandy-springs-location","category-smyrna-location"],"acf":[],"aioseo_notices":[],"_links":{"self":[{"href":"https:\/\/dglawga.com\/pt\/wp-json\/wp\/v2\/pages\/8268","targetHints":{"allow":["GET"]}}],"collection":[{"href":"https:\/\/dglawga.com\/pt\/wp-json\/wp\/v2\/pages"}],"about":[{"href":"https:\/\/dglawga.com\/pt\/wp-json\/wp\/v2\/types\/page"}],"author":[{"embeddable":true,"href":"https:\/\/dglawga.com\/pt\/wp-json\/wp\/v2\/users\/34"}],"replies":[{"embeddable":true,"href":"https:\/\/dglawga.com\/pt\/wp-json\/wp\/v2\/comments?post=8268"}],"version-history":[{"count":1,"href":"https:\/\/dglawga.com\/pt\/wp-json\/wp\/v2\/pages\/8268\/revisions"}],"predecessor-version":[{"id":8270,"href":"https:\/\/dglawga.com\/pt\/wp-json\/wp\/v2\/pages\/8268\/revisions\/8270"}],"up":[{"embeddable":true,"href":"https:\/\/dglawga.com\/pt\/wp-json\/wp\/v2\/pages\/3292"}],"wp:featuredmedia":[{"embeddable":true,"href":"https:\/\/dglawga.com\/pt\/wp-json\/wp\/v2\/media\/8245"}],"wp:attachment":[{"href":"https:\/\/dglawga.com\/pt\/wp-json\/wp\/v2\/media?parent=8268"}],"wp:term":[{"taxonomy":"category","embeddable":true,"href":"https:\/\/dglawga.com\/pt\/wp-json\/wp\/v2\/categories?post=8268"},{"taxonomy":"post_tag","embeddable":true,"href":"https:\/\/dglawga.com\/pt\/wp-json\/wp\/v2\/tags?post=8268"}],"curies":[{"name":"wp","href":"https:\/\/api.w.org\/{rel}","templated":true}]}}