{"id":8271,"date":"2025-12-02T16:37:19","date_gmt":"2025-12-02T21:37:19","guid":{"rendered":"https:\/\/dglawga.com\/?page_id=8271"},"modified":"2025-12-02T16:57:50","modified_gmt":"2025-12-02T21:57:50","slug":"yaire_encelmo","status":"publish","type":"page","link":"https:\/\/dglawga.com\/pt\/our-team\/yaire_encelmo\/","title":{"rendered":"Yaire Encelmo"},"content":{"rendered":"<div class=\"translate-result-text select-text whitespace-pre-line\">Idiomas: ingl\u00eas e espanhol<\/div>\n<div><\/div>\n<div class=\"translate-result-text select-text whitespace-pre-line\">Filha de pais imigrantes que chegaram aos Estados Unidos sem nada, Yaire encara cada dia com carinho e prop\u00f3sito, vendo cada visitante n\u00e3o apenas como um cliente, mas como o pai, a m\u00e3e, o filho ou o av\u00f4 de algu\u00e9m, assim como os seus pr\u00f3prios. Fluente em ingl\u00eas e espanhol e com quatro anos de experi\u00eancia em recep\u00e7\u00e3o, ela se orgulha de ser uma ponte para a comunidade hisp\u00e2nica, oferecendo n\u00e3o apenas tradu\u00e7\u00f5es, mas tamb\u00e9m compreens\u00e3o e compaix\u00e3o genu\u00ednas. Com sua excelente aten\u00e7\u00e3o aos detalhes e tom acolhedor, ela se destaca n\u00e3o s\u00f3 por garantir um fluxo de trabalho eficiente, mas tamb\u00e9m por se certificar de que cada cliente seja visto e ouvido. Seus olhos brilham ao receber uma av\u00f3 nervosa ou uma jovem m\u00e3e insegura sobre por onde come\u00e7ar, pois nelas, ela v\u00ea sua pr\u00f3pria fam\u00edlia, suas ra\u00edzes, sua cultura, seu cora\u00e7\u00e3o. Para Yaire, ajudar os outros n\u00e3o \u00e9 apenas parte do trabalho, \u00e9 algo pessoal.<\/div>","protected":false},"excerpt":{"rendered":"<p>Languages: English and Spanish A daughter of immigrant parents who came to the United States with nothing. Yaire approaches each day with warmth and purpose, seeing every visitor not just as a client, but as someone\u2019s parent, child, or grandparent, just like her own. Fluent in both English and Spanish &amp; 4 years of reception [&hellip;]<\/p>\n","protected":false},"author":35,"featured_media":8253,"parent":3292,"menu_order":0,"comment_status":"closed","ping_status":"closed","template":"wp-custom-template-bio","meta":{"_acf_changed":false,"_themeisle_gutenberg_block_has_review":false,"footnotes":""},"categories":[4,50,52,51],"tags":[],"class_list":["post-8271","page","type-page","status-publish","has-post-thumbnail","hentry","category-atlanta-location","category-marietta-location","category-sandy-springs-location","category-smyrna-location"],"acf":[],"aioseo_notices":[],"_links":{"self":[{"href":"https:\/\/dglawga.com\/pt\/wp-json\/wp\/v2\/pages\/8271","targetHints":{"allow":["GET"]}}],"collection":[{"href":"https:\/\/dglawga.com\/pt\/wp-json\/wp\/v2\/pages"}],"about":[{"href":"https:\/\/dglawga.com\/pt\/wp-json\/wp\/v2\/types\/page"}],"author":[{"embeddable":true,"href":"https:\/\/dglawga.com\/pt\/wp-json\/wp\/v2\/users\/35"}],"replies":[{"embeddable":true,"href":"https:\/\/dglawga.com\/pt\/wp-json\/wp\/v2\/comments?post=8271"}],"version-history":[{"count":1,"href":"https:\/\/dglawga.com\/pt\/wp-json\/wp\/v2\/pages\/8271\/revisions"}],"predecessor-version":[{"id":8272,"href":"https:\/\/dglawga.com\/pt\/wp-json\/wp\/v2\/pages\/8271\/revisions\/8272"}],"up":[{"embeddable":true,"href":"https:\/\/dglawga.com\/pt\/wp-json\/wp\/v2\/pages\/3292"}],"wp:featuredmedia":[{"embeddable":true,"href":"https:\/\/dglawga.com\/pt\/wp-json\/wp\/v2\/media\/8253"}],"wp:attachment":[{"href":"https:\/\/dglawga.com\/pt\/wp-json\/wp\/v2\/media?parent=8271"}],"wp:term":[{"taxonomy":"category","embeddable":true,"href":"https:\/\/dglawga.com\/pt\/wp-json\/wp\/v2\/categories?post=8271"},{"taxonomy":"post_tag","embeddable":true,"href":"https:\/\/dglawga.com\/pt\/wp-json\/wp\/v2\/tags?post=8271"}],"curies":[{"name":"wp","href":"https:\/\/api.w.org\/{rel}","templated":true}]}}