{"id":8273,"date":"2025-12-02T17:07:05","date_gmt":"2025-12-02T22:07:05","guid":{"rendered":"https:\/\/dglawga.com\/?page_id=8273"},"modified":"2025-12-02T17:08:37","modified_gmt":"2025-12-02T22:08:37","slug":"lesli_alvarez","status":"publish","type":"page","link":"https:\/\/dglawga.com\/pt\/our-team\/lesli_alvarez\/","title":{"rendered":"Lesli Alvarez"},"content":{"rendered":"<div class=\"translate-result-text select-text whitespace-pre-line\">Idiomas: ingl\u00eas e espanhol<\/div>\n<div><\/div>\n<div class=\"translate-result-text select-text whitespace-pre-line\">\n<p>Nascida em Marietta, Ge\u00f3rgia, e orgulhosa de sua heran\u00e7a mexicana, Lesli \u00e9 bil\u00edngue em ingl\u00eas e espanhol, conhecida por sua simpatia, excelentes habilidades de comunica\u00e7\u00e3o e dedica\u00e7\u00e3o em criar um ambiente acolhedor tanto para clientes quanto para colegas.<\/p>\n<p>Ela possui um diploma de n\u00edvel t\u00e9cnico em Administra\u00e7\u00e3o de Empresas e um diploma de bacharel em Log\u00edstica e Gest\u00e3o da Cadeia de Suprimentos, combinando sua forma\u00e7\u00e3o acad\u00eamica com profissionalismo pr\u00e1tico para garantir opera\u00e7\u00f5es de escrit\u00f3rio tranquilas e eficientes. Sua capacidade de realizar m\u00faltiplas tarefas, manter-se organizada e conectar-se com pessoas de diferentes origens a torna um recurso valioso para qualquer equipe.<\/p>\n<p>Fora do ambiente de trabalho, ela \u00e9 apaixonada por animais, adora viajar e gosta de aprender sobre diferentes culturas. Ela tamb\u00e9m valoriza momentos de qualidade com a fam\u00edlia e acredita que fortes la\u00e7os pessoais s\u00e3o a base de uma vida feliz e plena. Seja explorando um novo destino ou passando um fim de semana tranquilo com as pessoas queridas.<\/p>\n<\/div>","protected":false},"excerpt":{"rendered":"<p>Languages: English and Spanish Born in Marietta, Georgia and proud of her Mexican heritage, Lesli is bilingual in both English and Spanish, known for her friendly demeanor, strong communication skills, and dedication to creating a welcoming environment for clients and colleagues alike. She holds an Associate\u2019s Degree in Business Management and a Bachelor\u2019s Degree in [&hellip;]<\/p>\n","protected":false},"author":35,"featured_media":8247,"parent":3292,"menu_order":0,"comment_status":"closed","ping_status":"closed","template":"wp-custom-template-bio","meta":{"_acf_changed":false,"_themeisle_gutenberg_block_has_review":false,"footnotes":""},"categories":[4,50,52,51],"tags":[],"class_list":["post-8273","page","type-page","status-publish","has-post-thumbnail","hentry","category-atlanta-location","category-marietta-location","category-sandy-springs-location","category-smyrna-location"],"acf":[],"aioseo_notices":[],"_links":{"self":[{"href":"https:\/\/dglawga.com\/pt\/wp-json\/wp\/v2\/pages\/8273","targetHints":{"allow":["GET"]}}],"collection":[{"href":"https:\/\/dglawga.com\/pt\/wp-json\/wp\/v2\/pages"}],"about":[{"href":"https:\/\/dglawga.com\/pt\/wp-json\/wp\/v2\/types\/page"}],"author":[{"embeddable":true,"href":"https:\/\/dglawga.com\/pt\/wp-json\/wp\/v2\/users\/35"}],"replies":[{"embeddable":true,"href":"https:\/\/dglawga.com\/pt\/wp-json\/wp\/v2\/comments?post=8273"}],"version-history":[{"count":1,"href":"https:\/\/dglawga.com\/pt\/wp-json\/wp\/v2\/pages\/8273\/revisions"}],"predecessor-version":[{"id":8274,"href":"https:\/\/dglawga.com\/pt\/wp-json\/wp\/v2\/pages\/8273\/revisions\/8274"}],"up":[{"embeddable":true,"href":"https:\/\/dglawga.com\/pt\/wp-json\/wp\/v2\/pages\/3292"}],"wp:featuredmedia":[{"embeddable":true,"href":"https:\/\/dglawga.com\/pt\/wp-json\/wp\/v2\/media\/8247"}],"wp:attachment":[{"href":"https:\/\/dglawga.com\/pt\/wp-json\/wp\/v2\/media?parent=8273"}],"wp:term":[{"taxonomy":"category","embeddable":true,"href":"https:\/\/dglawga.com\/pt\/wp-json\/wp\/v2\/categories?post=8273"},{"taxonomy":"post_tag","embeddable":true,"href":"https:\/\/dglawga.com\/pt\/wp-json\/wp\/v2\/tags?post=8273"}],"curies":[{"name":"wp","href":"https:\/\/api.w.org\/{rel}","templated":true}]}}