{"id":8620,"date":"2026-02-18T20:07:32","date_gmt":"2026-02-19T01:07:32","guid":{"rendered":"https:\/\/dglawga.com\/?page_id=8620"},"modified":"2026-02-27T19:23:05","modified_gmt":"2026-02-28T00:23:05","slug":"asylum","status":"publish","type":"page","link":"https:\/\/dglawga.com\/pt\/asylum\/","title":{"rendered":"Asilo"},"content":{"rendered":"<h2 class=\"wp-block-heading\">Prote\u00e7\u00e3o humanit\u00e1ria quando voc\u00ea mais precisa.<\/h2>\n\n\n\n<p>Se voc\u00ea tem medo de retornar ao seu pa\u00eds de origem devido \u00e0 viol\u00eancia, persegui\u00e7\u00e3o ou amea\u00e7as \u00e0 sua vida ou liberdade, o asilo pode lhe oferecer um caminho para a seguran\u00e7a nos Estados Unidos.<\/p>\n\n\n\n<p>No <strong>Diaz &amp; Gaeta Law<\/strong>, N\u00f3s entendemos que por tr\u00e1s de cada pedido de asilo existe uma hist\u00f3ria de medo, coragem e sobreviv\u00eancia. Nossa equipe de imigra\u00e7\u00e3o est\u00e1 aqui para ouvir sua hist\u00f3ria, explicar suas op\u00e7\u00f5es com clareza e orient\u00e1-lo em cada etapa do processo de asilo com respeito e compaix\u00e3o.<\/p>\n\n\n\n<h4 class=\"wp-block-heading\">O que \u00e9 asilo?<\/h4>\n\n\n\n<p>O asilo \u00e9 uma forma de prote\u00e7\u00e3o para pessoas que j\u00e1 est\u00e3o nos Estados Unidos ou em uma fronteira dos EUA e n\u00e3o podem retornar ao seu pa\u00eds de origem porque foram perseguidas ou temem persegui\u00e7\u00e3o futura com base em:<\/p>\n\n\n\n<ul style=\"line-height:1.6\" class=\"wp-block-list\">\n<li>Corrida.<\/li>\n\n\n\n<li>Religi\u00e3o.<\/li>\n\n\n\n<li>Nacionalidade.<\/li>\n\n\n\n<li>Opini\u00e3o pol\u00edtica.<\/li>\n\n\n\n<li>Afilia\u00e7\u00e3o a um determinado grupo social.<\/li>\n<\/ul>\n\n\n\n<p>Se lhe for concedido asilo, voc\u00ea poder\u00e1 viver e trabalhar nos EUA, trazer certos membros da fam\u00edlia para morar com voc\u00ea e, eventualmente, solicitar um green card.<\/p>\n\n\n\n<h2 class=\"wp-block-heading\">Quem pode se qualificar para asilo?<\/h2>\n\n\n\n<h4 class=\"wp-block-heading\">Voc\u00ea pode ter direito a solicitar asilo se:<\/h4>\n\n\n\n<ul style=\"line-height:1.6\" class=\"wp-block-list\">\n<li>Voc\u00ea est\u00e1 fisicamente presente nos Estados Unidos ou em um ponto de entrada dos EUA.<\/li>\n\n\n\n<li>Voc\u00ea j\u00e1 sofreu danos no passado ou teme sofrer danos graves no futuro em seu pa\u00eds de origem, e<\/li>\n\n\n\n<li>O dano est\u00e1 relacionado a um dos motivos protegidos (ra\u00e7a, religi\u00e3o, nacionalidade, opini\u00e3o pol\u00edtica ou pertencimento a um determinado grupo social).<\/li>\n<\/ul>\n\n\n\n<h4 class=\"wp-block-heading\">Exemplos comuns de pessoas que podem solicitar asilo incluem:<\/h4>\n\n\n\n<ul style=\"line-height:1.6\" class=\"wp-block-list\">\n<li>Ativistas pol\u00edticos perseguidos pelo governo ou grupos que o governo n\u00e3o consegue controlar.<\/li>\n\n\n\n<li>Jornalistas, ativistas de direitos humanos ou l\u00edderes comunit\u00e1rios que recebem amea\u00e7as ou ataques.<\/li>\n\n\n\n<li>Sobreviventes de viol\u00eancia dom\u00e9stica ou viol\u00eancia de gangues, em determinadas circunst\u00e2ncias.<\/li>\n\n\n\n<li>Pessoas que s\u00e3o perseguidas por causa de sua religi\u00e3o ou atividades religiosas.<\/li>\n\n\n\n<li>Indiv\u00edduos visados devido \u00e0 sua etnia ou nacionalidade.<\/li>\n<\/ul>\n\n\n\n<p>Cada caso \u00e9 \u00fanico. Mesmo que voc\u00ea n\u00e3o tenha certeza se sua situa\u00e7\u00e3o se enquadra nos crit\u00e9rios, \u00e9 importante conversar com um advogado de imigra\u00e7\u00e3o experiente sobre suas op\u00e7\u00f5es.<\/p>\n\n\n\n<h2 class=\"wp-block-heading\">Asilo afirmativo versus asilo defensivo<\/h2>\n\n\n\n<h4 class=\"wp-block-heading\">Existem duas maneiras principais de solicitar asilo nos Estados Unidos:<\/h4>\n\n\n\n<h4 class=\"wp-block-heading\">Asilo afirmativo<\/h4>\n\n\n\n<ul style=\"line-height:1.6\" class=\"wp-block-list\">\n<li>Voc\u00ea n\u00e3o est\u00e1 em processo de deporta\u00e7\u00e3o.<\/li>\n\n\n\n<li>Voc\u00ea deve preencher o Formul\u00e1rio I-589 junto ao Servi\u00e7o de Cidadania e Imigra\u00e7\u00e3o dos Estados Unidos (USCIS).<\/li>\n\n\n\n<li>Normalmente, voc\u00ea comparecer\u00e1 a uma entrevista com um agente de asilo para explicar seu caso.<\/li>\n<\/ul>\n\n\n\n<h4 class=\"wp-block-heading\">Asilo Defensivo<\/h4>\n\n\n\n<ul style=\"line-height:1.6\" class=\"wp-block-list\">\n<li>Voc\u00ea j\u00e1 est\u00e1 em processo de deporta\u00e7\u00e3o perante um juiz de imigra\u00e7\u00e3o.<\/li>\n\n\n\n<li>Voc\u00ea solicita asilo como defesa contra a deporta\u00e7\u00e3o.<\/li>\n\n\n\n<li>Seu caso ser\u00e1 apresentado no tribunal de imigra\u00e7\u00e3o, onde voc\u00ea e seu advogado poder\u00e3o apresentar provas e depoimentos.<\/li>\n<\/ul>\n\n\n\n<p>Nossa equipe lida com casos de asilo tanto afirmativos quanto defensivos e pode ajud\u00e1-lo a entender qual op\u00e7\u00e3o se aplica ao seu caso.<\/p>\n\n\n\n<h2 class=\"wp-block-heading\">Como o escrit\u00f3rio de advocacia Diaz &amp; Gaeta auxilia em casos de asilo<\/h2>\n\n\n\n<p>Os pedidos de asilo s\u00e3o frequentemente complexos e repletos de detalhes. Muitos s\u00e3o decididos com base na clareza e consist\u00eancia com que a sua hist\u00f3ria \u00e9 apresentada e comprovada. <strong>Diaz &amp; Gaeta Law<\/strong>, n\u00f3s ajudamos atrav\u00e9s de:<\/p>\n\n\n\n<ul style=\"line-height:1.6\" class=\"wp-block-list\">\n<li>Ouvir atentamente a sua hist\u00f3ria para compreender o que voc\u00ea vivenciou e o que teme que possa acontecer se voc\u00ea retornar.<\/li>\n\n\n\n<li>Avaliar sua elegibilidade para asilo e outras formas de prote\u00e7\u00e3o, como a suspens\u00e3o da deporta\u00e7\u00e3o ou a prote\u00e7\u00e3o ao abrigo da Conven\u00e7\u00e3o contra a Tortura (CAT).<\/li>\n\n\n\n<li>Preparar e apresentar o seu pedido (Formul\u00e1rio I-589) com provas s\u00f3lidas e organizadas.<\/li>\n\n\n\n<li>Reunir documentos comprobat\u00f3rios, como relat\u00f3rios sobre as condi\u00e7\u00f5es do pa\u00eds, registros m\u00e9dicos, boletins de ocorr\u00eancia, avalia\u00e7\u00f5es psicol\u00f3gicas e depoimentos de testemunhas, quando apropriado.<\/li>\n\n\n\n<li>Preparando voc\u00ea para sua entrevista ou audi\u00eancia judicial, para que voc\u00ea saiba o que esperar e se sinta mais confiante ao contar sua hist\u00f3ria.<\/li>\n\n\n\n<li>Representar voc\u00ea perante o USCIS ou no tribunal de imigra\u00e7\u00e3o, apresentando argumentos legais e provas em seu nome.<\/li>\n\n\n\n<li>Aconselhamento sobre os pr\u00f3ximos passos ap\u00f3s uma decis\u00e3o, incluindo recursos ou op\u00e7\u00f5es para familiares.<\/li>\n<\/ul>\n\n\n\n<p>Sabemos que compartilhar experi\u00eancias dolorosas pode ser dif\u00edcil. Nossos advogados e equipe dedicam tempo para criar um ambiente seguro e acolhedor para que voc\u00ea possa falar abertamente e ser ouvido.<\/p>\n\n\n\n<h2 class=\"wp-block-heading\">Por que escolher o escrit\u00f3rio de advocacia Diaz &amp; Gaeta para o seu pedido de asilo?<\/h2>\n\n\n\n<ul style=\"line-height:1.6\" class=\"wp-block-list\">\n<li>Equipe experiente em imigra\u00e7\u00e3o para lidar com casos complexos de asilo e quest\u00f5es humanit\u00e1rias.<\/li>\n\n\n\n<li>Equipe bil\u00edngue (ingl\u00eas e espanhol) e representa\u00e7\u00e3o culturalmente sens\u00edvel.<\/li>\n\n\n\n<li>Comunica\u00e7\u00e3o clara sobre o seu caso, cronograma e o que esperar em cada etapa.<\/li>\n\n\n\n<li>Uma abordagem hol\u00edstica que considera como o seu caso de imigra\u00e7\u00e3o pode afetar a sua fam\u00edlia, o seu trabalho e os seus planos.<\/li>\n<\/ul>\n\n\n\n<p>Quando sua seguran\u00e7a e seu futuro est\u00e3o em jogo, voc\u00ea merece uma equipe que trate seu caso com a seriedade e o cuidado que ele merece.<\/p>\n\n\n\n<h2 class=\"wp-block-heading\">Perguntas frequentes sobre asilo<\/h2>\n\n\n\n<h4 class=\"wp-block-heading\">Quanto tempo tenho para solicitar asilo?<\/h4>\n\n\n\n<p>Em muitos casos, voc\u00ea deve solicitar asilo dentro de <strong>um ano<\/strong> da sua \u00faltima chegada aos Estados Unidos. Existem exce\u00e7\u00f5es limitadas para mudan\u00e7as de circunst\u00e2ncias ou circunst\u00e2ncias extraordin\u00e1rias. Se voc\u00ea acha que pode ter perdido o prazo, consulte um advogado o mais breve poss\u00edvel para verificar se alguma exce\u00e7\u00e3o se aplica ao seu caso.<\/p>\n\n\n\n<h4 class=\"wp-block-heading\">Posso incluir minha fam\u00edlia no meu pedido de asilo?<\/h4>\n\n\n\n<p>Em muitos casos, voc\u00ea pode incluir seu c\u00f4njuge e filhos solteiros menores de 21 anos que estejam nos Estados Unidos em seu pedido. Se eles estiverem fora dos EUA, voc\u00ea poder\u00e1 solicitar asilo para eles posteriormente, caso seu pedido seja concedido.<\/p>\n\n\n\n<h4 class=\"wp-block-heading\">Posso trabalhar enquanto meu pedido de asilo estiver pendente?<\/h4>\n\n\n\n<p>Voc\u00ea poder\u00e1 ser eleg\u00edvel para solicitar uma autoriza\u00e7\u00e3o de trabalho (autoriza\u00e7\u00e3o de emprego) ap\u00f3s o seu pedido de asilo estar pendente por um determinado per\u00edodo de tempo, caso atenda aos requisitos legais.<\/p>\n\n\n\n<h4 class=\"wp-block-heading\">O que acontece se meu pedido de asilo for negado?<\/h4>\n\n\n\n<p>O que acontece a seguir depende se o seu caso foi analisado pelo USCIS ou por um tribunal de imigra\u00e7\u00e3o. Voc\u00ea pode ter op\u00e7\u00f5es como recorrer da decis\u00e3o ou explorar outras formas de repara\u00e7\u00e3o. Um advogado pode explicar suas op\u00e7\u00f5es com base nos fatos espec\u00edficos do seu caso.<\/p>\n\n\n\n<h4 class=\"wp-block-heading\">Tudo o que eu disser ao meu advogado \u00e9 confidencial?<\/h4>\n\n\n\n<p>Sim. As conversas com seu advogado s\u00e3o confidenciais. Sabemos o qu\u00e3o delicados podem ser os casos de asilo e levamos sua privacidade muito a s\u00e9rio.<\/p>\n\n\n\n<h2 class=\"wp-block-heading\">Fale com um advogado especializado em asilo sobre o seu caso.<\/h2>\n\n\n\n<p>Se voc\u00ea tem medo de voltar para o seu pa\u00eds de origem, saiba que n\u00e3o precisa enfrentar esse processo sozinho(a). As decis\u00f5es que voc\u00ea tomar agora podem afetar a sua seguran\u00e7a e o futuro da sua fam\u00edlia por muitos anos.<\/p>\n\n\n\n<p><strong>Entre em contato com o escrit\u00f3rio de advocacia Diaz &amp; Gaeta hoje mesmo.<\/strong> Para agendar uma consulta confidencial com nossa equipe de imigra\u00e7\u00e3o. <a href=\"tel:+16785032780\"><strong>678-503-2780<\/strong><\/a>. Analisaremos sua situa\u00e7\u00e3o, explicaremos suas op\u00e7\u00f5es em linguagem clara e ajudaremos voc\u00ea a dar o pr\u00f3ximo passo rumo \u00e0 prote\u00e7\u00e3o nos Estados Unidos.<\/p>","protected":false},"excerpt":{"rendered":"<p>Humanitarian Protection When You Need It Most If you are afraid to return to your home country because of violence, persecution, or threats to your life or freedom, asylum may offer you a path to safety in the United States. At Diaz &amp; Gaeta Law, we understand that behind every asylum case there is a [&hellip;]<\/p>\n","protected":false},"author":34,"featured_media":8626,"parent":0,"menu_order":0,"comment_status":"closed","ping_status":"closed","template":"immigration","meta":{"_acf_changed":false,"_themeisle_gutenberg_block_has_review":false,"footnotes":""},"categories":[73,4,74,50,75,52,76,51],"tags":[],"class_list":["post-8620","page","type-page","status-publish","has-post-thumbnail","hentry","category-atlanta-location-es","category-atlanta-location","category-marietta-location-es","category-marietta-location","category-sandy-springs-location-es","category-sandy-springs-location","category-smyrna-location-es","category-smyrna-location"],"acf":[],"aioseo_notices":[],"_links":{"self":[{"href":"https:\/\/dglawga.com\/pt\/wp-json\/wp\/v2\/pages\/8620","targetHints":{"allow":["GET"]}}],"collection":[{"href":"https:\/\/dglawga.com\/pt\/wp-json\/wp\/v2\/pages"}],"about":[{"href":"https:\/\/dglawga.com\/pt\/wp-json\/wp\/v2\/types\/page"}],"author":[{"embeddable":true,"href":"https:\/\/dglawga.com\/pt\/wp-json\/wp\/v2\/users\/34"}],"replies":[{"embeddable":true,"href":"https:\/\/dglawga.com\/pt\/wp-json\/wp\/v2\/comments?post=8620"}],"version-history":[{"count":6,"href":"https:\/\/dglawga.com\/pt\/wp-json\/wp\/v2\/pages\/8620\/revisions"}],"predecessor-version":[{"id":8801,"href":"https:\/\/dglawga.com\/pt\/wp-json\/wp\/v2\/pages\/8620\/revisions\/8801"}],"wp:featuredmedia":[{"embeddable":true,"href":"https:\/\/dglawga.com\/pt\/wp-json\/wp\/v2\/media\/8626"}],"wp:attachment":[{"href":"https:\/\/dglawga.com\/pt\/wp-json\/wp\/v2\/media?parent=8620"}],"wp:term":[{"taxonomy":"category","embeddable":true,"href":"https:\/\/dglawga.com\/pt\/wp-json\/wp\/v2\/categories?post=8620"},{"taxonomy":"post_tag","embeddable":true,"href":"https:\/\/dglawga.com\/pt\/wp-json\/wp\/v2\/tags?post=8620"}],"curies":[{"name":"wp","href":"https:\/\/api.w.org\/{rel}","templated":true}]}}