{"id":8631,"date":"2026-02-18T20:28:39","date_gmt":"2026-02-19T01:28:39","guid":{"rendered":"https:\/\/dglawga.com\/?page_id=8631"},"modified":"2026-02-24T22:05:51","modified_gmt":"2026-02-25T03:05:51","slug":"citizenship-naturalization","status":"publish","type":"page","link":"https:\/\/dglawga.com\/pt\/citizenship-naturalization\/","title":{"rendered":"Cidadania \u2013 Naturaliza\u00e7\u00e3o"},"content":{"rendered":"<h2 class=\"wp-block-heading\">Cidadania americana por meio da naturaliza\u00e7\u00e3o: <br>Orienta\u00e7\u00e3o confi\u00e1vel para um marco importante da vida<\/h2>\n\n\n\n<p>Tornar-se cidad\u00e3o americano \u00e9 mais do que um processo legal \u2013 \u00e9 um marco na vida. No escrit\u00f3rio de advocacia Diaz and Gaeta, nossos advogados de imigra\u00e7\u00e3o orientam voc\u00ea passo a passo durante o processo de naturaliza\u00e7\u00e3o, para que voc\u00ea entenda suas op\u00e7\u00f5es, evite erros e se sinta confiante em rela\u00e7\u00e3o ao seu futuro nos Estados Unidos.<\/p>\n\n\n\n<h2 class=\"wp-block-heading\">Por que se tornar um cidad\u00e3o americano?<\/h2>\n\n\n\n<h4 class=\"wp-block-heading\">Para muitos imigrantes, a cidadania \u00e9 o passo final de uma longa jornada. A naturaliza\u00e7\u00e3o pode oferecer:<\/h4>\n\n\n\n<ul class=\"wp-block-list\">\n<li style=\"line-height:1.6\">Seguran\u00e7a e estabilidade \u2013 Prote\u00e7\u00e3o contra a maioria dos tipos de remo\u00e7\u00e3o\/deporta\u00e7\u00e3o.<\/li>\n\n\n\n<li style=\"line-height:1.6\">Unidade familiar \u2013 Possibilidade de apresentar peti\u00e7\u00f5es a certos membros da fam\u00edlia mais rapidamente.<\/li>\n\n\n\n<li style=\"line-height:1.6\">Liberdade para viajar \u2013 Um passaporte americano e menos preocupa\u00e7\u00f5es relacionadas a viagens.<\/li>\n\n\n\n<li style=\"line-height:1.6\">Participa\u00e7\u00e3o c\u00edvica \u2013 O direito de votar e ter voz na sua comunidade.<\/li>\n\n\n\n<li style=\"line-height:1.6\">Mais oportunidades \u2013 Acesso a determinados empregos, benef\u00edcios e programas.<\/li>\n<\/ul>\n\n\n\n<p>Nossa equipe est\u00e1 aqui para ajud\u00e1-lo a transformar esse objetivo em realidade com um plano claro e personalizado.<\/p>\n\n\n\n<h2 class=\"wp-block-heading\">Quem pode se qualificar para a naturaliza\u00e7\u00e3o?<\/h2>\n\n\n\n<h4 class=\"wp-block-heading\">Voc\u00ea pode ser eleg\u00edvel para solicitar a cidadania americana se:<\/h4>\n\n\n\n<ul class=\"wp-block-list\">\n<li style=\"line-height:1.6\">Ter sido residente permanente legal (portador do green card) por pelo menos 5 anos, ou;<\/li>\n\n\n\n<li style=\"line-height:1.6\">Ter sido residente permanente legal por 3 anos e ser casado(a) e viver com um(a) cidad\u00e3o(\u00e3) americano(a), ou;<\/li>\n\n\n\n<li style=\"line-height:1.6\">Ter prestado servi\u00e7o militar qualificado ou possuir outras circunst\u00e2ncias especiais, e;<\/li>\n\n\n\n<li style=\"line-height:1.6\"><strong>Atender aos requisitos para:<\/strong>\n<ul class=\"wp-block-list\">\n<li style=\"line-height:1.6\">Resid\u00eancia cont\u00ednua e presen\u00e7a f\u00edsica nos EUA.<\/li>\n\n\n\n<li style=\"line-height:1.6\">Bom car\u00e1ter moral.<\/li>\n\n\n\n<li style=\"line-height:1.6\">Conhecimento de ingl\u00eas e de civismo (hist\u00f3ria\/governo) (a menos que voc\u00ea se enquadre em uma exce\u00e7\u00e3o ou adapta\u00e7\u00e3o).<\/li>\n<\/ul>\n<\/li>\n<\/ul>\n\n\n\n<p>Mesmo que seu caso seja mais complexo \u2013 por exemplo, devido a antecedentes criminais, longas viagens para fora dos EUA, problemas anteriores com imigra\u00e7\u00e3o ou problemas fiscais \u2013 nossos advogados podem analisar sua situa\u00e7\u00e3o e recomendar uma estrat\u00e9gia.<\/p>\n\n\n\n<h2 class=\"wp-block-heading\">Nossos Servi\u00e7os de Cidadania e Naturaliza\u00e7\u00e3o<\/h2>\n\n\n\n<h4 class=\"wp-block-heading\">No escrit\u00f3rio de advocacia Diaz and Gaeta, lidamos com uma ampla gama de assuntos relacionados \u00e0 naturaliza\u00e7\u00e3o e cidadania, incluindo:<\/h4>\n\n\n\n<ul class=\"wp-block-list\">\n<li style=\"line-height:1.6\">Pedidos de naturaliza\u00e7\u00e3o (Formul\u00e1rio N-400).<\/li>\n\n\n\n<li style=\"line-height:1.6\">Cidadania por meio dos pais (deriva\u00e7\u00e3o ou aquisi\u00e7\u00e3o).<\/li>\n\n\n\n<li style=\"line-height:1.6\">Casos de naturaliza\u00e7\u00e3o militar.<\/li>\n\n\n\n<li style=\"line-height:1.6\">An\u00e1lise de antecedentes criminais ou problemas de imigra\u00e7\u00e3o anteriores antes da apresenta\u00e7\u00e3o da documenta\u00e7\u00e3o.<\/li>\n\n\n\n<li style=\"line-height:1.6\">Pedidos de isen\u00e7\u00e3o por motivo de defici\u00eancia no teste de ingl\u00eas\/educa\u00e7\u00e3o c\u00edvica (Formul\u00e1rio N-648).<\/li>\n\n\n\n<li style=\"line-height:1.6\">Responder a solicita\u00e7\u00f5es de evid\u00eancias (RFEs) ou notifica\u00e7\u00f5es do USCIS.<\/li>\n\n\n\n<li style=\"line-height:1.6\">Representa\u00e7\u00e3o em entrevistas de naturaliza\u00e7\u00e3o e acompanhamento.<\/li>\n<\/ul>\n\n\n\n<p><em>N\u00e3o nos limitamos a preencher formul\u00e1rios. Avaliamos todo o seu hist\u00f3rico de imigra\u00e7\u00e3o, explicamos seus riscos e op\u00e7\u00f5es em linguagem clara e objetiva e preparamos voc\u00ea minuciosamente para cada etapa.<\/em><\/p>\n\n\n\n<h2 class=\"wp-block-heading\">O Processo de Naturaliza\u00e7\u00e3o \u2013 Passo a Passo<\/h2>\n\n\n\n<h4 class=\"wp-block-heading\">Cada caso \u00e9 \u00fanico, mas muitos processos de naturaliza\u00e7\u00e3o seguem um caminho semelhante:<\/h4>\n\n\n\n<h6 class=\"wp-block-heading\"><strong>1. An\u00e1lise e Estrat\u00e9gia de Elegibilidade<\/strong><\/h6>\n\n\n\n<ul class=\"wp-block-list\">\n<li style=\"line-height:1.6\">Analisamos seu hist\u00f3rico de visto de resid\u00eancia permanente (green card), viagens, antecedentes criminais (se houver), impostos, pens\u00e3o aliment\u00edcia, solicita\u00e7\u00f5es anteriores e outros fatores.<\/li>\n\n\n\n<li style=\"line-height:1.6\">Identificamos quaisquer riscos ou sinais de alerta antes de voc\u00ea enviar a documenta\u00e7\u00e3o.<\/li>\n<\/ul>\n\n\n\n<h6 class=\"wp-block-heading\"><strong>2. Preparando e enviando sua solicita\u00e7\u00e3o<\/strong><\/h6>\n\n\n\n<ul style=\"line-height:1.6\" class=\"wp-block-list\">\n<li>Preenchemos e enviamos o Formul\u00e1rio N-400 com os documentos comprobat\u00f3rios.<\/li>\n\n\n\n<li>Ajudamos voc\u00ea a reunir documentos como declara\u00e7\u00f5es de imposto de renda, certid\u00f5es de casamento, registros judiciais e comprovantes de presen\u00e7a f\u00edsica.<\/li>\n<\/ul>\n\n\n\n<h6 class=\"wp-block-heading\"><strong>3. Agendamento para coleta de dados biom\u00e9tricos<\/strong><\/h6>\n\n\n\n<ul style=\"line-height:1.6\" class=\"wp-block-list\">\n<li>Voc\u00ea comparece a uma consulta para coleta de impress\u00f5es digitais para que o USCIS possa realizar verifica\u00e7\u00f5es de antecedentes.<\/li>\n\n\n\n<li>Nosso escrit\u00f3rio prepara voc\u00ea para que saiba o que esperar.<\/li>\n<\/ul>\n\n\n\n<h6 class=\"wp-block-heading\"><strong>4. Entrevista de Naturaliza\u00e7\u00e3o e Teste de C\u00edvica\/Ingl\u00eas<\/strong><\/h6>\n\n\n\n<ul style=\"line-height:1.6\" class=\"wp-block-list\">\n<li>N\u00f3s te ajudamos a praticar para as perguntas e testes de entrevista.<\/li>\n\n\n\n<li>Quando permitido, um advogado pode acompanh\u00e1-lo na entrevista.<\/li>\n<\/ul>\n\n\n\n<h6 class=\"wp-block-heading\"><strong>5. Cerim\u00f4nia de Decis\u00e3o e Juramento<\/strong><\/h6>\n\n\n\n<ul style=\"line-height:1.6\" class=\"wp-block-list\">\n<li>Se sua solicita\u00e7\u00e3o for aprovada, voc\u00ea ser\u00e1 agendado para uma cerim\u00f4nia de juramento.<\/li>\n\n\n\n<li>Ap\u00f3s prestar o juramento, voc\u00ea se torna cidad\u00e3o americano e pode solicitar um passaporte dos EUA.<\/li>\n<\/ul>\n\n\n\n<p>Ao longo de todo o processo, nossa equipe estar\u00e1 dispon\u00edvel para responder \u00e0s suas perguntas e mant\u00ea-lo informado sobre o andamento do seu caso.<\/p>\n\n\n\n<h2 class=\"wp-block-heading\">Problemas comuns que ajudamos os clientes a evitar<\/h2>\n\n\n\n<h4 class=\"wp-block-heading\">A naturaliza\u00e7\u00e3o pode parecer simples, mas podem surgir problemas s\u00e9rios se:<\/h4>\n\n\n\n<ul style=\"line-height:1.6\" class=\"wp-block-list\">\n<li>Voc\u00ea possui acusa\u00e7\u00f5es ou condena\u00e7\u00f5es criminais em seu passado.<\/li>\n\n\n\n<li>Voc\u00ea realiza viagens longas para fora dos EUA que podem interromper sua resid\u00eancia cont\u00ednua.<\/li>\n\n\n\n<li>Voc\u00ea tem impostos atrasados, d\u00edvidas tribut\u00e1rias ou problemas com pens\u00e3o aliment\u00edcia.<\/li>\n\n\n\n<li>Voc\u00ea forneceu informa\u00e7\u00f5es incorretas em um pedido de imigra\u00e7\u00e3o anterior.<\/li>\n\n\n\n<li>Voc\u00ea j\u00e1 teve viola\u00e7\u00f5es anteriores das leis de imigra\u00e7\u00e3o ou processos de deporta\u00e7\u00e3o\/remo\u00e7\u00e3o.<\/li>\n<\/ul>\n\n\n\n<p>Em algumas situa\u00e7\u00f5es, solicitar a cidadania sem aconselhamento jur\u00eddico pode colocar seu green card em risco. Nossos advogados analisam cuidadosamente seu hist\u00f3rico para ajud\u00e1-lo a decidir se este \u00e9 o momento certo para solicitar a cidadania e o que precisa ser corrigido primeiro.<\/p>\n\n\n\n<h2 class=\"wp-block-heading\">Por que escolher o escrit\u00f3rio de advocacia Diaz and Gaeta?<\/h2>\n\n\n\n<ul style=\"line-height:1.6\" class=\"wp-block-list\">\n<li>Especializados em direito imigrat\u00f3rio \u2013 Nossos advogados se mant\u00eam atualizados sobre as mudan\u00e7as nas regulamenta\u00e7\u00f5es, pol\u00edticas e formul\u00e1rios de imigra\u00e7\u00e3o.<\/li>\n\n\n\n<li>Atendimento personalizado \u2013 Voc\u00ea n\u00e3o \u00e9 apenas um n\u00famero de processo. Ouvimos sua hist\u00f3ria e adaptamos a estrat\u00e9gia jur\u00eddica aos seus objetivos.<\/li>\n\n\n\n<li>Comunica\u00e7\u00e3o clara \u2013 Explicamos a lei em termos simples e mantemos voc\u00ea informado em cada etapa.<\/li>\n\n\n\n<li>Suporte multil\u00edngue \u2013 Nossa equipe pode te ajudar em ingl\u00eas, espanhol e portugu\u00eas, para que voc\u00ea se sinta \u00e0 vontade para fazer perguntas e entender suas op\u00e7\u00f5es.<\/li>\n<\/ul>\n\n\n\n<p><em>Desde a primeira consulta at\u00e9 a sua cerim\u00f4nia de juramento, estamos comprometidos em trilhar esse caminho ao seu lado.<\/em><\/p>\n\n\n\n<h2 class=\"wp-block-heading\">Perguntas frequentes (FAQs)<\/h2>\n\n\n\n<h4 class=\"wp-block-heading\">Quando posso solicitar a cidadania depois de obter meu green card?<\/h4>\n\n\n\n<p>Muitos residentes permanentes podem solicitar o green card ap\u00f3s 5 anos de posse. Se voc\u00ea for casado(a) e viver com um(a) cidad\u00e3o(\u00e3) americano(a), poder\u00e1 ser eleg\u00edvel ap\u00f3s 3 anos. Outros fatores, como seu hist\u00f3rico de viagens e antecedentes criminais, podem influenciar o momento ideal para a solicita\u00e7\u00e3o.<\/p>\n\n\n\n<h4 class=\"wp-block-heading\">Preciso falar ingl\u00eas perfeitamente?<\/h4>\n\n\n\n<p>N\u00e3o. Voc\u00ea precisa demonstrar que sabe ler, escrever e falar ingl\u00eas b\u00e1sico, al\u00e9m de responder a perguntas sobre cidadania, a menos que se enquadre em uma exce\u00e7\u00e3o por idade\/resid\u00eancia de longa dura\u00e7\u00e3o ou por motivos m\u00e9dicos\/de defici\u00eancia. Podemos ajud\u00e1-lo(a) a entender se voc\u00ea se qualifica e como se preparar.<\/p>\n\n\n\n<h4 class=\"wp-block-heading\">E se eu tivesse antecedentes criminais?<\/h4>\n\n\n\n<p>\u00c9 muito importante consultar um advogado de imigra\u00e7\u00e3o antes de dar entrada no processo. Algumas infra\u00e7\u00f5es podem afetar sua conduta moral, atrasar sua elegibilidade ou at\u00e9 mesmo colocar seu green card em risco. Analisamos seu hist\u00f3rico e o orientamos sobre a estrat\u00e9gia mais segura.<\/p>\n\n\n\n<h4 class=\"wp-block-heading\">Quanto tempo demora o processo de naturaliza\u00e7\u00e3o?<\/h4>\n\n\n\n<p>Os prazos de processamento variam dependendo do escrit\u00f3rio local do USCIS e dos detalhes do seu caso. Durante a consulta, podemos fornecer uma estimativa geral com base nos prazos atuais e na sua situa\u00e7\u00e3o.<\/p>\n\n\n\n<h4 class=\"wp-block-heading\">Um advogado pode me ajudar se meu pedido de naturaliza\u00e7\u00e3o for negado?<\/h4>\n\n\n\n<p>Sim. Dependendo do motivo da recusa, voc\u00ea pode ter op\u00e7\u00f5es como solicitar uma audi\u00eancia, reapresentar o pedido com provas mais robustas ou adotar outra estrat\u00e9gia. Analisamos a notifica\u00e7\u00e3o de recusa e explicamos os pr\u00f3ximos passos.<\/p>\n\n\n\n<p>Se voc\u00ea est\u00e1 pensando em solicitar a cidadania americana \u2014 ou se ainda n\u00e3o tem certeza se est\u00e1 pronto \u2014 n\u00e3o fa\u00e7a isso sozinho.<\/p>\n\n\n\n<p><strong>Contate-nos<\/strong> Agende hoje mesmo uma consulta com um advogado de imigra\u00e7\u00e3o. <a href=\"tel:+16785032780\"><strong>678-503-2780<\/strong><\/a>.<\/p>\n\n\n\n<p>Analisaremos sua elegibilidade, abordaremos quaisquer riscos e o guiaremos em cada etapa para se tornar um cidad\u00e3o americano.<\/p>\n\n\n\n<p><\/p>","protected":false},"excerpt":{"rendered":"<p>U.S. Citizenship Through Naturalization: Confident Guidance for a Life Milestone Becoming a U.S. citizen is more than a legal process \u2013 it\u2019s a life milestone. At Diaz and Gaeta Law, our immigration attorneys guide you step by step through naturalization, so you understand your options, avoid mistakes, and feel confident about your future in the [&hellip;]<\/p>\n","protected":false},"author":34,"featured_media":8773,"parent":0,"menu_order":0,"comment_status":"closed","ping_status":"closed","template":"immigration","meta":{"_acf_changed":false,"_themeisle_gutenberg_block_has_review":false,"footnotes":""},"categories":[73,4,74,50,75,52,76,51],"tags":[],"class_list":["post-8631","page","type-page","status-publish","has-post-thumbnail","hentry","category-atlanta-location-es","category-atlanta-location","category-marietta-location-es","category-marietta-location","category-sandy-springs-location-es","category-sandy-springs-location","category-smyrna-location-es","category-smyrna-location"],"acf":[],"aioseo_notices":[],"_links":{"self":[{"href":"https:\/\/dglawga.com\/pt\/wp-json\/wp\/v2\/pages\/8631","targetHints":{"allow":["GET"]}}],"collection":[{"href":"https:\/\/dglawga.com\/pt\/wp-json\/wp\/v2\/pages"}],"about":[{"href":"https:\/\/dglawga.com\/pt\/wp-json\/wp\/v2\/types\/page"}],"author":[{"embeddable":true,"href":"https:\/\/dglawga.com\/pt\/wp-json\/wp\/v2\/users\/34"}],"replies":[{"embeddable":true,"href":"https:\/\/dglawga.com\/pt\/wp-json\/wp\/v2\/comments?post=8631"}],"version-history":[{"count":6,"href":"https:\/\/dglawga.com\/pt\/wp-json\/wp\/v2\/pages\/8631\/revisions"}],"predecessor-version":[{"id":8775,"href":"https:\/\/dglawga.com\/pt\/wp-json\/wp\/v2\/pages\/8631\/revisions\/8775"}],"wp:featuredmedia":[{"embeddable":true,"href":"https:\/\/dglawga.com\/pt\/wp-json\/wp\/v2\/media\/8773"}],"wp:attachment":[{"href":"https:\/\/dglawga.com\/pt\/wp-json\/wp\/v2\/media?parent=8631"}],"wp:term":[{"taxonomy":"category","embeddable":true,"href":"https:\/\/dglawga.com\/pt\/wp-json\/wp\/v2\/categories?post=8631"},{"taxonomy":"post_tag","embeddable":true,"href":"https:\/\/dglawga.com\/pt\/wp-json\/wp\/v2\/tags?post=8631"}],"curies":[{"name":"wp","href":"https:\/\/api.w.org\/{rel}","templated":true}]}}