{"id":8645,"date":"2026-02-19T20:59:12","date_gmt":"2026-02-20T01:59:12","guid":{"rendered":"https:\/\/dglawga.com\/?page_id=8645"},"modified":"2026-02-24T21:27:01","modified_gmt":"2026-02-25T02:27:01","slug":"deportation-defense","status":"publish","type":"page","link":"https:\/\/dglawga.com\/pt\/deportation-defense\/","title":{"rendered":"Deporta\u00e7\u00e3o \u2013 Remo\u00e7\u00e3o \u2013 Defesa"},"content":{"rendered":"<h2 class=\"wp-block-heading\">Proteja seus direitos e lute para permanecer nos EUA.<\/h2>\n\n\n\n<p>Enfrentar a deporta\u00e7\u00e3o (tamb\u00e9m chamada de &quot;remo\u00e7\u00e3o&quot;) \u00e9 uma das situa\u00e7\u00f5es mais estressantes que uma pessoa e sua fam\u00edlia podem vivenciar. Seu emprego, sua casa e seu futuro nos Estados Unidos podem parecer incertos, mas voc\u00ea n\u00e3o precisa enfrentar isso sozinho.<\/p>\n\n\n\n<p>Nossa equipe de imigra\u00e7\u00e3o se dedica a proteger seus direitos, lutar pela sua perman\u00eancia nos EUA e orient\u00e1-lo passo a passo durante o complexo processo judicial de imigra\u00e7\u00e3o.<\/p>\n\n\n\n<h2 class=\"wp-block-heading\">O que \u00e9 deporta\u00e7\u00e3o\/remo\u00e7\u00e3o?<\/h2>\n\n\n\n<p>\u201c&quot;Remo\u00e7\u00e3o&quot; \u00e9 o termo jur\u00eddico que o governo dos EUA usa para deporta\u00e7\u00e3o. Se voc\u00ea est\u00e1 em processo de remo\u00e7\u00e3o, significa que o governo est\u00e1 tentando provar que voc\u00ea deve ser removido dos Estados Unidos.<\/p>\n\n\n\n<h4 class=\"wp-block-heading\">Isso pode acontecer se:<\/h4>\n\n\n\n<ul class=\"wp-block-list\">\n<li style=\"line-height:1.6\">Voc\u00ea entrou nos EUA sem permiss\u00e3o.<\/li>\n\n\n\n<li style=\"line-height:1.6\">Voc\u00ea ultrapassou o per\u00edodo de perman\u00eancia permitido pelo visto.<\/li>\n\n\n\n<li style=\"line-height:1.6\">Voc\u00ea foi acusado ou condenado por determinados crimes.<\/li>\n\n\n\n<li style=\"line-height:1.6\">Voc\u00ea solicitou benef\u00edcios de imigra\u00e7\u00e3o e teve seu pedido negado.<\/li>\n\n\n\n<li style=\"line-height:1.6\">Voc\u00ea foi detido pelas autoridades de imigra\u00e7\u00e3o na fronteira ou dentro dos EUA.<\/li>\n<\/ul>\n\n\n\n<p>Mesmo que voc\u00ea tenha recebido uma Notifica\u00e7\u00e3o de Comparecimento (NTA), tenha uma audi\u00eancia agendada no tribunal de imigra\u00e7\u00e3o ou j\u00e1 esteja detido, voc\u00ea ainda pode ter op\u00e7\u00f5es para permanecer no pa\u00eds.<\/p>\n\n\n\n<h2 class=\"wp-block-heading\">Motivos comuns pelos quais as pessoas enfrentam a deporta\u00e7\u00e3o<\/h2>\n\n\n\n<h4 class=\"wp-block-heading\">Cada caso \u00e9 \u00fanico, mas algumas das situa\u00e7\u00f5es mais comuns que observamos incluem:<\/h4>\n\n\n\n<ul class=\"wp-block-list\">\n<li style=\"line-height:1.6\">Exceder o prazo de perman\u00eancia do visto ou permanecer no pa\u00eds ilegalmente.<\/li>\n\n\n\n<li style=\"line-height:1.6\">Acusa\u00e7\u00f5es ou condena\u00e7\u00f5es criminais (mesmo casos antigos ou &quot;menores&quot;).<\/li>\n\n\n\n<li style=\"line-height:1.6\">Entrada sem inspe\u00e7\u00e3o.<\/li>\n\n\n\n<li style=\"line-height:1.6\">Pedidos de casamento ou relacionados com a fam\u00edlia que foram negados ou questionados.<\/li>\n\n\n\n<li style=\"line-height:1.6\">Ordens de deporta\u00e7\u00e3o anteriores ou faltas a audi\u00eancias judiciais.<\/li>\n\n\n\n<li style=\"line-height:1.6\">Crimes agravados ou \u201ccrimes que envolvem deprava\u00e7\u00e3o moral\u201d (CIMTs).<\/li>\n<\/ul>\n\n\n\n<p>Nosso trabalho \u00e9 analisar cuidadosamente seu hist\u00f3rico, identificar todas as poss\u00edveis defesas e construir o caso mais s\u00f3lido que a lei permite.<\/p>\n\n\n\n<h2 class=\"wp-block-heading\">Como um advogado pode ajudar em casos de deporta\u00e7\u00e3o\/remo\u00e7\u00e3o<\/h2>\n\n\n\n<p>A defesa contra a deporta\u00e7\u00e3o n\u00e3o se resume a papelada. \u00c9 uma batalha legal que exige estrat\u00e9gia, prepara\u00e7\u00e3o e conhecimento das leis e procedimentos de imigra\u00e7\u00e3o.<\/p>\n\n\n\n<h4 class=\"wp-block-heading\">Dependendo da sua situa\u00e7\u00e3o, poderemos solicitar medidas como:<\/h4>\n\n\n\n<ul class=\"wp-block-list\">\n<li style=\"line-height:1.6\">Cancelamento de Deporta\u00e7\u00e3o (para residentes permanentes ou certos residentes n\u00e3o permanentes).<\/li>\n\n\n\n<li style=\"line-height:1.6\">Ajuste de status (se voc\u00ea se qualificar para um green card por meio de la\u00e7os familiares ou outros meios).<\/li>\n\n\n\n<li style=\"line-height:1.6\">Asilo, suspens\u00e3o da deporta\u00e7\u00e3o ou prote\u00e7\u00e3o ao abrigo da Conven\u00e7\u00e3o contra a Tortura (CAT).<\/li>\n\n\n\n<li style=\"line-height:1.6\">Isen\u00e7\u00f5es de certos motivos de inadmissibilidade ou deporta\u00e7\u00e3o.<\/li>\n\n\n\n<li style=\"line-height:1.6\">Discricionariedade do Minist\u00e9rio P\u00fablico ou encerramento administrativo em alguns casos.<\/li>\n\n\n\n<li style=\"line-height:1.6\">Pedidos de reabertura ou reconsidera\u00e7\u00e3o se voc\u00ea tiver uma ordem de deporta\u00e7\u00e3o antiga ou tiver faltado a uma audi\u00eancia judicial.<\/li>\n\n\n\n<li style=\"line-height:1.6\">Recursos ao Conselho de Apela\u00e7\u00f5es de Imigra\u00e7\u00e3o (BIA).<\/li>\n<\/ul>\n\n\n\n<h4 class=\"wp-block-heading\">Vamos:<\/h4>\n\n\n\n<ul class=\"wp-block-list\">\n<li style=\"line-height:1.6\">Analise todo o seu hist\u00f3rico de imigra\u00e7\u00e3o e antecedentes criminais.<\/li>\n\n\n\n<li style=\"line-height:1.6\">Explique o papel do juiz de imigra\u00e7\u00e3o e o que esperar no tribunal.<\/li>\n\n\n\n<li style=\"line-height:1.6\">Prepare-se e prepare suas testemunhas para o depoimento.<\/li>\n\n\n\n<li style=\"line-height:1.6\">Re\u00fana documentos, registros e provas para fundamentar seu caso.<\/li>\n\n\n\n<li style=\"line-height:1.6\">Defendemos seus interesses perante o juiz de imigra\u00e7\u00e3o e o advogado do governo.<\/li>\n<\/ul>\n\n\n\n<h2 class=\"wp-block-heading\">Se um ente querido for detido pelo ICE (Servi\u00e7o de Imigra\u00e7\u00e3o e Alf\u00e2ndega dos EUA).<\/h2>\n\n\n\n<h4 class=\"wp-block-heading\">Se um membro da fam\u00edlia foi detido pelo ICE, o tempo \u00e9 crucial. Podemos:<\/h4>\n\n\n\n<ul class=\"wp-block-list\">\n<li style=\"line-height:1.6\">Localize o local onde seu ente querido est\u00e1 sendo mantido.<\/li>\n\n\n\n<li style=\"line-height:1.6\">Solicite uma audi\u00eancia de fian\u00e7a, quando eleg\u00edvel, para pedir ao juiz que fixe uma fian\u00e7a razo\u00e1vel.<\/li>\n\n\n\n<li style=\"line-height:1.6\">Prepare e apresente provas de que seu ente querido n\u00e3o representa um perigo para a comunidade e n\u00e3o h\u00e1 risco de fuga.<\/li>\n\n\n\n<li style=\"line-height:1.6\">Explique as op\u00e7\u00f5es de pagamento e o que acontece depois que a fian\u00e7a \u00e9 concedida.<\/li>\n\n\n\n<li style=\"line-height:1.6\">Continue representando seu ente querido nos processos de deporta\u00e7\u00e3o ap\u00f3s a soltura.<\/li>\n<\/ul>\n\n\n\n<p>Mesmo que o ICE ou um juiz de imigra\u00e7\u00e3o j\u00e1 tenha negado a fian\u00e7a, podemos solicitar uma nova audi\u00eancia em algumas situa\u00e7\u00f5es, dependendo das mudan\u00e7as nas circunst\u00e2ncias.<\/p>\n\n\n\n<h2 class=\"wp-block-heading\">Nossa abordagem para a defesa contra a deporta\u00e7\u00e3o<\/h2>\n\n\n\n<h4 class=\"wp-block-heading\">Sabemos o qu\u00e3o altas s\u00e3o as apostas. Ao trabalhar com o escrit\u00f3rio de advocacia Diaz &amp; Gaeta, voc\u00ea pode esperar:<\/h4>\n\n\n\n<ul class=\"wp-block-list\">\n<li style=\"line-height:1.6\">Explica\u00e7\u00f5es claras de cada etapa do seu caso e das suas op\u00e7\u00f5es.<\/li>\n\n\n\n<li style=\"line-height:1.6\">Avalia\u00e7\u00f5es honestas das suas chances e poss\u00edveis resultados.<\/li>\n\n\n\n<li style=\"line-height:1.6\">Estrat\u00e9gias personalizadas com base em seus la\u00e7os familiares, hist\u00f3rico profissional, conex\u00f5es com a comunidade e quaisquer riscos em seu pa\u00eds de origem.<\/li>\n\n\n\n<li style=\"line-height:1.6\">Respeito e compaix\u00e3o, independentemente do seu passado ou da sua posi\u00e7\u00e3o social.<\/li>\n<\/ul>\n\n\n\n<p>N\u00f3s dedicamos tempo para ouvir atentamente a sua hist\u00f3ria, porque os detalhes da sua vida muitas vezes fazem a diferen\u00e7a no tribunal.<\/p>\n\n\n\n<h2 class=\"wp-block-heading\">Perguntas frequentes<\/h2>\n\n\n\n<h5 class=\"wp-block-heading\"><strong>Preciso comparecer \u00e0 minha audi\u00eancia no tribunal de imigra\u00e7\u00e3o?<\/strong><\/h5>\n\n\n\n<p>Sim. O n\u00e3o comparecimento a uma audi\u00eancia pode resultar em uma ordem de deporta\u00e7\u00e3o autom\u00e1tica. Se voc\u00ea n\u00e3o puder comparecer ou tiver faltado a uma audi\u00eancia, entre em contato com um advogado imediatamente para verificar se h\u00e1 alguma maneira de resolver a situa\u00e7\u00e3o.<\/p>\n\n\n\n<h5 class=\"wp-block-heading\"><strong>\u00c9 poss\u00edvel impedir a deporta\u00e7\u00e3o?<\/strong><\/h5>\n\n\n\n<p>Em muitos casos, sim \u2014 se voc\u00ea se qualificar para algum tipo de al\u00edvio e agir rapidamente. Um advogado pode avaliar se voc\u00ea pode ser eleg\u00edvel para cancelamento de deporta\u00e7\u00e3o, asilo, ajuste de status, isen\u00e7\u00f5es ou outras op\u00e7\u00f5es.<\/p>\n\n\n\n<h5 class=\"wp-block-heading\"><strong>E se eu j\u00e1 tiver uma ordem de remo\u00e7\u00e3o anterior?<\/strong><\/h5>\n\n\n\n<p>Voc\u00ea ainda pode ter op\u00e7\u00f5es, como uma mo\u00e7\u00e3o para reabrir o processo em determinadas circunst\u00e2ncias ou solicitar formas espec\u00edficas de al\u00edvio. Esses casos s\u00e3o complexos e devem ser analisados por um advogado de imigra\u00e7\u00e3o experiente.<\/p>\n\n\n\n<h5 class=\"wp-block-heading\"><strong>Acusa\u00e7\u00f5es criminais podem afetar meu processo de imigra\u00e7\u00e3o?<\/strong><\/h5>\n\n\n\n<p>Com certeza. Mesmo acusa\u00e7\u00f5es que parecem menores podem ter s\u00e9rias consequ\u00eancias em rela\u00e7\u00e3o \u00e0 imigra\u00e7\u00e3o. Seu advogado de defesa criminal e seu advogado de imigra\u00e7\u00e3o precisam coordenar sua estrat\u00e9gia.<\/p>\n\n\n\n<h2 class=\"wp-block-heading\">Aja hoje mesmo!<\/h2>\n\n\n\n<p>Se voc\u00ea ou um ente querido estiver em processo de deporta\u00e7\u00e3o ou tiver sido detido pelo ICE, <strong>N\u00e3o espere<\/strong>. Quanto mais cedo nos envolvermos, mais op\u00e7\u00f5es teremos para proteger seu futuro nos Estados Unidos.<\/p>\n\n\n\n<p><strong>Ligue hoje mesmo para agendar uma consulta confidencial.<\/strong> <a href=\"tel:+16785032780\"><strong>678-503-2780<\/strong><\/a>. Deixe nossa equipe intervir entre voc\u00ea e a deporta\u00e7\u00e3o e lutar pelo seu direito de permanecer com sua fam\u00edlia e sua vida aqui nos EUA.<\/p>\n\n\n\n<p><\/p>","protected":false},"excerpt":{"rendered":"<p>Protect Your Rights and Fight to Stay in the U.S. Facing deportation (also called \u201cremoval\u201d) is one of the most stressful situations a person and their family can experience. Your job, your home, and your future in the United States may feel uncertain\u2014but you do not have to face this alone. Our immigration team is [&hellip;]<\/p>\n","protected":false},"author":34,"featured_media":8737,"parent":0,"menu_order":0,"comment_status":"closed","ping_status":"closed","template":"immigration","meta":{"_acf_changed":false,"_themeisle_gutenberg_block_has_review":false,"footnotes":""},"categories":[73,4,74,50,75,52,76,51],"tags":[],"class_list":["post-8645","page","type-page","status-publish","has-post-thumbnail","hentry","category-atlanta-location-es","category-atlanta-location","category-marietta-location-es","category-marietta-location","category-sandy-springs-location-es","category-sandy-springs-location","category-smyrna-location-es","category-smyrna-location"],"acf":[],"aioseo_notices":[],"_links":{"self":[{"href":"https:\/\/dglawga.com\/pt\/wp-json\/wp\/v2\/pages\/8645","targetHints":{"allow":["GET"]}}],"collection":[{"href":"https:\/\/dglawga.com\/pt\/wp-json\/wp\/v2\/pages"}],"about":[{"href":"https:\/\/dglawga.com\/pt\/wp-json\/wp\/v2\/types\/page"}],"author":[{"embeddable":true,"href":"https:\/\/dglawga.com\/pt\/wp-json\/wp\/v2\/users\/34"}],"replies":[{"embeddable":true,"href":"https:\/\/dglawga.com\/pt\/wp-json\/wp\/v2\/comments?post=8645"}],"version-history":[{"count":5,"href":"https:\/\/dglawga.com\/pt\/wp-json\/wp\/v2\/pages\/8645\/revisions"}],"predecessor-version":[{"id":8769,"href":"https:\/\/dglawga.com\/pt\/wp-json\/wp\/v2\/pages\/8645\/revisions\/8769"}],"wp:featuredmedia":[{"embeddable":true,"href":"https:\/\/dglawga.com\/pt\/wp-json\/wp\/v2\/media\/8737"}],"wp:attachment":[{"href":"https:\/\/dglawga.com\/pt\/wp-json\/wp\/v2\/media?parent=8645"}],"wp:term":[{"taxonomy":"category","embeddable":true,"href":"https:\/\/dglawga.com\/pt\/wp-json\/wp\/v2\/categories?post=8645"},{"taxonomy":"post_tag","embeddable":true,"href":"https:\/\/dglawga.com\/pt\/wp-json\/wp\/v2\/tags?post=8645"}],"curies":[{"name":"wp","href":"https:\/\/api.w.org\/{rel}","templated":true}]}}