{"id":8649,"date":"2026-02-19T21:18:16","date_gmt":"2026-02-20T02:18:16","guid":{"rendered":"https:\/\/dglawga.com\/?page_id=8649"},"modified":"2026-02-24T21:12:00","modified_gmt":"2026-02-25T02:12:00","slug":"family-petitions","status":"publish","type":"page","link":"https:\/\/dglawga.com\/pt\/family-petitions\/","title":{"rendered":"Peti\u00e7\u00f5es Familiares"},"content":{"rendered":"<h2 class=\"wp-block-heading\">Reunindo fam\u00edlias, um caso de cada vez.<\/h2>\n\n\n\n<p>As fam\u00edlias devem permanecer unidas. Se o seu ente querido estiver fora dos Estados Unidos \u2014 ou aqui sem status permanente \u2014 uma peti\u00e7\u00e3o familiar pode ser o primeiro passo para garantir o futuro dele e manter sua fam\u00edlia unida.<\/p>\n\n\n\n<p>No escrit\u00f3rio de advocacia Diaz and Gaeta, nossa equipe de imigra\u00e7\u00e3o orienta as fam\u00edlias em cada etapa do processo de peti\u00e7\u00e3o com cuidado, clareza e respeito.<\/p>\n\n\n\n<h2 class=\"wp-block-heading\">O que \u00e9 uma peti\u00e7\u00e3o baseada na fam\u00edlia?<\/h2>\n\n\n\n<p>Uma peti\u00e7\u00e3o familiar (Formul\u00e1rio I-130 e requerimentos relacionados) \u00e9 a forma pela qual um cidad\u00e3o americano ou residente permanente legal (portador de green card) solicita ao governo dos EUA o reconhecimento de um v\u00ednculo familiar qualificado e o in\u00edcio do processo para que seu parente obtenha um green card (resid\u00eancia permanente) ou d\u00ea o pr\u00f3ximo passo rumo \u00e0 imigra\u00e7\u00e3o legal para os Estados Unidos.<\/p>\n\n\n\n<p>Esse processo pode ser realizado tanto se o seu ente querido estiver atualmente nos EUA (ajuste de status) quanto fora dos EUA, e ser\u00e1 conclu\u00eddo por meio de um consulado americano (processamento consular).<\/p>\n\n\n\n<h2 class=\"wp-block-heading\">Quem pode apresentar peti\u00e7\u00e3o em nome de quem?<\/h2>\n\n\n\n<h4 class=\"wp-block-heading\">Os cidad\u00e3os dos EUA geralmente podem solicitar:<\/h4>\n\n\n\n<ul class=\"wp-block-list\">\n<li style=\"line-height:1.6\">C\u00f4njuge.<\/li>\n\n\n\n<li style=\"line-height:1.6\">Filhos solteiros menores de 21 anos.<\/li>\n\n\n\n<li style=\"line-height:1.6\">Filhos e filhas solteiros maiores de 21 anos.<\/li>\n\n\n\n<li style=\"line-height:1.6\">Filhos e filhas casados de qualquer idade.<\/li>\n\n\n\n<li style=\"line-height:1.6\">Pais (se o cidad\u00e3o americano tiver 21 anos ou mais).<\/li>\n\n\n\n<li style=\"line-height:1.6\">\u00c0s vezes, certos enteados e padrastos\/madrastas, se o relacionamento atender aos requisitos legais.<\/li>\n<\/ul>\n\n\n\n<h4 class=\"wp-block-heading\">Residentes permanentes legais (portadores de Green Card) geralmente podem solicitar:<\/h4>\n\n\n\n<ul class=\"wp-block-list\">\n<li style=\"line-height:1.6\">C\u00f4njuge<\/li>\n\n\n\n<li style=\"line-height:1.6\">Filhos solteiros (menores e maiores de 21 anos)<\/li>\n<\/ul>\n\n\n\n<p>Cada categoria tem suas pr\u00f3prias regras, tempos de espera e disponibilidade de vistos. Nossos advogados podem analisar sua \u00e1rvore geneal\u00f3gica e explicar quais op\u00e7\u00f5es podem ser mais adequadas \u00e0 sua situa\u00e7\u00e3o.<\/p>\n\n\n\n<h2 class=\"wp-block-heading\">Cen\u00e1rios comuns de peti\u00e7\u00f5es familiares que atendemos<\/h2>\n\n\n\n<ul class=\"wp-block-list\">\n<li style=\"line-height:1.6\">Cidad\u00e3o americano solicitando visto para c\u00f4njuge que entrou no pa\u00eds com ou sem visto.<\/li>\n\n\n\n<li style=\"line-height:1.6\">Titular de green card que solicita visto para c\u00f4njuge ou filho no exterior.<\/li>\n\n\n\n<li style=\"line-height:1.6\">Cidad\u00e3o americano solicitando visto para pais que residem fora dos EUA.<\/li>\n\n\n\n<li style=\"line-height:1.6\">Casos complexos envolvendo deporta\u00e7\u00f5es anteriores, situa\u00e7\u00e3o irregular ou antecedentes criminais.<\/li>\n\n\n\n<li style=\"line-height:1.6\">Casos que exigem ren\u00fancias ou provas adicionais para comprovar um casamento ou relacionamento real.<\/li>\n\n\n\n<li style=\"line-height:1.6\">Transi\u00e7\u00e3o do visto de noivo(a) (K-1) para o green card baseado em casamento.<\/li>\n<\/ul>\n\n\n\n<h2 class=\"wp-block-heading\">Como funciona o processo (Vis\u00e3o geral)<\/h2>\n\n\n\n<h4 class=\"wp-block-heading\">Embora cada caso seja diferente, a maioria dos processos de peti\u00e7\u00e3o familiar envolve etapas como:<\/h4>\n\n\n\n<h6 class=\"wp-block-heading\"><strong>1. Consultoria e Estrat\u00e9gia<\/strong><\/h6>\n\n\n\n<p>Ouvimos sua hist\u00f3ria, analisamos seu hist\u00f3rico de imigra\u00e7\u00e3o e identificamos riscos, op\u00e7\u00f5es e prazos.<\/p>\n\n\n\n<h6 class=\"wp-block-heading\"><strong>2.<\/strong> <strong>Apresenta\u00e7\u00e3o da Peti\u00e7\u00e3o Familiar (Formul\u00e1rio I-130)<\/strong><\/h6>\n\n\n\n<p>Preparamos e enviamos um dossi\u00ea detalhado para comprovar seu v\u00ednculo familiar, incluindo evid\u00eancias de um casamento leg\u00edtimo ou de uma rela\u00e7\u00e3o genu\u00edna de pais e filhos, quando necess\u00e1rio.<\/p>\n\n\n\n<h6 class=\"wp-block-heading\"><strong>3.<\/strong> <strong>Pr\u00f3ximo passo: Solicita\u00e7\u00e3o de Green Card ou processo consular<\/strong><\/h6>\n\n\n\n<p>Dependendo de onde seu ente querido se encontra e de seu hist\u00f3rico de imigra\u00e7\u00e3o, n\u00f3s o orientamos no processo de ajuste de status dentro dos EUA ou no processamento consular em uma embaixada ou consulado dos EUA no exterior.<\/p>\n\n\n\n<h6 class=\"wp-block-heading\"><strong>4.<\/strong> <strong>Prepara\u00e7\u00e3o e acompanhamento de entrevistas<\/strong><\/h6>\n\n\n\n<p>N\u00f3s preparamos voc\u00ea e seu familiar para a entrevista, explicamos o que esperar e respondemos a quaisquer solicita\u00e7\u00f5es de evid\u00eancias adicionais do USCIS ou do consulado.<\/p>\n\n\n\n<h2 class=\"wp-block-heading\">Por que contratar um advogado de imigra\u00e7\u00e3o para um pedido familiar?<\/h2>\n\n\n\n<h4 class=\"wp-block-heading\">Peti\u00e7\u00f5es familiares parecem &quot;simples&quot; no papel, mas pequenos erros podem causar grandes problemas:<\/h4>\n\n\n\n<ul class=\"wp-block-list\">\n<li style=\"line-height:1.6\">Atrasos de meses ou at\u00e9 mesmo anos.<\/li>\n\n\n\n<li style=\"line-height:1.6\">Recusas devido \u00e0 falta de provas.<\/li>\n\n\n\n<li style=\"line-height:1.6\">Em casos complexos, podem surgir impedimentos de reentrada ou outras consequ\u00eancias graves. Nossa equipe de imigra\u00e7\u00e3o pode te ajudar:<\/li>\n\n\n\n<li style=\"line-height:1.6\">Entenda qual op\u00e7\u00e3o \u00e9 a mais segura para sua fam\u00edlia.<\/li>\n\n\n\n<li style=\"line-height:1.6\">Evite erros comuns e documentos faltantes.<\/li>\n\n\n\n<li style=\"line-height:1.6\">Apresente provas concretas do seu relacionamento.<\/li>\n\n\n\n<li style=\"line-height:1.6\">Esteja ciente das poss\u00edveis isen\u00e7\u00f5es e complica\u00e7\u00f5es - Mantenha-se informado em cada etapa do processo.<\/li>\n<\/ul>\n\n\n\n<p>Voc\u00ea se concentra na sua fam\u00edlia. N\u00f3s nos concentramos nos detalhes legais.<\/p>\n\n\n\n<h2 class=\"wp-block-heading\">O que levar para a sua consulta<\/h2>\n\n\n\n<h4 class=\"wp-block-heading\">Para aproveitar ao m\u00e1ximo sua primeira reuni\u00e3o, traga:<\/h4>\n\n\n\n<ul class=\"wp-block-list\">\n<li style=\"line-height:1.6\">Cart\u00e3o verde, certificado de naturaliza\u00e7\u00e3o ou passaporte americano (para o requerente).<\/li>\n\n\n\n<li style=\"line-height:1.6\">Quaisquer vistos, registros I-94 ou documentos de imigra\u00e7\u00e3o anteriores de um membro da sua fam\u00edlia.<\/li>\n\n\n\n<li style=\"line-height:1.6\">Certid\u00e3o de casamento, certid\u00f5es de nascimento, senten\u00e7as de div\u00f3rcio (se houver).<\/li>\n\n\n\n<li style=\"line-height:1.6\">Quaisquer pedidos de imigra\u00e7\u00e3o anteriores, negativas ou documentos judiciais - Registros criminais ou decis\u00f5es judiciais, se aplic\u00e1vel.<\/li>\n<\/ul>\n\n\n\n<p>Se voc\u00ea ainda n\u00e3o tem tudo, n\u00e3o se preocupe \u2014 n\u00f3s vamos te ajudar a descobrir o que est\u00e1 faltando e como conseguir.<\/p>\n\n\n\n<h2 class=\"wp-block-heading\">Pronto para iniciar sua peti\u00e7\u00e3o familiar?<\/h2>\n\n\n\n<p>Se voc\u00ea est\u00e1 pensando em fazer uma peti\u00e7\u00e3o para um c\u00f4njuge, filho, pai ou outro membro da fam\u00edlia eleg\u00edvel, n\u00e3o espere para obter respostas.<\/p>\n\n\n\n<p><strong>Entre em contato com o escrit\u00f3rio de advocacia Diaz &amp; Gaeta hoje mesmo.<\/strong> <a href=\"tel:+16785032780\"><strong>678-503-2780<\/strong><\/a> Para agendar uma consulta confidencial com nossa equipe de imigra\u00e7\u00e3o.<\/p>\n\n\n\n<p>O futuro da sua fam\u00edlia nos Estados Unidos \u00e9 importante. Deixe nossa equipe ajudar voc\u00ea a dar o pr\u00f3ximo passo \u2014 juntos.<\/p>\n\n\n\n<p><\/p>","protected":false},"excerpt":{"rendered":"<p>Reuniting Families, One Case at a Time Families belong together. If your loved one is outside the United States \u2014 or here without permanent status \u2014 a family-based petition may be the first step to securing their future and keeping your family united. At Diaz and Gaeta Law, our immigration team guides families through every [&hellip;]<\/p>\n","protected":false},"author":34,"featured_media":8765,"parent":0,"menu_order":0,"comment_status":"closed","ping_status":"closed","template":"immigration","meta":{"_acf_changed":false,"_themeisle_gutenberg_block_has_review":false,"footnotes":""},"categories":[73,4,74,50,75,52,76,51],"tags":[],"class_list":["post-8649","page","type-page","status-publish","has-post-thumbnail","hentry","category-atlanta-location-es","category-atlanta-location","category-marietta-location-es","category-marietta-location","category-sandy-springs-location-es","category-sandy-springs-location","category-smyrna-location-es","category-smyrna-location"],"acf":[],"aioseo_notices":[],"_links":{"self":[{"href":"https:\/\/dglawga.com\/pt\/wp-json\/wp\/v2\/pages\/8649","targetHints":{"allow":["GET"]}}],"collection":[{"href":"https:\/\/dglawga.com\/pt\/wp-json\/wp\/v2\/pages"}],"about":[{"href":"https:\/\/dglawga.com\/pt\/wp-json\/wp\/v2\/types\/page"}],"author":[{"embeddable":true,"href":"https:\/\/dglawga.com\/pt\/wp-json\/wp\/v2\/users\/34"}],"replies":[{"embeddable":true,"href":"https:\/\/dglawga.com\/pt\/wp-json\/wp\/v2\/comments?post=8649"}],"version-history":[{"count":5,"href":"https:\/\/dglawga.com\/pt\/wp-json\/wp\/v2\/pages\/8649\/revisions"}],"predecessor-version":[{"id":8768,"href":"https:\/\/dglawga.com\/pt\/wp-json\/wp\/v2\/pages\/8649\/revisions\/8768"}],"wp:featuredmedia":[{"embeddable":true,"href":"https:\/\/dglawga.com\/pt\/wp-json\/wp\/v2\/media\/8765"}],"wp:attachment":[{"href":"https:\/\/dglawga.com\/pt\/wp-json\/wp\/v2\/media?parent=8649"}],"wp:term":[{"taxonomy":"category","embeddable":true,"href":"https:\/\/dglawga.com\/pt\/wp-json\/wp\/v2\/categories?post=8649"},{"taxonomy":"post_tag","embeddable":true,"href":"https:\/\/dglawga.com\/pt\/wp-json\/wp\/v2\/tags?post=8649"}],"curies":[{"name":"wp","href":"https:\/\/api.w.org\/{rel}","templated":true}]}}