{"id":8665,"date":"2026-02-20T19:48:25","date_gmt":"2026-02-21T00:48:25","guid":{"rendered":"https:\/\/dglawga.com\/?page_id=8665"},"modified":"2026-02-24T20:05:44","modified_gmt":"2026-02-25T01:05:44","slug":"immigration-appeals","status":"publish","type":"page","link":"https:\/\/dglawga.com\/pt\/immigration-appeals\/","title":{"rendered":"Recursos de imigra\u00e7\u00e3o"},"content":{"rendered":"<h2 class=\"wp-block-heading\">Sua segunda chance de lutar pelo seu futuro nos EUA.<\/h2>\n\n\n\n<p>Quando um juiz de imigra\u00e7\u00e3o ou uma ag\u00eancia governamental toma uma decis\u00e3o que coloca seu futuro nos Estados Unidos em risco, pode parecer o fim da linha. Mas, em muitos casos, voc\u00ea ainda tem op\u00e7\u00f5es. Um recurso de imigra\u00e7\u00e3o pode lhe dar uma segunda chance de corrigir erros legais, apresentar argumentos mais fortes e lutar pela vida que voc\u00ea construiu aqui.<\/p>\n\n\n\n<p>Nossa equipe de recursos de imigra\u00e7\u00e3o entende a import\u00e2ncia do que est\u00e1 em jogo. Analisamos cuidadosamente seu caso, identificamos erros ou omiss\u00f5es e preparamos um recurso s\u00f3lido e estrat\u00e9gico, personalizado para sua situa\u00e7\u00e3o.<\/p>\n\n\n\n<h2 class=\"wp-block-heading\">O que \u00e9 um recurso de imigra\u00e7\u00e3o?<\/h2>\n\n\n\n<p>Um recurso de imigra\u00e7\u00e3o \u00e9 uma solicita\u00e7\u00e3o formal para que uma autoridade superior revise uma decis\u00e3o tomada por um juiz de imigra\u00e7\u00e3o ou ag\u00eancia governamental.<\/p>\n\n\n\n<p>Voc\u00ea poder\u00e1 apresentar um recurso se tiver recebido uma decis\u00e3o negativa em casos envolvendo:<\/p>\n\n\n\n<ul class=\"wp-block-list\">\n<li style=\"line-height:1.6\">Ordens de remo\u00e7\u00e3o (deporta\u00e7\u00e3o).<\/li>\n\n\n\n<li style=\"line-height:1.6\">Recusas de green card (resid\u00eancia permanente legal).<\/li>\n\n\n\n<li style=\"line-height:1.6\">Asilo, suspens\u00e3o da deporta\u00e7\u00e3o ou recusa de prote\u00e7\u00e3o ao abrigo da Conven\u00e7\u00e3o contra a Tortura (CAT).<\/li>\n\n\n\n<li style=\"line-height:1.6\">Isen\u00e7\u00f5es (I-601, I-601A, I-212 e outras).<\/li>\n\n\n\n<li style=\"line-height:1.6\">Peti\u00e7\u00f5es de imigra\u00e7\u00e3o baseadas em la\u00e7os familiares.<\/li>\n\n\n\n<li style=\"line-height:1.6\">Determinados pedidos de imigra\u00e7\u00e3o baseados em emprego ou neg\u00f3cios.<\/li>\n\n\n\n<li style=\"line-height:1.6\">Requerimentos negados ou outras decis\u00f5es desfavor\u00e1veis.<\/li>\n<\/ul>\n\n\n\n<p>Um recurso n\u00e3o reinicia seu caso do zero. Em vez disso, o \u00f3rg\u00e3o de apela\u00e7\u00e3o revisa o processo do seu caso original para determinar se a lei foi aplicada corretamente e se a decis\u00e3o foi fundamentada nas provas. \u00c9 por isso que \u00e9 fundamental trabalhar com um advogado que entenda tanto da legisla\u00e7\u00e3o de imigra\u00e7\u00e3o quanto do processo de apela\u00e7\u00e3o.<\/p>\n\n\n\n<h2 class=\"wp-block-heading\">Quem \u00e9 respons\u00e1vel pelos recursos de imigra\u00e7\u00e3o?<\/h2>\n\n\n\n<h4 class=\"wp-block-heading\">Dependendo do tipo de caso e do local onde a decis\u00e3o foi tomada, seu recurso pode ser encaminhado para:<\/h4>\n\n\n\n<ul class=\"wp-block-list\">\n<li style=\"line-height:1.6\"><strong>O Conselho de Apela\u00e7\u00f5es de Imigra\u00e7\u00e3o (BIA):<\/strong> Analisa decis\u00f5es de ju\u00edzes de imigra\u00e7\u00e3o (por exemplo, ordens de deporta\u00e7\u00e3o, decis\u00f5es sobre fian\u00e7a e alguns pedidos negados no tribunal de imigra\u00e7\u00e3o).<\/li>\n\n\n\n<li style=\"line-height:1.6\"><strong>O Gabinete de Recursos Administrativos (AAO):<\/strong> Analisa determinadas negativas emitidas pelo Servi\u00e7o de Cidadania e Imigra\u00e7\u00e3o dos Estados Unidos (USCIS), como algumas peti\u00e7\u00f5es e isen\u00e7\u00f5es baseadas em emprego.<\/li>\n\n\n\n<li style=\"line-height:1.6\"><strong>Tribunais Federais:<\/strong> Em algumas situa\u00e7\u00f5es, ap\u00f3s passar pelo processo de apela\u00e7\u00e3o de imigra\u00e7\u00e3o, seu caso pode ser revisado por um tribunal federal de circuito por meio de uma peti\u00e7\u00e3o de revis\u00e3o. Este \u00e9 um processo altamente t\u00e9cnico que exige representa\u00e7\u00e3o legal especializada.<\/li>\n<\/ul>\n\n\n\n<p>O escrit\u00f3rio de advocacia Diaz &amp; Gaeta avalia onde seu recurso deve ser apresentado e quais quest\u00f5es jur\u00eddicas s\u00e3o mais relevantes para serem levantadas na pr\u00f3xima inst\u00e2ncia.<\/p>\n\n\n\n<h2 class=\"wp-block-heading\">Prazos rigorosos: por que voc\u00ea precisa agir rapidamente<\/h2>\n\n\n\n<p>Os recursos de imigra\u00e7\u00e3o est\u00e3o sujeitos a prazos muito curtos \u2014 frequentemente de apenas 30 dias a partir da data da decis\u00e3o, e \u00e0s vezes at\u00e9 menos. Se voc\u00ea perder o prazo, poder\u00e1 perder completamente o direito de recorrer.<\/p>\n\n\n\n<h4 class=\"wp-block-heading\">Ap\u00f3s uma decis\u00e3o negativa, \u00e9 importante:<\/h4>\n\n\n\n<ul class=\"wp-block-list\">\n<li style=\"line-height:1.6\">Procure aconselhamento jur\u00eddico imediatamente para determinar se \u00e9 poss\u00edvel apresentar um recurso.<\/li>\n\n\n\n<li style=\"line-height:1.6\">Guarde toda a documenta\u00e7\u00e3o do seu caso, incluindo a decis\u00e3o do juiz, as notifica\u00e7\u00f5es do USCIS e qualquer correspond\u00eancia que voc\u00ea tenha recebido.<\/li>\n\n\n\n<li style=\"line-height:1.6\">Evite apresentar a documenta\u00e7\u00e3o por conta pr\u00f3pria sem compreender as consequ\u00eancias legais \u2014 documentos incorretos podem prejudicar seu caso e desperdi\u00e7ar tempo valioso.<\/li>\n<\/ul>\n\n\n\n<p>Ao entrar em contato com nosso escrit\u00f3rio, analisamos sua decis\u00e3o, explicamos suas op\u00e7\u00f5es e ajudamos voc\u00ea a decidir se uma apela\u00e7\u00e3o, uma mo\u00e7\u00e3o para reabrir o caso, uma mo\u00e7\u00e3o para reconsidera\u00e7\u00e3o ou uma estrat\u00e9gia diferente \u00e9 a mais adequada.<\/p>\n\n\n\n<h2 class=\"wp-block-heading\">Como nossos advogados lidam com recursos de imigra\u00e7\u00e3o<\/h2>\n\n\n\n<p>Os recursos s\u00e3o diferentes dos casos de imigra\u00e7\u00e3o comuns. Eles exigem uma an\u00e1lise jur\u00eddica cuidadosa, uma argumenta\u00e7\u00e3o escrita s\u00f3lida e uma compreens\u00e3o detalhada de como os tribunais e ag\u00eancias de imigra\u00e7\u00e3o analisam os casos.<\/p>\n\n\n\n<h4 class=\"wp-block-heading\">Ao lidar com um recurso de imigra\u00e7\u00e3o, nossa equipe normalmente:<\/h4>\n\n\n\n<ul class=\"wp-block-list\">\n<li><strong>Analisa o registro completo<\/strong><\/li>\n<\/ul>\n\n\n\n<p>Transcri\u00e7\u00f5es (se dispon\u00edveis), notas de audi\u00eancia, documentos apresentados e provas; a decis\u00e3o escrita do juiz ou oficial; quaisquer requerimentos ou notifica\u00e7\u00f5es anteriores.<\/p>\n\n\n\n<ul class=\"wp-block-list\">\n<li><strong>Identifica erros legais e factuais<\/strong><\/li>\n<\/ul>\n\n\n\n<p>Aplica\u00e7\u00e3o ou interpreta\u00e7\u00e3o err\u00f4nea da lei; desconsidera\u00e7\u00e3o de provas ou depoimentos importantes; problemas de devido processo legal (por exemplo, n\u00e3o admiss\u00e3o de certas provas, problemas de tradu\u00e7\u00e3o ou falta de notifica\u00e7\u00e3o adequada).<\/p>\n\n\n\n<ul class=\"wp-block-list\">\n<li><strong>Desenvolve uma teoria estrat\u00e9gica do caso.<\/strong><\/li>\n<\/ul>\n\n\n\n<p>Esclarecer o que o respons\u00e1vel pela decis\u00e3o fez de errado; destacar fortes evid\u00eancias que sustentem sua elegibilidade para o benef\u00edcio; concentrar o recurso nos argumentos mais persuasivos.<\/p>\n\n\n\n<ul class=\"wp-block-list\">\n<li><strong>Prepara um parecer de apela\u00e7\u00e3o detalhado.<\/strong><\/li>\n<\/ul>\n\n\n\n<p>Explica os fatos do seu caso de forma clara; cita leis, jurisprud\u00eancia e regulamentos relevantes; argumenta por que a decis\u00e3o deve ser revertida ou devolvida (remetida).<\/p>\n\n\n\n<ul class=\"wp-block-list\">\n<li><strong>Mant\u00e9m voc\u00ea informado em cada etapa.<\/strong><\/li>\n<\/ul>\n\n\n\n<p>Explicar o processo, o cronograma e os poss\u00edveis resultados; responder \u00e0s suas perguntas em linguagem simples; ajudar voc\u00ea a entender o que esperar e como se preparar para os pr\u00f3ximos passos.<\/p>\n\n\n\n<h2 class=\"wp-block-heading\">Recursos de imigra\u00e7\u00e3o que lidamos com frequ\u00eancia<\/h2>\n\n\n\n<h4 class=\"wp-block-heading\">Nosso escrit\u00f3rio auxilia clientes em recursos relacionados a:<\/h4>\n\n\n\n<ul class=\"wp-block-list\">\n<li style=\"line-height:1.6\">Ordens de remo\u00e7\u00e3o\/deporta\u00e7\u00e3o emitidas por tribunais de imigra\u00e7\u00e3o.<\/li>\n\n\n\n<li style=\"line-height:1.6\">Negativa de asilo, reten\u00e7\u00e3o ou prote\u00e7\u00e3o ao abrigo da Conven\u00e7\u00e3o contra a Tortura.<\/li>\n\n\n\n<li style=\"line-height:1.6\">Recusa judicial de cancelamento de deporta\u00e7\u00e3o ou outras medidas judiciais.<\/li>\n\n\n\n<li style=\"line-height:1.6\">Recusa de green card e de processamento consular.<\/li>\n\n\n\n<li style=\"line-height:1.6\">Recusas de isen\u00e7\u00e3o (por exemplo, isen\u00e7\u00f5es por dificuldades).<\/li>\n\n\n\n<li style=\"line-height:1.6\">Determinadas negativas de peti\u00e7\u00f5es do USCIS que eram eleg\u00edveis para revis\u00e3o pelo AAO.<\/li>\n\n\n\n<li style=\"line-height:1.6\">Decis\u00f5es sobre fian\u00e7a e certas decis\u00f5es relacionadas \u00e0 cust\u00f3dia.<\/li>\n<\/ul>\n\n\n\n<p>Cada caso \u00e9 \u00fanico, e os recursos nem sempre s\u00e3o a op\u00e7\u00e3o mais adequada. Em algumas situa\u00e7\u00f5es, uma mo\u00e7\u00e3o para reabrir o processo, uma mo\u00e7\u00e3o para reconsidera\u00e7\u00e3o ou a busca de uma nova forma de repara\u00e7\u00e3o podem ser mais apropriadas. N\u00f3s o ajudamos a avaliar todas as op\u00e7\u00f5es para que voc\u00ea possa tomar uma decis\u00e3o informada.<\/p>\n\n\n\n<h2 class=\"wp-block-heading\">Tenho um apelo forte?<\/h2>\n\n\n\n<h4 class=\"wp-block-heading\">O fato de voc\u00ea ter um apelo forte depende de v\u00e1rios fatores, incluindo:<\/h4>\n\n\n\n<ul class=\"wp-block-list\">\n<li style=\"line-height:1.6\">O motivo espec\u00edfico pelo qual seu pedido foi negado.<\/li>\n\n\n\n<li style=\"line-height:1.6\">Se o juiz ou o oficial aplicaram a lei incorretamente ou ignoraram provas importantes.<\/li>\n\n\n\n<li style=\"line-height:1.6\">Se houve problemas processuais (por exemplo, notifica\u00e7\u00e3o inadequada ou condi\u00e7\u00f5es de audi\u00eancia injustas)<\/li>\n\n\n\n<li style=\"line-height:1.6\">Se surgiram novas evid\u00eancias que possam apoiar uma mo\u00e7\u00e3o para reabrir o caso.<\/li>\n\n\n\n<li style=\"line-height:1.6\">Seu hist\u00f3rico de imigra\u00e7\u00e3o e criminal, se houver.<\/li>\n<\/ul>\n\n\n\n<p>Em nossa consulta, analisaremos sua decis\u00e3o e documentos importantes, explicaremos o que deu errado e por qu\u00ea, discutiremos se uma apela\u00e7\u00e3o \u00e9 recomendada e seremos honestos sobre os riscos, as chances de sucesso e as poss\u00edveis alternativas.<\/p>\n\n\n\n<h2 class=\"wp-block-heading\">Por que trabalhar com nossa equipe de recursos de imigra\u00e7\u00e3o?<\/h2>\n\n\n\n<h4 class=\"wp-block-heading\">Os recursos s\u00e3o complexos e altamente t\u00e9cnicos. Ao trabalhar com nosso escrit\u00f3rio, voc\u00ea obt\u00e9m:<\/h4>\n\n\n\n<ul class=\"wp-block-list\">\n<li style=\"line-height:1.6\">Experi\u00eancia especializada em imigra\u00e7\u00e3o, lidando com casos complexos e recursos.<\/li>\n\n\n\n<li style=\"line-height:1.6\">An\u00e1lise minuciosa do caso para identificar problemas que outros advogados possam ter deixado passar.<\/li>\n\n\n\n<li style=\"line-height:1.6\">Comunica\u00e7\u00e3o clara para que voc\u00ea sempre entenda o que est\u00e1 acontecendo e por qu\u00ea.<\/li>\n\n\n\n<li style=\"line-height:1.6\">Compaix\u00e3o e respeito \u2014 sabemos que seu caso n\u00e3o \u00e9 apenas uma quest\u00e3o de papelada; trata-se da sua vida, da sua fam\u00edlia e do seu futuro.<\/li>\n<\/ul>\n\n\n\n<p>Estamos empenhados em lutar pelos nossos clientes e explorar todas as vias poss\u00edveis que a lei permite.<\/p>\n\n\n\n<h2 class=\"wp-block-heading\">Perguntas frequentes sobre recursos de imigra\u00e7\u00e3o<\/h2>\n\n\n\n<h5 class=\"wp-block-heading\"><strong>Quanto tempo tenho para apresentar um recurso?<\/strong><\/h5>\n\n\n\n<p>Os prazos s\u00e3o muito curtos. Em muitos casos, voc\u00ea tem apenas 30 dias a partir da data da decis\u00e3o para apresentar um recurso, e \u00e0s vezes menos. \u00c9 importante falar com um advogado assim que receber uma notifica\u00e7\u00e3o de indeferimento ou ordem de deporta\u00e7\u00e3o, para n\u00e3o perder o direito de recorrer.<\/p>\n\n\n\n<h5 class=\"wp-block-heading\"><strong>Apresentar um recurso impede minha deporta\u00e7\u00e3o?<\/strong><\/h5>\n\n\n\n<p>Em muitos casos de deporta\u00e7\u00e3o, a apresenta\u00e7\u00e3o de um recurso dentro do prazo junto ao BIA (Conselho de Apela\u00e7\u00f5es de Imigra\u00e7\u00e3o) pode suspender a ordem de deporta\u00e7\u00e3o enquanto o recurso estiver pendente. No entanto, isso n\u00e3o \u00e9 autom\u00e1tico em todas as situa\u00e7\u00f5es, e as regras podem ser complexas. Nossos advogados analisar\u00e3o seu caso espec\u00edfico e explicar\u00e3o se sua deporta\u00e7\u00e3o pode ser suspensa durante o processo de recurso.<\/p>\n\n\n\n<h5 class=\"wp-block-heading\"><strong>Posso apresentar novas provas com meu recurso?<\/strong><\/h5>\n\n\n\n<p>A maioria dos recursos se concentra nas provas j\u00e1 apresentadas no processo original. O \u00f3rg\u00e3o de apela\u00e7\u00e3o revisa os autos para verificar se a lei foi aplicada corretamente. Se voc\u00ea tiver novas provas, uma peti\u00e7\u00e3o para reabrir o processo pode ser mais apropriada. \u00c0s vezes, tanto o recurso quanto a peti\u00e7\u00e3o s\u00e3o usados em conjunto \u2014 nossa equipe ajudar\u00e1 voc\u00ea a decidir a melhor estrat\u00e9gia.<\/p>\n\n\n\n<h5 class=\"wp-block-heading\"><strong>Qual a diferen\u00e7a entre um recurso e uma mo\u00e7\u00e3o para reabrir ou reconsiderar o processo?<\/strong><\/h5>\n\n\n\n<p>Um recurso solicita a uma autoridade superior que revise a decis\u00e3o do juiz ou oficial de imigra\u00e7\u00e3o em busca de erros legais ou factuais. Uma mo\u00e7\u00e3o para reabrir o caso \u00e9 utilizada quando h\u00e1 novas evid\u00eancias ou mudan\u00e7as nas circunst\u00e2ncias que n\u00e3o estavam dispon\u00edveis anteriormente. Uma mo\u00e7\u00e3o para reconsidera\u00e7\u00e3o argumenta que a decis\u00e3o foi equivocada com base na lei e nas evid\u00eancias que j\u00e1 existiam na \u00e9poca. Avaliaremos seu caso para determinar qual op\u00e7\u00e3o \u2014 ou combina\u00e7\u00e3o de op\u00e7\u00f5es \u2014 oferece a maior chance de sucesso.<\/p>\n\n\n\n<h5 class=\"wp-block-heading\"><strong>Quanto tempo demora um recurso de imigra\u00e7\u00e3o?<\/strong><\/h5>\n\n\n\n<p>Os prazos de processamento variam bastante dependendo do tipo de caso e de onde o recurso \u00e9 apresentado. Alguns recursos podem levar v\u00e1rios meses; outros, um ano ou mais. Enquanto seu caso estiver pendente, manteremos voc\u00ea informado sobre quaisquer altera\u00e7\u00f5es, solicita\u00e7\u00f5es ou decis\u00f5es.<\/p>\n\n\n\n<h5 class=\"wp-block-heading\"><strong>Preciso de um advogado para apresentar um recurso?<\/strong><\/h5>\n\n\n\n<p>Voc\u00ea n\u00e3o precisa de um advogado, mas os recursos s\u00e3o processos t\u00e9cnicos que exigem argumentos jur\u00eddicos s\u00f3lidos e memoriais bem elaborados. Um simples erro ou um argumento incompleto pode prejudicar seriamente suas chances. Trabalhar com um advogado especializado em recursos de imigra\u00e7\u00e3o aumenta consideravelmente sua capacidade de apresentar um caso forte e bem fundamentado.<\/p>\n\n\n\n<h5 class=\"wp-block-heading\"><strong>E se outro advogado tivesse cuidado do meu caso original?<\/strong><\/h5>\n\n\n\n<p>Analisamos frequentemente decis\u00f5es de casos conduzidos por outros advogados ou por pessoas que se representaram a si mesmas. Avaliaremos cuidadosamente o que aconteceu em seu caso anterior, identificaremos poss\u00edveis erros e daremos uma opini\u00e3o honesta sobre se uma apela\u00e7\u00e3o ou peti\u00e7\u00e3o faz sentido agora.<\/p>\n\n\n\n<h2 class=\"wp-block-heading\">Proteja seu futuro \u2013 fale com um advogado especializado em recursos de imigra\u00e7\u00e3o.<\/h2>\n\n\n\n<p>Se voc\u00ea ou um ente querido recebeu uma ordem de recusa ou deporta\u00e7\u00e3o, n\u00e3o espere. O tempo \u00e9 extremamente limitado e as decis\u00f5es que voc\u00ea tomar agora podem afetar sua perman\u00eancia nos Estados Unidos.<\/p>\n\n\n\n<p>Entre em contato com nosso escrit\u00f3rio hoje mesmo para agendar uma consulta sobre seu recurso de imigra\u00e7\u00e3o. <a href=\"tel:+16785032780\"><strong>678-503-2780<\/strong><\/a>. Analisaremos seu caso, explicaremos suas op\u00e7\u00f5es e ajudaremos voc\u00ea a dar o pr\u00f3ximo passo.<\/p>","protected":false},"excerpt":{"rendered":"<p>Your Second Chance to Fight for Your Future in the U.S. When an immigration judge or government agency makes a decision that puts your future in the United States at risk, it can feel like the end of the road. But in many cases, you still have options. An immigration appeal may give you a [&hellip;]<\/p>\n","protected":false},"author":35,"featured_media":8744,"parent":0,"menu_order":0,"comment_status":"closed","ping_status":"closed","template":"immigration","meta":{"_acf_changed":false,"_themeisle_gutenberg_block_has_review":false,"footnotes":""},"categories":[73,4,74,50,75,52,76,51],"tags":[172,170,171,173,174],"class_list":["post-8665","page","type-page","status-publish","has-post-thumbnail","hentry","category-atlanta-location-es","category-atlanta-location","category-marietta-location-es","category-marietta-location","category-sandy-springs-location-es","category-sandy-springs-location","category-smyrna-location-es","category-smyrna-location","tag-appeal-immigration-decision","tag-immigration-appeal","tag-immigration-appeals-lawyer","tag-immigration-case-appeal","tag-uscis-appeal-bia-appeal-appeal-deportation-order-immigration-court-appeal"],"acf":[],"aioseo_notices":[],"_links":{"self":[{"href":"https:\/\/dglawga.com\/pt\/wp-json\/wp\/v2\/pages\/8665","targetHints":{"allow":["GET"]}}],"collection":[{"href":"https:\/\/dglawga.com\/pt\/wp-json\/wp\/v2\/pages"}],"about":[{"href":"https:\/\/dglawga.com\/pt\/wp-json\/wp\/v2\/types\/page"}],"author":[{"embeddable":true,"href":"https:\/\/dglawga.com\/pt\/wp-json\/wp\/v2\/users\/35"}],"replies":[{"embeddable":true,"href":"https:\/\/dglawga.com\/pt\/wp-json\/wp\/v2\/comments?post=8665"}],"version-history":[{"count":6,"href":"https:\/\/dglawga.com\/pt\/wp-json\/wp\/v2\/pages\/8665\/revisions"}],"predecessor-version":[{"id":8746,"href":"https:\/\/dglawga.com\/pt\/wp-json\/wp\/v2\/pages\/8665\/revisions\/8746"}],"wp:featuredmedia":[{"embeddable":true,"href":"https:\/\/dglawga.com\/pt\/wp-json\/wp\/v2\/media\/8744"}],"wp:attachment":[{"href":"https:\/\/dglawga.com\/pt\/wp-json\/wp\/v2\/media?parent=8665"}],"wp:term":[{"taxonomy":"category","embeddable":true,"href":"https:\/\/dglawga.com\/pt\/wp-json\/wp\/v2\/categories?post=8665"},{"taxonomy":"post_tag","embeddable":true,"href":"https:\/\/dglawga.com\/pt\/wp-json\/wp\/v2\/tags?post=8665"}],"curies":[{"name":"wp","href":"https:\/\/api.w.org\/{rel}","templated":true}]}}