{"id":8671,"date":"2026-02-20T20:12:52","date_gmt":"2026-02-21T01:12:52","guid":{"rendered":"https:\/\/dglawga.com\/?page_id=8671"},"modified":"2026-02-24T19:52:06","modified_gmt":"2026-02-25T00:52:06","slug":"immigration-bond-representation","status":"publish","type":"page","link":"https:\/\/dglawga.com\/pt\/immigration-bond-representation\/","title":{"rendered":"Representa\u00e7\u00e3o em Fian\u00e7a de Imigra\u00e7\u00e3o"},"content":{"rendered":"<h2 class=\"wp-block-heading\">Protegendo sua liberdade enquanto seu processo de imigra\u00e7\u00e3o avan\u00e7a<\/h2>\n\n\n\n<p>Quando um ente querido \u00e9 detido pelo ICE (Servi\u00e7o de Imigra\u00e7\u00e3o e Alf\u00e2ndega dos EUA), tudo muda num instante. Voc\u00ea fica preocupado, sobrecarregado e sem saber o que fazer. Nossa equipe de imigra\u00e7\u00e3o est\u00e1 aqui para orient\u00e1-lo durante o processo de fian\u00e7a imigrat\u00f3ria, para que seu familiar tenha a chance de ser libertado enquanto o caso est\u00e1 pendente.<\/p>\n\n\n\n<h2 class=\"wp-block-heading\">O que \u00e9 uma fian\u00e7a de imigra\u00e7\u00e3o?<\/h2>\n\n\n\n<p>Uma fian\u00e7a de imigra\u00e7\u00e3o \u00e9 um tipo de garantia financeira que permite que uma pessoa detida pelo Servi\u00e7o de Imigra\u00e7\u00e3o e Alf\u00e2ndega (ICE) seja libertada da cust\u00f3dia enquanto seu processo de imigra\u00e7\u00e3o continua.<\/p>\n\n\n\n<h4 class=\"wp-block-heading\">Um acordo n\u00e3o encerra o caso. Ele simplesmente permite que seu ente querido:<\/h4>\n\n\n\n<ul class=\"wp-block-list\">\n<li style=\"line-height:1.6\">Saia da deten\u00e7\u00e3o.<\/li>\n\n\n\n<li style=\"line-height:1.6\">Voltar para casa e para sua fam\u00edlia.<\/li>\n\n\n\n<li style=\"line-height:1.6\">Trabalhar com um advogado torna mais f\u00e1cil preparar a defesa.<\/li>\n<\/ul>\n\n\n\n<p>O caso de imigra\u00e7\u00e3o da pessoa (por exemplo, defesa contra deporta\u00e7\u00e3o, asilo ou outro tipo de prote\u00e7\u00e3o) ainda precisar\u00e1 ser resolvido no tribunal de imigra\u00e7\u00e3o.<\/p>\n\n\n\n<h2 class=\"wp-block-heading\">Quem se qualifica para uma fian\u00e7a de imigra\u00e7\u00e3o?<\/h2>\n\n\n\n<p>Nem todos os detidos em centros de imigra\u00e7\u00e3o t\u00eam direito autom\u00e1tico \u00e0 fian\u00e7a. A elegibilidade para fian\u00e7a depende de diversos fatores, incluindo:<\/p>\n\n\n\n<ul class=\"wp-block-list\">\n<li style=\"line-height:1.6\">Antecedentes de imigra\u00e7\u00e3o e criminais.<\/li>\n\n\n\n<li style=\"line-height:1.6\">Como e quando a pessoa entrou nos Estados Unidos.<\/li>\n\n\n\n<li style=\"line-height:1.6\">Se eles s\u00e3o considerados um risco de fuga (prov\u00e1vel que faltem ao tribunal).<\/li>\n\n\n\n<li style=\"line-height:1.6\">Se o governo os considera um perigo para a comunidade.<\/li>\n<\/ul>\n\n\n\n<p>Algumas pessoas podem estar sujeitas \u00e0 &quot;deten\u00e7\u00e3o obrigat\u00f3ria&quot;, o que significa que n\u00e3o podem receber fian\u00e7a de acordo com a lei. Outras podem ser eleg\u00edveis para solicitar fian\u00e7a diretamente ao ICE ou pedir a um juiz de imigra\u00e7\u00e3o que fixe ou reduza o valor da fian\u00e7a.<\/p>\n\n\n\n<h2 class=\"wp-block-heading\">Como funcionam as audi\u00eancias de fian\u00e7a de imigra\u00e7\u00e3o<\/h2>\n\n\n\n<p>Se o ICE n\u00e3o estipular uma fian\u00e7a ou estipular um valor muito alto, seu advogado poder\u00e1 solicitar uma audi\u00eancia de fian\u00e7a perante um juiz de imigra\u00e7\u00e3o. Nessa audi\u00eancia, o juiz decidir\u00e1 se:<\/p>\n\n\n\n<ul class=\"wp-block-list\">\n<li style=\"line-height:1.6\">Conceder fian\u00e7a.<\/li>\n\n\n\n<li style=\"line-height:1.6\">Mantenha a pessoa detida sem direito a fian\u00e7a.<\/li>\n\n\n\n<li style=\"line-height:1.6\">Diminua ou aumente o valor da fian\u00e7a.<\/li>\n<\/ul>\n\n\n\n<h4 class=\"wp-block-heading\">Em uma audi\u00eancia de fian\u00e7a, seu advogado pode apresentar:<\/h4>\n\n\n\n<ul class=\"wp-block-list\">\n<li style=\"line-height:1.6\">Evid\u00eancias de la\u00e7os familiares nos EUA.<\/li>\n\n\n\n<li style=\"line-height:1.6\">Comprova\u00e7\u00e3o de hist\u00f3rico profissional e envolvimento comunit\u00e1rio.<\/li>\n\n\n\n<li style=\"line-height:1.6\">Cartas de empregadores, familiares e membros da comunidade.<\/li>\n\n\n\n<li style=\"line-height:1.6\">Quaisquer fatores que demonstrem que seu ente querido n\u00e3o representa um perigo e provavelmente comparecer\u00e1 \u00e0s futuras audi\u00eancias judiciais. Quanto mais fortes as evid\u00eancias, maiores as chances de se obter uma fian\u00e7a razo\u00e1vel.<\/li>\n<\/ul>\n\n\n\n<h2 class=\"wp-block-heading\">Como nosso escrit\u00f3rio auxilia em casos de fian\u00e7a de imigra\u00e7\u00e3o<\/h2>\n\n\n\n<h4 class=\"wp-block-heading\">Nossa equipe de imigra\u00e7\u00e3o entende a urg\u00eancia e o estresse da deten\u00e7\u00e3o. Quando voc\u00ea entra em contato conosco sobre uma fian\u00e7a de imigra\u00e7\u00e3o, agimos rapidamente para:<\/h4>\n\n\n\n<ul class=\"wp-block-list\">\n<li style=\"line-height:1.6\">Analise a elegibilidade: avalie se seu ente querido pode se qualificar para uma fian\u00e7a ou audi\u00eancia de fian\u00e7a.<\/li>\n\n\n\n<li style=\"line-height:1.6\">Solicitar uma audi\u00eancia de fian\u00e7a: Apresente as peti\u00e7\u00f5es e solicita\u00e7\u00f5es necess\u00e1rias ao tribunal de imigra\u00e7\u00e3o.<\/li>\n\n\n\n<li style=\"line-height:1.6\">Reunir provas de apoio: Ajudamos voc\u00ea a coletar documentos, cartas de apoio e comprovantes de v\u00ednculos com a comunidade.<\/li>\n\n\n\n<li style=\"line-height:1.6\">Prepare seu ente querido: explique o que esperar na audi\u00eancia de fian\u00e7a e como responder \u00e0s perguntas do juiz.<\/li>\n\n\n\n<li style=\"line-height:1.6\">Aconselhamento sobre o pagamento da fian\u00e7a: Orientamos voc\u00ea durante o processo de pagamento da fian\u00e7a para que seu ente querido possa ser libertado o mais r\u00e1pido poss\u00edvel.<\/li>\n<\/ul>\n\n\n\n<p>Nosso objetivo \u00e9 ajudar seu familiar a voltar para casa enquanto continuamos lutando pelo seu caso de imigra\u00e7\u00e3o.<\/p>\n\n\n\n<h2 class=\"wp-block-heading\">Perguntas frequentes sobre fian\u00e7as de imigra\u00e7\u00e3o<\/h2>\n\n\n\n<h5 class=\"wp-block-heading\"><strong>Como \u00e9 determinado o valor da fian\u00e7a?<\/strong><\/h5>\n\n\n\n<p>O valor da fian\u00e7a geralmente \u00e9 definido com base no hist\u00f3rico de imigra\u00e7\u00e3o da pessoa, antecedentes criminais (se houver), v\u00ednculos com a comunidade e risco de n\u00e3o comparecimento ao tribunal. Ju\u00edzes e agentes do ICE t\u00eam poder discricion\u00e1rio, mas seu advogado pode argumentar por um valor menor e mais razo\u00e1vel.<\/p>\n\n\n\n<h5 class=\"wp-block-heading\"><strong>Quem pode pagar a fian\u00e7a de imigra\u00e7\u00e3o?<\/strong><\/h5>\n\n\n\n<p>Em geral, um cidad\u00e3o americano ou residente permanente legal pode pagar a fian\u00e7a. A pessoa que paga \u00e9 chamada de &quot;devedor&quot;. Assim que o caso for encerrado e todas as condi\u00e7\u00f5es forem cumpridas, o valor da fian\u00e7a poder\u00e1 ser devolvido ao devedor, sujeito aos procedimentos governamentais e a quaisquer condi\u00e7\u00f5es aplic\u00e1veis.<\/p>\n\n\n\n<h5 class=\"wp-block-heading\"><strong>Quanto tempo leva para algu\u00e9m ser liberado ap\u00f3s o pagamento da fian\u00e7a?<\/strong><\/h5>\n\n\n\n<p>Os prazos de libera\u00e7\u00e3o podem variar, mas, uma vez que a fian\u00e7a seja devidamente paga, a pessoa detida geralmente \u00e9 liberada do centro de deten\u00e7\u00e3o em um curto per\u00edodo de tempo, dependendo da localiza\u00e7\u00e3o e de eventuais atrasos no processamento.<\/p>\n\n\n\n<h5 class=\"wp-block-heading\"><strong>Se meu ente querido receber fian\u00e7a, o caso ser\u00e1 arquivado?<\/strong><\/h5>\n\n\n\n<p>N\u00e3o. A fian\u00e7a apenas permite que a pessoa seja liberada da deten\u00e7\u00e3o. Seu processo de imigra\u00e7\u00e3o continua, e ela deve comparecer a todas as audi\u00eancias e cumprir todas as exig\u00eancias do tribunal.<\/p>\n\n\n\n<h5 class=\"wp-block-heading\"><strong>O que acontece se a pessoa faltar a uma audi\u00eancia judicial?<\/strong><\/h5>\n\n\n\n<p>O n\u00e3o comparecimento a uma audi\u00eancia judicial pode resultar em uma ordem de remo\u00e7\u00e3o (deporta\u00e7\u00e3o) \u00e0 revelia e na perda da fian\u00e7a imigrat\u00f3ria. \u00c9 fundamental manter todos os endere\u00e7os atualizados e nunca faltar a uma audi\u00eancia agendada.<\/p>\n\n\n\n<h2 class=\"wp-block-heading\">N\u00e3o enfrente o processo de fian\u00e7a de imigra\u00e7\u00e3o sozinho(a).<\/h2>\n\n\n\n<p>Se seu ente querido estiver detido em um centro de imigra\u00e7\u00e3o, o tempo \u00e9 crucial. Quanto antes voc\u00ea conversar com um advogado de imigra\u00e7\u00e3o experiente, mais cedo poderemos avaliar as op\u00e7\u00f5es de fian\u00e7a e come\u00e7ar a trabalhar para sua liberta\u00e7\u00e3o.<\/p>\n\n\n\n<p><strong>Entre em contato conosco hoje mesmo<\/strong> <a href=\"tel:+16785032780\"><strong>678-503-2780<\/strong><\/a> Para agendar uma consulta<\/p>\n\n\n\n<p>Estamos aqui para apoiar voc\u00ea e sua fam\u00edlia em cada etapa do processo de fian\u00e7a e do processo judicial de imigra\u00e7\u00e3o.<\/p>\n\n\n\n<p><\/p>","protected":false},"excerpt":{"rendered":"<p>Protecting Your Freedom While Your Immigration Case Moves Forward When a loved one is detained by ICE, everything changes in an instant. You\u2019re worried, overwhelmed, and unsure what to do next. Our immigration team is here to guide you through the immigration bond process, so your family member has a chance to be released from [&hellip;]<\/p>\n","protected":false},"author":34,"featured_media":8762,"parent":0,"menu_order":0,"comment_status":"closed","ping_status":"closed","template":"immigration","meta":{"_acf_changed":false,"_themeisle_gutenberg_block_has_review":false,"footnotes":""},"categories":[73,4,74,50,75,52,76,51],"tags":[],"class_list":["post-8671","page","type-page","status-publish","has-post-thumbnail","hentry","category-atlanta-location-es","category-atlanta-location","category-marietta-location-es","category-marietta-location","category-sandy-springs-location-es","category-sandy-springs-location","category-smyrna-location-es","category-smyrna-location"],"acf":[],"aioseo_notices":[],"_links":{"self":[{"href":"https:\/\/dglawga.com\/pt\/wp-json\/wp\/v2\/pages\/8671","targetHints":{"allow":["GET"]}}],"collection":[{"href":"https:\/\/dglawga.com\/pt\/wp-json\/wp\/v2\/pages"}],"about":[{"href":"https:\/\/dglawga.com\/pt\/wp-json\/wp\/v2\/types\/page"}],"author":[{"embeddable":true,"href":"https:\/\/dglawga.com\/pt\/wp-json\/wp\/v2\/users\/34"}],"replies":[{"embeddable":true,"href":"https:\/\/dglawga.com\/pt\/wp-json\/wp\/v2\/comments?post=8671"}],"version-history":[{"count":5,"href":"https:\/\/dglawga.com\/pt\/wp-json\/wp\/v2\/pages\/8671\/revisions"}],"predecessor-version":[{"id":8752,"href":"https:\/\/dglawga.com\/pt\/wp-json\/wp\/v2\/pages\/8671\/revisions\/8752"}],"wp:featuredmedia":[{"embeddable":true,"href":"https:\/\/dglawga.com\/pt\/wp-json\/wp\/v2\/media\/8762"}],"wp:attachment":[{"href":"https:\/\/dglawga.com\/pt\/wp-json\/wp\/v2\/media?parent=8671"}],"wp:term":[{"taxonomy":"category","embeddable":true,"href":"https:\/\/dglawga.com\/pt\/wp-json\/wp\/v2\/categories?post=8671"},{"taxonomy":"post_tag","embeddable":true,"href":"https:\/\/dglawga.com\/pt\/wp-json\/wp\/v2\/tags?post=8671"}],"curies":[{"name":"wp","href":"https:\/\/api.w.org\/{rel}","templated":true}]}}