{"id":8679,"date":"2026-02-20T20:41:46","date_gmt":"2026-02-21T01:41:46","guid":{"rendered":"https:\/\/dglawga.com\/?page_id=8679"},"modified":"2026-02-24T12:45:34","modified_gmt":"2026-02-24T17:45:34","slug":"sijs-juvenile-visa","status":"publish","type":"page","link":"https:\/\/dglawga.com\/pt\/sijs-juvenile-visa\/","title":{"rendered":"SIJS \u2013 Visto Juvenil"},"content":{"rendered":"<h2 class=\"wp-block-heading\">SIJS \/ Visto Juvenil (Estatuto Especial Juvenil Imigrante)<\/h2>\n\n\n\n<p>SIJS \/ Visto Juvenil (Status Especial de Imigrante Juvenil) O Status Especial de Imigrante Juvenil (SIJS), tamb\u00e9m conhecido como &quot;visto juvenil&quot;, \u00e9 uma importante forma de amparo imigrat\u00f3rio para crian\u00e7as e jovens que sofreram abuso, abandono ou neglig\u00eancia por parte de um ou ambos os pais. Nossa equipe de imigra\u00e7\u00e3o compreende a delicadeza desses casos e trabalha com compaix\u00e3o.<\/p>\n\n\n\n<p>A nossa equipa de imigra\u00e7\u00e3o compreende a sensibilidade destes casos. Trabalhamos com compaix\u00e3o e discri\u00e7\u00e3o para ajudar os nossos jovens clientes a obter prote\u00e7\u00e3o, estabilidade e um caminho para a legaliza\u00e7\u00e3o nos Estados Unidos.<a id=\"_msocom_1\"><\/a><\/p>\n\n\n\n<h2 class=\"wp-block-heading\">O que \u00e9 SIJS?<\/h2>\n\n\n\n<h4 class=\"wp-block-heading\">O Status de Imigrante Juvenil Especial \u00e9 um benef\u00edcio federal de imigra\u00e7\u00e3o para certas crian\u00e7as e jovens adultos indocumentados que:<\/h4>\n\n\n\n<ul class=\"wp-block-list\">\n<li style=\"line-height:1.6\">Est\u00e3o abaixo de uma idade espec\u00edfica definida pela lei estadual (geralmente menos de 21 anos) no momento em que o processo \u00e9 instaurado.<\/li>\n\n\n\n<li style=\"line-height:1.6\">S\u00e3o solteiros.<\/li>\n\n\n\n<li style=\"line-height:1.6\">Foram v\u00edtimas de abuso, abandono ou neglig\u00eancia por parte de um ou ambos os pais.<\/li>\n\n\n\n<li style=\"line-height:1.6\">Ter uma ordem judicial de um tribunal de menores declarando que n\u00e3o \u00e9 do melhor interesse da crian\u00e7a retornar ao seu pa\u00eds de origem.<\/li>\n<\/ul>\n\n\n\n<p>Com o SIJS, um jovem pode solicitar resid\u00eancia permanente (green card) nos Estados Unidos e obter seguran\u00e7a e prote\u00e7\u00e3o contra deporta\u00e7\u00e3o a longo prazo.<\/p>\n\n\n\n<h2 class=\"wp-block-heading\">Quem se qualifica para o SIJS?<\/h2>\n\n\n\n<h4 class=\"wp-block-heading\">Cada caso \u00e9 \u00fanico, mas, em geral, um jovem pode ser eleg\u00edvel para o SIJS se:<\/h4>\n\n\n\n<ul class=\"wp-block-list\">\n<li style=\"line-height:1.6\">Eles est\u00e3o presentes nos Estados Unidos.<\/li>\n\n\n\n<li style=\"line-height:1.6\">Eles n\u00e3o s\u00e3o casados.<\/li>\n\n\n\n<li style=\"line-height:1.6\">Eles possuem uma ordem judicial para menores (por exemplo: guarda, tutela, tutela ou ordem similar) que:\n<ul class=\"wp-block-list\">\n<li style=\"line-height:1.6\">Coloca-os sob a cust\u00f3dia ou tutela de uma pessoa ou ag\u00eancia.<\/li>\n\n\n\n<li style=\"line-height:1.6\">Constata que a reunifica\u00e7\u00e3o com um ou ambos os pais n\u00e3o \u00e9 poss\u00edvel devido a abuso, abandono, neglig\u00eancia ou motivo semelhante, de acordo com a legisla\u00e7\u00e3o estadual.<\/li>\n\n\n\n<li style=\"line-height:1.6\">Estados que afirmam que retornar ao seu pa\u00eds de origem n\u00e3o \u00e9 do seu melhor interesse<\/li>\n<\/ul>\n<\/li>\n<\/ul>\n\n\n\n<p>Como os casos SIJS envolvem tanto o direito imigrat\u00f3rio estadual quanto o federal, \u00e9 crucial trabalhar com um advogado que entenda ambos os aspectos do processo e possa coordenar cada etapa cuidadosamente.<\/p>\n\n\n\n<h2 class=\"wp-block-heading\">Benef\u00edcios da SIJS<\/h2>\n\n\n\n<h4 class=\"wp-block-heading\">Para jovens eleg\u00edveis, o SIJS pode mudar suas vidas. Ele pode oferecer:<\/h4>\n\n\n\n<ul class=\"wp-block-list\">\n<li style=\"line-height:1.6\">Prote\u00e7\u00e3o contra remo\u00e7\u00e3o\/deporta\u00e7\u00e3o.<\/li>\n\n\n\n<li style=\"line-height:1.6\">Elegibilidade para solicitar um green card (resid\u00eancia permanente legal).<\/li>\n\n\n\n<li style=\"line-height:1.6\">Acesso \u00e0 autoriza\u00e7\u00e3o de trabalho (ap\u00f3s a concess\u00e3o da resid\u00eancia permanente ou o cumprimento de determinadas etapas).<\/li>\n\n\n\n<li style=\"line-height:1.6\">Maior estabilidade para educa\u00e7\u00e3o, assist\u00eancia m\u00e9dica e planejamento a longo prazo.<\/li>\n<\/ul>\n\n\n\n<p>O SIJS n\u00e3o \u00e9 uma solu\u00e7\u00e3o r\u00e1pida e apresenta algumas limita\u00e7\u00f5es (por exemplo, n\u00e3o permite que a crian\u00e7a fa\u00e7a uma peti\u00e7\u00e3o posteriormente em nome de qualquer um dos pais), mas pode proporcionar seguran\u00e7a e estabilidade essenciais para um jovem vulner\u00e1vel.<\/p>\n\n\n\n<h2 class=\"wp-block-heading\">Como funciona o processo SIJS<\/h2>\n\n\n\n<h4 class=\"wp-block-heading\">Como o SIJS \u00e9 um processo em duas etapas (tribunal estadual e imigra\u00e7\u00e3o), o momento certo e a estrat\u00e9gia s\u00e3o cruciais. Em muitos casos, as etapas podem incluir:<\/h4>\n\n\n\n<h5 class=\"wp-block-heading\"><strong>1.<\/strong> <strong>Processos no Tribunal de Menores ou de Fam\u00edlia<\/strong><\/h5>\n\n\n\n<ul class=\"wp-block-list\">\n<li style=\"line-height:1.6\">Ajuizar uma a\u00e7\u00e3o em um tribunal estadual de menores, de fam\u00edlia ou de sucess\u00f5es (por exemplo, guarda, tutela ou depend\u00eancia).<\/li>\n\n\n\n<li style=\"line-height:1.6\">Solicitar ao tribunal que emita pareceres especiais declarando que a crian\u00e7a foi abusada, abandonada ou negligenciada; que a reunifica\u00e7\u00e3o com um ou ambos os pais n\u00e3o \u00e9 vi\u00e1vel; e que n\u00e3o \u00e9 do melhor interesse da crian\u00e7a retornar ao seu pa\u00eds de origem.<\/li>\n<\/ul>\n\n\n\n<h5 class=\"wp-block-heading\"><strong>2.<\/strong> <strong>Apresenta\u00e7\u00e3o da Peti\u00e7\u00e3o SIJS junto ao USCIS<\/strong><\/h5>\n\n\n\n<ul class=\"wp-block-list\">\n<li style=\"line-height:1.6\">Envie o formul\u00e1rio I-360 (Peti\u00e7\u00e3o para Amerasiano, Vi\u00favo(a) ou Imigrante Especial) com as provas documentais e a ordem judicial do tribunal de menores.<\/li>\n\n\n\n<li style=\"line-height:1.6\">Responder a quaisquer solicita\u00e7\u00f5es de evid\u00eancias (RFEs) do USCIS.<\/li>\n<\/ul>\n\n\n\n<h5 class=\"wp-block-heading\"><strong>3.<\/strong> <strong>Como solicitar o Green Card (quando eleg\u00edvel)<\/strong><\/h5>\n\n\n\n<ul class=\"wp-block-list\">\n<li style=\"line-height:1.6\">Ap\u00f3s a aprova\u00e7\u00e3o do SIJS e a disponibilidade de um visto na categoria correta, solicite o ajuste de status (green card).<\/li>\n\n\n\n<li style=\"line-height:1.6\">Conclus\u00e3o da coleta de dados biom\u00e9tricos, entrevistas (se necess\u00e1rio) e quaisquer etapas adicionais junto ao USCIS.<\/li>\n<\/ul>\n\n\n\n<p>Nosso escrit\u00f3rio cuida de todo o processo, do in\u00edcio ao fim, coordenando com a fam\u00edlia, o tribunal e as ag\u00eancias de imigra\u00e7\u00e3o para garantir que o caso do jovem seja apresentado de forma clara e cuidadosa.<\/p>\n\n\n\n<h2 class=\"wp-block-heading\">Por que escolher o escrit\u00f3rio de advocacia Diaz and Gaeta para casos de SIJS\/Visto Juvenil?<\/h2>\n\n\n\n<p>Os casos SIJS s\u00e3o mais do que formul\u00e1rios e datas de audi\u00eancia \u2014 trata-se de proteger jovens que j\u00e1 sofreram demais.<\/p>\n\n\n\n<h4 class=\"wp-block-heading\">Ao trabalhar com nossa equipe, voc\u00ea pode esperar:<\/h4>\n\n\n\n<ul class=\"wp-block-list\">\n<li style=\"line-height:1.6\">Apoio compassivo e sens\u00edvel ao trauma para crian\u00e7as e adolescentes.<\/li>\n\n\n\n<li style=\"line-height:1.6\">Explica\u00e7\u00f5es claras em cada etapa, tanto para o jovem quanto para seu cuidador.<\/li>\n\n\n\n<li style=\"line-height:1.6\">Experi\u00eancia de trabalho com tribunais de menores e de fam\u00edlia, bem como com autoridades de imigra\u00e7\u00e3o.<\/li>\n\n\n\n<li style=\"line-height:1.6\">Funcion\u00e1rios bil\u00edngues (se aplic\u00e1vel) que possam se comunicar no idioma de prefer\u00eancia da fam\u00edlia.<\/li>\n\n\n\n<li style=\"line-height:1.6\">Colabora\u00e7\u00e3o com escolas, terapeutas e organiza\u00e7\u00f5es comunit\u00e1rias, quando apropriado e com o seu consentimento.<\/li>\n<\/ul>\n\n\n\n<p>Sabemos o quanto esses casos podem ser emocionalmente desgastantes. Nosso objetivo \u00e9 tornar o processo o mais seguro e compreens\u00edvel poss\u00edvel para a crian\u00e7a e sua fam\u00edlia ou respons\u00e1vel.<\/p>\n\n\n\n<h2 class=\"wp-block-heading\">Sinais de que seu filho ou jovem de quem voc\u00ea cuida pode se qualificar<\/h2>\n\n\n\n<h4 class=\"wp-block-heading\">Voc\u00ea pode querer perguntar sobre SIJS se:<\/h4>\n\n\n\n<ul class=\"wp-block-list\">\n<li style=\"line-height:1.6\">Uma crian\u00e7a ou adolescente veio para os EUA sozinho ou acompanhado por algu\u00e9m que n\u00e3o sejam seus pais.<\/li>\n\n\n\n<li style=\"line-height:1.6\">Um ou ambos os pais desapareceram, foram deportados ou cortaram rela\u00e7\u00f5es com a crian\u00e7a.<\/li>\n\n\n\n<li style=\"line-height:1.6\">O jovem sofreu abuso, neglig\u00eancia ou abandono por parte de um dos pais em seu pa\u00eds de origem ou nos EUA.<\/li>\n\n\n\n<li style=\"line-height:1.6\">Um parente, amigo da fam\u00edlia ou outro adulto de confian\u00e7a est\u00e1 cuidando da crian\u00e7a no momento.<\/li>\n\n\n\n<li style=\"line-height:1.6\">J\u00e1 existe um processo de cust\u00f3dia, tutela ou depend\u00eancia em andamento no tribunal estadual, ou voc\u00ea est\u00e1 pensando em iniciar um.<\/li>\n<\/ul>\n\n\n\n<p>Se alguma dessas situa\u00e7\u00f5es lhe parecer familiar, \u00e9 importante consultar um advogado de imigra\u00e7\u00e3o o mais breve poss\u00edvel, pois limites de idade e prazos podem afetar a elegibilidade.<\/p>\n\n\n\n<h2 class=\"wp-block-heading\">Perguntas frequentes sobre SIJS<\/h2>\n\n\n\n<h5 class=\"wp-block-heading\"><strong>SIJS \u00e9 o mesmo que asilo?<\/strong><\/h5>\n\n\n\n<p>N\u00e3o. O SIJS \u00e9 uma forma separada de prote\u00e7\u00e3o baseada em abuso, abandono ou neglig\u00eancia por parte de um dos pais e em uma ordem judicial para menores. Algumas crian\u00e7as podem se qualificar tanto para o SIJS quanto para o asilo, mas os requisitos e os processos s\u00e3o diferentes.<\/p>\n\n\n\n<h5 class=\"wp-block-heading\"><strong>Uma crian\u00e7a com SIJS pode trazer seus pais para os EUA posteriormente?<\/strong><\/h5>\n\n\n\n<p>N\u00e3o. Uma limita\u00e7\u00e3o importante do SIJS \u00e9 que uma crian\u00e7a que se torna residente permanente por meio do SIJS n\u00e3o pode solicitar a imigra\u00e7\u00e3o de nenhum dos pais posteriormente, nem mesmo do pai ou m\u00e3e n\u00e3o abusivo(a). No entanto, ela poder\u00e1 solicitar a imigra\u00e7\u00e3o de outros membros da fam\u00edlia eleg\u00edveis no futuro, como c\u00f4njuge ou filhos, assim que se tornar cidad\u00e3 americana.<\/p>\n\n\n\n<h5 class=\"wp-block-heading\"><strong>A crian\u00e7a precisa ter um dos pais nos EUA para se qualificar?<\/strong><\/h5>\n\n\n\n<p>N\u00e3o necessariamente. O que importa \u00e9 a ordem judicial para menores e as conclus\u00f5es sobre abuso, abandono ou neglig\u00eancia por parte de um ou ambos os pais, e que o retorno ao pa\u00eds de origem n\u00e3o seja do melhor interesse da crian\u00e7a.<\/p>\n\n\n\n<h5 class=\"wp-block-heading\"><strong>E se a crian\u00e7a estiver prestes a completar 18 ou 21 anos?<\/strong><\/h5>\n\n\n\n<p>A idade \u00e9 crucial em casos de SIJS (Special Injury Justice Scheme - Lei de Justi\u00e7a Juvenil). Alguns estados permitem a jurisdi\u00e7\u00e3o do tribunal juvenil apenas at\u00e9 os 18 anos, outros at\u00e9 os 21. Por isso, \u00e9 muito importante consultar um advogado o quanto antes para n\u00e3o perder op\u00e7\u00f5es importantes.<\/p>\n\n\n\n<h2 class=\"wp-block-heading\">Agende uma Consulta SIJS\/Juvenil Confidencial<\/h2>\n\n\n\n<p>Se voc\u00ea cuida de uma crian\u00e7a ou jovem que sofreu abuso, abandono ou neglig\u00eancia por parte de um adulto, procure ajuda profissional.<\/p>\n\n\n\n<p>Os pais podem ter op\u00e7\u00f5es importantes de imigra\u00e7\u00e3o, mas o tempo \u00e9 essencial.<\/p>\n\n\n\n<h4 class=\"wp-block-heading\">Estamos aqui para ajudar voc\u00ea a entender:<\/h4>\n\n\n\n<ul class=\"wp-block-list\">\n<li style=\"line-height:1.6\">Se a SIJS \u00e9 uma op\u00e7\u00e3o.<\/li>\n\n\n\n<li style=\"line-height:1.6\">Quais s\u00e3o os procedimentos necess\u00e1rios no tribunal de menores ou de fam\u00edlia?.<\/li>\n\n\n\n<li style=\"line-height:1.6\">Como o SIJS se conecta a um futuro green card.<\/li>\n\n\n\n<li style=\"line-height:1.6\">Qual o cronograma esperado na sua situa\u00e7\u00e3o?.<\/li>\n<\/ul>\n\n\n\n<p><strong>Entre em contato conosco hoje mesmo para uma consulta.<\/strong> <a href=\"tel:+16785032780\"><strong>678-503-2780<\/strong><\/a><\/p>\n\n\n\n<p>A seguran\u00e7a e o futuro do seu filho s\u00e3o nossa prioridade. Deixe nossa equipe gui\u00e1-lo pelo processo SIJS com cuidado, respeito e experi\u00eancia.<a id=\"_msocom_1\"><\/a><\/p>\n\n\n\n<p><\/p>","protected":false},"excerpt":{"rendered":"<p>SIJS \/ Juvenile Visa (Special Immigrant Juvenile Status) Special Immigrant Juvenile Status (SIJS), sometimes called the \u201cjuvenile visa,\u201d is a powerful form of immigration relief for children and young people who have been abused, abandoned, or neglected by one or both parents. Our immigration team understands how sensitive these cases are. We work with compassion [&hellip;]<\/p>\n","protected":false},"author":34,"featured_media":8750,"parent":0,"menu_order":0,"comment_status":"closed","ping_status":"closed","template":"immigration","meta":{"_acf_changed":false,"_themeisle_gutenberg_block_has_review":false,"footnotes":""},"categories":[73,4,74,50,75,52,76,51],"tags":[],"class_list":["post-8679","page","type-page","status-publish","has-post-thumbnail","hentry","category-atlanta-location-es","category-atlanta-location","category-marietta-location-es","category-marietta-location","category-sandy-springs-location-es","category-sandy-springs-location","category-smyrna-location-es","category-smyrna-location"],"acf":[],"aioseo_notices":[],"_links":{"self":[{"href":"https:\/\/dglawga.com\/pt\/wp-json\/wp\/v2\/pages\/8679","targetHints":{"allow":["GET"]}}],"collection":[{"href":"https:\/\/dglawga.com\/pt\/wp-json\/wp\/v2\/pages"}],"about":[{"href":"https:\/\/dglawga.com\/pt\/wp-json\/wp\/v2\/types\/page"}],"author":[{"embeddable":true,"href":"https:\/\/dglawga.com\/pt\/wp-json\/wp\/v2\/users\/34"}],"replies":[{"embeddable":true,"href":"https:\/\/dglawga.com\/pt\/wp-json\/wp\/v2\/comments?post=8679"}],"version-history":[{"count":7,"href":"https:\/\/dglawga.com\/pt\/wp-json\/wp\/v2\/pages\/8679\/revisions"}],"predecessor-version":[{"id":8757,"href":"https:\/\/dglawga.com\/pt\/wp-json\/wp\/v2\/pages\/8679\/revisions\/8757"}],"wp:featuredmedia":[{"embeddable":true,"href":"https:\/\/dglawga.com\/pt\/wp-json\/wp\/v2\/media\/8750"}],"wp:attachment":[{"href":"https:\/\/dglawga.com\/pt\/wp-json\/wp\/v2\/media?parent=8679"}],"wp:term":[{"taxonomy":"category","embeddable":true,"href":"https:\/\/dglawga.com\/pt\/wp-json\/wp\/v2\/categories?post=8679"},{"taxonomy":"post_tag","embeddable":true,"href":"https:\/\/dglawga.com\/pt\/wp-json\/wp\/v2\/tags?post=8679"}],"curies":[{"name":"wp","href":"https:\/\/api.w.org\/{rel}","templated":true}]}}