{"id":8687,"date":"2026-02-21T08:52:59","date_gmt":"2026-02-21T13:52:59","guid":{"rendered":"https:\/\/dglawga.com\/?page_id=8687"},"modified":"2026-02-24T12:51:04","modified_gmt":"2026-02-24T17:51:04","slug":"t-visa","status":"publish","type":"page","link":"https:\/\/dglawga.com\/pt\/t-visa\/","title":{"rendered":"Visto T"},"content":{"rendered":"<h2 class=\"wp-block-heading\">Prote\u00e7\u00e3o para v\u00edtimas do tr\u00e1fico humano<\/h2>\n\n\n\n<p>Se voc\u00ea ou um ente querido foi v\u00edtima de tr\u00e1fico humano, saiba que voc\u00ea n\u00e3o est\u00e1 sozinho(a) e pode ser eleg\u00edvel para um visto T. Nossa equipe de imigra\u00e7\u00e3o est\u00e1 aqui para orient\u00e1-lo(a) com compaix\u00e3o, confidencialidade e explica\u00e7\u00f5es claras em cada etapa do processo.<\/p>\n\n\n\n<h2 class=\"wp-block-heading\">O que \u00e9 um visto T?<\/h2>\n\n\n\n<p>O visto T \u00e9 um benef\u00edcio imigrat\u00f3rio especial para v\u00edtimas de tr\u00e1fico humano \u2014 tanto para casos de explora\u00e7\u00e3o sexual quanto para trabalho for\u00e7ado \u2014 que se encontram nos Estados Unidos e sofreram danos ou explora\u00e7\u00e3o graves. Ele foi criado para proteger as sobreviventes e incentiv\u00e1-las a buscar seguran\u00e7a e justi\u00e7a sem medo de serem deportadas.<\/p>\n\n\n\n<h4 class=\"wp-block-heading\">Com um visto T, as v\u00edtimas eleg\u00edveis podem ser capazes de:<\/h4>\n\n\n\n<ul class=\"wp-block-list\">\n<li style=\"line-height:1.6\">Permanecer legalmente nos Estados Unidos por um per\u00edodo limitado.<\/li>\n\n\n\n<li style=\"line-height:1.6\">Trabalhar legalmente com autoriza\u00e7\u00e3o de trabalho.<\/li>\n\n\n\n<li style=\"line-height:1.6\">Acesse determinados benef\u00edcios e servi\u00e7os para apoiar a recupera\u00e7\u00e3o.<\/li>\n\n\n\n<li style=\"line-height:1.6\">Se atenderem aos requisitos, poder\u00e3o solicitar resid\u00eancia permanente (green card) no futuro.<\/li>\n<\/ul>\n\n\n\n<h2 class=\"wp-block-heading\">Quem pode se qualificar para um visto T?<\/h2>\n\n\n\n<h4 class=\"wp-block-heading\">Cada caso \u00e9 \u00fanico, mas, em geral, voc\u00ea pode ser eleg\u00edvel para um visto T se:<\/h4>\n\n\n\n<ul class=\"wp-block-list\">\n<li style=\"line-height:1.6\">Voc\u00ea \u00e9 v\u00edtima de <strong>tr\u00e1fico humano grave<\/strong> (tr\u00e1fico de trabalho ou sexual).<\/li>\n\n\n\n<li style=\"line-height:1.6\">Voc\u00ea \u00e9 <strong>fisicamente presente nos Estados Unidos<\/strong> (ou em um porto de entrada) devido ao tr\u00e1fico.<\/li>\n\n\n\n<li style=\"line-height:1.6\">Voc\u00ea tem <strong>atendeu a solicita\u00e7\u00f5es razo\u00e1veis<\/strong> das autoridades policiais na investiga\u00e7\u00e3o ou no processo contra os traficantes (com algumas exce\u00e7\u00f5es, especialmente no caso de crian\u00e7as ou pessoas incapazes de cooperar devido a traumas).<\/li>\n\n\n\n<li style=\"line-height:1.6\">Voc\u00ea sofreria <strong>dificuldades extremas que envolvem danos incomuns e graves<\/strong> se voc\u00ea fosse for\u00e7ado a retornar ao seu pa\u00eds de origem.<\/li>\n\n\n\n<li style=\"line-height:1.6\">Voc\u00ea \u00e9 diferente <strong>admiss\u00edvel<\/strong> para os Estados Unidos ou que se qualifiquem para uma isen\u00e7\u00e3o de inadmissibilidade.<\/li>\n<\/ul>\n\n\n\n<p>Como as situa\u00e7\u00f5es de tr\u00e1fico humano s\u00e3o complexas e frequentemente envolvem amea\u00e7as, coer\u00e7\u00e3o e medo, muitas v\u00edtimas n\u00e3o percebem que podem ter direito a esse tipo de prote\u00e7\u00e3o. Conversar com um advogado de imigra\u00e7\u00e3o experiente pode ajud\u00e1-la a entender suas op\u00e7\u00f5es com seguran\u00e7a.<\/p>\n\n\n\n<h2 class=\"wp-block-heading\">Sinais de que voc\u00ea pode ter sido v\u00edtima de tr\u00e1fico humano<\/h2>\n\n\n\n<h4 class=\"wp-block-heading\">O tr\u00e1fico de pessoas nem sempre se parece com o que vemos nos filmes. Pode acontecer em casas, fazendas, restaurantes, f\u00e1bricas, canteiros de obras, hot\u00e9is e muitos outros lugares. Voc\u00ea pode ter sido v\u00edtima se uma ou mais das seguintes situa\u00e7\u00f5es se aplicarem a voc\u00ea:<\/h4>\n\n\n\n<ul class=\"wp-block-list\">\n<li style=\"line-height:1.6\">Algu\u00e9m controlou seu <strong>passaporte ou documentos de identidade<\/strong> e se recusaram a devolv\u00ea-los.<\/li>\n\n\n\n<li style=\"line-height:1.6\">Voc\u00ea foi for\u00e7ado a trabalhar. <strong>muitas horas<\/strong> Com pouco ou nenhum pagamento.<\/li>\n\n\n\n<li style=\"line-height:1.6\">Voc\u00ea era <strong>amea\u00e7ado de deporta\u00e7\u00e3o, pris\u00e3o ou dano<\/strong> Se voc\u00ea se recusasse a trabalhar.<\/li>\n\n\n\n<li style=\"line-height:1.6\">Voc\u00ea estava impedido de <strong>saindo do seu local de trabalho ou de casa<\/strong> Sem permiss\u00e3o.<\/li>\n\n\n\n<li style=\"line-height:1.6\">Voc\u00ea foi pressionado, enganado ou for\u00e7ado a <strong>sexo comercial ou trabalho<\/strong>.<\/li>\n\n\n\n<li style=\"line-height:1.6\">Seu traficante amea\u00e7ou voc\u00ea <strong>fam\u00edlia<\/strong> Se voc\u00ea n\u00e3o obedecesse.<\/li>\n<\/ul>\n\n\n\n<p>Se alguma dessas situa\u00e7\u00f5es lhe parece familiar, voc\u00ea merece seguran\u00e7a, apoio e orienta\u00e7\u00e3o jur\u00eddica.<\/p>\n\n\n\n<h2 class=\"wp-block-heading\">Benef\u00edcios de um visto T<\/h2>\n\n\n\n<h4 class=\"wp-block-heading\">O visto AT pode ser um passo importante para reconstruir sua vida. Se sua solicita\u00e7\u00e3o for aprovada, voc\u00ea poder\u00e1:<\/h4>\n\n\n\n<ul class=\"wp-block-list\">\n<li style=\"line-height:1.6\">Receber<strong> status de imigra\u00e7\u00e3o legal<\/strong> Nos EUA, por at\u00e9 4 anos (com possibilidade de prorroga\u00e7\u00e3o em determinados casos).<\/li>\n\n\n\n<li style=\"line-height:1.6\">Candidate-se <strong>autoriza\u00e7\u00e3o de trabalho<\/strong>, Assim, voc\u00ea poder\u00e1 trabalhar legalmente e se sustentar.<\/li>\n\n\n\n<li style=\"line-height:1.6\">Acesso a determinados locais <strong>benef\u00edcios e servi\u00e7os federais e estaduais<\/strong> Dispon\u00edvel para sobreviventes do tr\u00e1fico humano.<\/li>\n\n\n\n<li style=\"line-height:1.6\">Candidate-se <strong>Status T para certos membros da fam\u00edlia<\/strong>, como:\n<ul class=\"wp-block-list\">\n<li>C\u00f4njuge<\/li>\n\n\n\n<li>Crian\u00e7as<\/li>\n\n\n\n<li>Pais e irm\u00e3os menores (em alguns casos, especialmente se a v\u00edtima tiver menos de 21 anos)<\/li>\n<\/ul>\n<\/li>\n\n\n\n<li style=\"line-height:1.6\">Candidate-se a uma vaga <strong>cart\u00e3o verde<\/strong> ap\u00f3s atender a requisitos espec\u00edficos<\/li>\n<\/ul>\n\n\n\n<p>Nosso escrit\u00f3rio pode ajud\u00e1-lo a entender quais membros da fam\u00edlia podem ser inclu\u00eddos e quais medidas s\u00e3o necess\u00e1rias.<\/p>\n\n\n\n<h2 class=\"wp-block-heading\">Como nossa equipe de imigra\u00e7\u00e3o ajuda os clientes com visto T<\/h2>\n\n\n\n<p>Entendemos que falar sobre tr\u00e1fico de pessoas pode ser extremamente doloroso e assustador. Nosso papel \u00e9 criar um ambiente seguro e acolhedor onde voc\u00ea se sinta ouvido(a) e protegido(a).<\/p>\n\n\n\n<h4 class=\"wp-block-heading\">Ao trabalhar com a nossa empresa, n\u00f3s iremos:<\/h4>\n\n\n\n<ul class=\"wp-block-list\">\n<li style=\"line-height:1.6\"><strong>Ou\u00e7a sua hist\u00f3ria com aten\u00e7\u00e3o e confidencialidade.<\/strong>.<\/li>\n\n\n\n<li style=\"line-height:1.6\">Ajudar voc\u00ea <strong>Identifique se sua situa\u00e7\u00e3o se enquadra na defini\u00e7\u00e3o legal.<\/strong> do tr\u00e1fico.<\/li>\n\n\n\n<li style=\"line-height:1.6\">Coletar e organizar <strong>evid\u00eancia<\/strong> Para dar suporte ao seu pedido de visto T.<\/li>\n\n\n\n<li style=\"line-height:1.6\">Coordenar, quando apropriado, com <strong>autoridades policiais ou defensores<\/strong> envolvido no seu caso.<\/li>\n\n\n\n<li style=\"line-height:1.6\">Prepare e arquive todos os documentos necess\u00e1rios. <strong>Formul\u00e1rios e documentos comprobat\u00f3rios do USCIS<\/strong>.<\/li>\n\n\n\n<li style=\"line-height:1.6\">Manter voc\u00ea <strong>informado em cada etapa.<\/strong>, Respondendo \u00e0s suas perguntas de forma clara e simples. Voc\u00ea n\u00e3o precisa passar por esse processo sozinho.<\/li>\n<\/ul>\n\n\n\n<h2 class=\"wp-block-heading\">Visto T vs. Visto U \u2013 Qual a diferen\u00e7a?<\/h2>\n\n\n\n<p>Muitos sobreviventes n\u00e3o t\u00eam certeza se um <strong>Visto T<\/strong> ou um <strong>Visto U<\/strong> \u00e9 o certo para eles. Embora ambos sejam formas de prote\u00e7\u00e3o para v\u00edtimas de certos crimes, eles s\u00e3o diferentes:<\/p>\n\n\n\n<ul class=\"wp-block-list\">\n<li style=\"line-height:1.6\"><strong>Visto T<\/strong> \u00e9 especificamente para <strong>v\u00edtimas do tr\u00e1fico de seres humanos.<\/strong><\/li>\n\n\n\n<li style=\"line-height:1.6\"><strong>Visto U<\/strong> \u00c9 destinada a v\u00edtimas de uma gama mais ampla de crimes graves (como viol\u00eancia dom\u00e9stica, agress\u00e3o ou outros delitos qualificados) que cooperam com as autoridades policiais.<\/li>\n<\/ul>\n\n\n\n<p>Em alguns casos, os sobreviventes podem se qualificar para mais de uma op\u00e7\u00e3o. Nossos advogados analisar\u00e3o suas circunst\u00e2ncias e explicar\u00e3o qual caminho \u2014 ou combina\u00e7\u00e3o de op\u00e7\u00f5es \u2014 pode oferecer a melhor prote\u00e7\u00e3o para voc\u00ea e sua fam\u00edlia.<\/p>\n\n\n\n<h2 class=\"wp-block-heading\">Sua seguran\u00e7a vem em primeiro lugar.<\/h2>\n\n\n\n<p>Sabemos que muitas v\u00edtimas do tr\u00e1fico humano temem repres\u00e1lias por parte dos traficantes ou empregadores, ou receiam que denunciar o ocorrido possa colocar suas fam\u00edlias em risco. Sua seguran\u00e7a \u00e9 nossa maior prioridade.<\/p>\n\n\n\n<ul class=\"wp-block-list\">\n<li style=\"line-height:1.6\">Tratamos suas informa\u00e7\u00f5es como <strong>confidencial<\/strong>.<\/li>\n\n\n\n<li style=\"line-height:1.6\">Explicamos como funciona o processo e o que esperar.<\/li>\n\n\n\n<li style=\"line-height:1.6\">Trabalhamos com voc\u00ea para <strong>desenvolver um plano de seguran\u00e7a<\/strong> quando necess\u00e1rio.<\/li>\n\n\n\n<li style=\"line-height:1.6\">Tamb\u00e9m podemos conectar voc\u00ea, quando apropriado, com <strong>organiza\u00e7\u00f5es comunit\u00e1rias e servi\u00e7os de apoio<\/strong> Para obter ajuda adicional.<\/li>\n<\/ul>\n\n\n\n<h2 class=\"wp-block-heading\">D\u00ea o primeiro passo rumo \u00e0 prote\u00e7\u00e3o.<\/h2>\n\n\n\n<p>Se voc\u00ea acredita que voc\u00ea ou um ente querido pode ter sido v\u00edtima de tr\u00e1fico humano, n\u00e3o precisa ficar na clandestinidade. Pode haver prote\u00e7\u00f5es legais dispon\u00edveis para ajud\u00e1-lo(a) a permanecer nos Estados Unidos e reconstruir sua vida.<\/p>\n\n\n\n<p><strong><a href=\"https:\/\/dglawga.com\/pt\/contate-nos\/\" target=\"_blank\" rel=\"noopener\" title=\"\">Fale com um advogado de imigra\u00e7\u00e3o sobre suas op\u00e7\u00f5es.<\/a><\/strong><\/p>\n\n\n\n<p>Estamos aqui para ouvir, acreditar em voc\u00ea e ajud\u00e1-lo(a) a caminhar rumo \u00e0 seguran\u00e7a e estabilidade nos EUA.<\/p>\n\n\n\n<p><\/p>","protected":false},"excerpt":{"rendered":"<p>Protection for Victims of Human Trafficking If you or a loved one has been a victim of human trafficking, you are not alone\u2014and you may qualify for a T Visa. Our immigration team is here to guide you with compassion, confidentiality, and clear explanations at every step. What Is a T Visa? The T Visa [&hellip;]<\/p>\n","protected":false},"author":34,"featured_media":8729,"parent":0,"menu_order":0,"comment_status":"closed","ping_status":"closed","template":"immigration","meta":{"_acf_changed":false,"_themeisle_gutenberg_block_has_review":false,"footnotes":""},"categories":[73,4,74,50,75,52,76,51],"tags":[],"class_list":["post-8687","page","type-page","status-publish","has-post-thumbnail","hentry","category-atlanta-location-es","category-atlanta-location","category-marietta-location-es","category-marietta-location","category-sandy-springs-location-es","category-sandy-springs-location","category-smyrna-location-es","category-smyrna-location"],"acf":[],"aioseo_notices":[],"_links":{"self":[{"href":"https:\/\/dglawga.com\/pt\/wp-json\/wp\/v2\/pages\/8687","targetHints":{"allow":["GET"]}}],"collection":[{"href":"https:\/\/dglawga.com\/pt\/wp-json\/wp\/v2\/pages"}],"about":[{"href":"https:\/\/dglawga.com\/pt\/wp-json\/wp\/v2\/types\/page"}],"author":[{"embeddable":true,"href":"https:\/\/dglawga.com\/pt\/wp-json\/wp\/v2\/users\/34"}],"replies":[{"embeddable":true,"href":"https:\/\/dglawga.com\/pt\/wp-json\/wp\/v2\/comments?post=8687"}],"version-history":[{"count":4,"href":"https:\/\/dglawga.com\/pt\/wp-json\/wp\/v2\/pages\/8687\/revisions"}],"predecessor-version":[{"id":8758,"href":"https:\/\/dglawga.com\/pt\/wp-json\/wp\/v2\/pages\/8687\/revisions\/8758"}],"wp:featuredmedia":[{"embeddable":true,"href":"https:\/\/dglawga.com\/pt\/wp-json\/wp\/v2\/media\/8729"}],"wp:attachment":[{"href":"https:\/\/dglawga.com\/pt\/wp-json\/wp\/v2\/media?parent=8687"}],"wp:term":[{"taxonomy":"category","embeddable":true,"href":"https:\/\/dglawga.com\/pt\/wp-json\/wp\/v2\/categories?post=8687"},{"taxonomy":"post_tag","embeddable":true,"href":"https:\/\/dglawga.com\/pt\/wp-json\/wp\/v2\/tags?post=8687"}],"curies":[{"name":"wp","href":"https:\/\/api.w.org\/{rel}","templated":true}]}}