{"id":8692,"date":"2026-02-21T10:54:12","date_gmt":"2026-02-21T15:54:12","guid":{"rendered":"https:\/\/dglawga.com\/?page_id=8692"},"modified":"2026-02-24T19:33:08","modified_gmt":"2026-02-25T00:33:08","slug":"u-visa","status":"publish","type":"page","link":"https:\/\/dglawga.com\/pt\/u-visa\/","title":{"rendered":"Visto U"},"content":{"rendered":"<h2 class=\"wp-block-heading\">Visto U<a> <\/a>para v\u00edtimas de crimes<\/h2>\n\n\n\n<p>Assist\u00eancia em imigra\u00e7\u00e3o para pessoas que sofreram abuso ou viol\u00eancia.<\/p>\n\n\n\n<p>Se voc\u00ea for v\u00edtima de um crime grave nos Estados Unidos e tiver ajudado (ou estiver disposto a ajudar) as autoridades policiais, poder\u00e1 se qualificar para uma prote\u00e7\u00e3o imigrat\u00f3ria especial chamada Visto U (status de n\u00e3o imigrante U). Esse visto foi criado para proteger as v\u00edtimas e incentiv\u00e1-las a denunciar crimes sem medo de deporta\u00e7\u00e3o.<\/p>\n\n\n\n<p>Nossa equipe de imigra\u00e7\u00e3o est\u00e1 aqui para orient\u00e1-lo(a) neste processo delicado e complexo com compaix\u00e3o, confidencialidade e experi\u00eancia.<\/p>\n\n\n\n<h2 class=\"wp-block-heading\">O que \u00e9 um visto U?<\/h2>\n\n\n\n<p>O visto U \u00e9 um status de imigra\u00e7\u00e3o tempor\u00e1rio para n\u00e3o cidad\u00e3os que:<\/p>\n\n\n\n<ul class=\"wp-block-list\">\n<li style=\"line-height:1.6\">Ter sido v\u00edtima de certos crimes qualificados;<\/li>\n\n\n\n<li style=\"line-height:1.6\">Sofreu abusos f\u00edsicos ou mentais significativos como consequ\u00eancia;<\/li>\n\n\n\n<li style=\"line-height:1.6\">Ajudou, est\u00e1 ajudando ou est\u00e1 disposto a ajudar as autoridades policiais ou os promotores a investigar ou processar o crime.<\/li>\n<\/ul>\n\n\n\n<p>Se aprovado, o visto U pode lhe dar status legal nos EUA por at\u00e9 4 anos, autoriza\u00e7\u00e3o de trabalho e, em muitos casos, um caminho para solicitar um green card (resid\u00eancia permanente legal) no futuro.<\/p>\n\n\n\n<h2 class=\"wp-block-heading\">Quem se qualifica para um visto U?<\/h2>\n\n\n\n<h4 class=\"wp-block-heading\">Voc\u00ea pode se qualificar para um visto U se:<\/h4>\n\n\n\n<ul class=\"wp-block-list\">\n<li style=\"line-height:1.6\">Voc\u00ea foi v\u00edtima de um crime qualificado, como viol\u00eancia dom\u00e9stica, agress\u00e3o sexual, tr\u00e1fico de pessoas, sequestro, agress\u00e3o qualificada, persegui\u00e7\u00e3o ou outros crimes graves.<\/li>\n\n\n\n<li style=\"line-height:1.6\">O crime ocorreu nos Estados Unidos ou violou leis americanas.<\/li>\n\n\n\n<li style=\"line-height:1.6\">Voc\u00ea sofreu danos f\u00edsicos ou emocionais substanciais por causa do crime.<\/li>\n\n\n\n<li style=\"line-height:1.6\">Voc\u00ea tem informa\u00e7\u00f5es sobre o que aconteceu.<\/li>\n\n\n\n<li style=\"line-height:1.6\">Voc\u00ea cooperou, est\u00e1 cooperando ou est\u00e1 disposto a cooperar com as autoridades policiais (pol\u00edcia, promotores, ju\u00edzes ou outras autoridades) na investiga\u00e7\u00e3o ou no processo.<\/li>\n\n\n\n<li style=\"line-height:1.6\">Voc\u00ea \u00e9 eleg\u00edvel para entrar nos EUA ou se qualifica para uma isen\u00e7\u00e3o de inadmissibilidade.<\/li>\n<\/ul>\n\n\n\n<p>Mesmo que voc\u00ea n\u00e3o tenha certeza se sua situa\u00e7\u00e3o se qualifica, vale a pena conversar com um advogado de imigra\u00e7\u00e3o experiente. Muitas pessoas n\u00e3o percebem que o que vivenciaram pode torn\u00e1-las eleg\u00edveis para um visto U.<\/p>\n\n\n\n<h2 class=\"wp-block-heading\">Benef\u00edcios de um visto U<\/h2>\n\n\n\n<h4 class=\"wp-block-heading\">O visto australiano pode oferecer prote\u00e7\u00f5es e oportunidades valiosas, incluindo:<\/h4>\n\n\n\n<ul class=\"wp-block-list\">\n<li style=\"line-height:1.6\">Situa\u00e7\u00e3o legal nos Estados Unidos (geralmente at\u00e9 4 anos).<\/li>\n\n\n\n<li style=\"line-height:1.6\">Autoriza\u00e7\u00e3o de trabalho (EAD) para que voc\u00ea possa trabalhar legalmente.<\/li>\n\n\n\n<li style=\"line-height:1.6\">Possibilidade de solicitar o status U como dependentes para certos membros da fam\u00edlia (como c\u00f4njuge, filhos e, em alguns casos, pais ou irm\u00e3os solteiros).<\/li>\n\n\n\n<li style=\"line-height:1.6\">Uma poss\u00edvel via para obter o green card ap\u00f3s cumprir requisitos espec\u00edficos e manter presen\u00e7a cont\u00ednua no pa\u00eds.<\/li>\n\n\n\n<li style=\"line-height:1.6\">Prote\u00e7\u00e3o contra deporta\u00e7\u00e3o enquanto seu caso estiver pendente e, se aprovado, durante seu status U.<\/li>\n<\/ul>\n\n\n\n<h2 class=\"wp-block-heading\">O processo de visto U<\/h2>\n\n\n\n<h4 class=\"wp-block-heading\">Embora cada caso seja \u00fanico, o processo do visto U geralmente inclui:<\/h4>\n\n\n\n<h5 class=\"wp-block-heading\"><strong>1.<\/strong> <strong>Avalia\u00e7\u00e3o do seu caso<\/strong><\/h5>\n\n\n\n<p>Analisamos sua hist\u00f3ria, seu hist\u00f3rico de imigra\u00e7\u00e3o e sua elegibilidade para o status U e quaisquer isen\u00e7\u00f5es necess\u00e1rias.<\/p>\n\n\n\n<h5 class=\"wp-block-heading\"><strong>2.<\/strong> <strong>Certifica\u00e7\u00e3o de Aplica\u00e7\u00e3o da Lei (Formul\u00e1rio I-918, Suplemento B)<\/strong><\/h5>\n\n\n\n<p>Este \u00e9 um passo crucial. Uma ag\u00eancia de aplica\u00e7\u00e3o da lei (como um departamento de pol\u00edcia, promotoria ou juiz) deve assinar uma declara\u00e7\u00e3o confirmando que voc\u00ea foi v\u00edtima de um crime qualificado e que voc\u00ea foi, est\u00e1 sendo ou provavelmente ser\u00e1 \u00fatil na investiga\u00e7\u00e3o ou no processo.<\/p>\n\n\n\n<h5 class=\"wp-block-heading\"><strong>3.<\/strong> <strong>Preparando e preenchendo seu pedido de visto U<\/strong><\/h5>\n\n\n\n<p>Ajudamos a reunir provas do crime e dos danos sofridos (boletins de ocorr\u00eancia, prontu\u00e1rios m\u00e9dicos, avalia\u00e7\u00f5es psicol\u00f3gicas, depoimentos de testemunhas, etc.), al\u00e9m de preparar e enviar seu pacote de visto U para o USCIS.<\/p>\n\n\n\n<h2 class=\"wp-block-heading\">Dispensas de inadmissibilidade (se necess\u00e1rio)<\/h2>\n\n\n\n<p>Se voc\u00ea possui antecedentes criminais, viola\u00e7\u00f5es das leis de imigra\u00e7\u00e3o ou outros motivos de inadmissibilidade, analisamos se voc\u00ea se qualifica para uma isen\u00e7\u00e3o e ajudamos a preparar a solicita\u00e7\u00e3o mais s\u00f3lida poss\u00edvel.<\/p>\n\n\n\n<h5 class=\"wp-block-heading\"><strong>1.<\/strong> <strong>Per\u00edodo de espera e autoriza\u00e7\u00e3o de trabalho<\/strong><\/h5>\n\n\n\n<p>Como existe um limite anual para vistos U, os tempos de espera podem ser longos. Durante esse per\u00edodo, certas prote\u00e7\u00f5es e benef\u00edcios ainda podem estar dispon\u00edveis. Nossa equipe monitora seu caso, responde \u00e0s solicita\u00e7\u00f5es do departamento de imigra\u00e7\u00e3o e mant\u00e9m voc\u00ea informado.<\/p>\n\n\n\n<h5 class=\"wp-block-heading\"><strong>2.<\/strong> <strong>Ap\u00f3s aprova\u00e7\u00e3o<\/strong><\/h5>\n\n\n\n<p>Ap\u00f3s a aprova\u00e7\u00e3o, orientamos voc\u00ea na manuten\u00e7\u00e3o do seu status, na solicita\u00e7\u00e3o de autoriza\u00e7\u00e3o de trabalho (caso ainda n\u00e3o tenha sido concedida) e, posteriormente, na an\u00e1lise da possibilidade de solicitar o green card.<\/p>\n\n\n\n<h2 class=\"wp-block-heading\">Como nossos advogados de imigra\u00e7\u00e3o podem ajudar<\/h2>\n\n\n\n<h4 class=\"wp-block-heading\">Solicitar um visto U pode ser emocionalmente dif\u00edcil e juridicamente complexo. Nosso escrit\u00f3rio oferece suporte em todas as etapas do processo:<\/h4>\n\n\n\n<ul class=\"wp-block-list\">\n<li style=\"line-height:1.6\">Consultas confidenciais e com abordagem sens\u00edvel ao trauma.<\/li>\n\n\n\n<li style=\"line-height:1.6\">An\u00e1lise cuidadosa dos seus boletins de ocorr\u00eancia, registros judiciais e provas.<\/li>\n\n\n\n<li style=\"line-height:1.6\">Coordena\u00e7\u00e3o com as autoridades policiais para solicitar a certifica\u00e7\u00e3o necess\u00e1ria.<\/li>\n\n\n\n<li style=\"line-height:1.6\">Prepare bem sua declara\u00e7\u00e3o pessoal para explicar o dano que voc\u00ea sofreu.<\/li>\n\n\n\n<li style=\"line-height:1.6\">An\u00e1lise de eventuais isen\u00e7\u00f5es necess\u00e1rias e prepara\u00e7\u00e3o dos respectivos pedidos.<\/li>\n\n\n\n<li style=\"line-height:1.6\">Acompanhamento cont\u00ednuo junto ao USCIS e orienta\u00e7\u00e3o sobre os pr\u00f3ximos passos ap\u00f3s a aprova\u00e7\u00e3o.<\/li>\n<\/ul>\n\n\n\n<p>Sabemos que voc\u00ea j\u00e1 passou por muita coisa. Nosso objetivo \u00e9 aliviar ao m\u00e1ximo o seu estresse, ao mesmo tempo que protegemos seus direitos e seu futuro neste pa\u00eds.<\/p>\n\n\n\n<h2 class=\"wp-block-heading\">Perguntas frequentes sobre o visto U<\/h2>\n\n\n\n<h5 class=\"wp-block-heading\"><strong>1.<\/strong> <strong>Ainda preciso estar ajudando a pol\u00edcia para me qualificar?<\/strong><\/h5>\n\n\n\n<p>Voc\u00ea deve ter sido prestativo, estar sendo prestativo atualmente ou estar disposto a ser prestativo na investiga\u00e7\u00e3o ou no processo. Em muitos casos, denunciar o crime, prestar depoimento ou testemunhar pode ser suficiente \u2014 mas cada caso \u00e9 diferente.<\/p>\n\n\n\n<h5 class=\"wp-block-heading\"><strong>2.<\/strong> <strong>E se eu n\u00e3o tiver documentos ou tiver entrado sem visto?<\/strong><\/h5>\n\n\n\n<p>Muitos solicitantes do visto U s\u00e3o imigrantes indocumentados ou possuem antecedentes criminais. O visto U foi criado para auxiliar pessoas exatamente nessas situa\u00e7\u00f5es de vulnerabilidade, e isen\u00e7\u00f5es podem ser concedidas para diversos tipos de problemas anteriores.<\/p>\n\n\n\n<h5 class=\"wp-block-heading\"><strong>3.<\/strong> <strong>Meus familiares podem obter status legal atrav\u00e9s do meu visto U?<\/strong><\/h5>\n\n\n\n<p>Em muitos casos, sim. Certos membros da fam\u00edlia podem ser eleg\u00edveis como dependentes, como seu c\u00f4njuge, filhos solteiros menores de 21 anos e, em alguns casos, pais ou irm\u00e3os, dependendo da sua idade e situa\u00e7\u00e3o.<\/p>\n\n\n\n<h5 class=\"wp-block-heading\"><strong>4.<\/strong> <strong>Quanto tempo leva?<\/strong><\/h5>\n\n\n\n<p>Os tempos de processamento podem ser longos devido ao limite anual de vistos U. No entanto, existem etapas que podem oferecer prote\u00e7\u00e3o e, em alguns casos, autoriza\u00e7\u00e3o de trabalho enquanto voc\u00ea aguarda.<\/p>\n\n\n\n<h5 class=\"wp-block-heading\"><strong>5.<\/strong> <strong>E se eu tiver medo de falar sobre o que aconteceu?<\/strong><\/h5>\n\n\n\n<p>Entendemos que compartilhar sua hist\u00f3ria pode ser doloroso e assustador. Nossa equipe trata seu caso com respeito, paci\u00eancia e confidencialidade. Respeitamos seu ritmo e explicamos cada etapa para que voc\u00ea possa tomar decis\u00f5es informadas.<\/p>\n\n\n\n<h2 class=\"wp-block-heading\">Fale com um advogado de imigra\u00e7\u00e3o sobre suas op\u00e7\u00f5es de visto U.<\/h2>\n\n\n\n<p>Se voc\u00ea ou um ente querido foi v\u00edtima de um crime grave, n\u00e3o precisa enfrentar isso sozinho. Pode haver prote\u00e7\u00f5es de imigra\u00e7\u00e3o dispon\u00edveis que podem ajudar a manter voc\u00ea e sua fam\u00edlia em seguran\u00e7a nos Estados Unidos.<\/p>\n\n\n\n<p><strong>Entre em contato conosco online<\/strong> Para agendar uma consulta confidencial.<\/p>\n\n\n\n<p>Atendemos clientes em Smyrna, Ge\u00f3rgia, e arredores.<\/p>\n\n\n\n<p>Deixe nossa equipe de imigra\u00e7\u00e3o estar ao seu lado enquanto voc\u00ea reconstr\u00f3i sua vida e seu futuro.<\/p>","protected":false},"excerpt":{"rendered":"<p>U Visa for Victims of Crime Immigration Help for Those Who Have Suffered Abuse or Violence If you are a victim of a serious crime in the United States and you have helped (or are willing to help) law enforcement, you may qualify for a special immigration protection called the U Visa (U nonimmigrant status). [&hellip;]<\/p>\n","protected":false},"author":34,"featured_media":8743,"parent":0,"menu_order":0,"comment_status":"closed","ping_status":"closed","template":"immigration","meta":{"_acf_changed":false,"_themeisle_gutenberg_block_has_review":false,"footnotes":""},"categories":[73,4,74,50,75,52,76,51],"tags":[],"class_list":["post-8692","page","type-page","status-publish","has-post-thumbnail","hentry","category-atlanta-location-es","category-atlanta-location","category-marietta-location-es","category-marietta-location","category-sandy-springs-location-es","category-sandy-springs-location","category-smyrna-location-es","category-smyrna-location"],"acf":[],"aioseo_notices":[],"_links":{"self":[{"href":"https:\/\/dglawga.com\/pt\/wp-json\/wp\/v2\/pages\/8692","targetHints":{"allow":["GET"]}}],"collection":[{"href":"https:\/\/dglawga.com\/pt\/wp-json\/wp\/v2\/pages"}],"about":[{"href":"https:\/\/dglawga.com\/pt\/wp-json\/wp\/v2\/types\/page"}],"author":[{"embeddable":true,"href":"https:\/\/dglawga.com\/pt\/wp-json\/wp\/v2\/users\/34"}],"replies":[{"embeddable":true,"href":"https:\/\/dglawga.com\/pt\/wp-json\/wp\/v2\/comments?post=8692"}],"version-history":[{"count":6,"href":"https:\/\/dglawga.com\/pt\/wp-json\/wp\/v2\/pages\/8692\/revisions"}],"predecessor-version":[{"id":8759,"href":"https:\/\/dglawga.com\/pt\/wp-json\/wp\/v2\/pages\/8692\/revisions\/8759"}],"wp:featuredmedia":[{"embeddable":true,"href":"https:\/\/dglawga.com\/pt\/wp-json\/wp\/v2\/media\/8743"}],"wp:attachment":[{"href":"https:\/\/dglawga.com\/pt\/wp-json\/wp\/v2\/media?parent=8692"}],"wp:term":[{"taxonomy":"category","embeddable":true,"href":"https:\/\/dglawga.com\/pt\/wp-json\/wp\/v2\/categories?post=8692"},{"taxonomy":"post_tag","embeddable":true,"href":"https:\/\/dglawga.com\/pt\/wp-json\/wp\/v2\/tags?post=8692"}],"curies":[{"name":"wp","href":"https:\/\/api.w.org\/{rel}","templated":true}]}}