{"id":8696,"date":"2026-02-21T11:05:10","date_gmt":"2026-02-21T16:05:10","guid":{"rendered":"https:\/\/dglawga.com\/?page_id=8696"},"modified":"2026-02-24T12:07:22","modified_gmt":"2026-02-24T17:07:22","slug":"vawa","status":"publish","type":"page","link":"https:\/\/dglawga.com\/pt\/vawa\/","title":{"rendered":"VAWA"},"content":{"rendered":"<h2 class=\"wp-block-heading\"><a>VAWA<\/a>&nbsp;Green Card e Prote\u00e7\u00e3o para Sobreviventes de Abuso<\/h2>\n\n\n\n<p>Voc\u00ea merece seguran\u00e7a, dignidade e um futuro nos EUA \u2014 sem depender do seu agressor.<\/p>\n\n\n\n<p>A Lei de Viol\u00eancia Contra a Mulher (VAWA, na sigla em ingl\u00eas) permite que certos c\u00f4njuges, filhos e pais imigrantes de cidad\u00e3os americanos ou residentes permanentes legais (portadores de green card) que cometeram abuso solicitem o status de imigra\u00e7\u00e3o por conta pr\u00f3pria, sem o conhecimento ou consentimento do agressor.<\/p>\n\n\n\n<p>Nossa equipe de imigra\u00e7\u00e3o ajuda sobreviventes a usar a VAWA para se libertarem do abuso e caminharem rumo \u00e0 estabilidade, independ\u00eancia e status legal nos Estados Unidos.<\/p>\n\n\n\n<h2 class=\"wp-block-heading\">O que \u00e9 VAWA?<\/h2>\n\n\n\n<h4 class=\"wp-block-heading\">A VAWA \u00e9 uma lei federal que cria um caminho para certos imigrantes sobreviventes de:<\/h4>\n\n\n\n<ul class=\"wp-block-list\">\n<li style=\"line-height:1.6\">Abuso f\u00edsico.<\/li>\n\n\n\n<li style=\"line-height:1.6\">Abuso emocional ou psicol\u00f3gico.<\/li>\n\n\n\n<li style=\"line-height:1.6\">Abuso sexual.<\/li>\n\n\n\n<li style=\"line-height:1.6\">Crueldade extrema.<\/li>\n\n\n\n<li style=\"line-height:1.6\">Amea\u00e7as, intimida\u00e7\u00e3o ou comportamento controlador.<\/li>\n<\/ul>\n\n\n\n<p>Por meio da VAWA, voc\u00ea poder\u00e1 apresentar uma peti\u00e7\u00e3o individual (Formul\u00e1rio I-360) para obter resid\u00eancia permanente legal (green card) e prote\u00e7\u00e3o contra deporta\u00e7\u00e3o \u2014 sem a participa\u00e7\u00e3o do seu agressor.<\/p>\n\n\n\n<h2 class=\"wp-block-heading\">Quem pode se qualificar ao benef\u00edcio da VAWA?<\/h2>\n\n\n\n<h4 class=\"wp-block-heading\">Voc\u00ea pode se qualificar para o VAWA se:<\/h4>\n\n\n\n<ul class=\"wp-block-list\">\n<li style=\"line-height:1.6\">C\u00f4njuge (ou ex-c\u00f4njuge) de um cidad\u00e3o americano ou portador de green card.<\/li>\n\n\n\n<li style=\"line-height:1.6\">Um filho (solteiro e menor de 21 anos, na maioria dos casos) de um cidad\u00e3o americano ou portador de green card.<\/li>\n\n\n\n<li style=\"line-height:1.6\">Um dos pais de um filho ou filha cidad\u00e3o(\u00e3) americano(a) abusivo(a) (com 21 anos ou mais). Em geral, voc\u00ea precisar\u00e1 comprovar que:\n<ul class=\"wp-block-list\">\n<li>Voc\u00ea tem (ou teve) um relacionamento qualificado com o agressor que \u00e9 cidad\u00e3o americano ou residente permanente.<\/li>\n\n\n\n<li>Voc\u00ea morou com o abusador em algum momento.<\/li>\n\n\n\n<li>Voc\u00ea sofreu agress\u00e3o ou crueldade extrema<\/li>\n\n\n\n<li>Voc\u00ea \u00e9 uma pessoa de bom car\u00e1ter moral.<\/li>\n<\/ul>\n<\/li>\n<\/ul>\n\n\n\n<p>Cada caso \u00e9 \u00fanico e, mesmo que voc\u00ea n\u00e3o tenha certeza se se qualifica, \u00e9 importante conversar com um advogado de imigra\u00e7\u00e3o experiente para analisar suas op\u00e7\u00f5es.<\/p>\n\n\n\n<h2 class=\"wp-block-heading\">Voc\u00ea pode se candidatar sem a ajuda do seu agressor.<\/h2>\n\n\n\n<p>Uma das prote\u00e7\u00f5es mais importantes da VAWA \u00e9 que voc\u00ea pode apresentar a den\u00fancia por conta pr\u00f3pria, de forma segura e confidencial.<\/p>\n\n\n\n<ul class=\"wp-block-list\">\n<li style=\"line-height:1.6\">Seu agressor n\u00e3o precisa assinar nada.<\/li>\n\n\n\n<li style=\"line-height:1.6\">Seu agressor n\u00e3o precisa comparecer a nenhuma entrevista.<\/li>\n\n\n\n<li style=\"line-height:1.6\">Seu agressor n\u00e3o precisa saber que voc\u00ea se candidatou.<\/li>\n<\/ul>\n\n\n\n<p>Nossa equipe se preocupa especialmente em proteger sua privacidade, incluindo a forma como nos comunicamos com voc\u00ea, quais informa\u00e7\u00f5es de contato utilizamos e como lidamos com correspond\u00eancias e documentos.<\/p>\n\n\n\n<h2 class=\"wp-block-heading\">Evid\u00eancias de abuso: voc\u00ea n\u00e3o precisa de um boletim de ocorr\u00eancia para falar conosco.<\/h2>\n\n\n\n<p>Muitos sobreviventes sentem medo ou vergonha por nunca terem chamado a pol\u00edcia ou ido ao hospital. Isso n\u00e3o os desqualifica automaticamente.<\/p>\n\n\n\n<h4 class=\"wp-block-heading\">As provas em um caso VAWA podem incluir:<\/h4>\n\n\n\n<ul class=\"wp-block-list\">\n<li style=\"line-height:1.6\">Mensagens de texto, e-mails, mensagens de voz ou mensagens media em redes sociais.<\/li>\n\n\n\n<li style=\"line-height:1.6\">Fotos, registros m\u00e9dicos ou anota\u00e7\u00f5es de terapeutas ou conselheiros.<\/li>\n\n\n\n<li style=\"line-height:1.6\">Registros escolares ou relat\u00f3rios de assistentes sociais.<\/li>\n\n\n\n<li style=\"line-height:1.6\">Declara\u00e7\u00f5es de amigos, familiares, vizinhos ou l\u00edderes religiosos.<\/li>\n\n\n\n<li style=\"line-height:1.6\">Sua pr\u00f3pria declara\u00e7\u00e3o pessoal detalhada.<\/li>\n<\/ul>\n\n\n\n<p>Nossos advogados ir\u00e3o orient\u00e1-lo na coleta das provas mais robustas poss\u00edveis, mantendo sua seguran\u00e7a como prioridade m\u00e1xima.<\/p>\n\n\n\n<h2 class=\"wp-block-heading\">Poss\u00edveis benef\u00edcios de um caso VAWA bem-sucedido<\/h2>\n\n\n\n<h4 class=\"wp-block-heading\">Se sua autopeti\u00e7\u00e3o VAWA for aprovada, voc\u00ea poder\u00e1 ter direito a:<\/h4>\n\n\n\n<ul class=\"wp-block-list\">\n<li style=\"line-height:1.6\">Autoriza\u00e7\u00e3o de trabalho (permiss\u00e3o de trabalho).<\/li>\n\n\n\n<li style=\"line-height:1.6\">Prote\u00e7\u00e3o contra deporta\u00e7\u00e3o.<\/li>\n\n\n\n<li style=\"line-height:1.6\">Caminho para a resid\u00eancia permanente legal (green card).<\/li>\n\n\n\n<li style=\"line-height:1.6\">Em alguns casos, existe a possibilidade de incluir determinadas crian\u00e7as eleg\u00edveis.<\/li>\n<\/ul>\n\n\n\n<p>A longo prazo, isso tamb\u00e9m pode abrir caminho para a cidadania americana, caso voc\u00ea opte por se candidatar e atenda aos requisitos.<\/p>\n\n\n\n<h2 class=\"wp-block-heading\">Como o escrit\u00f3rio de advocacia Diaz and Gaeta apoia sobreviventes da VAWA<\/h2>\n\n\n\n<h4 class=\"wp-block-heading\">Trabalhar com sobreviventes exige mais do que conhecimento jur\u00eddico \u2014 exige compaix\u00e3o, paci\u00eancia e respeito. Ao trabalhar com nossa equipe, voc\u00ea pode esperar:<\/h4>\n\n\n\n<ul class=\"wp-block-list\">\n<li style=\"line-height:1.6\">Orienta\u00e7\u00e3o sens\u00edvel ao trauma em cada etapa.<\/li>\n\n\n\n<li style=\"line-height:1.6\">Explica\u00e7\u00f5es claras em linguagem simples, sem jarg\u00f5es jur\u00eddicos.<\/li>\n\n\n\n<li style=\"line-height:1.6\">Planejamento cuidadoso para proteger sua privacidade e seguran\u00e7a.<\/li>\n\n\n\n<li style=\"line-height:1.6\">Coordena\u00e7\u00e3o do seu processo de imigra\u00e7\u00e3o com quaisquer processos criminais, familiares ou de medidas protetivas que voc\u00ea possa ter.<\/li>\n\n\n\n<li style=\"line-height:1.6\">Uma equipe experiente que entende como os casos VAWA s\u00e3o analisados e o que o USCIS leva em considera\u00e7\u00e3o.<\/li>\n<\/ul>\n\n\n\n<p><em>Para n\u00f3s, voc\u00ea n\u00e3o \u00e9 apenas um &quot;processo&quot;. Voc\u00ea \u00e9 uma pessoa que merece seguran\u00e7a e uma chance de se reconstruir.<\/em><\/p>\n\n\n\n<h2 class=\"wp-block-heading\">D\u00ea o primeiro passo com privacidade e seguran\u00e7a.<\/h2>\n\n\n\n<p>Se voc\u00ea est\u00e1 sofrendo abuso \u2014 ou sofreu no passado \u2014 e seu c\u00f4njuge, pai, m\u00e3e ou filho adulto \u00e9 cidad\u00e3o americano ou residente permanente, encorajamos voc\u00ea a entrar em contato conosco.<\/p>\n\n\n\n<h4 class=\"wp-block-heading\">Se voc\u00ea estiver em perigo iminente, ligue para <strong>911<\/strong> ou ligue primeiro para o n\u00famero de emerg\u00eancia local. Voc\u00ea tamb\u00e9m pode entrar em contato com a Linha Direta Nacional de Viol\u00eancia Dom\u00e9stica pelo telefone [n\u00famero de telefone]. <strong>1-800-799-7233<\/strong> ou por mensagem de texto\/chat atrav\u00e9s do site deles.<\/h4>\n\n\n\n<h2 class=\"wp-block-heading\">Pronto para conversar?<\/h2>\n\n\n\n<p>Voc\u00ea n\u00e3o precisa permanecer em uma situa\u00e7\u00e3o de abuso para manter seu status imigrat\u00f3rio.<\/p>\n\n\n\n<p>Nossos advogados de imigra\u00e7\u00e3o podem analisar sua situa\u00e7\u00e3o, explicar suas op\u00e7\u00f5es de acordo com a VAWA e ajud\u00e1-lo a criar um plano para proteger voc\u00ea e sua fam\u00edlia.<\/p>\n\n\n\n<p>Agende um <strong>consulta confidencial<\/strong> Hoje, d\u00ea o primeiro passo rumo \u00e0 seguran\u00e7a e estabilidade nos Estados Unidos.<\/p>\n\n\n\n<p><\/p>","protected":false},"excerpt":{"rendered":"<p>VAWA&nbsp;Green Card &amp; Protection for Survivors of Abuse You deserve safety, dignity, and a future in the U.S. \u2014 without depending on your abuser. The Violence Against Women Act (VAWA) allows certain immigrant spouses, children, and parents of abusive U.S. citizens or lawful permanent residents (green card holders) to apply for immigration status on their [&hellip;]<\/p>\n","protected":false},"author":34,"featured_media":8726,"parent":0,"menu_order":0,"comment_status":"closed","ping_status":"closed","template":"immigration","meta":{"_acf_changed":false,"_themeisle_gutenberg_block_has_review":false,"footnotes":""},"categories":[73,4,74,50,75,52,76,51],"tags":[],"class_list":["post-8696","page","type-page","status-publish","has-post-thumbnail","hentry","category-atlanta-location-es","category-atlanta-location","category-marietta-location-es","category-marietta-location","category-sandy-springs-location-es","category-sandy-springs-location","category-smyrna-location-es","category-smyrna-location"],"acf":[],"aioseo_notices":[],"_links":{"self":[{"href":"https:\/\/dglawga.com\/pt\/wp-json\/wp\/v2\/pages\/8696","targetHints":{"allow":["GET"]}}],"collection":[{"href":"https:\/\/dglawga.com\/pt\/wp-json\/wp\/v2\/pages"}],"about":[{"href":"https:\/\/dglawga.com\/pt\/wp-json\/wp\/v2\/types\/page"}],"author":[{"embeddable":true,"href":"https:\/\/dglawga.com\/pt\/wp-json\/wp\/v2\/users\/34"}],"replies":[{"embeddable":true,"href":"https:\/\/dglawga.com\/pt\/wp-json\/wp\/v2\/comments?post=8696"}],"version-history":[{"count":5,"href":"https:\/\/dglawga.com\/pt\/wp-json\/wp\/v2\/pages\/8696\/revisions"}],"predecessor-version":[{"id":8747,"href":"https:\/\/dglawga.com\/pt\/wp-json\/wp\/v2\/pages\/8696\/revisions\/8747"}],"wp:featuredmedia":[{"embeddable":true,"href":"https:\/\/dglawga.com\/pt\/wp-json\/wp\/v2\/media\/8726"}],"wp:attachment":[{"href":"https:\/\/dglawga.com\/pt\/wp-json\/wp\/v2\/media?parent=8696"}],"wp:term":[{"taxonomy":"category","embeddable":true,"href":"https:\/\/dglawga.com\/pt\/wp-json\/wp\/v2\/categories?post=8696"},{"taxonomy":"post_tag","embeddable":true,"href":"https:\/\/dglawga.com\/pt\/wp-json\/wp\/v2\/tags?post=8696"}],"curies":[{"name":"wp","href":"https:\/\/api.w.org\/{rel}","templated":true}]}}